{"id":22452,"date":"2025-05-22T03:05:31","date_gmt":"2025-05-22T03:05:31","guid":{"rendered":"https:\/\/lexamedlab.com\/?post_type=product&#038;p=22452"},"modified":"2025-05-28T17:16:39","modified_gmt":"2025-05-28T17:16:39","slug":"floor-standing-low-speed-refrigerated-centrifuge-machine-ld-8m","status":"publish","type":"product","link":"https:\/\/lexamedlab.com\/fr\/product\/floor-standing-low-speed-refrigerated-centrifuge-machine-ld-8m\/","title":{"rendered":"Centrifugeuse r\u00e9frig\u00e9r\u00e9e basse vitesse au sol LD-8M"},"content":{"rendered":"<blockquote><p><strong><span style=\"font-family: 'times new roman', times, serif; font-size: 18pt;\">&gt;Caract\u00e9ristiques<\/span><\/strong><\/p><\/blockquote>\n<table style=\"width: 100%; border-collapse: collapse; background-color: #53a1cc; height: 48px;\">\n<tbody>\n<tr style=\"height: 24px;\">\n<td style=\"width: 50%; height: 24px;\">\n<div><span style=\"color: #ffffff; font-size: 18pt; font-family: 'times new roman', times, serif;\"><strong>Fonction conviviale\u00a0<\/strong><\/span><\/div>\n<div>\n<div><span style=\"font-family: 'times new roman', times, serif; font-size: 14pt; color: #ffffff;\">&gt;jusqu&#039;\u00e0 1000 programmes d\u00e9finis par l&#039;utilisateur, avec protection par mot de passe<\/span><\/div>\n<div><span style=\"font-family: 'times new roman', times, serif; font-size: 14pt; color: #ffffff;\">&gt;jusqu&#039;\u00e0 100 000 historiques d&#039;ex\u00e9cution<\/span><\/div>\n<div><span style=\"font-family: 'times new roman', times, serif; font-size: 14pt; color: #ffffff;\">&gt;jusqu&#039;\u00e0 40 taux d&#039;acc\u00e9l\u00e9ration et de d\u00e9c\u00e9l\u00e9ration<\/span><\/div>\n<div><span style=\"font-family: 'times new roman', times, serif; font-size: 14pt; color: #ffffff;\">&gt;Mode de centrifugation multi-\u00e9tages jusqu&#039;\u00e0 5 \u00e9tapes disponible<\/span><\/div>\n<div><span style=\"font-family: 'times new roman', times, serif; font-size: 14pt; color: #ffffff;\">&gt;Plage de minuterie jusqu&#039;\u00e0 99h59m59s, incr\u00e9ment de 1s<\/span><\/div>\n<div><span style=\"font-family: 'times new roman', times, serif; font-size: 14pt; color: #ffffff;\">&gt;Prend en charge l&#039;essorage court et la centrifugation continue<\/span><\/div>\n<div><span style=\"font-family: 'times new roman', times, serif; font-size: 14pt; color: #ffffff;\">&gt;Affichage des courbes\u00a0: courbe de vitesse, courbe RCF et courbe de temp\u00e9rature\u00a0<\/span><\/div>\n<div><span style=\"font-family: 'times new roman', times, serif; font-size: 14pt; color: #ffffff;\">\u00a0 \u00a0sont affich\u00e9s ensemble, ce qui permet de voir clairement leurs changements et leurs relations<\/span><\/div>\n<div><span style=\"font-family: 'times new roman', times, serif; font-size: 14pt; color: #ffffff;\">&gt;Peut traiter 12 poches de sang \u00e0 la fois<\/span><\/div>\n<div><span style=\"font-family: 'times new roman', times, serif; font-size: 14pt; color: #ffffff;\">&gt;Peut traiter 384 poches de sang \u00e0 la fois<\/span><\/div>\n<\/div>\n<\/td>\n<td style=\"width: 50%; height: 24px;\">\n<div><span style=\"color: #ffffff; font-size: 14pt; font-family: 'times new roman', times, serif;\"><strong><span style=\"font-size: 18pt;\">R\u00e9frig\u00e9ration<\/span>\u00a0<\/strong><\/span><\/div>\n<div>\n<div><span style=\"color: #ffffff; font-size: 14pt; font-family: 'times new roman', times, serif;\">&gt;Unit\u00e9 de compresseur de haute qualit\u00e9<\/span><\/div>\n<div><span style=\"color: #ffffff; font-size: 14pt; font-family: 'times new roman', times, serif;\">&gt;-20\u00b0C \u00e0 +40\u00b0C, incr\u00e9ment de 1\u00b0C<\/span><\/div>\n<div><span style=\"color: #ffffff; font-size: 14pt; font-family: 'times new roman', times, serif;\">Pr\u00e9cision de temp\u00e9rature \u00e9lev\u00e9e &gt;\u00b11\u2103<\/span><\/div>\n<div><span style=\"color: #ffffff; font-size: 14pt; font-family: 'times new roman', times, serif;\">&gt;R\u00e9frig\u00e9rant sans CFC<\/span><\/div>\n<div><span style=\"color: #ffffff; font-size: 14pt; font-family: 'times new roman', times, serif;\">&gt;Contr\u00f4le dynamique de la temp\u00e9rature PID<\/span><\/div>\n<div><span style=\"color: #ffffff; font-size: 14pt; font-family: 'times new roman', times, serif;\">&gt;Capteur de temp\u00e9rature \u00e0 l&#039;int\u00e9rieur de la chambre<\/span><\/div>\n<div><span style=\"color: #ffffff; font-size: 14pt; font-family: 'times new roman', times, serif;\">&gt;D\u00e9marre la r\u00e9frig\u00e9ration \u00e0 la mise sous tension<\/span><\/div>\n<div><span style=\"color: #ffffff; font-size: 14pt; font-family: 'times new roman', times, serif;\">&gt;Maintient la r\u00e9frig\u00e9ration apr\u00e8s l&#039;essorage<\/span><\/div>\n<div><span style=\"color: #ffffff; font-size: 14pt; font-family: 'times new roman', times, serif;\">&gt;Avec module d&#039;\u00e9conomie d&#039;\u00e9nergie ECO<\/span><\/div>\n<\/div>\n<\/td>\n<\/tr>\n<tr style=\"height: 24px;\">\n<td style=\"width: 50%; height: 24px;\">\n<div><span style=\"color: #ffffff; font-size: 18pt; font-family: 'times new roman', times, serif;\"><strong>Assurer la s\u00e9curit\u00e9\u00a0<\/strong><\/span><\/div>\n<div>\n<div><span style=\"font-size: 14pt; font-family: 'times new roman', times, serif; color: #ffffff;\">&gt;Serrure de porte \u00e9lectronique motoris\u00e9e \u00e0 amor\u00e7age automatique<\/span><\/div>\n<div><span style=\"font-size: 14pt; font-family: 'times new roman', times, serif; color: #ffffff;\">&gt;La porte ne peut pas \u00eatre ouverte lorsque le rotor tourne<\/span><\/div>\n<div><span style=\"font-size: 14pt; font-family: 'times new roman', times, serif; color: #ffffff;\">&gt;Charni\u00e8res \u00e0 gaz pour emp\u00eacher la chute de la porte<\/span><\/div>\n<div><span style=\"font-size: 14pt; font-family: 'times new roman', times, serif; color: #ffffff;\">&gt;Port dans la porte pour l&#039;\u00e9talonnage et le contr\u00f4le du fonctionnement<\/span><\/div>\n<div><span style=\"font-size: 14pt; font-family: 'times new roman', times, serif; color: #ffffff;\">&gt;D\u00e9verrouillage d&#039;urgence des portes<\/span><\/div>\n<div><span style=\"font-size: 14pt; font-family: 'times new roman', times, serif; color: #ffffff;\">&gt;Mot de passe pour verrouiller l&#039;appareil<\/span><\/div>\n<div><span style=\"font-size: 14pt; font-family: 'times new roman', times, serif; color: #ffffff;\">&gt;Diverses protections pour assurer une centrifugation en toute s\u00e9curit\u00e9<\/span><\/div>\n<\/div>\n<\/td>\n<td style=\"width: 50%; height: 24px;\">\n<div><span style=\"color: #ffffff; font-size: 18pt; font-family: 'times new roman', times, serif;\"><strong>De bons composants<\/strong><\/span><\/div>\n<div>\n<div><span style=\"color: #ffffff; font-size: 14pt; font-family: 'times new roman', times, serif;\">&gt;Moteur : Moteur \u00e0 fr\u00e9quence variable.<\/span><\/div>\n<div><span style=\"color: #ffffff; font-size: 14pt; font-family: 'times new roman', times, serif;\">\u00a0 \u00a0fonctionnement stable, sans entretien, longue dur\u00e9e de vie<\/span><\/div>\n<div><span style=\"color: #ffffff; font-size: 14pt; font-family: 'times new roman', times, serif;\">&gt;Bo\u00eetier : Acier \u00e9pais et r\u00e9sistant<\/span><\/div>\n<div><span style=\"color: #ffffff; font-size: 14pt; font-family: 'times new roman', times, serif;\">&gt;Chambre : Acier inoxydable 316 de qualit\u00e9 m\u00e9dicale.<\/span><\/div>\n<div><span style=\"color: #ffffff; font-size: 14pt; font-family: 'times new roman', times, serif;\">\u00a0 \u00a0anticorrosion et facile \u00e0 nettoyer<\/span><\/div>\n<div><span style=\"color: #ffffff; font-size: 14pt; font-family: 'times new roman', times, serif;\">&gt;Rotor : Rotor pivotant en acier\/acier inoxydable.<\/span><\/div>\n<div><span style=\"color: #ffffff; font-size: 14pt; font-family: 'times new roman', times, serif;\">&gt;Les rotors sont autoclavables\u00a0<\/span><\/div>\n<\/div>\n<\/td>\n<\/tr>\n<tr>\n<td style=\"width: 50%;\">\n<div>\n<div><strong><span style=\"font-size: 18pt; font-family: 'times new roman', times, serif; color: #ffffff;\">\u00e9cran tactile LCD\u00a0<\/span><\/strong><\/div>\n<div><span style=\"font-size: 14pt; font-family: 'times new roman', times, serif; color: #ffffff;\">&gt;Simple et clair pour afficher tous les param\u00e8tres<\/span><\/div>\n<div><span style=\"font-size: 14pt; font-family: 'times new roman', times, serif; color: #ffffff;\">&gt;\u00c9cran tactile, param\u00e8tres faciles \u00e0 r\u00e9gler<\/span><\/div>\n<div><span style=\"font-size: 14pt; font-family: 'times new roman', times, serif; color: #ffffff;\">&gt;RCF peut \u00eatre r\u00e9gl\u00e9 directement ; RCF et RPM se convertissent automatiquement<\/span><\/div>\n<div><span style=\"font-size: 14pt; font-family: 'times new roman', times, serif; color: #ffffff;\">&gt;Affichage intelligent de l&#039;\u00e9tat, valeurs r\u00e9elles et en temps r\u00e9el<\/span><\/div>\n<div><span style=\"font-size: 14pt; font-family: 'times new roman', times, serif; color: #ffffff;\">&gt;L&#039;utilisateur peut d\u00e9finir les param\u00e8tres m\u00eame avec des gants<\/span><\/div>\n<div><span style=\"font-size: 14pt; font-family: 'times new roman', times, serif; color: #ffffff;\">&gt;L&#039;utilisateur peut r\u00e9initialiser les param\u00e8tres lorsque le rotor tourne<\/span><\/div>\n<\/div>\n<\/td>\n<td style=\"width: 50%;\">\n<div><span style=\"color: #ffffff; font-size: 18pt; font-family: 'times new roman', times, serif;\"><strong><img fetchpriority=\"high\" decoding=\"async\" class=\"alignnone  wp-image-22455\" src=\"https:\/\/lexamedlab.com\/wp-content\/uploads\/2025\/05\/blood-bag-12.webp\" alt=\"\" width=\"281\" height=\"188\" \/><\/strong><\/span><\/div>\n<\/td>\n<\/tr>\n<\/tbody>\n<\/table>\n<blockquote><p><span style=\"font-family: 'times new roman', times, serif;\"><strong><span style=\"font-size: 18pt;\">Rotors disponibles<\/span><\/strong><\/span><\/p>\n<p>&nbsp;<\/p>\n<table style=\"border-collapse: collapse; width: 100%;\">\n<tbody>\n<tr>\n<td style=\"width: 20%;\"><img decoding=\"async\" class=\"alignnone size-full wp-image-22456\" src=\"https:\/\/lexamedlab.com\/wp-content\/uploads\/2025\/05\/6x2400ml.webp\" alt=\"\" width=\"1500\" height=\"1000\" \/><\/td>\n<td style=\"width: 20%;\"><img decoding=\"async\" class=\"alignnone size-full wp-image-22457\" src=\"https:\/\/lexamedlab.com\/wp-content\/uploads\/2025\/05\/blood-bag-12-1.webp\" alt=\"\" width=\"1500\" height=\"1000\" \/><\/td>\n<td style=\"width: 20%;\"><img loading=\"lazy\" decoding=\"async\" class=\"alignnone size-full wp-image-22458\" src=\"https:\/\/lexamedlab.com\/wp-content\/uploads\/2025\/05\/6x1000ml-1-1.webp\" alt=\"\" width=\"1500\" height=\"1000\" \/><\/td>\n<td style=\"width: 20%;\"><img loading=\"lazy\" decoding=\"async\" class=\"alignnone size-full wp-image-22459\" src=\"https:\/\/lexamedlab.com\/wp-content\/uploads\/2025\/05\/6x500ml-1-3.webp\" alt=\"\" width=\"1500\" height=\"1000\" \/><\/td>\n<td style=\"width: 20%;\"><img loading=\"lazy\" decoding=\"async\" class=\"alignnone size-full wp-image-22460\" src=\"https:\/\/lexamedlab.com\/wp-content\/uploads\/2025\/05\/384pcs.webp\" alt=\"\" width=\"1500\" height=\"1000\" \/><\/td>\n<\/tr>\n<tr>\n<td style=\"width: 20%;\">\n<div><span style=\"font-size: 14pt; font-family: 'times new roman', times, serif;\">Rotor : Rotor pivotant<\/span><\/div>\n<div><span style=\"font-size: 14pt; font-family: 'times new roman', times, serif;\">Capacit\u00e9 : 6\u00d72400ml<\/span><\/div>\n<div><span style=\"font-size: 14pt; font-family: 'times new roman', times, serif;\">Vitesse maximale : 4\u00a0500 tr\/min<\/span><\/div>\n<div><span style=\"font-size: 14pt; font-family: 'times new roman', times, serif;\">FCR maximale\u00a0: 7\u00a0095\u00a0\u00d7\u00a0g<\/span><\/div>\n<\/td>\n<td style=\"width: 20%;\">\n<div><span style=\"font-size: 14pt; font-family: 'times new roman', times, serif;\">Rotor : Rotor pivotant<\/span><\/div>\n<div><span style=\"font-size: 14pt; font-family: 'times new roman', times, serif;\">Capacit\u00e9 : 12 poches de sang de 400 ml<\/span><\/div>\n<div><span style=\"font-size: 14pt; font-family: 'times new roman', times, serif;\">Vitesse maximale : 4\u00a0500 tr\/min<\/span><\/div>\n<div><span style=\"font-size: 14pt; font-family: 'times new roman', times, serif;\">FCR maximale\u00a0: 7\u00a0095\u00a0\u00d7\u00a0g<\/span><\/div>\n<\/td>\n<td style=\"width: 20%;\">\n<div><span style=\"font-size: 14pt; font-family: 'times new roman', times, serif;\">Rotor : Rotor \u00e0 angle fixe<\/span><\/div>\n<div><span style=\"font-size: 14pt; font-family: 'times new roman', times, serif;\">Capacit\u00e9 : 6\u00d71000ml<\/span><\/div>\n<div><span style=\"font-size: 14pt; font-family: 'times new roman', times, serif;\">Vitesse maximale : 8 000 tr\/min<\/span><\/div>\n<div><span style=\"font-size: 14pt; font-family: 'times new roman', times, serif;\">FCR maximale\u00a0: 14\u00a0500\u00a0\u00d7\u00a0g<\/span><\/div>\n<div><span style=\"font-size: 14pt; font-family: 'times new roman', times, serif;\">Taille du tube : \u03a697\u00d7166mm<\/span><\/div>\n<\/td>\n<td style=\"width: 20%;\">\n<div><span style=\"font-size: 14pt; font-family: 'times new roman', times, serif;\">Rotor : Rotor \u00e0 angle fixe<\/span><\/div>\n<div><span style=\"font-size: 14pt; font-family: 'times new roman', times, serif;\">Capacit\u00e9 : 6\u00d7500ml<\/span><\/div>\n<div><span style=\"font-size: 14pt; font-family: 'times new roman', times, serif;\">Vitesse maximale : 8 000 tr\/min<\/span><\/div>\n<div><span style=\"font-size: 14pt; font-family: 'times new roman', times, serif;\">FCR maximale\u00a0: 11\u00a0860\u00a0\u00d7\u00a0g<\/span><\/div>\n<div><span style=\"font-size: 14pt; font-family: 'times new roman', times, serif;\">Taille du tube : \u03a674\u00d7170mm<\/span><\/div>\n<\/td>\n<td style=\"width: 20%;\">\n<div><span style=\"font-size: 14pt; font-family: 'times new roman', times, serif;\">Rotor : Rotor pivotant<\/span><\/div>\n<div><span style=\"font-size: 14pt; font-family: 'times new roman', times, serif;\">Capacit\u00e9 : 384 tubes de sang<\/span><\/div>\n<div><span style=\"font-size: 14pt; font-family: 'times new roman', times, serif;\">Vitesse maximale : 4000 tr\/min<\/span><\/div>\n<div><span style=\"font-size: 14pt; font-family: 'times new roman', times, serif;\">FCR maximale\u00a0: 4\u00a0710\u00a0\u00d7\u00a0g<\/span><\/div>\n<div><span style=\"font-size: 14pt; font-family: 'times new roman', times, serif;\">Taille du tube : \u03a613\u00d775~100mm<\/span><\/div>\n<\/td>\n<\/tr>\n<\/tbody>\n<\/table>\n<\/blockquote>","protected":false},"excerpt":{"rendered":"<div>\n<div class=\"editor-text-wrap\"><span style=\"font-family: 'times new roman', times, serif; font-size: 14pt;\">La LD-8M est une centrifugeuse r\u00e9frig\u00e9r\u00e9e basse vitesse de tr\u00e8s grande capacit\u00e9, sur pied. Elle est largement utilis\u00e9e dans les banques de sang, les usines pharmaceutiques, les unit\u00e9s de biochimie, de produits biologiques et autres unit\u00e9s de production et de recherche scientifique. Sa capacit\u00e9 maximale est de 12 litres. C&#039;est un instrument id\u00e9al pour la s\u00e9paration du sang, la pr\u00e9cipitation des prot\u00e9ines, ainsi que la s\u00e9paration et la collecte de cellules en grandes quantit\u00e9s.<\/span><\/div>\n<\/div>\n<ul>\n<li><span style=\"font-family: 'times new roman', times, serif; font-size: 14pt;\">Vitesse maximale\u00a0 \u00a0 \u00a0 \u00a0 \u00a0 \u00a0 \u00a0 \u00a0 \u00a0 \u00a0 \u00a0 \u00a0 \u00a0<span class=\"item-val\">8000 tr\/min<\/span><\/span><\/li>\n<li><span style=\"font-family: 'times new roman', times, serif; font-size: 14pt;\">FCR maximale\u00a0 \u00a0 \u00a0 \u00a0 \u00a0 \u00a0 \u00a0 \u00a0 \u00a0 \u00a0 \u00a0 \u00a0 \u00a0 \u00a0<span class=\"item-val\">14500Xg<\/span><\/span><\/li>\n<li><span style=\"font-family: 'times new roman', times, serif; font-size: 14pt;\">Capacit\u00e9 maximale\u00a0 \u00a0 \u00a0 \u00a0 \u00a0 \u00a0 \u00a0 \u00a0 \u00a0 \u00a0 \u00a0<span class=\"item-val\">6 poches de sang de 2400 ml ou 12 poches de 400 ml<\/span><\/span><\/li>\n<li><span style=\"font-family: 'times new roman', times, serif; font-size: 14pt;\">Plage de temp\u00e9rature\u00a0 \u00a0 \u00a0 \u00a0 \u00a0 \u00a0<span class=\"item-val\">-20\u2103-40\u2103<\/span><\/span><\/li>\n<li><span style=\"font-family: 'times new roman', times, serif; font-size: 14pt;\">Pr\u00e9cision de la temp\u00e9rature\u00a0 \u00a0 \u00a0 <span class=\"item-val\">\u00b11\u2103<\/span><\/span><\/li>\n<li><span style=\"font-family: 'times new roman', times, serif; font-size: 14pt;\">Pr\u00e9cision de la vitesse\u00a0 \u00a0 \u00a0 \u00a0 \u00a0 \u00a0 \u00a0 \u00a0 <span class=\"item-val\">\u00b110 tr\/min<\/span><\/span><\/li>\n<li><span style=\"font-family: 'times new roman', times, serif; font-size: 14pt;\">Poids\u00a0 \u00a0 \u00a0 \u00a0 \u00a0 \u00a0 \u00a0 \u00a0 \u00a0 \u00a0 \u00a0 \u00a0 \u00a0 \u00a0 \u00a0 <span class=\"item-val\">471 kg<\/span><\/span><\/li>\n<\/ul>","protected":false},"featured_media":22453,"comment_status":"open","ping_status":"closed","template":"","meta":{"_acf_changed":false},"product_brand":[],"product_cat":[20,80,92,87,90],"product_tag":[],"class_list":{"0":"post-22452","1":"product","2":"type-product","3":"status-publish","4":"has-post-thumbnail","6":"product_cat-all","7":"product_cat-centrifuge","8":"product_cat-floorstanding-low-speed-refrigerated-centrifuge","9":"product_cat-low-speed-centrifuge","10":"product_cat-low-speed-refrigerated-centrifuge","12":"first","13":"instock","14":"shipping-taxable","15":"product-type-simple"},"acf":[],"_links":{"self":[{"href":"https:\/\/lexamedlab.com\/fr\/wp-json\/wp\/v2\/product\/22452","targetHints":{"allow":["GET"]}}],"collection":[{"href":"https:\/\/lexamedlab.com\/fr\/wp-json\/wp\/v2\/product"}],"about":[{"href":"https:\/\/lexamedlab.com\/fr\/wp-json\/wp\/v2\/types\/product"}],"replies":[{"embeddable":true,"href":"https:\/\/lexamedlab.com\/fr\/wp-json\/wp\/v2\/comments?post=22452"}],"version-history":[{"count":1,"href":"https:\/\/lexamedlab.com\/fr\/wp-json\/wp\/v2\/product\/22452\/revisions"}],"predecessor-version":[{"id":22462,"href":"https:\/\/lexamedlab.com\/fr\/wp-json\/wp\/v2\/product\/22452\/revisions\/22462"}],"wp:featuredmedia":[{"embeddable":true,"href":"https:\/\/lexamedlab.com\/fr\/wp-json\/wp\/v2\/media\/22453"}],"wp:attachment":[{"href":"https:\/\/lexamedlab.com\/fr\/wp-json\/wp\/v2\/media?parent=22452"}],"wp:term":[{"taxonomy":"product_brand","embeddable":true,"href":"https:\/\/lexamedlab.com\/fr\/wp-json\/wp\/v2\/product_brand?post=22452"},{"taxonomy":"product_cat","embeddable":true,"href":"https:\/\/lexamedlab.com\/fr\/wp-json\/wp\/v2\/product_cat?post=22452"},{"taxonomy":"product_tag","embeddable":true,"href":"https:\/\/lexamedlab.com\/fr\/wp-json\/wp\/v2\/product_tag?post=22452"}],"curies":[{"name":"wp","href":"https:\/\/api.w.org\/{rel}","templated":true}]}}