{"id":22463,"date":"2025-05-22T05:49:32","date_gmt":"2025-05-22T05:49:32","guid":{"rendered":"https:\/\/lexamedlab.com\/?post_type=product&#038;p=22463"},"modified":"2025-05-27T15:11:36","modified_gmt":"2025-05-27T15:11:36","slug":"automatic-decap-blood-collection-tube-centrifuge-biosafety-type-dd-5g","status":"publish","type":"product","link":"https:\/\/lexamedlab.com\/fr\/product\/automatic-decap-blood-collection-tube-centrifuge-biosafety-type-dd-5g\/","title":{"rendered":"centrifugeuse automatique pour tubes de pr\u00e9l\u00e8vement sanguin (type bios\u00e9curit\u00e9) DD-5G"},"content":{"rendered":"<p><strong><span style=\"font-family: 'times new roman', times, serif; font-size: 14pt;\">Fonctionnalit\u00e9\u00a0<\/span><\/strong><\/p>\n<p><span style=\"font-family: 'times new roman', times, serif; font-size: 14pt;\">1. Moteur \u00e0 fr\u00e9quence variable. Il existe trois types de moteurs\u00a0: moteur \u00e0 balais, moteur sans balais et moteur \u00e0 fr\u00e9quence variable. Ce dernier est le plus performant. Il pr\u00e9sente un faible taux de d\u00e9faillance, est \u00e9cologique, ne n\u00e9cessite aucun entretien et offre d&#039;excellentes performances. Ses performances \u00e9lev\u00e9es permettent une pr\u00e9cision de vitesse allant jusqu&#039;\u00e0 \u00b1 10\u00a0tr\/min. <\/span><\/p>\n<p><span style=\"font-family: 'times new roman', times, serif; font-size: 14pt;\">2. \u00c9cran tactile LCD permettant de r\u00e9gler les param\u00e8tres en saisissant directement des chiffres. L&#039;affichage est simple et clair. Pour r\u00e9gler les param\u00e8tres, il suffit de toucher l&#039;\u00e9cran et de saisir les chiffres. <\/span><\/p>\n<p><span style=\"font-family: 'times new roman', times, serif; font-size: 14pt;\">3. Verrouillage \u00e9lectronique de la porte Lorsque la centrifugeuse est en fonctionnement, nous devons nous assurer que la porte ne s&#039;ouvrira pas. Nous utilisons un verrouillage \u00e9lectronique de la porte pour assurer la s\u00e9curit\u00e9.<\/span><\/p>\n<p><span style=\"font-family: 'times new roman', times, serif; font-size: 14pt;\"> 4. Corps enti\u00e8rement en acier et chambre en acier inoxydable 304. Pour garantir un fonctionnement s\u00fbr et une centrifugeuse robuste et durable, nous utilisons de l&#039;acier \u00e0 prix \u00e9lev\u00e9 et de l&#039;acier inoxydable 304. <\/span><\/p>\n<p><span style=\"font-family: 'times new roman', times, serif; font-size: 14pt;\">5. 40 niveaux d&#039;acc\u00e9l\u00e9ration et de d\u00e9c\u00e9l\u00e9ration. Comment fonctionne cette fonction\u00a0? Par exemple, r\u00e9glez la vitesse sur 5\u00a0000 tr\/min et appuyez sur le bouton \u00ab\u00a0START\u00a0\u00bb. La centrifugeuse passe alors de 0 \u00e0 5\u00a0000 tr\/min. Peut-on acc\u00e9l\u00e9rer ou ralentir la centrifugeuse de 0 \u00e0 5\u00a0000 tr\/min\u00a0? Oui, cette centrifugeuse est compatible. <\/span><\/p>\n<p><span style=\"font-family: 'times new roman', times, serif; font-size: 14pt;\">6. Peut stocker 12 programmes. Lors d&#039;une utilisation quotidienne, il peut \u00eatre n\u00e9cessaire de d\u00e9finir diff\u00e9rents param\u00e8tres pour diff\u00e9rentes utilisations ult\u00e9rieures. Cette centrifugeuse peut stocker 12 programmes. <\/span><\/p>\n<p><span style=\"font-family: 'times new roman', times, serif; font-size: 14pt;\">7. La centrifugation et le d\u00e9capsulage sont effectu\u00e9s simultan\u00e9ment. Cette fonction permet d&#039;\u00e9viter le remixage apr\u00e8s la s\u00e9paration des \u00e9chantillons. <\/span><\/p>\n<p><span style=\"font-family: 'times new roman', times, serif; font-size: 14pt;\">8. Syst\u00e8me de filtration haute efficacit\u00e9. Les gaz nocifs g\u00e9n\u00e9r\u00e9s lors du processus de s\u00e9paration sont filtr\u00e9s apr\u00e8s retrait du bouchon \u00e0 temps, ce qui \u00e9vite efficacement la contamination crois\u00e9e des \u00e9chantillons et r\u00e9duit le risque d&#039;infection pour les op\u00e9rateurs. C&#039;est pourquoi le DD-TG est une machine de bios\u00e9curit\u00e9. <\/span><\/p>\n<p><span style=\"font-family: 'times new roman', times, serif; font-size: 14pt;\">9. Sp\u00e9cialement con\u00e7u pour les tubes de pr\u00e9l\u00e8vement sanguin sous vide Convient aux tubes de pr\u00e9l\u00e8vement sanguin sous vide de diff\u00e9rentes capacit\u00e9s. <\/span><\/p>\n<p><span style=\"font-family: 'times new roman', times, serif; font-size: 14pt;\">10. Fonction de st\u00e9rilisation UV et commande par interrupteur ind\u00e9pendant (type de bios\u00e9curit\u00e9)<\/span><\/p>\n<p><span style=\"font-family: 'times new roman', times, serif; font-size: 18pt;\"><strong>rotors\u00a0<\/strong><\/span><\/p>\n<table style=\"border-collapse: collapse; width: 100%;\">\n<tbody>\n<tr>\n<td style=\"width: 25%;\">Rotor pivotant n\u00b01<\/td>\n<td style=\"width: 25%;\">Rotor de d\u00e9capsuleur automatique n\u00b0 2<\/td>\n<td style=\"width: 25%;\">Rotor de d\u00e9capsuleur automatique NO.3<\/td>\n<td style=\"width: 25%;\">Rotor de d\u00e9capsuleur automatique NO.4<\/td>\n<\/tr>\n<tr>\n<td style=\"width: 25%;\"><img fetchpriority=\"high\" decoding=\"async\" class=\"alignnone size-full wp-image-22464\" src=\"https:\/\/lexamedlab.com\/wp-content\/uploads\/2025\/05\/4x250ml-with-wind-cover-scaled.png\" alt=\"\" width=\"2560\" height=\"1115\" \/><\/td>\n<td style=\"width: 25%;\"><img decoding=\"async\" class=\"alignnone  wp-image-22465\" src=\"https:\/\/lexamedlab.com\/wp-content\/uploads\/2025\/05\/80x7ml-\u8131\u5e3d-scaled.png\" alt=\"\" width=\"278\" height=\"234\" \/><\/td>\n<td style=\"width: 25%;\"><img decoding=\"async\" class=\"alignnone size-full wp-image-22466\" src=\"https:\/\/lexamedlab.com\/wp-content\/uploads\/2025\/05\/120x7\u8131\u76d6-scaled.png\" alt=\"\" width=\"2560\" height=\"2102\" \/><\/td>\n<td style=\"width: 25%;\"><img loading=\"lazy\" decoding=\"async\" class=\"alignnone size-full wp-image-22467\" src=\"https:\/\/lexamedlab.com\/wp-content\/uploads\/2025\/05\/140x7ml-scaled.png\" alt=\"\" width=\"2560\" height=\"2145\" \/><\/td>\n<\/tr>\n<tr>\n<td style=\"width: 25%;\">\n<div>Rotor : Rotor pivotant<\/div>\n<div>Capacit\u00e9 : 4x250ml<\/div>\n<div>Vitesse maximale : 5\u00a0000 tr\/min<\/div>\n<div>FCR maximale\u00a0: 5\u00a0200\u00a0x\u00a0g<\/div>\n<\/td>\n<td style=\"width: 25%;\">\n<div>Rotor : Rotor pivotant<\/div>\n<div>Capacit\u00e9 : 8 \u00d7 2~7 ml<\/div>\n<div>Vitesse maximale : 4\u00a0000 tr\/min<\/div>\n<div>FCR maximale\u00a0: 3\u00a0400\u00a0x\u00a0g<\/div>\n<\/td>\n<td style=\"width: 25%;\">\n<div>Rotor : Rotor pivotant<\/div>\n<div>Capacit\u00e9 : 120 \u00d7 2~7 ml<\/div>\n<div>Vitesse maximale : 4\u00a0000 tr\/min<\/div>\n<div>FCR maximale\u00a0: 3\u00a0580\u00a0x\u00a0g<\/div>\n<\/td>\n<td style=\"width: 25%;\">\n<div>Rotor : Rotor pivotant<\/div>\n<div>Capacit\u00e9 : 140 \u00d7 2~7 ml<\/div>\n<div>Vitesse maximale : 4\u00a0000 tr\/min<\/div>\n<div>FCR maximale\u00a0: 3\u00a0580\u00a0x\u00a0g<\/div>\n<\/td>\n<\/tr>\n<\/tbody>\n<\/table>\n<p>&nbsp;<\/p>","protected":false},"excerpt":{"rendered":"<p><span style=\"font-size: 14pt; font-family: 'times new roman', times, serif;\">La DD-5G est une centrifugeuse \u00e0 d\u00e9capsulage automatique de tubes de pr\u00e9l\u00e8vement sanguin sous vide de type bios\u00e9curit\u00e9, adapt\u00e9e aux tubes de pr\u00e9l\u00e8vement sanguin sous vide de diff\u00e9rentes capacit\u00e9s. La centrifugation et le d\u00e9capsulage s&#039;effectuent simultan\u00e9ment pour \u00e9viter tout remixage apr\u00e8s s\u00e9paration des \u00e9chantillons. Son syst\u00e8me de filtration haute efficacit\u00e9 filtre les gaz nocifs g\u00e9n\u00e9r\u00e9s lors de la s\u00e9paration apr\u00e8s retrait du bouchon \u00e0 temps, \u00e9vitant ainsi toute contamination crois\u00e9e des \u00e9chantillons et r\u00e9duisant le risque d&#039;infection pour les op\u00e9rateurs. C&#039;est pourquoi la DD-TG est une machine de type bios\u00e9curit\u00e9.<\/span><\/p>\n<ul>\n<li><span style=\"font-size: 14pt; font-family: 'times new roman', times, serif;\">Vitesse maximale\u00a0 \u00a0 \u00a0 \u00a0 \u00a0 \u00a0 \u00a0 \u00a0 \u00a0 \u00a0<span class=\"item-val\">5000 tr\/min<\/span><\/span><\/li>\n<li><span style=\"font-size: 14pt; font-family: 'times new roman', times, serif;\">FCR maximale\u00a0 \u00a0 \u00a0 \u00a0 \u00a0 \u00a0 \u00a0 \u00a0 \u00a0 \u00a0 \u00a0<span class=\"item-val\">5200xg<\/span><\/span><\/li>\n<li><span style=\"font-size: 14pt; font-family: 'times new roman', times, serif;\">Capacit\u00e9 maximale\u00a0 \u00a0 \u00a0 \u00a0 \u00a0 \u00a0 \u00a0 \u00a0<span class=\"item-val\">4*800ml<\/span><\/span><\/li>\n<li><span style=\"font-size: 14pt; font-family: 'times new roman', times, serif;\">Plage de minuterie\u00a0 \u00a0 \u00a0 \u00a0 \u00a0 \u00a0 \u00a0 \u00a0 \u00a0<span class=\"item-val\">1s \u00e0 99h59m59s<\/span><\/span><\/li>\n<li><span style=\"font-size: 14pt; font-family: 'times new roman', times, serif;\">Pr\u00e9cision de la vitesse\u00a0 \u00a0 \u00a0 \u00a0 \u00a0 \u00a0 <span class=\"item-val\">\u00b110 tr\/min<\/span><\/span><\/li>\n<li><span style=\"font-size: 14pt; font-family: 'times new roman', times, serif;\">Bruit\u00a0 \u00a0 \u00a0 \u00a0 \u00a0 \u00a0 \u00a0 \u00a0 \u00a0 \u00a0 \u00a0 \u00a0 \u00a0 \u00a0 <span class=\"item-val\">\u226460 dB(A)<\/span><\/span><\/li>\n<li><span style=\"font-size: 14pt; font-family: 'times new roman', times, serif;\">Consommation d&#039;\u00e9nergie\u00a0 \u00a0 \u00a0<span class=\"item-val\">1,1 kW<\/span><\/span><\/li>\n<li><span style=\"font-size: 14pt; font-family: 'times new roman', times, serif;\">Dimension\u00a0 \u00a0 \u00a0 \u00a0 \u00a0 \u00a0 \u00a0 \u00a0 \u00a0 \u00a0<span class=\"item-val\">680x620x840mm<\/span><\/span><\/li>\n<li><span style=\"font-size: 14pt; font-family: 'times new roman', times, serif;\">Poids net\u00a0 \u00a0 \u00a0 \u00a0 \u00a0 \u00a0 \u00a0 \u00a0 \u00a0 \u00a0<span class=\"item-val\">145 kg<\/span><\/span><\/li>\n<\/ul>\n<p>&nbsp;<\/p>","protected":false},"featured_media":22469,"comment_status":"open","ping_status":"closed","template":"","meta":{"_acf_changed":false},"product_brand":[],"product_cat":[20,80,97],"product_tag":[],"class_list":{"0":"post-22463","1":"product","2":"type-product","3":"status-publish","4":"has-post-thumbnail","6":"product_cat-all","7":"product_cat-centrifuge","8":"product_cat-special-purpose-centrifuge","10":"first","11":"instock","12":"shipping-taxable","13":"product-type-simple"},"acf":[],"_links":{"self":[{"href":"https:\/\/lexamedlab.com\/fr\/wp-json\/wp\/v2\/product\/22463","targetHints":{"allow":["GET"]}}],"collection":[{"href":"https:\/\/lexamedlab.com\/fr\/wp-json\/wp\/v2\/product"}],"about":[{"href":"https:\/\/lexamedlab.com\/fr\/wp-json\/wp\/v2\/types\/product"}],"replies":[{"embeddable":true,"href":"https:\/\/lexamedlab.com\/fr\/wp-json\/wp\/v2\/comments?post=22463"}],"version-history":[{"count":1,"href":"https:\/\/lexamedlab.com\/fr\/wp-json\/wp\/v2\/product\/22463\/revisions"}],"predecessor-version":[{"id":22472,"href":"https:\/\/lexamedlab.com\/fr\/wp-json\/wp\/v2\/product\/22463\/revisions\/22472"}],"wp:featuredmedia":[{"embeddable":true,"href":"https:\/\/lexamedlab.com\/fr\/wp-json\/wp\/v2\/media\/22469"}],"wp:attachment":[{"href":"https:\/\/lexamedlab.com\/fr\/wp-json\/wp\/v2\/media?parent=22463"}],"wp:term":[{"taxonomy":"product_brand","embeddable":true,"href":"https:\/\/lexamedlab.com\/fr\/wp-json\/wp\/v2\/product_brand?post=22463"},{"taxonomy":"product_cat","embeddable":true,"href":"https:\/\/lexamedlab.com\/fr\/wp-json\/wp\/v2\/product_cat?post=22463"},{"taxonomy":"product_tag","embeddable":true,"href":"https:\/\/lexamedlab.com\/fr\/wp-json\/wp\/v2\/product_tag?post=22463"}],"curies":[{"name":"wp","href":"https:\/\/api.w.org\/{rel}","templated":true}]}}