{"id":22473,"date":"2025-05-22T05:50:06","date_gmt":"2025-05-22T05:50:06","guid":{"rendered":"https:\/\/lexamedlab.com\/?post_type=product&#038;p=22473"},"modified":"2025-05-27T15:11:36","modified_gmt":"2025-05-27T15:11:36","slug":"benchtop-prp-ppp-centrifuge-td-450","status":"publish","type":"product","link":"https:\/\/lexamedlab.com\/fr\/product\/benchtop-prp-ppp-centrifuge-td-450\/","title":{"rendered":"Centrifugeuse de paillasse PRP\/PPP TD-450"},"content":{"rendered":"<p><strong><span style=\"font-family: 'times new roman', times, serif; font-size: 14pt;\">Fonctionnalit\u00e9\u00a0<\/span><\/strong><\/p>\n<p><span style=\"font-family: 'times new roman', times, serif; font-size: 14pt;\">1. Moteur \u00e0 fr\u00e9quence variable. Il existe trois types de moteurs\u00a0: moteur \u00e0 balais, moteur sans balais et moteur \u00e0 fr\u00e9quence variable. Ce dernier est le plus performant. Il pr\u00e9sente un faible taux de d\u00e9faillance, est \u00e9cologique, ne n\u00e9cessite aucun entretien et offre d&#039;excellentes performances. Ses performances \u00e9lev\u00e9es permettent une pr\u00e9cision de vitesse allant jusqu&#039;\u00e0 \u00b1 10\u00a0tr\/min.<\/span><\/p>\n<p><span style=\"font-family: 'times new roman', times, serif; font-size: 14pt;\"> 2. Corps enti\u00e8rement en acier et chambre en acier inoxydable 304. Pour garantir un fonctionnement s\u00fbr et une centrifugeuse robuste et durable, nous utilisons de l&#039;acier \u00e0 prix \u00e9lev\u00e9 et de l&#039;acier inoxydable 304. <\/span><\/p>\n<p><span style=\"font-family: 'times new roman', times, serif; font-size: 14pt;\">3. Verrouillage \u00e9lectronique de la porte Lorsque la centrifugeuse est en fonctionnement, nous devons nous assurer que la porte ne s&#039;ouvrira pas. Nous utilisons un verrouillage \u00e9lectronique de la porte pour assurer la s\u00e9curit\u00e9. <\/span><\/p>\n<p><span style=\"font-family: 'times new roman', times, serif; font-size: 14pt;\">4. Centrifugeuse sp\u00e9cialis\u00e9e pour PRP\/PPP. Convient aux seringues de 10 ml, 20 ml et 50 ml, aux tubes de pr\u00e9l\u00e8vement sanguin sous vide de 10 ml et \u00e0 divers kits PRP sp\u00e9ciaux. <\/span><\/p>\n<p><span style=\"font-family: 'times new roman', times, serif; font-size: 14pt;\">5. Plus de s\u00e9curit\u00e9 et d&#039;hygi\u00e8ne. Tous les rotors et accessoires sont autoclavables. <\/span><\/p>\n<p><span style=\"font-family: 'times new roman', times, serif; font-size: 18pt;\"><strong>rotors\u00a0<\/strong><\/span><\/p>\n<table style=\"border-collapse: collapse; width: 100%;\">\n<tbody>\n<tr>\n<td style=\"width: 18.9214%;\"><span style=\"font-family: 'times new roman', times, serif; font-size: 14pt;\">Rotor pivotant n\u00b01<\/span><\/td>\n<td style=\"width: 19.1439%;\"><span style=\"font-family: 'times new roman', times, serif; font-size: 14pt;\">Rotor pivotant n\u00b0 2<\/span><\/td>\n<td style=\"width: 19.6626%;\"><span style=\"font-family: 'times new roman', times, serif; font-size: 14pt;\">Rotor pivotant n\u00b0 3<\/span><\/td>\n<td style=\"width: 19.3941%;\"><span style=\"font-family: 'times new roman', times, serif; font-size: 14pt;\">Rotor pivotant n\u00b0 4<\/span><\/td>\n<td style=\"width: 22.878%;\"><span style=\"font-family: 'times new roman', times, serif; font-size: 14pt;\">Rotor pivotant n\u00b0 5<\/span><\/td>\n<\/tr>\n<tr>\n<td style=\"width: 18.9214%;\"><img fetchpriority=\"high\" decoding=\"async\" class=\"alignnone size-full wp-image-22474\" src=\"https:\/\/lexamedlab.com\/wp-content\/uploads\/2025\/05\/16x10ml-syringe-scaled.png\" alt=\"\" width=\"2560\" height=\"2021\" \/><\/td>\n<td style=\"width: 19.1439%;\"><img decoding=\"async\" class=\"alignnone size-full wp-image-22475\" src=\"https:\/\/lexamedlab.com\/wp-content\/uploads\/2025\/05\/8x20ml-syringe-scaled.png\" alt=\"\" width=\"2560\" height=\"1939\" \/><\/td>\n<td style=\"width: 19.6626%;\"><img decoding=\"async\" class=\"alignnone size-full wp-image-22476\" src=\"https:\/\/lexamedlab.com\/wp-content\/uploads\/2025\/05\/4x50syringe.png\" alt=\"\" width=\"2472\" height=\"2352\" \/><\/td>\n<td style=\"width: 19.3941%;\"><img loading=\"lazy\" decoding=\"async\" class=\"alignnone size-full wp-image-22477\" src=\"https:\/\/lexamedlab.com\/wp-content\/uploads\/2025\/05\/4x100ml\u6c34\u5e73-scaled.png\" alt=\"\" width=\"2560\" height=\"2350\" \/><\/td>\n<td style=\"width: 22.878%;\"><img loading=\"lazy\" decoding=\"async\" class=\"alignnone size-full wp-image-22478\" src=\"https:\/\/lexamedlab.com\/wp-content\/uploads\/2025\/05\/24x7ml.png\" alt=\"\" width=\"2526\" height=\"2442\" \/><\/td>\n<\/tr>\n<tr>\n<td style=\"width: 18.9214%;\">\n<div><span style=\"font-family: 'times new roman', times, serif; font-size: 14pt;\">Rotor : Rotor pivotant<\/span><\/div>\n<div><span style=\"font-family: 'times new roman', times, serif; font-size: 14pt;\">Capacit\u00e9 : 16x10ml<\/span><\/div>\n<div><span style=\"font-family: 'times new roman', times, serif; font-size: 14pt;\">Vitesse maximale : 4\u00a0000 tr\/min<\/span><\/div>\n<div><span style=\"font-family: 'times new roman', times, serif; font-size: 14pt;\">FCR maximale\u00a0: 300\u00a0x\u00a0g<\/span><\/div>\n<\/td>\n<td style=\"width: 19.1439%;\">\n<div><span style=\"font-family: 'times new roman', times, serif; font-size: 14pt;\">Rotor : Rotor pivotant<\/span><\/div>\n<div><span style=\"font-family: 'times new roman', times, serif; font-size: 14pt;\">Capacit\u00e9 : 8 seringues de 20 ml\u00a0<\/span><\/div>\n<div><span style=\"font-family: 'times new roman', times, serif; font-size: 14pt;\">Vitesse maximale : 4\u00a0000 tr\/min<\/span><\/div>\n<div><span style=\"font-family: 'times new roman', times, serif; font-size: 14pt;\">FCR maximale\u00a0: 3\u00a0100\u00a0g<\/span><\/div>\n<\/td>\n<td style=\"width: 19.6626%;\">\n<div><span style=\"font-family: 'times new roman', times, serif; font-size: 14pt;\">Rotor : Rotor pivotant<\/span><\/div>\n<div><span style=\"font-family: 'times new roman', times, serif; font-size: 14pt;\">Capacit\u00e9 : ensembles PRP \u00e0 4 trous\u00a0<\/span><\/div>\n<div><span style=\"font-family: 'times new roman', times, serif; font-size: 14pt;\">Vitesse maximale : 4\u00a0000 tr\/min<\/span><\/div>\n<div><span style=\"font-family: 'times new roman', times, serif; font-size: 14pt;\">FCR maximale\u00a0: 3\u00a0380\u00a0x\u00a0g<\/span><\/div>\n<\/td>\n<td style=\"width: 19.3941%;\">\n<div><span style=\"font-family: 'times new roman', times, serif; font-size: 14pt;\">Rotor : Rotor pivotant<\/span><\/div>\n<div><span style=\"font-family: 'times new roman', times, serif; font-size: 14pt;\">Capacit\u00e9 : 4 seringues de 50 ml\u00a0<\/span><\/div>\n<div><span style=\"font-family: 'times new roman', times, serif; font-size: 14pt;\">Vitesse maximale : 4\u00a0000 tr\/min<\/span><\/div>\n<div><span style=\"font-family: 'times new roman', times, serif; font-size: 14pt;\">FCR maximale\u00a0: 3\u00a0380\u00a0x\u00a0g<\/span><\/div>\n<\/td>\n<td style=\"width: 22.878%;\">\n<div>\n<div><span style=\"font-family: 'times new roman', times, serif; font-size: 14pt;\">Rotor : Rotor pivotant<\/span><\/div>\n<div><span style=\"font-family: 'times new roman', times, serif; font-size: 14pt;\">Capacit\u00e9 : 24 tubes de pr\u00e9l\u00e8vement sanguin\u00a0<\/span><\/div>\n<div><span style=\"font-family: 'times new roman', times, serif; font-size: 14pt;\">Vitesse maximale : 4\u00a0000 tr\/min<\/span><\/div>\n<div><span style=\"font-family: 'times new roman', times, serif; font-size: 14pt;\">FCR maximale\u00a0: 2\u00a0890\u00a0x\u00a0g<\/span><\/div>\n<\/div>\n<\/td>\n<\/tr>\n<\/tbody>\n<\/table>\n<p>&nbsp;<\/p>","protected":false},"excerpt":{"rendered":"<div class=\"item-meta\" data-module=\"6\">\n<div><span style=\"font-family: 'times new roman', times, serif; font-size: 14pt;\">Le TD-450 est sp\u00e9cialis\u00e9 dans le PRP et le PPP. Il est compatible avec les seringues de 10 ml, 20 ml et 50 ml, les tubes de pr\u00e9l\u00e8vement sanguin sous vide de 10 ml et divers kits PRP sp\u00e9ciaux. Tous les rotors et accessoires sont autoclavables.<\/span><\/div>\n<\/div>\n<ul>\n<li><span style=\"font-size: 14pt; font-family: 'times new roman', times, serif;\">Vitesse maximale\u00a0 \u00a0 \u00a0 \u00a0 \u00a0 \u00a0 \u00a0 \u00a0 \u00a0 \u00a0<span class=\"item-val\">5000 tr\/min<\/span><\/span><\/li>\n<li><span style=\"font-size: 14pt; font-family: 'times new roman', times, serif;\">FCR maximale\u00a0 \u00a0 \u00a0 \u00a0 \u00a0 \u00a0 \u00a0 \u00a0 \u00a0 \u00a0 \u00a0<span class=\"item-val\">3380xg<\/span><\/span><\/li>\n<li><span style=\"font-size: 14pt; font-family: 'times new roman', times, serif;\">Capacit\u00e9 maximale\u00a0 \u00a0 \u00a0 \u00a0 \u00a0 \u00a0 \u00a0 \u00a0<span class=\"item-val\">6*50ml<\/span><\/span><\/li>\n<li><span style=\"font-size: 14pt; font-family: 'times new roman', times, serif;\">Plage de minuterie\u00a0 \u00a0 \u00a0 \u00a0 \u00a0 \u00a0 \u00a0 \u00a0 \u00a0<span class=\"item-val\">1s \u00e0 99h59m59s<\/span><\/span><\/li>\n<li><span style=\"font-size: 14pt; font-family: 'times new roman', times, serif;\">Pr\u00e9cision de la vitesse\u00a0 \u00a0 \u00a0 \u00a0 \u00a0 \u00a0 <span class=\"item-val\">\u00b110 tr\/min<\/span><\/span><\/li>\n<li><span style=\"font-size: 14pt; font-family: 'times new roman', times, serif;\">Bruit\u00a0 \u00a0 \u00a0 \u00a0 \u00a0 \u00a0 \u00a0 \u00a0 \u00a0 \u00a0 \u00a0 \u00a0 \u00a0 \u00a0 <span class=\"item-val\">\u226460 dB(A)<\/span><\/span><\/li>\n<li><span style=\"font-size: 14pt; font-family: 'times new roman', times, serif;\">Consommation d&#039;\u00e9nergie\u00a0 \u00a0 \u00a0<span class=\"item-val\">500 W<\/span><\/span><\/li>\n<li><span style=\"font-size: 14pt; font-family: 'times new roman', times, serif;\">Dimension\u00a0 \u00a0 \u00a0 \u00a0 \u00a0 \u00a0 \u00a0 \u00a0 \u00a0 \u00a0<span class=\"item-val\">550x430x350mm<\/span><\/span><\/li>\n<li><span style=\"font-size: 14pt; font-family: 'times new roman', times, serif;\">Poids net\u00a0 \u00a0 \u00a0 \u00a0 \u00a0 \u00a0 \u00a0 \u00a0 \u00a0 \u00a0<span class=\"item-val\">40 kg<\/span><\/span><\/li>\n<\/ul>","protected":false},"featured_media":22480,"comment_status":"open","ping_status":"closed","template":"","meta":{"_acf_changed":false},"product_brand":[],"product_cat":[20,80,97],"product_tag":[],"class_list":{"0":"post-22473","1":"product","2":"type-product","3":"status-publish","4":"has-post-thumbnail","6":"product_cat-all","7":"product_cat-centrifuge","8":"product_cat-special-purpose-centrifuge","10":"first","11":"instock","12":"shipping-taxable","13":"product-type-simple"},"acf":[],"_links":{"self":[{"href":"https:\/\/lexamedlab.com\/fr\/wp-json\/wp\/v2\/product\/22473","targetHints":{"allow":["GET"]}}],"collection":[{"href":"https:\/\/lexamedlab.com\/fr\/wp-json\/wp\/v2\/product"}],"about":[{"href":"https:\/\/lexamedlab.com\/fr\/wp-json\/wp\/v2\/types\/product"}],"replies":[{"embeddable":true,"href":"https:\/\/lexamedlab.com\/fr\/wp-json\/wp\/v2\/comments?post=22473"}],"version-history":[{"count":1,"href":"https:\/\/lexamedlab.com\/fr\/wp-json\/wp\/v2\/product\/22473\/revisions"}],"predecessor-version":[{"id":22483,"href":"https:\/\/lexamedlab.com\/fr\/wp-json\/wp\/v2\/product\/22473\/revisions\/22483"}],"wp:featuredmedia":[{"embeddable":true,"href":"https:\/\/lexamedlab.com\/fr\/wp-json\/wp\/v2\/media\/22480"}],"wp:attachment":[{"href":"https:\/\/lexamedlab.com\/fr\/wp-json\/wp\/v2\/media?parent=22473"}],"wp:term":[{"taxonomy":"product_brand","embeddable":true,"href":"https:\/\/lexamedlab.com\/fr\/wp-json\/wp\/v2\/product_brand?post=22473"},{"taxonomy":"product_cat","embeddable":true,"href":"https:\/\/lexamedlab.com\/fr\/wp-json\/wp\/v2\/product_cat?post=22473"},{"taxonomy":"product_tag","embeddable":true,"href":"https:\/\/lexamedlab.com\/fr\/wp-json\/wp\/v2\/product_tag?post=22473"}],"curies":[{"name":"wp","href":"https:\/\/api.w.org\/{rel}","templated":true}]}}