{"id":22490,"date":"2025-05-22T06:30:46","date_gmt":"2025-05-22T06:30:46","guid":{"rendered":"https:\/\/lexamedlab.com\/?post_type=product&#038;p=22490"},"modified":"2025-05-27T15:11:36","modified_gmt":"2025-05-27T15:11:36","slug":"benchtop-cell-washing-centrifuge-td-4b","status":"publish","type":"product","link":"https:\/\/lexamedlab.com\/fr\/product\/benchtop-cell-washing-centrifuge-td-4b\/","title":{"rendered":"Centrifugeuse de lavage de cellules de paillasse TD-4B"},"content":{"rendered":"<p><strong><span style=\"font-family: 'times new roman', times, serif; font-size: 14pt;\">Fonctionnalit\u00e9\u00a0<\/span><\/strong><\/p>\n<p><span style=\"font-family: 'times new roman', times, serif; font-size: 14pt;\">1. Moteur \u00e0 fr\u00e9quence variable. Il existe trois types de moteurs\u00a0: moteur \u00e0 balais, moteur sans balais et moteur \u00e0 fr\u00e9quence variable. Ce dernier est le plus performant. Il pr\u00e9sente un faible taux de d\u00e9faillance, est \u00e9cologique, ne n\u00e9cessite aucun entretien et offre d&#039;excellentes performances.<\/span><\/p>\n<p><span style=\"font-family: 'times new roman', times, serif; font-size: 14pt;\"> 2. Corps enti\u00e8rement en acier et chambre en acier inoxydable 304. Pour garantir un fonctionnement s\u00fbr et une centrifugeuse robuste et durable, nous utilisons de l&#039;acier \u00e0 prix \u00e9lev\u00e9 et de l&#039;acier inoxydable 304.<\/span><\/p>\n<p><span style=\"font-family: 'times new roman', times, serif; font-size: 14pt;\"> 3. Verrouillage \u00e9lectronique de la porte Lorsque la centrifugeuse est en fonctionnement, nous devons nous assurer que la porte ne s&#039;ouvrira pas. Nous utilisons un verrouillage \u00e9lectronique de la porte pour assurer la s\u00e9curit\u00e9. <\/span><\/p>\n<p><span style=\"font-family: 'times new roman', times, serif; font-size: 14pt;\">4. Centrifugeuse sp\u00e9cialis\u00e9e pour le lavage des globules rouges et des lymphocytes. Cette machine int\u00e8gre des programmes de centrifugation d\u00e9di\u00e9s aux rotors HLA et SERO. Facile \u00e0 utiliser. <\/span><\/p>\n<p><span style=\"font-family: 'times new roman', times, serif; font-size: 14pt;\">5. Temps d&#039;acc\u00e9l\u00e9ration et de d\u00e9c\u00e9l\u00e9ration seulement 7S. <\/span><\/p>","protected":false},"excerpt":{"rendered":"<div class=\"item-meta\" data-module=\"6\"><span style=\"font-family: 'times new roman', times, serif; font-size: 14pt;\">La centrifugeuse de lavage cellulaire TD-4B est une machine sp\u00e9cialement con\u00e7ue pour les exp\u00e9riences de lavage des globules rouges et des lymphocytes. Largement utilis\u00e9e en m\u00e9decine clinique, en biochimie, en immunologie et dans d&#039;autres domaines, elle constitue un \u00e9quipement essentiel pour diverses banques de sang hospitali\u00e8res, laboratoires, stations de transfusion sanguine, \u00e9coles de m\u00e9decine et instituts de recherche m\u00e9dicale.<\/span><\/div>\n<ul>\n<li><span style=\"font-size: 14pt; font-family: 'times new roman', times, serif;\">Vitesse maximale\u00a0 \u00a0 \u00a0 \u00a0 \u00a0 \u00a0 \u00a0 \u00a0 \u00a0 \u00a0<span class=\"item-val\">4700 tr\/min<\/span><\/span><\/li>\n<li><span style=\"font-size: 14pt; font-family: 'times new roman', times, serif;\">FCR maximale\u00a0 \u00a0 \u00a0 \u00a0 \u00a0 \u00a0 \u00a0 \u00a0 \u00a0 \u00a0 \u00a0<span class=\"item-val\">2000xg<\/span><\/span><\/li>\n<li><span style=\"font-size: 14pt; font-family: 'times new roman', times, serif;\">Capacit\u00e9 maximale\u00a0 \u00a0 \u00a0 \u00a0 \u00a0 \u00a0 \u00a0 \u00a0<span class=\"item-val\">12*7ml<\/span><\/span><\/li>\n<li><span style=\"font-size: 14pt; font-family: 'times new roman', times, serif;\">Pr\u00e9cision de la vitesse\u00a0 \u00a0 \u00a0 \u00a0 \u00a0 \u00a0 <span class=\"item-val\">\u00b120 tr\/min<\/span><\/span><\/li>\n<li><span style=\"font-size: 14pt; font-family: 'times new roman', times, serif;\">Bruit\u00a0 \u00a0 \u00a0 \u00a0 \u00a0 \u00a0 \u00a0 \u00a0 \u00a0 \u00a0 \u00a0 \u00a0 \u00a0 \u00a0 <span class=\"item-val\">\u2264 55 dB (A)<\/span><\/span><\/li>\n<li><span style=\"font-size: 14pt; font-family: 'times new roman', times, serif;\">Dur\u00e9e pr\u00e9vue : 1S-99min<\/span><\/li>\n<li><span style=\"font-size: 14pt; font-family: 'times new roman', times, serif;\">Consommation d&#039;\u00e9nergie\u00a0 \u00a0 \u00a0<span class=\"item-val\">200 W<\/span><\/span><\/li>\n<li><span style=\"font-size: 14pt; font-family: 'times new roman', times, serif;\">Dimension\u00a0 \u00a0 \u00a0 \u00a0 \u00a0 \u00a0 \u00a0 \u00a0 \u00a0 \u00a0<span class=\"item-val\">375x300x360mm<\/span><\/span><\/li>\n<li><span style=\"font-size: 14pt; font-family: 'times new roman', times, serif;\">Poids net\u00a0 \u00a0 \u00a0 \u00a0 \u00a0 \u00a0 \u00a0 \u00a0 \u00a0 \u00a0<span class=\"item-val\">17 kg<\/span><\/span><\/li>\n<\/ul>","protected":false},"featured_media":22491,"comment_status":"open","ping_status":"closed","template":"","meta":{"_acf_changed":false},"product_brand":[],"product_cat":[20,80,97],"product_tag":[],"class_list":{"0":"post-22490","1":"product","2":"type-product","3":"status-publish","4":"has-post-thumbnail","6":"product_cat-all","7":"product_cat-centrifuge","8":"product_cat-special-purpose-centrifuge","10":"first","11":"instock","12":"shipping-taxable","13":"product-type-simple"},"acf":[],"_links":{"self":[{"href":"https:\/\/lexamedlab.com\/fr\/wp-json\/wp\/v2\/product\/22490","targetHints":{"allow":["GET"]}}],"collection":[{"href":"https:\/\/lexamedlab.com\/fr\/wp-json\/wp\/v2\/product"}],"about":[{"href":"https:\/\/lexamedlab.com\/fr\/wp-json\/wp\/v2\/types\/product"}],"replies":[{"embeddable":true,"href":"https:\/\/lexamedlab.com\/fr\/wp-json\/wp\/v2\/comments?post=22490"}],"version-history":[{"count":1,"href":"https:\/\/lexamedlab.com\/fr\/wp-json\/wp\/v2\/product\/22490\/revisions"}],"predecessor-version":[{"id":22494,"href":"https:\/\/lexamedlab.com\/fr\/wp-json\/wp\/v2\/product\/22490\/revisions\/22494"}],"wp:featuredmedia":[{"embeddable":true,"href":"https:\/\/lexamedlab.com\/fr\/wp-json\/wp\/v2\/media\/22491"}],"wp:attachment":[{"href":"https:\/\/lexamedlab.com\/fr\/wp-json\/wp\/v2\/media?parent=22490"}],"wp:term":[{"taxonomy":"product_brand","embeddable":true,"href":"https:\/\/lexamedlab.com\/fr\/wp-json\/wp\/v2\/product_brand?post=22490"},{"taxonomy":"product_cat","embeddable":true,"href":"https:\/\/lexamedlab.com\/fr\/wp-json\/wp\/v2\/product_cat?post=22490"},{"taxonomy":"product_tag","embeddable":true,"href":"https:\/\/lexamedlab.com\/fr\/wp-json\/wp\/v2\/product_tag?post=22490"}],"curies":[{"name":"wp","href":"https:\/\/api.w.org\/{rel}","templated":true}]}}