{"id":22495,"date":"2025-05-22T06:50:19","date_gmt":"2025-05-22T06:50:19","guid":{"rendered":"https:\/\/lexamedlab.com\/?post_type=product&#038;p=22495"},"modified":"2025-05-27T15:11:36","modified_gmt":"2025-05-27T15:11:36","slug":"floor-milk-fat-testing-centrifuge-dd-rz","status":"publish","type":"product","link":"https:\/\/lexamedlab.com\/fr\/product\/floor-milk-fat-testing-centrifuge-dd-rz\/","title":{"rendered":"Centrifugeuse pour le contr\u00f4le de la teneur en mati\u00e8res grasses du lait DD-RZ"},"content":{"rendered":"<p><span style=\"font-family: 'times new roman', times, serif; font-size: 14pt;\">1. Moteur \u00e0 fr\u00e9quence variable, commande par micro-ordinateur. Il existe trois types de moteurs\u00a0: moteur \u00e0 balais, moteur sans balais et moteur \u00e0 fr\u00e9quence variable, ce dernier \u00e9tant le plus performant. Il pr\u00e9sente un faible taux de d\u00e9faillance, est \u00e9cologique, ne n\u00e9cessite aucun entretien et offre d&#039;excellentes performances. Ses performances \u00e9lev\u00e9es permettent une pr\u00e9cision de vitesse allant jusqu&#039;\u00e0 \u00b110\u00a0tr\/min.<\/span><\/p>\n<p><span style=\"font-family: 'times new roman', times, serif; font-size: 14pt;\"> 2. Corps enti\u00e8rement en acier et chambre en acier inoxydable 304. Pour garantir un fonctionnement s\u00fbr et une centrifugeuse robuste et durable, nous utilisons de l&#039;acier \u00e0 prix \u00e9lev\u00e9 et de l&#039;acier inoxydable 304. <\/span><\/p>\n<p><span style=\"font-family: 'times new roman', times, serif; font-size: 14pt;\">3. Verrouillage \u00e9lectronique de s\u00e9curit\u00e9. Lorsque la centrifugeuse est en fonctionnement, il est imp\u00e9ratif de s&#039;assurer que la porte ne s&#039;ouvre pas. Nous utilisons un verrouillage \u00e9lectronique pour garantir la s\u00e9curit\u00e9.<\/span><\/p>\n<p><span style=\"font-family: 'times new roman', times, serif; font-size: 14pt;\"> 4. La force centrifuge relative peut \u00eatre r\u00e9gl\u00e9e directement. Si nous connaissons la force centrifuge relative avant l&#039;op\u00e9ration, nous pouvons r\u00e9gler directement la force centrifuge relative, sans avoir \u00e0 convertir les tr\/min en force centrifuge relative.<\/span><\/p>\n<p><span style=\"font-family: 'times new roman', times, serif; font-size: 14pt;\"> 5. Diagnostic automatique des pannes. En cas de panne, la centrifugeuse effectue un diagnostic automatique et affiche le code d&#039;erreur \u00e0 l&#039;\u00e9cran, vous permettant ainsi de d\u00e9terminer la cause du probl\u00e8me.<\/span><\/p>\n<p><span style=\"font-family: 'times new roman', times, serif; font-size: 14pt;\"> 6. Peut ajouter la fonction de chauffage.<\/span><\/p>\n<p>Rotors :<\/p>\n<div>\n<table style=\"border-collapse: collapse; width: 100%;\">\n<tbody>\n<tr>\n<td style=\"width: 50%;\">\n<div><span style=\"font-size: 14pt; font-family: 'times new roman', times, serif;\">Rotor : Rotor \u00e0 angle fixe<\/span><\/div>\n<div><span style=\"font-size: 14pt; font-family: 'times new roman', times, serif;\">Capacit\u00e9 : 8x30ml\u00a0<\/span><\/div>\n<div><span style=\"font-size: 14pt; font-family: 'times new roman', times, serif;\">Vitesse maximale : 1400 tr\/min<\/span><\/div>\n<div><span style=\"font-size: 14pt; font-family: 'times new roman', times, serif;\">FCR maximale\u00a0: 350\u00a0\u00d7\u00a0g<\/span><\/div>\n<\/td>\n<td style=\"width: 50%;\">\n<div><span style=\"font-size: 14pt; font-family: 'times new roman', times, serif;\">Rotor : rotor pivotant<\/span><\/div>\n<div><span style=\"font-size: 14pt; font-family: 'times new roman', times, serif;\">Capacit\u00e9 : 4x50ml\u00a0<\/span><\/div>\n<div><span style=\"font-size: 14pt; font-family: 'times new roman', times, serif;\">Vitesse maximale : 3\u00a0300 tr\/min<\/span><\/div>\n<div><span style=\"font-size: 14pt; font-family: 'times new roman', times, serif;\">FCR maximale\u00a0: 1\u00a0920\u00a0\u00d7\u00a0g<\/span><\/div>\n<\/td>\n<\/tr>\n<\/tbody>\n<\/table>\n<\/div>","protected":false},"excerpt":{"rendered":"<p><span style=\"font-family: 'times new roman', times, serif; font-size: 14pt;\">La centrifugeuse d&#039;analyse de la mati\u00e8re grasse du lait DD-RZ est un instrument sp\u00e9cialis\u00e9 dans l&#039;analyse des produits laitiers. Elle permet de mesurer et d&#039;analyser la teneur en mati\u00e8re grasse des produits laitiers apr\u00e8s centrifugation selon les m\u00e9thodes Pasteur et Geber.<\/span><\/p>\n<ul>\n<li><span style=\"font-size: 14pt; font-family: 'times new roman', times, serif;\">Vitesse maximale\u00a0 \u00a0 \u00a0 \u00a0 \u00a0 \u00a0 \u00a0 \u00a0 \u00a0 \u00a0 <span class=\"item-val\">3300 tr\/min<\/span><\/span><\/li>\n<li><span style=\"font-size: 14pt; font-family: 'times new roman', times, serif;\">FCR maximale\u00a0 \u00a0 \u00a0 \u00a0 \u00a0 \u00a0 \u00a0 \u00a0 \u00a0 \u00a0 \u00a0<span class=\"item-val\">1920xg<\/span><\/span><\/li>\n<li><span style=\"font-size: 14pt; font-family: 'times new roman', times, serif;\">Capacit\u00e9 maximale\u00a0 \u00a0 \u00a0 \u00a0 \u00a0 \u00a0 \u00a0 \u00a0 <span class=\"item-val\">8x30ml<\/span><\/span><\/li>\n<li><span style=\"font-size: 14pt; font-family: 'times new roman', times, serif;\">Plage de minuterie\u00a0 \u00a0 \u00a0 \u00a0 \u00a0 \u00a0 \u00a0 \u00a0 \u00a0 <span class=\"item-val\">1min \u2013 99h59min<\/span><\/span><\/li>\n<li><span style=\"font-size: 14pt; font-family: 'times new roman', times, serif;\">Pr\u00e9cision de la vitesse\u00a0 \u00a0 \u00a0 \u00a0 \u00a0 \u00a0 <span class=\"item-val\">\u00b110 tr\/min<\/span><\/span><\/li>\n<li><span style=\"font-size: 14pt; font-family: 'times new roman', times, serif;\">Bruit\u00a0 \u00a0 \u00a0 \u00a0 \u00a0 \u00a0 \u00a0 \u00a0 \u00a0 \u00a0 \u00a0 \u00a0 \u00a0 \u00a0<span class=\"item-val\">\u226460 dB(A)<\/span><\/span><\/li>\n<li><span style=\"font-size: 14pt; font-family: 'times new roman', times, serif;\">Consommation d&#039;\u00e9nergie\u00a0 \u00a0 \u00a0<span class=\"item-val\">1,1 kW<\/span><\/span><\/li>\n<li><span style=\"font-size: 14pt; font-family: 'times new roman', times, serif;\">Dimension\u00a0 \u00a0 \u00a0 \u00a0 \u00a0 \u00a0 \u00a0 \u00a0 \u00a0 \u00a0<span class=\"item-val\">650x550x840mm<\/span><\/span><\/li>\n<li><span style=\"font-size: 14pt; font-family: 'times new roman', times, serif;\">Poids net\u00a0 \u00a0 \u00a0 \u00a0 \u00a0 \u00a0 \u00a0 \u00a0 \u00a0 \u00a0<span class=\"item-val\">135 kg<\/span><\/span><\/li>\n<\/ul>","protected":false},"featured_media":22497,"comment_status":"open","ping_status":"closed","template":"","meta":{"_acf_changed":false},"product_brand":[],"product_cat":[20,80,97],"product_tag":[],"class_list":{"0":"post-22495","1":"product","2":"type-product","3":"status-publish","4":"has-post-thumbnail","6":"product_cat-all","7":"product_cat-centrifuge","8":"product_cat-special-purpose-centrifuge","10":"first","11":"instock","12":"shipping-taxable","13":"product-type-simple"},"acf":[],"_links":{"self":[{"href":"https:\/\/lexamedlab.com\/fr\/wp-json\/wp\/v2\/product\/22495","targetHints":{"allow":["GET"]}}],"collection":[{"href":"https:\/\/lexamedlab.com\/fr\/wp-json\/wp\/v2\/product"}],"about":[{"href":"https:\/\/lexamedlab.com\/fr\/wp-json\/wp\/v2\/types\/product"}],"replies":[{"embeddable":true,"href":"https:\/\/lexamedlab.com\/fr\/wp-json\/wp\/v2\/comments?post=22495"}],"version-history":[{"count":1,"href":"https:\/\/lexamedlab.com\/fr\/wp-json\/wp\/v2\/product\/22495\/revisions"}],"predecessor-version":[{"id":22500,"href":"https:\/\/lexamedlab.com\/fr\/wp-json\/wp\/v2\/product\/22495\/revisions\/22500"}],"wp:featuredmedia":[{"embeddable":true,"href":"https:\/\/lexamedlab.com\/fr\/wp-json\/wp\/v2\/media\/22497"}],"wp:attachment":[{"href":"https:\/\/lexamedlab.com\/fr\/wp-json\/wp\/v2\/media?parent=22495"}],"wp:term":[{"taxonomy":"product_brand","embeddable":true,"href":"https:\/\/lexamedlab.com\/fr\/wp-json\/wp\/v2\/product_brand?post=22495"},{"taxonomy":"product_cat","embeddable":true,"href":"https:\/\/lexamedlab.com\/fr\/wp-json\/wp\/v2\/product_cat?post=22495"},{"taxonomy":"product_tag","embeddable":true,"href":"https:\/\/lexamedlab.com\/fr\/wp-json\/wp\/v2\/product_tag?post=22495"}],"curies":[{"name":"wp","href":"https:\/\/api.w.org\/{rel}","templated":true}]}}