{"id":22508,"date":"2025-05-22T07:08:01","date_gmt":"2025-05-22T07:08:01","guid":{"rendered":"https:\/\/lexamedlab.com\/?post_type=product&#038;p=22508"},"modified":"2025-05-27T15:11:36","modified_gmt":"2025-05-27T15:11:36","slug":"floor-rock-core-centrifuge-yx-1850r","status":"publish","type":"product","link":"https:\/\/lexamedlab.com\/fr\/product\/floor-rock-core-centrifuge-yx-1850r\/","title":{"rendered":"Centrifugeuse \u00e0 carottes de roche YX-1850R"},"content":{"rendered":"<p><strong><span style=\"font-family: 'times new roman', times, serif; font-size: 14pt;\">Fonctionnalit\u00e9\u00a0<\/span><\/strong><\/p>\n<p><span style=\"font-family: 'times new roman', times, serif; font-size: 14pt;\">1. Compresseur import\u00e9, r\u00e9frig\u00e9rants sans CFC. Cette centrifugeuse utilise un compresseur de haute qualit\u00e9 et des r\u00e9frig\u00e9rants sans CFC. La temp\u00e9rature peut \u00eatre r\u00e9gl\u00e9e entre -20 \u00b0C et 40 \u00b0C. La pr\u00e9cision de la temp\u00e9rature atteint \u00b1 1 \u00b0C. <\/span><\/p>\n<p><span style=\"font-family: 'times new roman', times, serif; font-size: 14pt;\">2. Moteur \u00e0 fr\u00e9quence variable, contr\u00f4l\u00e9 par micro-ordinateur. Il existe trois types de moteurs\u00a0: moteur \u00e0 balais, moteur sans balais et moteur \u00e0 fr\u00e9quence variable, ce dernier \u00e9tant le plus performant. Il pr\u00e9sente un faible taux de d\u00e9faillance, est \u00e9cologique, ne n\u00e9cessite aucun entretien et offre d&#039;excellentes performances. Ses performances \u00e9lev\u00e9es permettent une pr\u00e9cision de vitesse allant jusqu&#039;\u00e0 \u00b1 10\u00a0tr\/min.<\/span><\/p>\n<p><span style=\"font-family: 'times new roman', times, serif; font-size: 14pt;\"> 3. Verrouillage automatique du rotor. Posez le rotor et la centrifugeuse le verrouillera automatiquement sans cl\u00e9. Chargement et d\u00e9chargement tr\u00e8s pratiques.<\/span><\/p>\n<p><span style=\"font-family: 'times new roman', times, serif; font-size: 14pt;\"> 4. La force centrifuge relative peut \u00eatre r\u00e9gl\u00e9e directement. Si nous connaissons la force centrifuge relative avant l&#039;op\u00e9ration, nous pouvons la r\u00e9gler directement, sans avoir \u00e0 convertir les tr\/min en force centrifuge relative.<\/span><\/p>\n<p><span style=\"font-family: 'times new roman', times, serif; font-size: 14pt;\">5. R\u00e9initialisation des param\u00e8tres en cours de fonctionnement. Il est parfois n\u00e9cessaire de r\u00e9initialiser des param\u00e8tres tels que la vitesse, la force centrifuge (FCR) et la dur\u00e9e pendant le fonctionnement de la centrifugeuse, sans l&#039;arr\u00eater. Il suffit de les r\u00e9initialiser directement. <\/span><\/p>\n<p><span style=\"font-family: 'times new roman', times, serif; font-size: 14pt;\">6. 40 niveaux d&#039;acc\u00e9l\u00e9ration et de d\u00e9c\u00e9l\u00e9ration. Comment fonctionne cette fonction\u00a0? Par exemple, r\u00e9glez la vitesse sur 5\u00a0000 tr\/min et appuyez sur le bouton \u00ab\u00a0START\u00a0\u00bb. La centrifugeuse passera alors de 0 \u00e0 5\u00a0000 tr\/min. Peut-on acc\u00e9l\u00e9rer ou ralentir la centrifugeuse de 0 \u00e0 5\u00a0000 tr\/min\u00a0? Oui, cette centrifugeuse est compatible. <\/span><\/p>\n<p><span style=\"font-family: 'times new roman', times, serif; font-size: 14pt;\">7. Peut stocker 12 programmes. Au quotidien, il peut \u00eatre n\u00e9cessaire de d\u00e9finir diff\u00e9rents param\u00e8tres pour diff\u00e9rents besoins\u00a0; ces param\u00e8tres peuvent \u00eatre enregistr\u00e9s comme programmes de fonctionnement. La prochaine fois, il suffit de choisir le programme appropri\u00e9 et de d\u00e9marrer. <\/span><\/p>\n<p><span style=\"font-family: 'times new roman', times, serif; font-size: 14pt;\">8. Diagnostic automatique des pannes. En cas de panne, la centrifugeuse effectue un diagnostic automatique et affiche le code d&#039;erreur \u00e0 l&#039;\u00e9cran, vous permettant ainsi de d\u00e9terminer la cause du probl\u00e8me. <\/span><\/p>\n<p><span style=\"font-family: 'times new roman', times, serif; font-size: 14pt;\">9. Le rotor \u00e0 12 trous peut atteindre 18\u00a0500 tours et s\u00e9parer l&#039;eau dans des micropores de 10,74\u00a0NM. Il est \u00e9quip\u00e9 de billes de s\u00e9paration en acier sp\u00e9ciales. Nous utilisons un moteur \u00e0 fr\u00e9quence variable de haute qualit\u00e9, garantissant une vitesse de rotation pr\u00e9cise et un fonctionnement stable. Pour garantir de bonnes performances de r\u00e9frig\u00e9ration, nous utilisons un compresseur import\u00e9 de haute qualit\u00e9. Le corps en acier conf\u00e8re \u00e0 la centrifugeuse une robustesse et une durabilit\u00e9 accrues. <\/span><\/p>\n<p>&nbsp;<\/p>","protected":false},"excerpt":{"rendered":"<div class=\"item-meta\" data-module=\"6\">\n<div><span style=\"font-family: 'times new roman', times, serif; font-size: 14pt;\">La centrifugeuse \u00e0 carottes de roche YX-1850R est sp\u00e9cialis\u00e9e dans les exp\u00e9riences d&#039;analyse de carottes de roche dans diverses conditions de r\u00e9servoir de p\u00e9trole, utilis\u00e9e pour mesurer l&#039;humidit\u00e9 du noyau, la perm\u00e9abilit\u00e9 relative, la pression capillaire, la saturation relative, le rayon du vide, etc.<\/span><\/div>\n<\/div>\n<ul>\n<li><span style=\"font-size: 14pt; font-family: 'times new roman', times, serif;\">Vitesse maximale\u00a0 \u00a0 \u00a0 \u00a0 \u00a0 \u00a0 \u00a0 \u00a0 \u00a0 \u00a0<span class=\"item-val\">18 500 tr\/min<\/span><\/span><\/li>\n<li><span style=\"font-size: 14pt; font-family: 'times new roman', times, serif;\">FCR maximale\u00a0 \u00a0 \u00a0 \u00a0 \u00a0 \u00a0 \u00a0 \u00a0 \u00a0 \u00a0 \u00a0<span class=\"item-val\">42000xg<\/span><\/span><\/li>\n<li><span style=\"font-size: 14pt; font-family: 'times new roman', times, serif;\">Capacit\u00e9 maximale\u00a0 \u00a0 \u00a0 \u00a0 \u00a0 \u00a0 \u00a0 \u00a0<span class=\"item-val\">4*1000ml<\/span><\/span><\/li>\n<li><span style=\"font-size: 14pt; font-family: 'times new roman', times, serif;\">Plage de minuterie\u00a0 \u00a0 \u00a0 \u00a0 \u00a0 \u00a0 \u00a0 \u00a0 \u00a0<span class=\"item-val\">1 min \u00e0 99 h 59 min<\/span><\/span><\/li>\n<li><span style=\"font-family: 'times new roman', times, serif; font-size: 14pt;\">Temp\u00e9rature -20-40\u2103<\/span><\/li>\n<li><span style=\"font-size: 14pt; font-family: 'times new roman', times, serif;\">Pr\u00e9cision de la vitesse\u00a0 \u00a0 \u00a0 \u00a0 \u00a0 \u00a0 <span class=\"item-val\">\u00b110 tr\/min<\/span><\/span><\/li>\n<li><span style=\"font-size: 14pt; font-family: 'times new roman', times, serif;\">Bruit\u00a0 \u00a0 \u00a0 \u00a0 \u00a0 \u00a0 \u00a0 \u00a0 \u00a0 \u00a0 \u00a0 \u00a0 \u00a0 \u00a0 <span class=\"item-val\">\u226460 dB(A)<\/span><\/span><\/li>\n<li><span style=\"font-size: 14pt; font-family: 'times new roman', times, serif;\">Consommation d&#039;\u00e9nergie\u00a0 \u00a0 \u00a0<span class=\"item-val\">5 kW<\/span><\/span><\/li>\n<li><span style=\"font-size: 14pt; font-family: 'times new roman', times, serif;\">Dimension\u00a0 \u00a0 \u00a0 \u00a0 \u00a0 \u00a0 \u00a0 \u00a0 \u00a0 \u00a0<span class=\"item-val\">850x730x930mm<\/span><\/span><\/li>\n<li><span style=\"font-size: 14pt; font-family: 'times new roman', times, serif;\">Poids net\u00a0 \u00a0 \u00a0 \u00a0 \u00a0 \u00a0 \u00a0 \u00a0 \u00a0 \u00a0<span class=\"item-val\">280 kg<\/span><\/span><\/li>\n<\/ul>\n<p>&nbsp;<\/p>","protected":false},"featured_media":22510,"comment_status":"open","ping_status":"closed","template":"","meta":{"_acf_changed":false},"product_brand":[],"product_cat":[20,80,97],"product_tag":[],"class_list":{"0":"post-22508","1":"product","2":"type-product","3":"status-publish","4":"has-post-thumbnail","6":"product_cat-all","7":"product_cat-centrifuge","8":"product_cat-special-purpose-centrifuge","10":"first","11":"instock","12":"shipping-taxable","13":"product-type-simple"},"acf":[],"_links":{"self":[{"href":"https:\/\/lexamedlab.com\/fr\/wp-json\/wp\/v2\/product\/22508","targetHints":{"allow":["GET"]}}],"collection":[{"href":"https:\/\/lexamedlab.com\/fr\/wp-json\/wp\/v2\/product"}],"about":[{"href":"https:\/\/lexamedlab.com\/fr\/wp-json\/wp\/v2\/types\/product"}],"replies":[{"embeddable":true,"href":"https:\/\/lexamedlab.com\/fr\/wp-json\/wp\/v2\/comments?post=22508"}],"version-history":[{"count":1,"href":"https:\/\/lexamedlab.com\/fr\/wp-json\/wp\/v2\/product\/22508\/revisions"}],"predecessor-version":[{"id":22513,"href":"https:\/\/lexamedlab.com\/fr\/wp-json\/wp\/v2\/product\/22508\/revisions\/22513"}],"wp:featuredmedia":[{"embeddable":true,"href":"https:\/\/lexamedlab.com\/fr\/wp-json\/wp\/v2\/media\/22510"}],"wp:attachment":[{"href":"https:\/\/lexamedlab.com\/fr\/wp-json\/wp\/v2\/media?parent=22508"}],"wp:term":[{"taxonomy":"product_brand","embeddable":true,"href":"https:\/\/lexamedlab.com\/fr\/wp-json\/wp\/v2\/product_brand?post=22508"},{"taxonomy":"product_cat","embeddable":true,"href":"https:\/\/lexamedlab.com\/fr\/wp-json\/wp\/v2\/product_cat?post=22508"},{"taxonomy":"product_tag","embeddable":true,"href":"https:\/\/lexamedlab.com\/fr\/wp-json\/wp\/v2\/product_tag?post=22508"}],"curies":[{"name":"wp","href":"https:\/\/api.w.org\/{rel}","templated":true}]}}