{"id":22615,"date":"2025-05-24T22:20:48","date_gmt":"2025-05-24T22:20:48","guid":{"rendered":"https:\/\/lexamedlab.com\/?post_type=product&#038;p=22615"},"modified":"2025-05-27T15:27:43","modified_gmt":"2025-05-27T15:27:43","slug":"esr-tube","status":"publish","type":"product","link":"https:\/\/lexamedlab.com\/fr\/product\/esr-tube\/","title":{"rendered":"Tube ESR"},"content":{"rendered":"<p><span style=\"font-family: 'times new roman', times, serif; font-size: 14pt;\">Tube ESR<\/span><br \/>\n<span style=\"font-family: 'times new roman', times, serif; font-size: 14pt;\">Le tube ESR \u00d813 \u00d7 75 mm est sp\u00e9cialement utilis\u00e9 dans la collecte de sang et l&#039;anticoagulation pour le test de taux de s\u00e9dimentation des analyseurs automatis\u00e9s de taux de s\u00e9dimentation des \u00e9rythrocytes avec le rapport de m\u00e9lange de 1 partie de citrate de sodium pour 4 parties de sang, par la m\u00e9thode Westergren.<\/span><\/p>\n<p data-spm-anchor-id=\"a2700.details-description.0.i0.551bbEnKbEnK4i\"><span style=\"font-family: 'times new roman', times, serif; font-size: 14pt;\">Le tube ESR \u00d89 \u00d7 120 mm est applicable \u00e0 divers analyseurs automatis\u00e9s de taux de s\u00e9dimentation des \u00e9rythrocytes.<\/span><br \/>\n<span style=\"font-family: 'times new roman', times, serif; font-size: 14pt;\">En raison du faible volume et de la pression n\u00e9gative \u00e0 l&#039;int\u00e9rieur du tube, le pr\u00e9l\u00e8vement sanguin n\u00e9cessite un certain temps. Attendez patiemment que le sang cesse de couler dans le tube. M\u00e9langez ensuite compl\u00e8tement l&#039;anticoagulant et l&#039;additif en retournant le tube 6 \u00e0 8 fois. Un m\u00e9lange inappropri\u00e9 peut provoquer une h\u00e9molyse, une coagulation ou des bulles de sang, ce qui influencera le r\u00e9sultat du test.<\/span><\/p>\n<table style=\"height: 250px; width: 95.5773%; border-collapse: collapse;\">\n<tbody>\n<tr style=\"height: 45px;\">\n<td style=\"width: 194.672px; height: 45px; text-align: center;\"><span style=\"font-family: 'times new roman', times, serif; font-size: 14pt;\"><strong>num\u00e9ro de produit\u00a0<\/strong><\/span><\/td>\n<td style=\"width: 213.5px; height: 45px; text-align: center;\"><span style=\"font-family: 'times new roman', times, serif; font-size: 14pt;\"><strong>Tube <\/strong><strong>Sp\u00e9cification<\/strong><\/span><\/td>\n<td style=\"width: 220.469px; height: 45px; text-align: center;\"><span style=\"font-family: 'times new roman', times, serif; font-size: 14pt;\"><strong>Nominal <\/strong><strong>Volume<\/strong><\/span><\/td>\n<td style=\"width: 235.891px; height: 45px; text-align: center;\"><span style=\"font-family: 'times new roman', times, serif; font-size: 14pt;\"><strong>Additif<\/strong><\/span><\/td>\n<td style=\"width: 224.047px; height: 45px; text-align: center;\" height=\"45\"><span style=\"font-family: 'times new roman', times, serif; font-size: 14pt;\"><strong>Quantit\u00e9 de verre\/bo\u00eete<\/strong><\/span><\/td>\n<td style=\"width: 189.391px; height: 45px; text-align: center;\"><span style=\"font-family: 'times new roman', times, serif; font-size: 14pt;\"><strong>PET Qt\u00e9\/Cs<\/strong><\/span><\/td>\n<\/tr>\n<tr style=\"height: 33px;\">\n<td style=\"width: 194.672px; text-align: center; height: 33px;\"><span style=\"font-size: 12pt; font-family: 'times new roman', times, serif;\"><strong>KJ016NC<\/strong><\/span><\/td>\n<td style=\"width: 213.5px; text-align: center; height: 33px;\"><span style=\"font-size: 12pt; font-family: 'times new roman', times, serif;\">\u00d813\u00d775mm<\/span><\/td>\n<td style=\"width: 220.469px; text-align: center; height: 33px;\"><span style=\"font-size: 12pt; font-family: 'times new roman', times, serif;\">2 ml<\/span><\/td>\n<td style=\"width: 235.891px; text-align: center; height: 33px;\"><span style=\"font-size: 12pt; font-family: 'times new roman', times, serif;\">3.8% Citrate de sodium<\/span><\/td>\n<td style=\"width: 224.047px; text-align: center; height: 33px;\"><span style=\"font-size: 12pt; font-family: 'times new roman', times, serif;\">100 pi\u00e8ces \u00d7 18<\/span><\/td>\n<td style=\"width: 189.391px; text-align: center; height: 33px;\"><span style=\"font-size: 12pt; font-family: 'times new roman', times, serif;\">100 pi\u00e8ces \u00d7 18<\/span><\/td>\n<\/tr>\n<tr style=\"height: 33px;\">\n<td style=\"width: 194.672px; text-align: center; height: 33px;\"><span style=\"font-size: 12pt; font-family: 'times new roman', times, serif;\"><strong>KJ024NC<\/strong><\/span><\/td>\n<td style=\"width: 213.5px; text-align: center; height: 33px;\"><span style=\"font-size: 12pt; font-family: 'times new roman', times, serif;\">\u00d813\u00d775mm<\/span><\/td>\n<td style=\"width: 220.469px; text-align: center; height: 33px;\"><span style=\"font-size: 12pt; font-family: 'times new roman', times, serif;\">3 ml<\/span><\/td>\n<td style=\"width: 235.891px; text-align: center; height: 33px;\"><span style=\"font-size: 12pt; font-family: 'times new roman', times, serif;\">3.8% Citrate de sodium<\/span><\/td>\n<td style=\"width: 224.047px; text-align: center; height: 33px;\"><span style=\"font-size: 12pt; font-family: 'times new roman', times, serif;\">100 pi\u00e8ces \u00d7 18<\/span><\/td>\n<td style=\"width: 189.391px; text-align: center; height: 33px;\"><span style=\"font-size: 12pt; font-family: 'times new roman', times, serif;\">100 pi\u00e8ces \u00d7 18<\/span><\/td>\n<\/tr>\n<tr style=\"height: 33px;\">\n<td style=\"width: 194.672px; text-align: center; height: 33px;\"><span style=\"font-size: 12pt; font-family: 'times new roman', times, serif;\"><strong>KJ0128NC<\/strong><\/span><\/td>\n<td style=\"width: 213.5px; text-align: center; height: 33px;\"><span style=\"font-size: 12pt; font-family: 'times new roman', times, serif;\">\u00d89\u00d7120mm<\/span><\/td>\n<td style=\"width: 220.469px; text-align: center; height: 33px;\"><span style=\"font-size: 12pt; font-family: 'times new roman', times, serif;\">1,6 ml<\/span><\/td>\n<td style=\"width: 235.891px; text-align: center; height: 33px;\"><span style=\"font-size: 12pt; font-family: 'times new roman', times, serif;\">3.8% Citrate de sodium<\/span><\/td>\n<td style=\"width: 224.047px; text-align: center; height: 33px;\"><span style=\"font-size: 12pt; font-family: 'times new roman', times, serif;\">100 pi\u00e8ces \u00d7 18<\/span><\/td>\n<td style=\"width: 189.391px; text-align: center; height: 33px;\"><span style=\"font-size: 12pt; font-family: 'times new roman', times, serif;\">\u2014\u2014<\/span><\/td>\n<\/tr>\n<\/tbody>\n<\/table>\n<p data-spm-anchor-id=\"a2700.details-description.0.i0.b229DrSXDrSXqX\">","protected":false},"excerpt":{"rendered":"<p>Tube ESR \u00d813\u00d775mm Le tube ESR est sp\u00e9cialement utilis\u00e9 dans la collecte de sang et l&#039;anticoagulation pour les analyseurs automatis\u00e9s de la vitesse de s\u00e9dimentation des \u00e9rythrocytes.<\/p>","protected":false},"featured_media":22746,"comment_status":"open","ping_status":"closed","template":"","meta":{"_acf_changed":false},"product_brand":[],"product_cat":[20,98],"product_tag":[],"class_list":{"0":"post-22615","1":"product","2":"type-product","3":"status-publish","4":"has-post-thumbnail","6":"product_cat-all","7":"product_cat-blood-collection-tube","9":"first","10":"instock","11":"shipping-taxable","12":"product-type-simple"},"acf":[],"_links":{"self":[{"href":"https:\/\/lexamedlab.com\/fr\/wp-json\/wp\/v2\/product\/22615","targetHints":{"allow":["GET"]}}],"collection":[{"href":"https:\/\/lexamedlab.com\/fr\/wp-json\/wp\/v2\/product"}],"about":[{"href":"https:\/\/lexamedlab.com\/fr\/wp-json\/wp\/v2\/types\/product"}],"replies":[{"embeddable":true,"href":"https:\/\/lexamedlab.com\/fr\/wp-json\/wp\/v2\/comments?post=22615"}],"version-history":[{"count":7,"href":"https:\/\/lexamedlab.com\/fr\/wp-json\/wp\/v2\/product\/22615\/revisions"}],"predecessor-version":[{"id":22752,"href":"https:\/\/lexamedlab.com\/fr\/wp-json\/wp\/v2\/product\/22615\/revisions\/22752"}],"wp:featuredmedia":[{"embeddable":true,"href":"https:\/\/lexamedlab.com\/fr\/wp-json\/wp\/v2\/media\/22746"}],"wp:attachment":[{"href":"https:\/\/lexamedlab.com\/fr\/wp-json\/wp\/v2\/media?parent=22615"}],"wp:term":[{"taxonomy":"product_brand","embeddable":true,"href":"https:\/\/lexamedlab.com\/fr\/wp-json\/wp\/v2\/product_brand?post=22615"},{"taxonomy":"product_cat","embeddable":true,"href":"https:\/\/lexamedlab.com\/fr\/wp-json\/wp\/v2\/product_cat?post=22615"},{"taxonomy":"product_tag","embeddable":true,"href":"https:\/\/lexamedlab.com\/fr\/wp-json\/wp\/v2\/product_tag?post=22615"}],"curies":[{"name":"wp","href":"https:\/\/api.w.org\/{rel}","templated":true}]}}