{"id":22620,"date":"2025-05-24T22:59:55","date_gmt":"2025-05-24T22:59:55","guid":{"rendered":"https:\/\/lexamedlab.com\/?post_type=product&#038;p=22620"},"modified":"2025-05-27T15:11:35","modified_gmt":"2025-05-27T15:11:35","slug":"micro-collection-0-5ml-edta-k2-k3-blood-capillary-tube","status":"publish","type":"product","link":"https:\/\/lexamedlab.com\/fr\/product\/micro-collection-0-5ml-edta-k2-k3-blood-capillary-tube\/","title":{"rendered":"Tube capillaire sanguin EDTA K2 K3 de 0,5 ml pour micropr\u00e9l\u00e8vement"},"content":{"rendered":"<p><span style=\"font-family: 'times new roman', times, serif; font-size: 14pt;\">\u2014 Le mod\u00e8le KJ002 est con\u00e7u selon un concept scientifique. Son bouchon en caoutchouc butyle scell\u00e9 est dot\u00e9 d&#039;une incision transversale centrale sur le dessus pour faciliter l&#039;insertion du capillaire. Apr\u00e8s le pr\u00e9l\u00e8vement sanguin, l&#039;incision transversale se referme automatiquement lors du retrait du capillaire, emp\u00eachant ainsi toute fuite sanguine et garantissant un transport s\u00fbr et fiable.<\/span><br \/>\n<span style=\"font-family: 'times new roman', times, serif; font-size: 14pt;\">\u2014 Gr\u00e2ce \u00e0 un traitement de surface sp\u00e9cial \u00e0 l&#039;int\u00e9rieur du capillaire et du microtube de stockage, les \u00e9chantillons sanguins s&#039;\u00e9coulent automatiquement vers le fond du tube de stockage, sans adh\u00e9rence ni dommage aux globules rouges. L&#039;additif est pulv\u00e9ris\u00e9 uniform\u00e9ment sur la surface du capillaire et du tube de stockage, facilitant ainsi l&#039;anticoagulation sanguine et \u00e9vitant la formation de petits caillots. La pr\u00e9cision des r\u00e9sultats est ainsi garantie.<\/span><br \/>\n<span style=\"font-family: 'times new roman', times, serif; font-size: 14pt;\">\u2014 L&#039;incision crois\u00e9e est applicable \u00e0 l&#039;aiguille d&#039;\u00e9chantillonnage de tous les analyseurs. Insertion facile et \u00e9chantillonnage automatique, sans ouverture du bouchon pendant tout le processus de test, s\u00fbr et efficace.<\/span><\/p>\n<table style=\"border-collapse: collapse; width: 77.3555%; height: 193px;\">\n<tbody>\n<tr style=\"height: 45px;\">\n<td style=\"width: 6.90918%; text-align: center; height: 45px;\"><span style=\"font-family: 'times new roman', times, serif; font-size: 14pt;\"><strong>num\u00e9ro de produit\u00a0<\/strong><\/span><\/td>\n<td style=\"width: 7.55059%; text-align: center; height: 45px;\"><span style=\"font-family: 'times new roman', times, serif; font-size: 14pt;\"><strong>Tube <\/strong><strong>Sp\u00e9cification<\/strong><\/span><\/td>\n<td style=\"width: 8.30219%; text-align: center; height: 45px;\"><span style=\"font-family: 'times new roman', times, serif; font-size: 14pt;\"><strong>Additif<\/strong><\/span><\/td>\n<td style=\"width: 14.3949%; text-align: center; height: 45px;\" height=\"45\"><span style=\"font-family: 'times new roman', times, serif; font-size: 14pt;\"><strong>\u00a0Qt\u00e9\/Cs<\/strong><\/span><\/td>\n<\/tr>\n<tr style=\"height: 32px;\">\n<td style=\"width: 6.90918%; text-align: center; height: 148px;\" rowspan=\"4\"><span style=\"font-family: 'times new roman', times, serif; font-size: 12pt;\">KJ002<\/span><\/td>\n<td style=\"width: 7.55059%; text-align: center; height: 148px;\" rowspan=\"4\"><span style=\"font-family: 'times new roman', times, serif; font-size: 12pt;\">0,25 ml\/0,5 ml\/1 ml<\/span><\/td>\n<td style=\"width: 8.30219%; text-align: center; height: 32px;\"><span style=\"font-family: 'times new roman', times, serif; font-size: 12pt;\">EDTA.K2 \/ EDTA.K3<\/span><\/td>\n<td style=\"width: 14.3949%; text-align: center; height: 32px;\"><span style=\"font-family: 'times new roman', times, serif; font-size: 12pt;\">100 pi\u00e8ces \u00d7 30<\/span><\/td>\n<\/tr>\n<tr style=\"height: 35px;\">\n<td style=\"width: 8.30219%; text-align: center; height: 35px;\"><span style=\"font-family: 'times new roman', times, serif; font-size: 12pt;\">H\u00e9parine de lithium\/h\u00e9parine de sodium\u00a0<\/span><\/td>\n<td style=\"width: 14.3949%; text-align: center; height: 35px;\"><span style=\"font-family: 'times new roman', times, serif; font-size: 12pt;\">100 pi\u00e8ces \u00d7 30<\/span><\/td>\n<\/tr>\n<tr style=\"height: 42px;\">\n<td style=\"width: 8.30219%; text-align: center; height: 42px;\"><span style=\"font-family: 'times new roman', times, serif; font-size: 12pt;\">Sans additif<\/span><\/td>\n<td style=\"width: 14.3949%; text-align: center; height: 42px;\"><span style=\"font-family: 'times new roman', times, serif; font-size: 12pt;\">100 pi\u00e8ces \u00d7 30<\/span><\/td>\n<\/tr>\n<tr style=\"height: 39px;\">\n<td style=\"width: 8.30219%; text-align: center; height: 39px;\"><span style=\"font-family: 'times new roman', times, serif; font-size: 12pt;\">Activateur de gel et de caillot\u00a0<\/span><\/td>\n<td style=\"width: 14.3949%; text-align: center; height: 39px;\"><span style=\"font-family: 'times new roman', times, serif; font-size: 12pt;\">100 pi\u00e8ces \u00d7 30<\/span><\/td>\n<\/tr>\n<\/tbody>\n<\/table>\n<p data-spm-anchor-id=\"a2700.details-description.0.i0.b229DrSXDrSXqX\">","protected":false},"excerpt":{"rendered":"<p>\u2014 Le type KJ002 est con\u00e7u selon un concept scientifique, le bouchon en caoutchouc butyle scell\u00e9 est con\u00e7u avec une incision transversale centrale sur le dessus<\/p>","protected":false},"featured_media":22621,"comment_status":"open","ping_status":"closed","template":"","meta":{"_acf_changed":false},"product_brand":[],"product_cat":[20,98],"product_tag":[],"class_list":{"0":"post-22620","1":"product","2":"type-product","3":"status-publish","4":"has-post-thumbnail","6":"product_cat-all","7":"product_cat-blood-collection-tube","9":"first","10":"instock","11":"shipping-taxable","12":"product-type-simple"},"acf":[],"_links":{"self":[{"href":"https:\/\/lexamedlab.com\/fr\/wp-json\/wp\/v2\/product\/22620","targetHints":{"allow":["GET"]}}],"collection":[{"href":"https:\/\/lexamedlab.com\/fr\/wp-json\/wp\/v2\/product"}],"about":[{"href":"https:\/\/lexamedlab.com\/fr\/wp-json\/wp\/v2\/types\/product"}],"replies":[{"embeddable":true,"href":"https:\/\/lexamedlab.com\/fr\/wp-json\/wp\/v2\/comments?post=22620"}],"version-history":[{"count":1,"href":"https:\/\/lexamedlab.com\/fr\/wp-json\/wp\/v2\/product\/22620\/revisions"}],"predecessor-version":[{"id":22622,"href":"https:\/\/lexamedlab.com\/fr\/wp-json\/wp\/v2\/product\/22620\/revisions\/22622"}],"wp:featuredmedia":[{"embeddable":true,"href":"https:\/\/lexamedlab.com\/fr\/wp-json\/wp\/v2\/media\/22621"}],"wp:attachment":[{"href":"https:\/\/lexamedlab.com\/fr\/wp-json\/wp\/v2\/media?parent=22620"}],"wp:term":[{"taxonomy":"product_brand","embeddable":true,"href":"https:\/\/lexamedlab.com\/fr\/wp-json\/wp\/v2\/product_brand?post=22620"},{"taxonomy":"product_cat","embeddable":true,"href":"https:\/\/lexamedlab.com\/fr\/wp-json\/wp\/v2\/product_cat?post=22620"},{"taxonomy":"product_tag","embeddable":true,"href":"https:\/\/lexamedlab.com\/fr\/wp-json\/wp\/v2\/product_tag?post=22620"}],"curies":[{"name":"wp","href":"https:\/\/api.w.org\/{rel}","templated":true}]}}