{"id":22623,"date":"2025-05-24T23:06:28","date_gmt":"2025-05-24T23:06:28","guid":{"rendered":"https:\/\/lexamedlab.com\/?post_type=product&#038;p=22623"},"modified":"2025-05-27T15:11:35","modified_gmt":"2025-05-27T15:11:35","slug":"0-5ml-micro-blood-collection-tubes","status":"publish","type":"product","link":"https:\/\/lexamedlab.com\/fr\/product\/0-5ml-micro-blood-collection-tubes\/","title":{"rendered":"Microtubes de pr\u00e9l\u00e8vement sanguin de 0,5 ml"},"content":{"rendered":"<p><span style=\"font-family: 'times new roman', times, serif; font-size: 14pt;\">\u2014 Le microtube de pr\u00e9l\u00e8vement sanguin de type KJ001 est dot\u00e9 d&#039;une conception ergonomique et d&#039;un bouchon de s\u00e9curit\u00e9 \u00e0 pression, ce qui pr\u00e9vient efficacement les fuites sanguines. Gr\u00e2ce \u00e0 sa structure multi-dents et \u00e0 double orientation, il est pratique, s\u00fbr et facile \u00e0 transporter, sans projections de sang.<\/span><br \/>\n<span style=\"font-family: 'times new roman', times, serif; font-size: 14pt;\">\u2014Le code couleur du bouchon de s\u00e9curit\u00e9 est conforme \u00e0 la norme internationale, facile \u00e0 identifier.<\/span><br \/>\n<span style=\"font-family: 'times new roman', times, serif; font-size: 14pt;\">\u2014 La conception saillante du bord de l&#039;embouchure du tube facilite l&#039;injection du sang. Simple, rapide et intuitive, la lecture du volume sanguin est facilit\u00e9e par une ligne de graduation claire.<\/span><br \/>\n<span style=\"font-family: 'times new roman', times, serif; font-size: 14pt;\">\u2014Traitement sp\u00e9cial \u00e0 l&#039;int\u00e9rieur du tube, il est lisse en surface sans adh\u00e9rence du sang.<\/span><br \/>\n<span style=\"font-family: 'times new roman', times, serif; font-size: 14pt;\">\u2014Peut personnaliser le code-barres et st\u00e9riliser le tube avec des rayons gamma selon les exigences des clients pour r\u00e9aliser des tests d&#039;asepsie.<\/span><\/p>\n<table style=\"border-collapse: collapse; width: 77.3555%; height: 192px;\">\n<tbody>\n<tr style=\"height: 45px;\">\n<td style=\"width: 6.90918%; text-align: center; height: 45px;\"><span style=\"font-family: 'times new roman', times, serif; font-size: 14pt;\"><strong>num\u00e9ro de produit\u00a0<\/strong><\/span><\/td>\n<td style=\"width: 7.55059%; text-align: center; height: 45px;\"><span style=\"font-family: 'times new roman', times, serif; font-size: 14pt;\"><strong>Tube <\/strong><strong>Sp\u00e9cification<\/strong><\/span><\/td>\n<td style=\"width: 8.30219%; text-align: center; height: 45px;\"><span style=\"font-family: 'times new roman', times, serif; font-size: 14pt;\"><strong>Additif<\/strong><\/span><\/td>\n<td style=\"width: 14.3949%; text-align: center; height: 45px;\" height=\"45\"><span style=\"font-family: 'times new roman', times, serif; font-size: 14pt;\"><strong>\u00a0Qt\u00e9\/Cs<\/strong><\/span><\/td>\n<\/tr>\n<tr style=\"height: 32px;\">\n<td style=\"width: 6.90918%; text-align: center; height: 147px;\" rowspan=\"4\"><span style=\"font-family: 'times new roman', times, serif; font-size: 12pt;\">KJ001<\/span><\/td>\n<td style=\"width: 7.55059%; text-align: center; height: 147px;\" rowspan=\"4\"><span style=\"font-family: 'times new roman', times, serif; font-size: 12pt;\">0,25 ml\/0,5 ml\/1 ml<\/span><\/td>\n<td style=\"width: 8.30219%; text-align: center; height: 32px;\"><span style=\"font-family: 'times new roman', times, serif; font-size: 12pt;\">EDTA.K2 \/ EDTA.K3<\/span><\/td>\n<td style=\"width: 14.3949%; text-align: center; height: 32px;\"><span style=\"font-family: 'times new roman', times, serif; font-size: 12pt;\">100 pi\u00e8ces \u00d7 30<\/span><\/td>\n<\/tr>\n<tr style=\"height: 35px;\">\n<td style=\"width: 8.30219%; text-align: center; height: 34px;\">H\u00e9parine de lithium\/h\u00e9parine de sodium<\/td>\n<td style=\"width: 14.3949%; text-align: center; height: 34px;\"><span style=\"font-family: 'times new roman', times, serif; font-size: 12pt;\">100 pi\u00e8ces \u00d7 30<\/span><\/td>\n<\/tr>\n<tr style=\"height: 42px;\">\n<td style=\"width: 8.30219%; text-align: center; height: 42px;\"><span style=\"font-family: 'times new roman', times, serif; font-size: 12pt;\">Sans additif<\/span><\/td>\n<td style=\"width: 14.3949%; text-align: center; height: 42px;\"><span style=\"font-family: 'times new roman', times, serif; font-size: 12pt;\">100 pi\u00e8ces \u00d7 30<\/span><\/td>\n<\/tr>\n<tr style=\"height: 39px;\">\n<td style=\"width: 8.30219%; text-align: center; height: 39px;\"><span style=\"font-family: 'times new roman', times, serif; font-size: 12pt;\">Activateur de gel et de caillot\u00a0<\/span><\/td>\n<td style=\"width: 14.3949%; text-align: center; height: 39px;\"><span style=\"font-family: 'times new roman', times, serif; font-size: 12pt;\">100 pi\u00e8ces \u00d7 30<\/span><\/td>\n<\/tr>\n<\/tbody>\n<\/table>\n<p data-spm-anchor-id=\"a2700.details-description.0.i0.b229DrSXDrSXqX\">","protected":false},"excerpt":{"rendered":"<p>\u2014Le tube de pr\u00e9l\u00e8vement sanguin micro de type KJ001 a une conception humanis\u00e9e et un bouchon de s\u00e9curit\u00e9 scell\u00e9, le tube peut emp\u00eacher efficacement le sang<\/p>","protected":false},"featured_media":22624,"comment_status":"open","ping_status":"closed","template":"","meta":{"_acf_changed":false},"product_brand":[],"product_cat":[20,98],"product_tag":[],"class_list":{"0":"post-22623","1":"product","2":"type-product","3":"status-publish","4":"has-post-thumbnail","6":"product_cat-all","7":"product_cat-blood-collection-tube","9":"first","10":"instock","11":"shipping-taxable","12":"product-type-simple"},"acf":[],"_links":{"self":[{"href":"https:\/\/lexamedlab.com\/fr\/wp-json\/wp\/v2\/product\/22623","targetHints":{"allow":["GET"]}}],"collection":[{"href":"https:\/\/lexamedlab.com\/fr\/wp-json\/wp\/v2\/product"}],"about":[{"href":"https:\/\/lexamedlab.com\/fr\/wp-json\/wp\/v2\/types\/product"}],"replies":[{"embeddable":true,"href":"https:\/\/lexamedlab.com\/fr\/wp-json\/wp\/v2\/comments?post=22623"}],"version-history":[{"count":1,"href":"https:\/\/lexamedlab.com\/fr\/wp-json\/wp\/v2\/product\/22623\/revisions"}],"predecessor-version":[{"id":22625,"href":"https:\/\/lexamedlab.com\/fr\/wp-json\/wp\/v2\/product\/22623\/revisions\/22625"}],"wp:featuredmedia":[{"embeddable":true,"href":"https:\/\/lexamedlab.com\/fr\/wp-json\/wp\/v2\/media\/22624"}],"wp:attachment":[{"href":"https:\/\/lexamedlab.com\/fr\/wp-json\/wp\/v2\/media?parent=22623"}],"wp:term":[{"taxonomy":"product_brand","embeddable":true,"href":"https:\/\/lexamedlab.com\/fr\/wp-json\/wp\/v2\/product_brand?post=22623"},{"taxonomy":"product_cat","embeddable":true,"href":"https:\/\/lexamedlab.com\/fr\/wp-json\/wp\/v2\/product_cat?post=22623"},{"taxonomy":"product_tag","embeddable":true,"href":"https:\/\/lexamedlab.com\/fr\/wp-json\/wp\/v2\/product_tag?post=22623"}],"curies":[{"name":"wp","href":"https:\/\/api.w.org\/{rel}","templated":true}]}}