{"id":22661,"date":"2025-05-26T07:37:59","date_gmt":"2025-05-26T07:37:59","guid":{"rendered":"https:\/\/lexamedlab.com\/?post_type=product&#038;p=22661"},"modified":"2025-05-27T15:18:05","modified_gmt":"2025-05-27T15:18:05","slug":"50ml-plastic-centrifuge-tube","status":"publish","type":"product","link":"https:\/\/lexamedlab.com\/fr\/product\/50ml-plastic-centrifuge-tube\/","title":{"rendered":"Tube \u00e0 centrifuger en plastique de 50 ml"},"content":{"rendered":"<div style=\"width: 956px;\" class=\"wp-video\"><!--[if lt IE 9]><script>document.createElement('video');<\/script><![endif]-->\n<video class=\"wp-video-shortcode\" id=\"video-22661-1\" width=\"956\" height=\"540\" preload=\"metadata\" controls=\"controls\"><source type=\"video\/mp4\" src=\"https:\/\/lexamedlab.com\/wp-content\/uploads\/2025\/05\/uzBHxE9NDS54w0IoXM2_227116251883_sd_hq.mp4?_=1\" \/><a href=\"https:\/\/lexamedlab.com\/wp-content\/uploads\/2025\/05\/uzBHxE9NDS54w0IoXM2_227116251883_sd_hq.mp4\">https:\/\/lexamedlab.com\/wp-content\/uploads\/2025\/05\/uzBHxE9NDS54w0IoXM2_227116251883_sd_hq.mp4<\/a><\/video><\/div>\n<p><span style=\"font-family: 'times new roman', times, serif; font-size: 14pt;\">\u2014 Fabriqu\u00e9 en mat\u00e9riau PP transparent de haute qualit\u00e9, largement utilis\u00e9 en biologie mol\u00e9culaire, en chimie clinique et en recherche biochimique.<\/span><br \/>\n<span style=\"font-family: 'times new roman', times, serif; font-size: 14pt;\">\u2014 Graduation blanche ou noire claire sur les tubes, grande zone d&#039;\u00e9criture blanche pour un marquage facile.<\/span><br \/>\n<span style=\"font-family: 'times new roman', times, serif; font-size: 14pt;\">\u2014 Op\u00e9ration facile d&#039;une seule main pour ouvrir ou fermer le capuchon.<\/span><br \/>\n<span style=\"font-family: 'times new roman', times, serif; font-size: 14pt;\">\u2014 FCR maximale \u00e0 12 000 \u00d7 g.<\/span><br \/>\n<span style=\"font-family: 'times new roman', times, serif; font-size: 14pt;\">\u2014 Adapt\u00e9 \u00e0 une large gamme de temp\u00e9ratures de -80\u00b0C \u00e0 120\u00b0C.<\/span><br \/>\n<span style=\"font-family: 'times new roman', times, serif; font-size: 14pt;\">\u2014 Disponible en vrac ou en emballage individuel.<\/span><br \/>\n<span style=\"font-family: 'times new roman', times, serif; font-size: 14pt;\">\u2014 Disponible en version st\u00e9rile par EO ou rayonnement Gamma.<\/span><\/p>\n<table style=\"border-collapse: collapse; width: 100%; height: 240px;\">\n<tbody>\n<tr style=\"height: 24px;\">\n<td style=\"width: 11.3992%; height: 24px; text-align: center;\"><span style=\"font-size: 14pt; font-family: 'times new roman', times, serif;\">Num\u00e9ro de produit\u00a0<\/span><\/td>\n<td style=\"width: 11.8482%; height: 24px; text-align: center;\"><span style=\"font-size: 14pt; font-family: 'times new roman', times, serif;\">mat\u00e9riel\u00a0<\/span><\/td>\n<td style=\"width: 12.5538%; height: 24px; text-align: center;\"><span style=\"font-size: 14pt; font-family: 'times new roman', times, serif;\">dimension\u00a0<\/span><\/td>\n<td style=\"width: 12.0407%; height: 24px; text-align: center;\"><span style=\"font-size: 14pt; font-family: 'times new roman', times, serif;\">capacit\u00e9\u00a0<\/span><\/td>\n<td style=\"width: 12.2973%; height: 24px; text-align: center;\"><span style=\"font-size: 14pt; font-family: 'times new roman', times, serif;\">quantit\u00e9 en sacs\u00a0<\/span><\/td>\n<td style=\"width: 12.8745%; height: 24px; text-align: center;\"><span style=\"font-size: 14pt; font-family: 'times new roman', times, serif;\">quantit\u00e9 dans le carton\u00a0<\/span><\/td>\n<td style=\"width: 26.9862%; height: 24px; text-align: center;\"><span style=\"font-size: 14pt; font-family: 'times new roman', times, serif;\">PS\u00a0<\/span><\/td>\n<\/tr>\n<tr style=\"height: 24px;\">\n<td style=\"width: 11.3992%; height: 48px; text-align: center;\" rowspan=\"2\"><span style=\"font-size: 14pt; font-family: 'times new roman', times, serif;\">KJ323<\/span><\/td>\n<td style=\"width: 11.8482%; height: 48px; text-align: center;\" rowspan=\"2\"><span style=\"font-size: 14pt; font-family: 'times new roman', times, serif;\">PP<\/span><\/td>\n<td style=\"width: 12.5538%; height: 48px; text-align: center;\" rowspan=\"2\"><span style=\"font-size: 14pt; font-family: 'times new roman', times, serif;\">102 mm<\/span><\/td>\n<td style=\"width: 12.0407%; height: 48px; text-align: center;\" rowspan=\"2\"><span style=\"font-size: 14pt; font-family: 'times new roman', times, serif;\">10 ml<\/span><\/td>\n<td style=\"width: 12.2973%; height: 24px; text-align: center;\"><span style=\"font-size: 14pt; font-family: 'times new roman', times, serif;\">1<\/span><\/td>\n<td style=\"width: 12.8745%; height: 24px; text-align: center;\"><span style=\"font-size: 14pt; font-family: 'times new roman', times, serif;\">1500<\/span><\/td>\n<td style=\"width: 26.9862%; height: 24px; text-align: center;\"><span style=\"font-size: 14pt; font-family: 'times new roman', times, serif;\">emballage individuel, st\u00e9rile ou non st\u00e9rile\u00a0<\/span><\/td>\n<\/tr>\n<tr style=\"height: 24px;\">\n<td style=\"width: 12.2973%; height: 24px; text-align: center;\"><span style=\"font-size: 14pt; font-family: 'times new roman', times, serif;\">100<\/span><\/td>\n<td style=\"width: 12.8745%; height: 24px; text-align: center;\"><span style=\"font-size: 14pt; font-family: 'times new roman', times, serif;\">2000<\/span><\/td>\n<td style=\"width: 26.9862%; height: 24px; text-align: center;\"><span style=\"font-size: 14pt; font-family: 'times new roman', times, serif;\">emballage multiple, st\u00e9rile ou non st\u00e9rile\u00a0<\/span><\/td>\n<\/tr>\n<tr style=\"height: 24px;\">\n<td style=\"width: 11.3992%; height: 48px; text-align: center;\" rowspan=\"2\"><span style=\"font-size: 14pt; font-family: 'times new roman', times, serif;\">KJ324<\/span><\/td>\n<td style=\"width: 11.8482%; height: 72px; text-align: center;\" rowspan=\"3\"><span style=\"font-size: 14pt; font-family: 'times new roman', times, serif;\">PP<\/span><\/td>\n<td style=\"width: 12.5538%; height: 72px; text-align: center;\" rowspan=\"3\"><span style=\"font-size: 14pt; font-family: 'times new roman', times, serif;\">121 mm<\/span><\/td>\n<td style=\"width: 12.0407%; height: 72px; text-align: center;\" rowspan=\"3\"><span style=\"font-size: 14pt; font-family: 'times new roman', times, serif;\">15 ml<\/span><\/td>\n<td style=\"width: 12.2973%; height: 24px; text-align: center;\"><span style=\"font-size: 14pt; font-family: 'times new roman', times, serif;\">1<\/span><\/td>\n<td style=\"width: 12.8745%; height: 24px; text-align: center;\"><span style=\"font-size: 14pt; font-family: 'times new roman', times, serif;\">1200<\/span><\/td>\n<td style=\"width: 26.9862%; height: 24px; text-align: center;\"><span style=\"font-size: 14pt; font-family: 'times new roman', times, serif;\">emballage individuel, st\u00e9rile ou non st\u00e9rile\u00a0<\/span><\/td>\n<\/tr>\n<tr style=\"height: 24px;\">\n<td style=\"width: 12.2973%; height: 24px; text-align: center;\"><span style=\"font-size: 14pt; font-family: 'times new roman', times, serif;\">100<\/span><\/td>\n<td style=\"width: 12.8745%; height: 24px; text-align: center;\"><span style=\"font-size: 14pt; font-family: 'times new roman', times, serif;\">1800<\/span><\/td>\n<td style=\"width: 26.9862%; height: 24px; text-align: center;\"><span style=\"font-size: 14pt; font-family: 'times new roman', times, serif;\">emballage multiple, st\u00e9rile ou non st\u00e9rile\u00a0<\/span><\/td>\n<\/tr>\n<tr style=\"height: 24px;\">\n<td style=\"width: 11.3992%; height: 24px; text-align: center;\"><span style=\"font-size: 14pt; font-family: 'times new roman', times, serif;\">KJ326-2<\/span><\/td>\n<td style=\"width: 12.2973%; height: 24px; text-align: center;\"><span style=\"font-size: 14pt; font-family: 'times new roman', times, serif;\">50<\/span><\/td>\n<td style=\"width: 12.8745%; height: 24px; text-align: center;\"><span style=\"font-size: 14pt; font-family: 'times new roman', times, serif;\">500<\/span><\/td>\n<td style=\"width: 26.9862%; height: 24px; text-align: center;\"><span style=\"font-size: 14pt; font-family: 'times new roman', times, serif;\">50 pi\u00e8ces\/palette, st\u00e9riles ou non st\u00e9riles\u00a0<\/span><\/td>\n<\/tr>\n<tr style=\"height: 24px;\">\n<td style=\"width: 11.3992%; height: 24px; text-align: center;\" rowspan=\"2\"><span style=\"font-size: 14pt; font-family: 'times new roman', times, serif;\">KJ325<\/span><\/td>\n<td style=\"width: 11.8482%; height: 24px; text-align: center;\" rowspan=\"2\"><span style=\"font-size: 14pt; font-family: 'times new roman', times, serif;\">PP<\/span><\/td>\n<td style=\"width: 12.5538%; height: 24px; text-align: center;\" rowspan=\"2\"><span style=\"font-size: 14pt; font-family: 'times new roman', times, serif;\">118 mm<\/span><\/td>\n<td style=\"width: 12.0407%; height: 24px; text-align: center;\" rowspan=\"2\"><span style=\"font-size: 14pt; font-family: 'times new roman', times, serif;\">50 ml<\/span><\/td>\n<td style=\"width: 12.2973%; height: 24px; text-align: center;\"><span style=\"font-size: 14pt; font-family: 'times new roman', times, serif;\">1<\/span><\/td>\n<td style=\"width: 12.8745%; height: 24px; text-align: center;\"><span style=\"font-size: 14pt; font-family: 'times new roman', times, serif;\">500<\/span><\/td>\n<td style=\"width: 26.9862%; height: 24px; text-align: center;\"><span style=\"font-size: 14pt; font-family: 'times new roman', times, serif;\">emballage individuel, st\u00e9rile ou non st\u00e9rile\u00a0<\/span><\/td>\n<\/tr>\n<tr style=\"height: 24px;\">\n<td style=\"width: 12.2973%; height: 24px; text-align: center;\"><span style=\"font-size: 14pt; font-family: 'times new roman', times, serif;\">50<\/span><\/td>\n<td style=\"width: 12.8745%; height: 24px; text-align: center;\"><span style=\"font-size: 14pt; font-family: 'times new roman', times, serif;\">500<\/span><\/td>\n<td style=\"width: 26.9862%; height: 24px; text-align: center;\"><span style=\"font-size: 14pt; font-family: 'times new roman', times, serif;\">emballage multiple, st\u00e9rile ou non st\u00e9rile\u00a0<\/span><\/td>\n<\/tr>\n<tr style=\"height: 24px;\">\n<td style=\"width: 11.3992%; height: 24px; text-align: center;\" rowspan=\"2\"><span style=\"font-size: 14pt; font-family: 'times new roman', times, serif;\">KJ326<\/span><\/td>\n<td style=\"width: 11.8482%; height: 24px; text-align: center;\" rowspan=\"3\"><span style=\"font-size: 14pt; font-family: 'times new roman', times, serif;\">PP<\/span><\/td>\n<td style=\"width: 12.5538%; height: 24px; text-align: center;\" rowspan=\"3\"><span style=\"font-size: 14pt; font-family: 'times new roman', times, serif;\">118 mm<\/span><\/td>\n<td style=\"width: 12.0407%; height: 24px; text-align: center;\" rowspan=\"3\"><span style=\"font-size: 14pt; font-family: 'times new roman', times, serif;\">50 ml<\/span><\/td>\n<td style=\"width: 12.2973%; height: 24px; text-align: center;\"><span style=\"font-size: 14pt; font-family: 'times new roman', times, serif;\">1<\/span><\/td>\n<td style=\"width: 12.8745%; height: 24px; text-align: center;\"><span style=\"font-size: 14pt; font-family: 'times new roman', times, serif;\">500<\/span><\/td>\n<td style=\"width: 26.9862%; height: 24px; text-align: center;\"><span style=\"font-size: 14pt; font-family: 'times new roman', times, serif;\">emballage individuel, st\u00e9rile ou non st\u00e9rile\u00a0<\/span><\/td>\n<\/tr>\n<tr style=\"height: 24px;\">\n<td style=\"width: 12.2973%; height: 24px; text-align: center;\"><span style=\"font-size: 14pt; font-family: 'times new roman', times, serif;\">50<\/span><\/td>\n<td style=\"width: 12.8745%; height: 24px; text-align: center;\"><span style=\"font-size: 14pt; font-family: 'times new roman', times, serif;\">500<\/span><\/td>\n<td style=\"width: 26.9862%; height: 24px; text-align: center;\"><span style=\"font-size: 14pt; font-family: 'times new roman', times, serif;\">emballage multiple, st\u00e9rile ou non st\u00e9rile\u00a0<\/span><\/td>\n<\/tr>\n<tr>\n<td style=\"width: 11.3992%; text-align: center;\"><span style=\"font-size: 14pt; font-family: 'times new roman', times, serif;\">KJ326-3<\/span><\/td>\n<td style=\"width: 12.2973%; text-align: center;\"><span style=\"font-size: 14pt; font-family: 'times new roman', times, serif;\">25<\/span><\/td>\n<td style=\"width: 12.8745%; text-align: center;\"><span style=\"font-size: 14pt; font-family: 'times new roman', times, serif;\">500<\/span><\/td>\n<td style=\"width: 26.9862%; text-align: center;\"><span style=\"font-size: 14pt; font-family: 'times new roman', times, serif;\">25 pi\u00e8ces\/palette, st\u00e9riles ou non st\u00e9riles<\/span><\/td>\n<\/tr>\n<\/tbody>\n<\/table>","protected":false},"excerpt":{"rendered":"<p>\u2014 Fabriqu\u00e9 en mat\u00e9riau PP transparent de haute qualit\u00e9, largement utilis\u00e9 en biologie mol\u00e9culaire, en chimie clinique et en recherche biochimique. \u2014 Blanc transparent ou<\/p>","protected":false},"featured_media":22662,"comment_status":"open","ping_status":"closed","template":"","meta":{"_acf_changed":false},"product_brand":[],"product_cat":[73,20],"product_tag":[],"class_list":{"0":"post-22661","1":"product","2":"type-product","3":"status-publish","4":"has-post-thumbnail","6":"product_cat-centrifuge-tubes","7":"product_cat-all","9":"first","10":"instock","11":"shipping-taxable","12":"product-type-simple"},"acf":[],"_links":{"self":[{"href":"https:\/\/lexamedlab.com\/fr\/wp-json\/wp\/v2\/product\/22661","targetHints":{"allow":["GET"]}}],"collection":[{"href":"https:\/\/lexamedlab.com\/fr\/wp-json\/wp\/v2\/product"}],"about":[{"href":"https:\/\/lexamedlab.com\/fr\/wp-json\/wp\/v2\/types\/product"}],"replies":[{"embeddable":true,"href":"https:\/\/lexamedlab.com\/fr\/wp-json\/wp\/v2\/comments?post=22661"}],"version-history":[{"count":2,"href":"https:\/\/lexamedlab.com\/fr\/wp-json\/wp\/v2\/product\/22661\/revisions"}],"predecessor-version":[{"id":22745,"href":"https:\/\/lexamedlab.com\/fr\/wp-json\/wp\/v2\/product\/22661\/revisions\/22745"}],"wp:featuredmedia":[{"embeddable":true,"href":"https:\/\/lexamedlab.com\/fr\/wp-json\/wp\/v2\/media\/22662"}],"wp:attachment":[{"href":"https:\/\/lexamedlab.com\/fr\/wp-json\/wp\/v2\/media?parent=22661"}],"wp:term":[{"taxonomy":"product_brand","embeddable":true,"href":"https:\/\/lexamedlab.com\/fr\/wp-json\/wp\/v2\/product_brand?post=22661"},{"taxonomy":"product_cat","embeddable":true,"href":"https:\/\/lexamedlab.com\/fr\/wp-json\/wp\/v2\/product_cat?post=22661"},{"taxonomy":"product_tag","embeddable":true,"href":"https:\/\/lexamedlab.com\/fr\/wp-json\/wp\/v2\/product_tag?post=22661"}],"curies":[{"name":"wp","href":"https:\/\/api.w.org\/{rel}","templated":true}]}}