{"id":22679,"date":"2025-05-26T10:39:19","date_gmt":"2025-05-26T10:39:19","guid":{"rendered":"https:\/\/lexamedlab.com\/?post_type=product&#038;p=22679"},"modified":"2025-05-27T15:17:15","modified_gmt":"2025-05-27T15:17:15","slug":"pp-plastic-5ml-7ml-10ml-micro-centrifuge-tube","status":"publish","type":"product","link":"https:\/\/lexamedlab.com\/fr\/product\/pp-plastic-5ml-7ml-10ml-micro-centrifuge-tube\/","title":{"rendered":"Tube \u00e0 centrifuger en plastique PP de 5 ml, 7 ml et 10 ml"},"content":{"rendered":"<div style=\"width: 956px;\" class=\"wp-video\"><!--[if lt IE 9]><script>document.createElement('video');<\/script><![endif]-->\n<video class=\"wp-video-shortcode\" id=\"video-22679-1\" width=\"956\" height=\"540\" preload=\"metadata\" controls=\"controls\"><source type=\"video\/mp4\" src=\"https:\/\/lexamedlab.com\/wp-content\/uploads\/2025\/05\/j4k25XwtlNtk694ckjm_227036182597_sd_hq.mp4?_=1\" \/><a href=\"https:\/\/lexamedlab.com\/wp-content\/uploads\/2025\/05\/j4k25XwtlNtk694ckjm_227036182597_sd_hq.mp4\">https:\/\/lexamedlab.com\/wp-content\/uploads\/2025\/05\/j4k25XwtlNtk694ckjm_227036182597_sd_hq.mp4<\/a><\/video><\/div>\n<p><span style=\"font-family: 'times new roman', times, serif; font-size: 14pt;\" data-spm-anchor-id=\"a2700.details-description.0.i0.2e79ABokABokf3\">\u2014 Fabriqu\u00e9 en mat\u00e9riau PP haute transparence, adapt\u00e9 \u00e0 la microcentrifugeuse, largement utilis\u00e9 en biologie mol\u00e9culaire, en chimie clinique et en recherche biochimique.<\/span><br \/>\n<span style=\"font-family: 'times new roman', times, serif; font-size: 14pt;\">\u2014 Disponible en diff\u00e9rents volumes : 0,2 ml, 0,5 ml, 1,5 ml, 2 ml, 5 ml, etc.<\/span><br \/>\n<span style=\"font-family: 'times new roman', times, serif; font-size: 14pt;\">\u2014 R\u00e9sistance \u00e0 la corrosion chimique et aux basses temp\u00e9ratures.<\/span><br \/>\n<span style=\"font-family: 'times new roman', times, serif; font-size: 14pt;\">\u2014 Aucun r\u00e9actif de d\u00e9moulage, plastifiant et fongistatique ajout\u00e9 pendant la production, sans m\u00e9tal lourd.<\/span><br \/>\n<span style=\"font-family: 'times new roman', times, serif; font-size: 14pt;\">\u2014 Stable \u00e0 haute vitesse de centrifugation, jusqu&#039;\u00e0 15\u00a0000 tr\/min. Il garantit la s\u00e9curit\u00e9 du personnel et la protection de l&#039;environnement lors des tests d&#039;\u00e9chantillons toxiques.<\/span><br \/>\n<span style=\"font-family: 'times new roman', times, serif; font-size: 14pt;\">\u2014 Adapt\u00e9 \u00e0 une large gamme de temp\u00e9ratures de -80 \u00e0 121, sans distorsion.<\/span><br \/>\n<span style=\"font-family: 'times new roman', times, serif; font-size: 14pt;\">\u2014 Graduation claire sur le mur pour une observation plus facile.<\/span><br \/>\n<span style=\"font-family: 'times new roman', times, serif; font-size: 14pt;\">\u2014 Zone givr\u00e9e sur le bouchon et le tube pour un marquage et une identification pratiques.<\/span><br \/>\n<span style=\"font-family: 'times new roman', times, serif; font-size: 14pt;\">\u2014 Disponible en version st\u00e9rile par EO ou rayonnement Gamma.<\/span><\/p>\n<table style=\"border-collapse: collapse; width: 100%; height: 351px;\">\n<tbody>\n<tr style=\"height: 27px;\">\n<td style=\"width: 20%; text-align: center; height: 27px;\"><span style=\"font-size: 14pt; font-family: 'times new roman', times, serif;\">num\u00e9ro de produit\u00a0<\/span><\/td>\n<td style=\"width: 20%; text-align: center; height: 27px;\"><span style=\"font-size: 14pt; font-family: 'times new roman', times, serif;\">mat\u00e9riel\u00a0<\/span><\/td>\n<td style=\"width: 20%; text-align: center; height: 27px;\"><span style=\"font-size: 14pt; font-family: 'times new roman', times, serif;\">capacit\u00e9\u00a0<\/span><\/td>\n<td style=\"width: 20%; text-align: center; height: 27px;\"><span style=\"font-size: 14pt; font-family: 'times new roman', times, serif;\">quantit\u00e9 dans le sac\u00a0<\/span><\/td>\n<td style=\"width: 20%; text-align: center; height: 27px;\"><span style=\"font-size: 14pt; font-family: 'times new roman', times, serif;\">quantit\u00e9 dans le carton\u00a0<\/span><\/td>\n<\/tr>\n<tr style=\"height: 27px;\">\n<td style=\"width: 20%; text-align: center; height: 27px;\"><span style=\"font-size: 14pt; font-family: 'times new roman', times, serif;\">KJ316-3<\/span><\/td>\n<td style=\"width: 20%; text-align: center; height: 27px;\"><span style=\"font-size: 14pt; font-family: 'times new roman', times, serif;\">PP<\/span><\/td>\n<td style=\"width: 20%; text-align: center; height: 27px;\">0,5 ml<\/td>\n<td style=\"width: 20%; text-align: center; height: 27px;\"><span style=\"font-size: 14pt; font-family: 'times new roman', times, serif;\">500\u00a0<\/span><\/td>\n<td style=\"width: 20%; text-align: center; height: 27px;\"><span style=\"font-size: 14pt; font-family: 'times new roman', times, serif;\">\u00a010000<\/span><\/td>\n<\/tr>\n<tr style=\"height: 27px;\">\n<td style=\"width: 20%; text-align: center; height: 27px;\"><span style=\"font-size: 14pt; font-family: 'times new roman', times, serif;\">KJ316-4<\/span><\/td>\n<td style=\"width: 20%; text-align: center; height: 27px;\"><span style=\"font-size: 14pt; font-family: 'times new roman', times, serif;\">PP<\/span><\/td>\n<td style=\"width: 20%; text-align: center; height: 27px;\">1,0 ml<\/td>\n<td style=\"width: 20%; text-align: center; height: 27px;\"><span style=\"font-size: 14pt; font-family: 'times new roman', times, serif;\"> 500\u00a0<\/span><\/td>\n<td style=\"width: 20%; text-align: center; height: 27px;\"><span style=\"font-size: 14pt; font-family: 'times new roman', times, serif;\"> 10000<\/span><\/td>\n<\/tr>\n<tr style=\"height: 27px;\">\n<td style=\"width: 20%; text-align: center; height: 27px;\"><span style=\"font-size: 14pt; font-family: 'times new roman', times, serif;\">KJ316-5<\/span><\/td>\n<td style=\"width: 20%; text-align: center; height: 27px;\"><span style=\"font-size: 14pt; font-family: 'times new roman', times, serif;\">PP<\/span><\/td>\n<td style=\"width: 20%; text-align: center; height: 27px;\">1,5 ml<\/td>\n<td style=\"width: 20%; text-align: center; height: 27px;\"><span style=\"font-size: 14pt; font-family: 'times new roman', times, serif;\"> 500\u00a0<\/span><\/td>\n<td style=\"width: 20%; text-align: center; height: 27px;\"><span style=\"font-size: 14pt; font-family: 'times new roman', times, serif;\"> 10000<\/span><\/td>\n<\/tr>\n<tr style=\"height: 27px;\">\n<td style=\"width: 20%; text-align: center; height: 27px;\"><span style=\"font-size: 14pt; font-family: 'times new roman', times, serif;\">KJ345<\/span><\/td>\n<td style=\"width: 20%; text-align: center; height: 27px;\"><span style=\"font-size: 14pt; font-family: 'times new roman', times, serif;\">PP<\/span><\/td>\n<td style=\"width: 20%; text-align: center; height: 27px;\"><\/td>\n<td style=\"width: 20%; text-align: center; height: 27px;\"><\/td>\n<td style=\"width: 20%; text-align: center; height: 27px;\"><\/td>\n<\/tr>\n<tr style=\"height: 27px;\">\n<td style=\"width: 20%; text-align: center; height: 27px;\"><span style=\"font-size: 14pt; font-family: 'times new roman', times, serif;\">KJ327<\/span><\/td>\n<td style=\"width: 20%; text-align: center; height: 27px;\"><span style=\"font-size: 14pt; font-family: 'times new roman', times, serif;\">PP<\/span><\/td>\n<td style=\"width: 20%; text-align: center; height: 27px;\">5,0 ml<\/td>\n<td style=\"width: 20%; text-align: center; height: 27px;\"><span style=\"font-family: 'times new roman', times, serif; font-size: 14pt;\">300<\/span><\/td>\n<td style=\"width: 20%; text-align: center; height: 27px;\"><span style=\"font-size: 14pt; font-family: 'times new roman', times, serif;\">4500<\/span><\/td>\n<\/tr>\n<tr style=\"height: 27px;\">\n<td style=\"width: 20%; text-align: center; height: 27px;\"><span style=\"font-size: 14pt; font-family: 'times new roman', times, serif;\">KJ327-5<\/span><\/td>\n<td style=\"width: 20%; text-align: center; height: 27px;\"><span style=\"font-size: 14pt; font-family: 'times new roman', times, serif;\">PP<\/span><\/td>\n<td style=\"width: 20%; text-align: center; height: 27px;\">5,0 ml<\/td>\n<td style=\"width: 20%; text-align: center; height: 27px;\"><span style=\"font-family: 'times new roman', times, serif; font-size: 14pt;\">300<\/span><\/td>\n<td style=\"width: 20%; text-align: center; height: 27px;\"><span style=\"font-size: 14pt; font-family: 'times new roman', times, serif;\">4500<\/span><\/td>\n<\/tr>\n<tr style=\"height: 27px;\">\n<td style=\"width: 20%; text-align: center; height: 27px;\"><span style=\"font-size: 14pt; font-family: 'times new roman', times, serif;\">KJ327-1<\/span><\/td>\n<td style=\"width: 20%; text-align: center; height: 27px;\"><span style=\"font-size: 14pt; font-family: 'times new roman', times, serif;\">PP<\/span><\/td>\n<td style=\"width: 20%; text-align: center; height: 27px;\">0,5 ml<\/td>\n<td style=\"width: 20%; text-align: center; height: 27px;\"><span style=\"font-family: 'times new roman', times, serif; font-size: 14pt;\">1000<\/span><\/td>\n<td style=\"width: 20%; text-align: center; height: 27px;\"><span style=\"font-size: 14pt; font-family: 'times new roman', times, serif;\">20000<\/span><\/td>\n<\/tr>\n<tr style=\"height: 27px;\">\n<td style=\"width: 20%; text-align: center; height: 27px;\"><span style=\"font-size: 14pt; font-family: 'times new roman', times, serif;\">KJ327-3<\/span><\/td>\n<td style=\"width: 20%; text-align: center; height: 27px;\"><span style=\"font-size: 14pt; font-family: 'times new roman', times, serif;\">PP<\/span><\/td>\n<td style=\"width: 20%; text-align: center; height: 27px;\">2,0 ml<\/td>\n<td style=\"width: 20%; text-align: center; height: 27px;\"><span style=\"font-family: 'times new roman', times, serif; font-size: 14pt;\">500<\/span><\/td>\n<td style=\"width: 20%; text-align: center; height: 27px;\"><span style=\"font-size: 14pt; font-family: 'times new roman', times, serif;\">9000<\/span><\/td>\n<\/tr>\n<tr style=\"height: 27px;\">\n<td style=\"width: 20%; text-align: center; height: 27px;\"><span style=\"font-size: 14pt; font-family: 'times new roman', times, serif;\">KJ327-4<\/span><\/td>\n<td style=\"width: 20%; text-align: center; height: 27px;\"><span style=\"font-size: 14pt; font-family: 'times new roman', times, serif;\">PP<\/span><\/td>\n<td style=\"width: 20%; text-align: center; height: 27px;\">5,0 ml<\/td>\n<td style=\"width: 20%; text-align: center; height: 27px;\"><span style=\"font-family: 'times new roman', times, serif; font-size: 14pt;\">300<\/span><\/td>\n<td style=\"width: 20%; text-align: center; height: 27px;\"><span style=\"font-size: 14pt; font-family: 'times new roman', times, serif;\">4500<\/span><\/td>\n<\/tr>\n<tr style=\"height: 27px;\">\n<td style=\"width: 20%; text-align: center; height: 27px;\"><span style=\"font-size: 14pt; font-family: 'times new roman', times, serif;\">KJ320<\/span><\/td>\n<td style=\"width: 20%; text-align: center; height: 27px;\"><span style=\"font-size: 14pt; font-family: 'times new roman', times, serif;\">PP<\/span><\/td>\n<td style=\"width: 20%; text-align: center; height: 27px;\"><span style=\"font-size: 14pt; font-family: 'times new roman', times, serif;\">5,0 ml<\/span><\/td>\n<td style=\"width: 20%; text-align: center; height: 27px;\"><span style=\"font-size: 14pt; font-family: 'times new roman', times, serif;\">300<\/span><\/td>\n<td style=\"width: 20%; text-align: center; height: 27px;\"><span style=\"font-size: 14pt; font-family: 'times new roman', times, serif;\">4500<\/span><\/td>\n<\/tr>\n<tr style=\"height: 27px;\">\n<td style=\"width: 20%; text-align: center; height: 27px;\"><span style=\"font-size: 14pt; font-family: 'times new roman', times, serif;\">KJ321<\/span><\/td>\n<td style=\"width: 20%; text-align: center; height: 27px;\"><span style=\"font-size: 14pt; font-family: 'times new roman', times, serif;\">PP<\/span><\/td>\n<td style=\"width: 20%; text-align: center; height: 27px;\"><span style=\"font-size: 14pt; font-family: 'times new roman', times, serif;\">7,0 ml<\/span><\/td>\n<td style=\"width: 20%; text-align: center; height: 27px;\"><span style=\"font-size: 14pt; font-family: 'times new roman', times, serif;\">200<\/span><\/td>\n<td style=\"width: 20%; text-align: center; height: 27px;\"><span style=\"font-size: 14pt; font-family: 'times new roman', times, serif;\">2400<\/span><\/td>\n<\/tr>\n<tr style=\"height: 27px;\">\n<td style=\"width: 20%; text-align: center; height: 27px;\"><span style=\"font-size: 14pt; font-family: 'times new roman', times, serif;\">KJ322<\/span><\/td>\n<td style=\"width: 20%; text-align: center; height: 27px;\"><span style=\"font-size: 14pt; font-family: 'times new roman', times, serif;\">PP<\/span><\/td>\n<td style=\"width: 20%; text-align: center; height: 27px;\"><span style=\"font-size: 14pt; font-family: 'times new roman', times, serif;\">10 ml<\/span><\/td>\n<td style=\"width: 20%; text-align: center; height: 27px;\"><span style=\"font-size: 14pt; font-family: 'times new roman', times, serif;\">200<\/span><\/td>\n<td style=\"width: 20%; text-align: center; height: 27px;\"><span style=\"font-size: 14pt; font-family: 'times new roman', times, serif;\">2800<\/span><\/td>\n<\/tr>\n<\/tbody>\n<\/table>","protected":false},"excerpt":{"rendered":"<p>\u2014 Fabriqu\u00e9 en mat\u00e9riau PP haute transparence, adapt\u00e9 \u00e0 la microcentrifugeuse, largement utilis\u00e9 en biologie mol\u00e9culaire, chimie clinique et biochimie<\/p>","protected":false},"featured_media":22680,"comment_status":"open","ping_status":"closed","template":"","meta":{"_acf_changed":false},"product_brand":[],"product_cat":[73,20],"product_tag":[],"class_list":{"0":"post-22679","1":"product","2":"type-product","3":"status-publish","4":"has-post-thumbnail","6":"product_cat-centrifuge-tubes","7":"product_cat-all","9":"first","10":"instock","11":"shipping-taxable","12":"product-type-simple"},"acf":[],"_links":{"self":[{"href":"https:\/\/lexamedlab.com\/fr\/wp-json\/wp\/v2\/product\/22679","targetHints":{"allow":["GET"]}}],"collection":[{"href":"https:\/\/lexamedlab.com\/fr\/wp-json\/wp\/v2\/product"}],"about":[{"href":"https:\/\/lexamedlab.com\/fr\/wp-json\/wp\/v2\/types\/product"}],"replies":[{"embeddable":true,"href":"https:\/\/lexamedlab.com\/fr\/wp-json\/wp\/v2\/comments?post=22679"}],"version-history":[{"count":3,"href":"https:\/\/lexamedlab.com\/fr\/wp-json\/wp\/v2\/product\/22679\/revisions"}],"predecessor-version":[{"id":22744,"href":"https:\/\/lexamedlab.com\/fr\/wp-json\/wp\/v2\/product\/22679\/revisions\/22744"}],"wp:featuredmedia":[{"embeddable":true,"href":"https:\/\/lexamedlab.com\/fr\/wp-json\/wp\/v2\/media\/22680"}],"wp:attachment":[{"href":"https:\/\/lexamedlab.com\/fr\/wp-json\/wp\/v2\/media?parent=22679"}],"wp:term":[{"taxonomy":"product_brand","embeddable":true,"href":"https:\/\/lexamedlab.com\/fr\/wp-json\/wp\/v2\/product_brand?post=22679"},{"taxonomy":"product_cat","embeddable":true,"href":"https:\/\/lexamedlab.com\/fr\/wp-json\/wp\/v2\/product_cat?post=22679"},{"taxonomy":"product_tag","embeddable":true,"href":"https:\/\/lexamedlab.com\/fr\/wp-json\/wp\/v2\/product_tag?post=22679"}],"curies":[{"name":"wp","href":"https:\/\/api.w.org\/{rel}","templated":true}]}}