{"id":381,"date":"2021-08-27T12:02:01","date_gmt":"2021-08-27T12:02:01","guid":{"rendered":"http:\/\/dummy.xtemos.com\/woodmart2\/elementor\/?post_type=product&#038;p=381"},"modified":"2025-05-29T06:59:39","modified_gmt":"2025-05-29T06:59:39","slug":"eames-plastic-side-chair","status":"publish","type":"product","link":"https:\/\/lexamedlab.com\/fr\/product\/eames-plastic-side-chair\/","title":{"rendered":"Centrifugeuse basse vitesse de paillasse TD-500"},"content":{"rendered":"<table style=\"width: 100.729%; border-collapse: collapse; background-color: #35a1cc;\">\n<tbody>\n<tr>\n<td style=\"width: 49.8778%;\">\n<div><span style=\"font-size: 18pt;\"><strong><span style=\"color: #ffffff; font-family: 'times new roman', times, serif;\">Fonction conviviale\u00a0<\/span><\/strong><\/span><\/div>\n<div><span style=\"color: #ffffff; font-size: 14pt; font-family: 'times new roman', times, serif;\">&gt;jusqu&#039;\u00e0 1000 programmes d\u00e9finis par l&#039;utilisateur<\/span><\/div>\n<div><span style=\"color: #ffffff; font-size: 14pt; font-family: 'times new roman', times, serif;\">&gt;jusqu&#039;\u00e0 1000 historiques d&#039;ex\u00e9cution, peuvent \u00eatre export\u00e9s via USB<\/span><\/div>\n<div><span style=\"color: #ffffff; font-size: 14pt; font-family: 'times new roman', times, serif;\">&gt;jusqu&#039;\u00e0 40 taux d&#039;acc\u00e9l\u00e9ration et de d\u00e9c\u00e9l\u00e9ration<\/span><\/div>\n<div><span style=\"color: #ffffff; font-size: 14pt; font-family: 'times new roman', times, serif;\">&gt;Mode de centrifugation multi-\u00e9tages jusqu&#039;\u00e0 5 \u00e9tapes disponible<\/span><\/div>\n<div><span style=\"color: #ffffff; font-size: 14pt; font-family: 'times new roman', times, serif;\">&gt;Plage de minuterie jusqu&#039;\u00e0 99h59m59s, incr\u00e9ment de 1s<\/span><\/div>\n<\/td>\n<td style=\"width: 53.1092%;\">\n<div><strong><span style=\"color: #ffffff; font-size: 18pt; font-family: 'times new roman', times, serif;\">\u00e9cran tactile LCD\u00a0<\/span><\/strong><\/div>\n<div><span style=\"color: #ffffff; font-size: 14pt; font-family: 'times new roman', times, serif;\">&gt;Simple et clair pour afficher tous les param\u00e8tres<\/span><\/div>\n<div><span style=\"color: #ffffff; font-size: 14pt; font-family: 'times new roman', times, serif;\">&gt;\u00c9cran tactile, param\u00e8tres faciles \u00e0 r\u00e9gler<\/span><\/div>\n<div><span style=\"color: #ffffff; font-size: 14pt; font-family: 'times new roman', times, serif;\">&gt;RCF peut \u00eatre d\u00e9fini directement<\/span><\/div>\n<div><span style=\"color: #ffffff; font-size: 14pt; font-family: 'times new roman', times, serif;\">&gt;RPM et RCF se convertissent automatiquement<\/span><\/div>\n<div>\n<p><span style=\"color: #ffffff; font-size: 14pt; font-family: 'times new roman', times, serif;\">&gt;L&#039;utilisateur peut d\u00e9finir les param\u00e8tres m\u00eame avec des gants<\/span><\/p>\n<div><span style=\"color: #ffffff; font-size: 14pt; font-family: 'times new roman', times, serif;\">&gt;L&#039;utilisateur peut r\u00e9initialiser les param\u00e8tres lorsque le rotor tourne<\/span><\/div>\n<\/div>\n<\/td>\n<\/tr>\n<tr>\n<td style=\"width: 49.8778%;\">\n<div><span style=\"font-size: 18pt;\"><strong><span style=\"color: #ffffff; font-family: 'times new roman', times, serif;\">Assurer la s\u00e9curit\u00e9<\/span><\/strong><\/span><\/div>\n<div><span style=\"color: #ffffff; font-size: 14pt; font-family: 'times new roman', times, serif;\">&gt;Contr\u00f4le par microprocesseur<\/span><\/div>\n<div><span style=\"color: #ffffff; font-size: 14pt; font-family: 'times new roman', times, serif;\">&gt;Serrure de porte \u00e9lectronique motoris\u00e9e<\/span><\/div>\n<div><span style=\"color: #ffffff; font-size: 14pt; font-family: 'times new roman', times, serif;\">&gt;La porte ne peut pas \u00eatre ouverte lorsque le rotor tourne<\/span><\/div>\n<div><span style=\"color: #ffffff; font-size: 14pt; font-family: 'times new roman', times, serif;\">&gt;Charni\u00e8re \u00e0 gaz pour emp\u00eacher la porte de tomber<\/span><\/div>\n<div><span style=\"color: #ffffff; font-size: 14pt; font-family: 'times new roman', times, serif;\">&gt;Port dans la porte pour l&#039;\u00e9talonnage et le contr\u00f4le du fonctionnement<\/span><\/div>\n<div><span style=\"color: #ffffff; font-size: 14pt; font-family: 'times new roman', times, serif;\">&gt;D\u00e9verrouillage d&#039;urgence des portes<\/span><\/div>\n<div><span style=\"color: #ffffff; font-size: 14pt; font-family: 'times new roman', times, serif;\">&gt;Mot de passe pour verrouiller l&#039;appareil<\/span><\/div>\n<\/td>\n<td style=\"width: 53.1092%;\">\n<div><strong><span style=\"color: #ffffff; font-size: 18pt; font-family: 'times new roman', times, serif;\">De bons composants\u00a0<\/span><\/strong><\/div>\n<div><span style=\"color: #ffffff; font-size: 14pt; font-family: 'times new roman', times, serif;\">&gt;Moteur : Moteur \u00e0 fr\u00e9quence variable.<\/span><\/div>\n<div><span style=\"color: #ffffff; font-size: 14pt; font-family: 'times new roman', times, serif;\">\u00a0 \u00a0 \u00a0 \u00a0 \u00a0 \u00a0 \u00a0 \u00a0 fonctionnement stable, sans entretien, longue dur\u00e9e de vie<\/span><\/div>\n<div><span style=\"color: #ffffff; font-size: 14pt; font-family: 'times new roman', times, serif;\">&gt;Bo\u00eetier : Acier \u00e9pais et r\u00e9sistant<\/span><\/div>\n<div><span style=\"color: #ffffff; font-size: 14pt; font-family: 'times new roman', times, serif;\">&gt;Chambre : Acier inoxydable 304 de qualit\u00e9 alimentaire.<\/span><\/div>\n<div><span style=\"color: #ffffff; font-size: 14pt; font-family: 'times new roman', times, serif;\">\u00a0 \u00a0 \u00a0 \u00a0 \u00a0 \u00a0 \u00a0 \u00a0 anticorrosion et facile \u00e0 nettoyer<\/span><\/div>\n<div><span style=\"color: #ffffff; font-size: 14pt; font-family: 'times new roman', times, serif;\">&gt;Rotor : Rotor \u00e0 angle fixe en alliage d&#039;aluminium ;<\/span><\/div>\n<div><span style=\"color: #ffffff; font-size: 14pt; font-family: 'times new roman', times, serif;\">\u00a0 \u00a0 \u00a0 \u00a0 \u00a0 \u00a0 \u00a0 \u00a0Rotor pivotant en acier inoxydable.<\/span><\/div>\n<div><span style=\"color: #ffffff; font-size: 14pt; font-family: 'times new roman', times, serif;\">&gt;Les rotors sont autoclavables\u00a0<\/span><\/div>\n<\/td>\n<\/tr>\n<\/tbody>\n<\/table>\n<p><span style=\"font-size: 18pt;\">Rotors disponibles<\/span><\/p>\n<table style=\"border-collapse: collapse; width: 100%;\">\n<tbody>\n<tr>\n<td style=\"width: 33.3333%;\"><img fetchpriority=\"high\" decoding=\"async\" class=\"alignnone size-full wp-image-21794\" src=\"https:\/\/lexamedlab.com\/wp-content\/uploads\/2021\/08\/12x15-through-hole.webp\" alt=\"\" width=\"1500\" height=\"1000\" \/><\/td>\n<td style=\"width: 33.3333%;\"><img decoding=\"async\" class=\"alignnone size-full wp-image-21795\" src=\"https:\/\/lexamedlab.com\/wp-content\/uploads\/2021\/08\/6x50ml-through-hole.webp\" alt=\"\" width=\"1500\" height=\"1000\" \/><\/td>\n<td style=\"width: 33.3333%;\"><img decoding=\"async\" class=\"alignnone size-full wp-image-21796\" src=\"https:\/\/lexamedlab.com\/wp-content\/uploads\/2021\/08\/24x7ml.webp\" alt=\"\" width=\"1500\" height=\"1000\" \/><\/td>\n<\/tr>\n<tr>\n<td style=\"width: 33.3333%;\">\n<div><span style=\"color: #000000; font-family: 'times new roman', times, serif; font-size: 14pt;\">Rotor : Rotor \u00e0 angle fixe<\/span><\/div>\n<div><span style=\"color: #000000; font-family: 'times new roman', times, serif; font-size: 14pt;\">Capacit\u00e9 : 12x15ml<\/span><\/div>\n<div><span style=\"color: #000000; font-family: 'times new roman', times, serif; font-size: 14pt;\">Vitesse maximale : 5\u00a0000 tr\/min<\/span><\/div>\n<div><span style=\"color: #000000; font-family: 'times new roman', times, serif; font-size: 14pt;\">FCR maximale\u00a0: 3\u00a0558\u00a0x\u00a0g<\/span><\/div>\n<div><span style=\"color: #000000; font-family: 'times new roman', times, serif; font-size: 14pt;\">Taille du tube : 17 x 121 mm<\/span><\/div>\n<\/td>\n<td style=\"width: 33.3333%;\">\n<div><span style=\"color: #000000; font-size: 14pt; font-family: 'times new roman', times, serif;\">Rotor : Rotor \u00e0 angle fixe<\/span><\/div>\n<div><span style=\"color: #000000; font-size: 14pt; font-family: 'times new roman', times, serif;\">Capacit\u00e9 : 6x50ml<\/span><\/div>\n<div><span style=\"color: #000000; font-size: 14pt; font-family: 'times new roman', times, serif;\">Vitesse maximale : 5\u00a0000 tr\/min<\/span><\/div>\n<div><span style=\"color: #000000; font-size: 14pt; font-family: 'times new roman', times, serif;\">FCR maximale\u00a0: 3\u00a0558\u00a0x\u00a0g<\/span><\/div>\n<div><span style=\"color: #000000; font-size: 14pt; font-family: 'times new roman', times, serif;\">Taille du tube : 29 x 116 mm<\/span><\/div>\n<\/td>\n<td style=\"width: 33.3333%;\">\n<div><span style=\"color: #000000; font-family: 'times new roman', times, serif; font-size: 14pt;\">Rotor : Rotor pivotant<\/span><\/div>\n<div><span style=\"color: #000000; font-family: 'times new roman', times, serif; font-size: 14pt;\">Capacit\u00e9 : 24 tubes de sang de 7 ml<\/span><\/div>\n<div><span style=\"color: #000000; font-family: 'times new roman', times, serif; font-size: 14pt;\">Vitesse maximale : 5\u00a0000 tr\/min<\/span><\/div>\n<div><span style=\"color: #000000; font-family: 'times new roman', times, serif; font-size: 14pt;\">FCR maximale\u00a0: 4\u00a0650\u00a0g<\/span><\/div>\n<div><span style=\"color: #000000; font-family: 'times new roman', times, serif; font-size: 14pt;\">Taille du tube : 13 \u00d7 75-100 mm<\/span><\/div>\n<\/td>\n<\/tr>\n<tr>\n<td style=\"width: 33.3333%;\"><img loading=\"lazy\" decoding=\"async\" class=\"alignnone size-full wp-image-21797\" src=\"https:\/\/lexamedlab.com\/wp-content\/uploads\/2021\/08\/16x15ml.webp\" alt=\"\" width=\"1500\" height=\"1000\" \/><\/td>\n<td style=\"width: 33.3333%;\"><img loading=\"lazy\" decoding=\"async\" class=\"alignnone size-full wp-image-21798\" src=\"https:\/\/lexamedlab.com\/wp-content\/uploads\/2021\/08\/8x15ml.webp\" alt=\"\" width=\"1500\" height=\"1000\" \/><\/td>\n<td style=\"width: 33.3333%;\"><img loading=\"lazy\" decoding=\"async\" class=\"alignnone size-full wp-image-21799\" src=\"https:\/\/lexamedlab.com\/wp-content\/uploads\/2021\/08\/4x50ml-1.webp\" alt=\"\" width=\"1500\" height=\"1000\" \/><\/td>\n<\/tr>\n<tr>\n<td style=\"width: 33.3333%;\">\n<div><span style=\"font-size: 14pt; font-family: 'times new roman', times, serif;\">Rotor : Rotor pivotant<\/span><\/div>\n<div><span style=\"font-size: 14pt; font-family: 'times new roman', times, serif;\">Capacit\u00e9 : 16x15ml<\/span><\/div>\n<div><span style=\"font-size: 14pt; font-family: 'times new roman', times, serif;\">Vitesse maximale : 5\u00a0000 tr\/min<\/span><\/div>\n<div><span style=\"font-size: 14pt; font-family: 'times new roman', times, serif;\">FCR maximale\u00a0: 4\u00a0620\u00a0x\u00a0g<\/span><\/div>\n<div><span style=\"font-size: 14pt; font-family: 'times new roman', times, serif;\">Taille du tube : 17 x 121 mm<\/span><\/div>\n<div><span style=\"font-size: 14pt; font-family: 'times new roman', times, serif;\">Possibilit\u00e9 de choisir des adaptateurs pour les tubes de sang<\/span><\/div>\n<\/td>\n<td style=\"width: 33.3333%;\">\n<div><span style=\"font-family: 'times new roman', times, serif; font-size: 14pt;\">Rotor : Rotor pivotant<\/span><\/div>\n<div><span style=\"font-family: 'times new roman', times, serif; font-size: 14pt;\">Capacit\u00e9 : 8x15ml<\/span><\/div>\n<div><span style=\"font-family: 'times new roman', times, serif; font-size: 14pt;\">Vitesse maximale : 5\u00a0000 tr\/min<\/span><\/div>\n<div><span style=\"font-family: 'times new roman', times, serif; font-size: 14pt;\">FCR maximale\u00a0: 4\u00a0620\u00a0x\u00a0g<\/span><\/div>\n<div><span style=\"font-family: 'times new roman', times, serif; font-size: 14pt;\">Taille du tube : 17 x 121 mm<\/span><\/div>\n<\/td>\n<td style=\"width: 33.3333%;\">\n<div><span style=\"font-size: 14pt;\">Rotor : Rotor pivotant<\/span><\/div>\n<div><span style=\"font-size: 14pt;\">Capacit\u00e9 : 4x50ml<\/span><\/div>\n<div><span style=\"font-size: 14pt;\">Vitesse maximale : 4\u00a0000 tr\/min<\/span><\/div>\n<div><span style=\"font-size: 14pt;\">FCR maximale\u00a0: 2\u00a0976\u00a0g<\/span><\/div>\n<div><span style=\"font-size: 14pt;\">Taille du tube : 29 x 116 mm<\/span><\/div>\n<\/td>\n<\/tr>\n<\/tbody>\n<\/table>\n<p>&nbsp;<\/p>\n<h2><\/h2>\n<p>&nbsp;<\/p>","protected":false},"excerpt":{"rendered":"<p><span style=\"font-family: 'times new roman', times, serif; font-size: 14pt;\">La TD-500 est une centrifugeuse de laboratoire de paillasse \u00e0 basse vitesse, d&#039;une vitesse maximale de 5\u00a0000 tr\/min. Elle est compatible avec les rotors \u00e0 angle fixe et les rotors oscillants. Elle peut \u00eatre utilis\u00e9e en milieu m\u00e9dical ou clinique avec un rotor \u00e0 t\u00eate horizontale pour 24 tubes de sang de 7 ml. Elle peut \u00e9galement accueillir des tubes de 15 ml et 50 ml.<\/span><\/p>\n<ul>\n<li><span style=\"font-family: 'times new roman', times, serif; font-size: 14pt;\">Vitesse maximale\u00a0 \u00a0 \u00a0 \u00a0 \u00a0 \u00a0 \u00a0 \u00a0 \u00a0 \u00a0 \u00a0 \u00a0<span class=\"item-val\">5000 tr\/min<\/span><\/span><\/li>\n<li><span style=\"font-family: 'times new roman', times, serif; font-size: 14pt;\">FCR maximale\u00a0 \u00a0 \u00a0 \u00a0 \u00a0 \u00a0 \u00a0 \u00a0 \u00a0 \u00a0 \u00a0 \u00a0 \u00a0<span class=\"item-val\">4650xg<\/span><\/span><\/li>\n<li><span style=\"font-family: 'times new roman', times, serif; font-size: 14pt;\">Capacit\u00e9 maximale\u00a0 \u00a0 \u00a0 \u00a0 \u00a0 \u00a0 \u00a0 \u00a0 \u00a0 \u00a0<span class=\"item-val\">6x50ml<\/span><\/span><\/li>\n<li><span style=\"font-family: 'times new roman', times, serif; font-size: 14pt;\">Plage de minuterie\u00a0 \u00a0 \u00a0 \u00a0 \u00a0 \u00a0 \u00a0 \u00a0 \u00a0 \u00a0 \u00a0<span class=\"item-val\">1s \u00e0 99h59m59s<\/span><\/span><\/li>\n<li><span style=\"font-family: 'times new roman', times, serif; font-size: 14pt;\">Pr\u00e9cision de la vitesse\u00a0 \u00a0 \u00a0 \u00a0 \u00a0 \u00a0 \u00a0 \u00a0 <span class=\"item-val\">\u00b110 tr\/min<\/span><\/span><\/li>\n<li><span style=\"font-family: 'times new roman', times, serif; font-size: 14pt;\">Bruit\u00a0 \u00a0 \u00a0 \u00a0 \u00a0 \u00a0 \u00a0 \u00a0 \u00a0 \u00a0 \u00a0 \u00a0 \u00a0 \u00a0 \u00a0 \u00a0 <span class=\"item-val\">\u226460 dB(A)<\/span><\/span><\/li>\n<li><span style=\"font-family: 'times new roman', times, serif; font-size: 14pt;\">Consommation d&#039;\u00e9nergie\u00a0 \u00a0 \u00a0 \u00a0 \u00a0<span class=\"item-val\">500 W<\/span><\/span><\/li>\n<li><span style=\"font-family: 'times new roman', times, serif; font-size: 14pt;\">Dimension\u00a0 \u00a0 \u00a0 \u00a0 \u00a0 \u00a0 \u00a0 \u00a0 \u00a0 \u00a0 \u00a0 \u00a0<span class=\"item-val\">495x400x420mm<\/span><\/span><\/li>\n<li><span style=\"font-family: 'times new roman', times, serif; font-size: 14pt;\">Poids net\u00a0 \u00a0 \u00a0 \u00a0 \u00a0 \u00a0 \u00a0 \u00a0 \u00a0 \u00a0 \u00a0 \u00a0<span class=\"item-val\">27 kg<\/span><\/span><\/li>\n<\/ul>\n<p>&nbsp;<\/p>","protected":false},"featured_media":22777,"comment_status":"open","ping_status":"closed","template":"","meta":{"_acf_changed":false},"product_brand":[],"product_cat":[20,95,80,87],"product_tag":[],"class_list":{"0":"post-381","1":"product","2":"type-product","3":"status-publish","4":"has-post-thumbnail","6":"product_cat-all","7":"product_cat-benchtop-low-speed-centrifuge","8":"product_cat-centrifuge","9":"product_cat-low-speed-centrifuge","11":"first","12":"instock","13":"virtual","14":"product-type-simple"},"acf":[],"_links":{"self":[{"href":"https:\/\/lexamedlab.com\/fr\/wp-json\/wp\/v2\/product\/381","targetHints":{"allow":["GET"]}}],"collection":[{"href":"https:\/\/lexamedlab.com\/fr\/wp-json\/wp\/v2\/product"}],"about":[{"href":"https:\/\/lexamedlab.com\/fr\/wp-json\/wp\/v2\/types\/product"}],"replies":[{"embeddable":true,"href":"https:\/\/lexamedlab.com\/fr\/wp-json\/wp\/v2\/comments?post=381"}],"version-history":[{"count":43,"href":"https:\/\/lexamedlab.com\/fr\/wp-json\/wp\/v2\/product\/381\/revisions"}],"predecessor-version":[{"id":22779,"href":"https:\/\/lexamedlab.com\/fr\/wp-json\/wp\/v2\/product\/381\/revisions\/22779"}],"wp:featuredmedia":[{"embeddable":true,"href":"https:\/\/lexamedlab.com\/fr\/wp-json\/wp\/v2\/media\/22777"}],"wp:attachment":[{"href":"https:\/\/lexamedlab.com\/fr\/wp-json\/wp\/v2\/media?parent=381"}],"wp:term":[{"taxonomy":"product_brand","embeddable":true,"href":"https:\/\/lexamedlab.com\/fr\/wp-json\/wp\/v2\/product_brand?post=381"},{"taxonomy":"product_cat","embeddable":true,"href":"https:\/\/lexamedlab.com\/fr\/wp-json\/wp\/v2\/product_cat?post=381"},{"taxonomy":"product_tag","embeddable":true,"href":"https:\/\/lexamedlab.com\/fr\/wp-json\/wp\/v2\/product_tag?post=381"}],"curies":[{"name":"wp","href":"https:\/\/api.w.org\/{rel}","templated":true}]}}