{"id":22463,"date":"2025-05-22T05:49:32","date_gmt":"2025-05-22T05:49:32","guid":{"rendered":"https:\/\/lexamedlab.com\/?post_type=product&#038;p=22463"},"modified":"2025-05-27T15:11:36","modified_gmt":"2025-05-27T15:11:36","slug":"automatic-decap-blood-collection-tube-centrifuge-biosafety-type-dd-5g","status":"publish","type":"product","link":"https:\/\/lexamedlab.com\/nl\/product\/automatic-decap-blood-collection-tube-centrifuge-biosafety-type-dd-5g\/","title":{"rendered":"Automatische bloedafnamebuiscentrifuge met decap (biosafety type) DD-5G"},"content":{"rendered":"<p><strong><span style=\"font-family: 'times new roman', times, serif; font-size: 14pt;\">Functie\u00a0<\/span><\/strong><\/p>\n<p><span style=\"font-family: 'times new roman', times, serif; font-size: 14pt;\">1. Motor met variabele frequentie. Er zijn drie soorten motoren: borstelmotoren, borstelloze motoren en motoren met variabele frequentie. De laatste is de beste. Deze motor heeft een laag uitvalpercentage, is milieuvriendelijk, onderhoudsvrij en levert goede prestaties. Dankzij de goede prestaties is de snelheidsnauwkeurigheid tot \u00b110 tpm. <\/span><\/p>\n<p><span style=\"font-family: 'times new roman', times, serif; font-size: 14pt;\">2. LCD-touchscreen, parameters kunnen worden ingesteld door direct cijfers in te voeren. De weergave op het LCD-touchscreen is eenvoudig en duidelijk. Om parameters in te stellen, raakt u gewoon het scherm aan en voert u de cijfers in. <\/span><\/p>\n<p><span style=\"font-family: 'times new roman', times, serif; font-size: 14pt;\">3. Elektronisch deurslot Wanneer de centrifuge in werking is, moeten we ervoor zorgen dat de deur niet opengaat. We gebruiken een elektronisch deurslot om de veiligheid te garanderen.<\/span><\/p>\n<p><span style=\"font-family: 'times new roman', times, serif; font-size: 14pt;\"> 4. Volledig stalen behuizing en kamer van 304 roestvrij staal. Om een veilige werking te garanderen en de centrifuge sterk en duurzaam te maken, gebruiken we hoogwaardig staal en roestvrij staal van 304. <\/span><\/p>\n<p><span style=\"font-family: 'times new roman', times, serif; font-size: 14pt;\">5. 40 niveaus van acceleratie- en deceleratiesnelheid. Hoe werkt de functie? Stel bijvoorbeeld dat we de snelheid instellen op 5000 tpm en op de START-knop drukken. De centrifuge versnelt dan van 0 tpm naar 5000 tpm. Kunnen we de centrifuge van 0 tpm naar 5000 tpm laten versnellen of vertragen? Ja, deze centrifuge ondersteunt dit. <\/span><\/p>\n<p><span style=\"font-family: 'times new roman', times, serif; font-size: 14pt;\">6. Kan 12 programma&#039;s opslaan. Bij dagelijks gebruik moeten we mogelijk verschillende parameters instellen voor verschillende doeleinden voor toekomstig gebruik. Deze centrifuge kan 12 programma&#039;s opslaan. <\/span><\/p>\n<p><span style=\"font-family: 'times new roman', times, serif; font-size: 14pt;\">7. Centrifugeren en decaperen gebeurt in \u00e9\u00e9n keer. Deze functie voorkomt hermenging na scheiding van monsters. <\/span><\/p>\n<p><span style=\"font-family: 'times new roman', times, serif; font-size: 14pt;\">8. Zeer effici\u00ebnt filtratiesysteem. Het schadelijke gas dat tijdens het scheidingsproces ontstaat, wordt na het tijdig verwijderen van de dop eruit gefilterd. Dit voorkomt kruisbesmetting van monsters en vermindert het infectierisico voor operators. Daarom is de DD-TG een machine van het type Biosafety. <\/span><\/p>\n<p><span style=\"font-family: 'times new roman', times, serif; font-size: 14pt;\">9. Speciaal ontworpen voor vacu\u00fcmbloedafnamebuizen Geschikt voor vacu\u00fcmbloedafnamebuizen met verschillende capaciteiten. <\/span><\/p>\n<p><span style=\"font-family: 'times new roman', times, serif; font-size: 14pt;\">10. UV-sterilisatiefunctie en onafhankelijke schakelaarregeling (biosafety-type)<\/span><\/p>\n<p><span style=\"font-family: 'times new roman', times, serif; font-size: 18pt;\"><strong>rotoren\u00a0<\/strong><\/span><\/p>\n<table style=\"border-collapse: collapse; width: 100%;\">\n<tbody>\n<tr>\n<td style=\"width: 25%;\">Nr. 1 uitzwaairotor<\/td>\n<td style=\"width: 25%;\">Nr. 2 automatische decap-rotor<\/td>\n<td style=\"width: 25%;\">Nr. 3 automatische decap-rotor<\/td>\n<td style=\"width: 25%;\">Nr. 4 automatische decap-rotor<\/td>\n<\/tr>\n<tr>\n<td style=\"width: 25%;\"><img fetchpriority=\"high\" decoding=\"async\" class=\"alignnone size-full wp-image-22464\" src=\"https:\/\/lexamedlab.com\/wp-content\/uploads\/2025\/05\/4x250ml-with-wind-cover-scaled.png\" alt=\"\" width=\"2560\" height=\"1115\" \/><\/td>\n<td style=\"width: 25%;\"><img decoding=\"async\" class=\"alignnone  wp-image-22465\" src=\"https:\/\/lexamedlab.com\/wp-content\/uploads\/2025\/05\/80x7ml-\u8131\u5e3d-scaled.png\" alt=\"\" width=\"278\" height=\"234\" \/><\/td>\n<td style=\"width: 25%;\"><img decoding=\"async\" class=\"alignnone size-full wp-image-22466\" src=\"https:\/\/lexamedlab.com\/wp-content\/uploads\/2025\/05\/120x7\u8131\u76d6-scaled.png\" alt=\"\" width=\"2560\" height=\"2102\" \/><\/td>\n<td style=\"width: 25%;\"><img loading=\"lazy\" decoding=\"async\" class=\"alignnone size-full wp-image-22467\" src=\"https:\/\/lexamedlab.com\/wp-content\/uploads\/2025\/05\/140x7ml-scaled.png\" alt=\"\" width=\"2560\" height=\"2145\" \/><\/td>\n<\/tr>\n<tr>\n<td style=\"width: 25%;\">\n<div>Rotor: Rotor naar buiten zwenken<\/div>\n<div>Capaciteit: 4x250ml<\/div>\n<div>Maximale snelheid: 5000 tpm<\/div>\n<div>Maximale RCF: 5200xg<\/div>\n<\/td>\n<td style=\"width: 25%;\">\n<div>Rotor: Rotor naar buiten zwenken<\/div>\n<div>Capaciteit: 8\u00d72~7ml<\/div>\n<div>Maximale snelheid: 4000 tpm<\/div>\n<div>Maximale RCF: 3400xg<\/div>\n<\/td>\n<td style=\"width: 25%;\">\n<div>Rotor: Rotor naar buiten zwenken<\/div>\n<div>Capaciteit: 120 \u00d7 2 ~ 7 ml<\/div>\n<div>Maximale snelheid: 4000 tpm<\/div>\n<div>Maximale RCF: 3580xg<\/div>\n<\/td>\n<td style=\"width: 25%;\">\n<div>Rotor: Rotor naar buiten zwenken<\/div>\n<div>Capaciteit: 140 \u00d7 2 ~ 7 ml<\/div>\n<div>Maximale snelheid: 4000 tpm<\/div>\n<div>Maximale RCF: 3580xg<\/div>\n<\/td>\n<\/tr>\n<\/tbody>\n<\/table>\n<p>&nbsp;<\/p>","protected":false},"excerpt":{"rendered":"<p><span style=\"font-size: 14pt; font-family: 'times new roman', times, serif;\">De DD-5G is een automatische vacu\u00fcmbloedafnamecentrifuge van het type Biosafety en is geschikt voor vacu\u00fcmbloedafnamebuizen met verschillende capaciteiten. Centrifugeren en decaperen worden in \u00e9\u00e9n keer uitgevoerd om hermenging na scheiding van monsters te voorkomen. Het speciale, zeer effici\u00ebnte filtratiesysteem filtert de schadelijke gassen die tijdens het scheidingsproces vrijkomen na het tijdig verwijderen van de dop, voorkomt kruisbesmetting van monsters en vermindert het infectierisico voor operators. Daarom is de DD-TG een machine van het type Biosafety.<\/span><\/p>\n<ul>\n<li><span style=\"font-size: 14pt; font-family: 'times new roman', times, serif;\">Maximale snelheid\u00a0 \u00a0 \u00a0 \u00a0 \u00a0 \u00a0 \u00a0 \u00a0 \u00a0 \u00a0<span class=\"item-val\">5000 tpm<\/span><\/span><\/li>\n<li><span style=\"font-size: 14pt; font-family: 'times new roman', times, serif;\">Maximale RCF\u00a0 \u00a0 \u00a0 \u00a0 \u00a0 \u00a0 \u00a0 \u00a0 \u00a0 \u00a0 \u00a0<span class=\"item-val\">5200xg<\/span><\/span><\/li>\n<li><span style=\"font-size: 14pt; font-family: 'times new roman', times, serif;\">Maximale capaciteit\u00a0 \u00a0 \u00a0 \u00a0 \u00a0 \u00a0 \u00a0 \u00a0<span class=\"item-val\">4*800ml<\/span><\/span><\/li>\n<li><span style=\"font-size: 14pt; font-family: 'times new roman', times, serif;\">Timerbereik\u00a0 \u00a0 \u00a0 \u00a0 \u00a0 \u00a0 \u00a0 \u00a0 \u00a0<span class=\"item-val\">1s tot 99u59m59s<\/span><\/span><\/li>\n<li><span style=\"font-size: 14pt; font-family: 'times new roman', times, serif;\">Snelheidsnauwkeurigheid\u00a0 \u00a0 \u00a0 \u00a0 \u00a0 \u00a0 <span class=\"item-val\">\u00b110 tpm<\/span><\/span><\/li>\n<li><span style=\"font-size: 14pt; font-family: 'times new roman', times, serif;\">Lawaai\u00a0 \u00a0 \u00a0 \u00a0 \u00a0 \u00a0 \u00a0 \u00a0 \u00a0 \u00a0 \u00a0 \u00a0 \u00a0 \u00a0 <span class=\"item-val\">\u226460dB(A)<\/span><\/span><\/li>\n<li><span style=\"font-size: 14pt; font-family: 'times new roman', times, serif;\">Stroomverbruik\u00a0 \u00a0 \u00a0<span class=\"item-val\">1,1 kW<\/span><\/span><\/li>\n<li><span style=\"font-size: 14pt; font-family: 'times new roman', times, serif;\">Dimensie\u00a0 \u00a0 \u00a0 \u00a0 \u00a0 \u00a0 \u00a0 \u00a0 \u00a0 \u00a0<span class=\"item-val\">680x620x840mm<\/span><\/span><\/li>\n<li><span style=\"font-size: 14pt; font-family: 'times new roman', times, serif;\">Nettogewicht\u00a0 \u00a0 \u00a0 \u00a0 \u00a0 \u00a0 \u00a0 \u00a0 \u00a0 \u00a0<span class=\"item-val\">145 kg<\/span><\/span><\/li>\n<\/ul>\n<p>&nbsp;<\/p>","protected":false},"featured_media":22469,"comment_status":"open","ping_status":"closed","template":"","meta":{"_acf_changed":false},"product_brand":[],"product_cat":[20,80,97],"product_tag":[],"class_list":{"0":"post-22463","1":"product","2":"type-product","3":"status-publish","4":"has-post-thumbnail","6":"product_cat-all","7":"product_cat-centrifuge","8":"product_cat-special-purpose-centrifuge","10":"first","11":"instock","12":"shipping-taxable","13":"product-type-simple"},"acf":[],"_links":{"self":[{"href":"https:\/\/lexamedlab.com\/nl\/wp-json\/wp\/v2\/product\/22463","targetHints":{"allow":["GET"]}}],"collection":[{"href":"https:\/\/lexamedlab.com\/nl\/wp-json\/wp\/v2\/product"}],"about":[{"href":"https:\/\/lexamedlab.com\/nl\/wp-json\/wp\/v2\/types\/product"}],"replies":[{"embeddable":true,"href":"https:\/\/lexamedlab.com\/nl\/wp-json\/wp\/v2\/comments?post=22463"}],"version-history":[{"count":1,"href":"https:\/\/lexamedlab.com\/nl\/wp-json\/wp\/v2\/product\/22463\/revisions"}],"predecessor-version":[{"id":22472,"href":"https:\/\/lexamedlab.com\/nl\/wp-json\/wp\/v2\/product\/22463\/revisions\/22472"}],"wp:featuredmedia":[{"embeddable":true,"href":"https:\/\/lexamedlab.com\/nl\/wp-json\/wp\/v2\/media\/22469"}],"wp:attachment":[{"href":"https:\/\/lexamedlab.com\/nl\/wp-json\/wp\/v2\/media?parent=22463"}],"wp:term":[{"taxonomy":"product_brand","embeddable":true,"href":"https:\/\/lexamedlab.com\/nl\/wp-json\/wp\/v2\/product_brand?post=22463"},{"taxonomy":"product_cat","embeddable":true,"href":"https:\/\/lexamedlab.com\/nl\/wp-json\/wp\/v2\/product_cat?post=22463"},{"taxonomy":"product_tag","embeddable":true,"href":"https:\/\/lexamedlab.com\/nl\/wp-json\/wp\/v2\/product_tag?post=22463"}],"curies":[{"name":"wp","href":"https:\/\/api.w.org\/{rel}","templated":true}]}}