{"id":3,"date":"2025-05-07T15:05:01","date_gmt":"2025-05-07T15:05:01","guid":{"rendered":"https:\/\/lexamedlab.com\/?page_id=3"},"modified":"2025-05-10T08:06:39","modified_gmt":"2025-05-10T08:06:39","slug":"privacy-policy","status":"publish","type":"page","link":"https:\/\/lexamedlab.com\/pt\/privacy-policy\/","title":{"rendered":"pol\u00edtica de Privacidade"},"content":{"rendered":"<div data-elementor-type=\"wp-page\" data-elementor-id=\"3\" class=\"elementor elementor-3\" data-elementor-post-type=\"page\">\n\t\t\t\t<div class=\"wd-negative-gap elementor-element elementor-element-57f0b81d e-flex e-con-boxed e-con e-parent\" data-id=\"57f0b81d\" data-element_type=\"container\">\n\t\t\t\t\t<div class=\"e-con-inner\">\n\t\t\t\t<div class=\"elementor-element elementor-element-629844cd color-scheme-inherit text-left elementor-widget elementor-widget-text-editor\" data-id=\"629844cd\" data-element_type=\"widget\" data-widget_type=\"text-editor.default\">\n\t\t\t\t<div class=\"elementor-widget-container\">\n\t\t\t\t\t\t\t\t\t\n<p data-pm-slice=\"1 1 []\"><strong>Introdu\u00e7\u00e3o<\/strong> Na Lexamedlab, estamos comprometidos em proteger a sua privacidade. Esta Pol\u00edtica de Privacidade explica como coletamos, usamos, divulgamos e protegemos suas informa\u00e7\u00f5es quando voc\u00ea visita nosso site. <a>https:\/\/lexamedlab.com\/<\/a>.<\/p>\n<p><strong>Informa\u00e7\u00f5es que coletamos<\/strong><\/p>\n<ul data-spread=\"false\">\n<li>\n<p><strong>Informa\u00e7\u00f5es pessoais:<\/strong> Nome, endere\u00e7o de e-mail, n\u00famero de telefone e outros detalhes de contato fornecidos por voc\u00ea.<\/p>\n<\/li>\n<li>\n<p><strong>Informa\u00e7\u00f5es coletadas automaticamente:<\/strong> Endere\u00e7o IP, tipo de navegador, sistema operacional, hor\u00e1rios de acesso e p\u00e1ginas visualizadas.<\/p>\n<\/li>\n<li>\n<p><strong>Cookies e tecnologias de rastreamento:<\/strong> Usamos cookies para melhorar sua experi\u00eancia e analisar o uso do site.<\/p>\n<\/li>\n<\/ul>\n<p><strong>Como usamos suas informa\u00e7\u00f5es<\/strong><\/p>\n<ul data-spread=\"false\">\n<li>\n<p>Para fornecer, operar e manter nosso site.<\/p>\n<\/li>\n<li>\n<p>Para responder \u00e0s suas perguntas e fornecer suporte ao cliente.<\/p>\n<\/li>\n<li>\n<p>Para enviar comunica\u00e7\u00f5es de marketing e promocionais.<\/p>\n<\/li>\n<li>\n<p>Para cumprir obriga\u00e7\u00f5es legais.<\/p>\n<\/li>\n<\/ul>\n<p><strong>Compartilhando suas informa\u00e7\u00f5es<\/strong> N\u00e3o vendemos nem alugamos suas informa\u00e7\u00f5es pessoais a terceiros. Podemos compartilhar suas informa\u00e7\u00f5es com prestadores de servi\u00e7os que nos auxiliam nas opera\u00e7\u00f5es do site, com autoridades legais, conforme necess\u00e1rio, ou com outras entidades mediante o seu consentimento.<\/p>\n<p><strong>Seguran\u00e7a de Dados<\/strong> Implementamos medidas de seguran\u00e7a razo\u00e1veis para proteger suas informa\u00e7\u00f5es pessoais.<\/p>\n<p><strong>Seus direitos de prote\u00e7\u00e3o de dados<\/strong><\/p>\n<ul data-spread=\"false\">\n<li>\n<p>Acesse, atualize ou exclua suas informa\u00e7\u00f5es pessoais.<\/p>\n<\/li>\n<li>\n<p>Retirar o consentimento a qualquer momento em que dependermos do consentimento.<\/p>\n<\/li>\n<\/ul>\n<p><strong>Altera\u00e7\u00f5es a esta Pol\u00edtica de Privacidade<\/strong> Podemos atualizar esta Pol\u00edtica de Privacidade periodicamente. Notificaremos voc\u00ea sobre quaisquer altera\u00e7\u00f5es atualizando a data de &quot;\u00daltima Atualiza\u00e7\u00e3o&quot; desta pol\u00edtica.<\/p>\n<p><strong>Contate-nos<\/strong> Se voc\u00ea tiver alguma d\u00favida sobre esta Pol\u00edtica de Privacidade, entre em contato conosco em <a>support@lexamedlab.com<\/a>.<\/p>\t\t\t\t\t\t\t\t<\/div>\n\t\t\t\t<\/div>\n\t\t\t\t\t<\/div>\n\t\t\t\t<\/div>\n\t\t\t\t<\/div>","protected":false},"excerpt":{"rendered":"<p>Introdu\u00e7\u00e3o Na Lexamedlab, estamos comprometidos em proteger a sua privacidade. Esta Pol\u00edtica de Privacidade explica como coletamos, usamos, divulgamos e<\/p>","protected":false},"author":1,"featured_media":0,"parent":0,"menu_order":0,"comment_status":"closed","ping_status":"closed","template":"","meta":{"_acf_changed":false,"footnotes":""},"class_list":["post-3","page","type-page","status-publish","hentry"],"acf":[],"_links":{"self":[{"href":"https:\/\/lexamedlab.com\/pt\/wp-json\/wp\/v2\/pages\/3","targetHints":{"allow":["GET"]}}],"collection":[{"href":"https:\/\/lexamedlab.com\/pt\/wp-json\/wp\/v2\/pages"}],"about":[{"href":"https:\/\/lexamedlab.com\/pt\/wp-json\/wp\/v2\/types\/page"}],"author":[{"embeddable":true,"href":"https:\/\/lexamedlab.com\/pt\/wp-json\/wp\/v2\/users\/1"}],"replies":[{"embeddable":true,"href":"https:\/\/lexamedlab.com\/pt\/wp-json\/wp\/v2\/comments?post=3"}],"version-history":[{"count":4,"href":"https:\/\/lexamedlab.com\/pt\/wp-json\/wp\/v2\/pages\/3\/revisions"}],"predecessor-version":[{"id":21436,"href":"https:\/\/lexamedlab.com\/pt\/wp-json\/wp\/v2\/pages\/3\/revisions\/21436"}],"wp:attachment":[{"href":"https:\/\/lexamedlab.com\/pt\/wp-json\/wp\/v2\/media?parent=3"}],"curies":[{"name":"wp","href":"https:\/\/api.w.org\/{rel}","templated":true}]}}