{"id":21862,"date":"2025-05-16T16:20:53","date_gmt":"2025-05-16T16:20:53","guid":{"rendered":"https:\/\/lexamedlab.com\/?post_type=product&#038;p=21862"},"modified":"2025-05-27T15:11:37","modified_gmt":"2025-05-27T15:11:37","slug":"benchtop-low-speed-centrifuge-td-5z","status":"publish","type":"product","link":"https:\/\/lexamedlab.com\/pt\/product\/benchtop-low-speed-centrifuge-td-5z\/","title":{"rendered":"centr\u00edfuga de baixa velocidade de bancada TD-5Z"},"content":{"rendered":"<table style=\"width: 100%; border-collapse: collapse; background-color: #35a1cc;\">\n<tbody>\n<tr>\n<td style=\"width: 50%;\">\n<div><span style=\"color: #ffffff;\"><strong><span style=\"font-family: 'times new roman', times, serif; font-size: 18pt;\">Fun\u00e7\u00e3o amig\u00e1vel ao usu\u00e1rio\u00a0<\/span><\/strong><\/span><\/div>\n<div><span style=\"font-family: 'times new roman', times, serif; font-size: 14pt; color: #ffffff;\">&gt;at\u00e9 100 programas definidos pelo usu\u00e1rio<\/span><\/div>\n<div><span style=\"font-family: 'times new roman', times, serif; font-size: 14pt; color: #ffffff;\">&gt;at\u00e9 20 taxas de acelera\u00e7\u00e3o e desacelera\u00e7\u00e3o<\/span><\/div>\n<div><span style=\"font-family: 'times new roman', times, serif; font-size: 14pt; color: #ffffff;\">&gt;intervalo de tempo de at\u00e9 99h59m59s<\/span><\/div>\n<div><span style=\"font-family: 'times new roman', times, serif; font-size: 14pt; color: #ffffff;\">&gt; modo de centrifuga\u00e7\u00e3o multiest\u00e1gios de at\u00e9 5 est\u00e1gios dispon\u00edvel<\/span><\/div>\n<div><span style=\"font-family: 'times new roman', times, serif; font-size: 14pt; color: #ffffff;\">&gt;A tela LED mostra par\u00e2metros importantes<\/span><\/div>\n<div><span style=\"font-family: 'times new roman', times, serif; font-size: 14pt; color: #ffffff;\">&gt;RCF pode ser definido diretamente<\/span><\/div>\n<div><span style=\"font-family: 'times new roman', times, serif; font-size: 14pt; color: #ffffff;\">&gt; Teclado de toque \u00e0 prova d&#039;\u00e1gua, cada par\u00e2metro tem\u00a0<\/span><\/div>\n<div><span style=\"font-family: 'times new roman', times, serif; font-size: 14pt; color: #ffffff;\">\u00a0 \u00a0bot\u00e3o correspondente para definir<\/span><\/div>\n<div><span style=\"font-family: 'times new roman', times, serif; font-size: 14pt; color: #ffffff;\">&gt;O usu\u00e1rio pode redefinir os par\u00e2metros quando o rotor estiver girando<\/span><\/div>\n<\/td>\n<td style=\"width: 50%;\">\n<div>\n<div>\n<div><span style=\"font-size: 18pt;\"><strong><span style=\"color: #ffffff; font-family: 'times new roman', times, serif;\">Garantir a seguran\u00e7a<\/span><\/strong><\/span><\/div>\n<div><span style=\"color: #ffffff; font-size: 14pt; font-family: 'times new roman', times, serif;\">&gt;Controle de microprocessador<\/span><\/div>\n<div><span style=\"color: #ffffff; font-size: 14pt; font-family: 'times new roman', times, serif;\">&gt;Fechadura eletr\u00f4nica motorizada<\/span><\/div>\n<div><span style=\"color: #ffffff; font-size: 14pt; font-family: 'times new roman', times, serif;\">&gt;A porta n\u00e3o pode ser aberta quando o rotor est\u00e1 girando<\/span><\/div>\n<div><span style=\"color: #ffffff; font-size: 14pt; font-family: 'times new roman', times, serif;\">&gt; Dobradi\u00e7a a g\u00e1s para evitar que a porta caia<\/span><\/div>\n<div><span style=\"color: #ffffff; font-size: 14pt; font-family: 'times new roman', times, serif;\">&gt;Porta na porta para calibra\u00e7\u00e3o e verifica\u00e7\u00e3o de opera\u00e7\u00e3o<\/span><\/div>\n<div><span style=\"color: #ffffff; font-size: 14pt; font-family: 'times new roman', times, serif;\">&gt;Libera\u00e7\u00e3o de trava de porta de emerg\u00eancia<\/span><\/div>\n<\/div>\n<\/div>\n<\/td>\n<\/tr>\n<tr>\n<td style=\"width: 50%;\">\n<div><span style=\"font-size: 18pt;\"><strong><span style=\"font-family: 'times new roman', times, serif; color: #ffffff;\">Bons componentes\u00a0<\/span><\/strong><\/span><\/div>\n<div><span style=\"font-family: 'times new roman', times, serif; font-size: 14pt; color: #ffffff;\">&gt;Motor: Motor de frequ\u00eancia vari\u00e1vel.<\/span><\/div>\n<div><span style=\"font-family: 'times new roman', times, serif; font-size: 14pt; color: #ffffff;\">\u00a0 \u00a0 \u00a0 \u00a0 \u00a0 \u00a0 \u00a0 \u00a0 funcionamento est\u00e1vel, sem necessidade de manuten\u00e7\u00e3o, longa vida \u00fatil<\/span><\/div>\n<div><span style=\"font-family: 'times new roman', times, serif; font-size: 14pt; color: #ffffff;\">&gt;Carca\u00e7a: A\u00e7o espesso e forte<\/span><\/div>\n<div><span style=\"font-family: 'times new roman', times, serif; font-size: 14pt; color: #ffffff;\">&gt;C\u00e2mara: A\u00e7o inoxid\u00e1vel 304 de qualidade alimentar.<\/span><\/div>\n<div><span style=\"font-family: 'times new roman', times, serif; font-size: 14pt; color: #ffffff;\">\u00a0 \u00a0 \u00a0 \u00a0 \u00a0 \u00a0 \u00a0 \u00a0 anticorrosivo e f\u00e1cil de limpar<\/span><\/div>\n<div><span style=\"font-family: 'times new roman', times, serif; font-size: 14pt; color: #ffffff;\">&gt;Rotor: Rotor girat\u00f3rio de a\u00e7o inoxid\u00e1vel.<\/span><\/div>\n<div><span style=\"font-family: 'times new roman', times, serif; font-size: 14pt; color: #ffffff;\">&gt;Os rotores s\u00e3o autoclav\u00e1veis\u00a0<\/span><\/div>\n<\/td>\n<td style=\"width: 50%;\"><img fetchpriority=\"high\" decoding=\"async\" class=\"alignnone wp-image-21865\" src=\"https:\/\/lexamedlab.com\/wp-content\/uploads\/2025\/05\/control-panel-2.webp\" alt=\"\" width=\"391\" height=\"234\" \/><\/td>\n<\/tr>\n<\/tbody>\n<\/table>\n<blockquote><p><span style=\"font-family: 'times new roman', times, serif; font-size: 18pt;\"><strong>&gt;Rotores dispon\u00edveis\u00a0 \u00a0\u00a0<\/strong><\/span><\/p><\/blockquote>\n<table style=\"border-collapse: collapse; width: 100%;\">\n<tbody>\n<tr>\n<td style=\"width: 25%;\"><img decoding=\"async\" class=\"alignnone size-full wp-image-21868\" src=\"https:\/\/lexamedlab.com\/wp-content\/uploads\/2025\/05\/4x100ml-level-1.webp\" alt=\"\" width=\"1500\" height=\"1000\" \/><\/td>\n<td style=\"width: 25%;\"><img decoding=\"async\" class=\"alignnone size-full wp-image-21869\" src=\"https:\/\/lexamedlab.com\/wp-content\/uploads\/2025\/05\/4x50ml-1.webp\" alt=\"\" width=\"1500\" height=\"1000\" \/><\/td>\n<td style=\"width: 25%;\"><img loading=\"lazy\" decoding=\"async\" class=\"alignnone size-full wp-image-21870\" src=\"https:\/\/lexamedlab.com\/wp-content\/uploads\/2025\/05\/32x15ml.webp\" alt=\"\" width=\"1500\" height=\"1000\" \/><\/td>\n<td style=\"width: 25%;\"><img loading=\"lazy\" decoding=\"async\" class=\"alignnone size-full wp-image-21871\" src=\"https:\/\/lexamedlab.com\/wp-content\/uploads\/2025\/05\/24x15ml.webp\" alt=\"\" width=\"1500\" height=\"1000\" \/><\/td>\n<\/tr>\n<tr>\n<td style=\"width: 25%;\">\n<div><span style=\"font-size: 14pt; font-family: 'times new roman', times, serif;\">Rotor: Rotor girat\u00f3rio<\/span><\/div>\n<div><span style=\"font-size: 14pt; font-family: 'times new roman', times, serif;\">Capacidade: 4\u00d7100ml<\/span><\/div>\n<div><span style=\"font-size: 14pt; font-family: 'times new roman', times, serif;\">Velocidade m\u00e1xima: 5000 rpm<\/span><\/div>\n<div><span style=\"font-size: 14pt; font-family: 'times new roman', times, serif;\">RCF m\u00e1x.:4650\u00d7g<\/span><\/div>\n<div><span style=\"font-size: 14pt; font-family: 'times new roman', times, serif;\">Tamanho do tubo: \u03a638\u00d7114mm<\/span><\/div>\n<\/td>\n<td style=\"width: 25%;\">\n<div><span style=\"font-size: 14pt; font-family: 'times new roman', times, serif;\">Rotor: Rotor girat\u00f3rio<\/span><\/div>\n<div><span style=\"font-size: 14pt; font-family: 'times new roman', times, serif;\">Capacidade: 4x50ml<\/span><\/div>\n<div><span style=\"font-size: 14pt; font-family: 'times new roman', times, serif;\">Velocidade m\u00e1xima: 5000 rpm<\/span><\/div>\n<div><span style=\"font-size: 14pt; font-family: 'times new roman', times, serif;\">RCF m\u00e1x.:4650\u00d7g<\/span><\/div>\n<div><span style=\"font-size: 14pt; font-family: 'times new roman', times, serif;\">Tamanho do tubo: \u03a630\u00d7116mm<\/span><\/div>\n<\/td>\n<td style=\"width: 25%;\">\n<div><span style=\"font-size: 14pt; font-family: 'times new roman', times, serif;\">Rotor: Rotor girat\u00f3rio<\/span><\/div>\n<div><span style=\"font-size: 14pt; font-family: 'times new roman', times, serif;\">Capacidade: 32\u00d715ml<\/span><\/div>\n<div><span style=\"font-size: 14pt; font-family: 'times new roman', times, serif;\">Velocidade m\u00e1xima: 4000 rpm<\/span><\/div>\n<div><span style=\"font-size: 14pt; font-family: 'times new roman', times, serif;\">RCF m\u00e1x.:2980\u00d7g<\/span><\/div>\n<div><span style=\"font-size: 14pt; font-family: 'times new roman', times, serif;\">Tamanho do tubo: \u03a617\u00d7121mm<\/span><\/div>\n<div><span style=\"font-size: 14pt; font-family: 'times new roman', times, serif;\">Pode escolher adaptadores para tubos de sangue<\/span><\/div>\n<\/td>\n<td style=\"width: 25%;\">\n<div><span style=\"font-size: 14pt; font-family: 'times new roman', times, serif;\">Rotor: Rotor girat\u00f3rio<\/span><\/div>\n<div><span style=\"font-size: 14pt; font-family: 'times new roman', times, serif;\">Capacidade: 24\u00d715ml<\/span><\/div>\n<div><span style=\"font-size: 14pt; font-family: 'times new roman', times, serif;\">Velocidade m\u00e1xima: 4000 rpm<\/span><\/div>\n<div><span style=\"font-size: 14pt; font-family: 'times new roman', times, serif;\">RCF m\u00e1x.:2980\u00d7g<\/span><\/div>\n<div><span style=\"font-size: 14pt; font-family: 'times new roman', times, serif;\">Tamanho do tubo: \u03a617\u00d7121mm<\/span><\/div>\n<div><span style=\"font-size: 14pt; font-family: 'times new roman', times, serif;\">Pode escolher adaptadores para tubos de sangue<\/span><\/div>\n<\/td>\n<\/tr>\n<tr>\n<td style=\"width: 25%;\"><img loading=\"lazy\" decoding=\"async\" class=\"alignnone size-full wp-image-21872\" src=\"https:\/\/lexamedlab.com\/wp-content\/uploads\/2025\/05\/8x50ml-level-1.webp\" alt=\"\" width=\"1500\" height=\"1000\" \/><\/td>\n<td style=\"width: 25%;\"><img loading=\"lazy\" decoding=\"async\" class=\"alignnone size-full wp-image-21873\" src=\"https:\/\/lexamedlab.com\/wp-content\/uploads\/2025\/05\/8x100ml.webp\" alt=\"\" width=\"1500\" height=\"1000\" \/><\/td>\n<td style=\"width: 25%;\"><img loading=\"lazy\" decoding=\"async\" class=\"alignnone size-full wp-image-21874\" src=\"https:\/\/lexamedlab.com\/wp-content\/uploads\/2025\/05\/48x7ml.webp\" alt=\"\" width=\"1500\" height=\"1000\" \/><\/td>\n<td style=\"width: 25%;\"><img loading=\"lazy\" decoding=\"async\" class=\"alignnone size-full wp-image-21875\" src=\"https:\/\/lexamedlab.com\/wp-content\/uploads\/2025\/05\/2x3x96-new.webp\" alt=\"\" width=\"1500\" height=\"1000\" \/><\/td>\n<\/tr>\n<tr>\n<td style=\"width: 25%;\">\n<div><span style=\"font-family: 'times new roman', times, serif; font-size: 14pt;\">Rotor: Rotor girat\u00f3rio<\/span><\/div>\n<div><span style=\"font-family: 'times new roman', times, serif; font-size: 14pt;\">Capacidade: 8\u00d750ml<\/span><\/div>\n<div><span style=\"font-family: 'times new roman', times, serif; font-size: 14pt;\">Velocidade m\u00e1xima: 4000 rpm<\/span><\/div>\n<div><span style=\"font-family: 'times new roman', times, serif; font-size: 14pt;\">RCF m\u00e1x.:2980\u00d7g<\/span><\/div>\n<div><span style=\"font-family: 'times new roman', times, serif; font-size: 14pt;\">Tamanho do tubo: \u03a630\u00d7116mm<\/span><\/div>\n<\/td>\n<td style=\"width: 25%;\">\n<div><span style=\"font-family: 'times new roman', times, serif; font-size: 14pt;\">Rotor: Rotor girat\u00f3rio<\/span><\/div>\n<div><span style=\"font-family: 'times new roman', times, serif; font-size: 14pt;\">Capacidade: 8\u00d7100ml<\/span><\/div>\n<div><span style=\"font-family: 'times new roman', times, serif; font-size: 14pt;\">Velocidade m\u00e1xima: 4000 rpm<\/span><\/div>\n<div><span style=\"font-family: 'times new roman', times, serif; font-size: 14pt;\">RCF m\u00e1x.:2980\u00d7g<\/span><\/div>\n<div><span style=\"font-family: 'times new roman', times, serif; font-size: 14pt;\">Tamanho do tubo: \u03a638\u00d7114mm<\/span><\/div>\n<\/td>\n<td style=\"width: 25%;\">\n<div><span style=\"font-family: 'times new roman', times, serif; font-size: 14pt;\">Rotor: Rotor girat\u00f3rio<\/span><\/div>\n<div><span style=\"font-family: 'times new roman', times, serif; font-size: 14pt;\">Capacidade: 48\u00d72-7ml tubo de sangue<\/span><\/div>\n<div><span style=\"font-family: 'times new roman', times, serif; font-size: 14pt;\">Velocidade m\u00e1xima: 4000 rpm<\/span><\/div>\n<div><span style=\"font-family: 'times new roman', times, serif; font-size: 14pt;\">RCF m\u00e1x.:2980\u00d7g<\/span><\/div>\n<div><span style=\"font-family: 'times new roman', times, serif; font-size: 14pt;\">Tamanho do tubo: \u03a613\u00d775-100mm<\/span><\/div>\n<\/td>\n<td style=\"width: 25%;\">\n<div><span style=\"font-family: 'times new roman', times, serif; font-size: 14pt;\">Rotor: Rotor de microplacas<\/span><\/div>\n<div><span style=\"font-family: 'times new roman', times, serif; font-size: 14pt;\">Capacidade: placa de 2\u00d73\u00d796 po\u00e7os<\/span><\/div>\n<div><span style=\"font-family: 'times new roman', times, serif; font-size: 14pt;\">Velocidade m\u00e1xima: 4300 rpm<\/span><\/div>\n<div><span style=\"font-family: 'times new roman', times, serif; font-size: 14pt;\">RCF m\u00e1x.:2274\u00d7g<\/span><\/div>\n<div><span style=\"font-family: 'times new roman', times, serif; font-size: 14pt;\">m\u00e1x.: 128\u00d787\u00d760 mm<\/span><\/div>\n<\/td>\n<\/tr>\n<\/tbody>\n<\/table>","protected":false},"excerpt":{"rendered":"<div>\n<p><span style=\"font-family: 'times new roman', times, serif; font-size: 14pt;\">A TD-5Z \u00e9 uma centr\u00edfuga de bancada para aplica\u00e7\u00f5es gerais. Ela pode acomodar tubos de 15 ml, 50 ml e 100 ml. Para tubos de 15 ml, ela pode processar 32 tubos simultaneamente. A centr\u00edfuga possui um rotor basculante especialmente para 48 tubos de coleta de sangue a v\u00e1cuo de 13 mm. H\u00e1 tamb\u00e9m um rotor de microplacas para placas de 96 po\u00e7os.<\/span><\/p>\n<\/div>\n<ul>\n<li><span style=\"font-family: 'times new roman', times, serif; font-size: 14pt;\">Velocidade m\u00e1xima\u00a0 \u00a0 \u00a0 \u00a0 \u00a0 \u00a0 \u00a0 \u00a0 \u00a0 \u00a0<span class=\"item-val\">5000 rpm<\/span><\/span><\/li>\n<li><span style=\"font-family: 'times new roman', times, serif; font-size: 14pt;\">RCF m\u00e1x.\u00a0 \u00a0 \u00a0 \u00a0 \u00a0 \u00a0 \u00a0 \u00a0 \u00a0 \u00a0 <span class=\"item-val\">4650xg<\/span><\/span><\/li>\n<li><span style=\"font-family: 'times new roman', times, serif; font-size: 14pt;\">Capacidade m\u00e1xima\u00a0 \u00a0 \u00a0 \u00a0 \u00a0 \u00a0 \u00a0 <span class=\"item-val\">8x100ml<\/span><\/span><\/li>\n<li><span style=\"font-family: 'times new roman', times, serif; font-size: 14pt;\">Intervalo do temporizador\u00a0 \u00a0 \u00a0 \u00a0 \u00a0 \u00a0 \u00a0 \u00a0 <span class=\"item-val\">1s a 99h59m59s<\/span><\/span><\/li>\n<li><span style=\"font-family: 'times new roman', times, serif; font-size: 14pt;\">Precis\u00e3o de velocidade\u00a0 \u00a0 \u00a0 \u00a0 \u00a0 \u00a0<span class=\"item-val\">\u00b110rpm<\/span><\/span><\/li>\n<li><span style=\"font-family: 'times new roman', times, serif; font-size: 14pt;\">Barulho\u00a0 \u00a0 \u00a0 \u00a0 \u00a0 \u00a0 \u00a0 \u00a0 \u00a0 \u00a0 \u00a0 \u00a0 \u00a0 \u00a0<span class=\"item-val\">\u226460dB(A)<\/span><\/span><\/li>\n<li><span style=\"font-family: 'times new roman', times, serif; font-size: 14pt;\">Consumo de energia\u00a0 \u00a0 <span class=\"item-val\">500 W<\/span><\/span><\/li>\n<li><span style=\"font-family: 'times new roman', times, serif; font-size: 14pt;\">Dimens\u00e3o\u00a0 \u00a0 \u00a0 \u00a0 \u00a0 \u00a0 \u00a0 \u00a0 \u00a0 <span class=\"item-val\">550x430x350 mm<\/span><\/span><\/li>\n<li><span style=\"font-family: 'times new roman', times, serif; font-size: 14pt;\">Peso l\u00edquido\u00a0 \u00a0 \u00a0 \u00a0 \u00a0 \u00a0 \u00a0 \u00a0 \u00a0<span class=\"item-val\">39 kg<\/span><\/span><\/li>\n<\/ul>","protected":false},"featured_media":21863,"comment_status":"open","ping_status":"closed","template":"","meta":{"_acf_changed":false},"product_brand":[],"product_cat":[20,95,80,87],"product_tag":[],"class_list":{"0":"post-21862","1":"product","2":"type-product","3":"status-publish","4":"has-post-thumbnail","6":"product_cat-all","7":"product_cat-benchtop-low-speed-centrifuge","8":"product_cat-centrifuge","9":"product_cat-low-speed-centrifuge","11":"first","12":"instock","13":"shipping-taxable","14":"product-type-simple"},"acf":[],"_links":{"self":[{"href":"https:\/\/lexamedlab.com\/pt\/wp-json\/wp\/v2\/product\/21862","targetHints":{"allow":["GET"]}}],"collection":[{"href":"https:\/\/lexamedlab.com\/pt\/wp-json\/wp\/v2\/product"}],"about":[{"href":"https:\/\/lexamedlab.com\/pt\/wp-json\/wp\/v2\/types\/product"}],"replies":[{"embeddable":true,"href":"https:\/\/lexamedlab.com\/pt\/wp-json\/wp\/v2\/comments?post=21862"}],"version-history":[{"count":3,"href":"https:\/\/lexamedlab.com\/pt\/wp-json\/wp\/v2\/product\/21862\/revisions"}],"predecessor-version":[{"id":21956,"href":"https:\/\/lexamedlab.com\/pt\/wp-json\/wp\/v2\/product\/21862\/revisions\/21956"}],"wp:featuredmedia":[{"embeddable":true,"href":"https:\/\/lexamedlab.com\/pt\/wp-json\/wp\/v2\/media\/21863"}],"wp:attachment":[{"href":"https:\/\/lexamedlab.com\/pt\/wp-json\/wp\/v2\/media?parent=21862"}],"wp:term":[{"taxonomy":"product_brand","embeddable":true,"href":"https:\/\/lexamedlab.com\/pt\/wp-json\/wp\/v2\/product_brand?post=21862"},{"taxonomy":"product_cat","embeddable":true,"href":"https:\/\/lexamedlab.com\/pt\/wp-json\/wp\/v2\/product_cat?post=21862"},{"taxonomy":"product_tag","embeddable":true,"href":"https:\/\/lexamedlab.com\/pt\/wp-json\/wp\/v2\/product_tag?post=21862"}],"curies":[{"name":"wp","href":"https:\/\/api.w.org\/{rel}","templated":true}]}}