{"id":21878,"date":"2025-05-17T02:23:12","date_gmt":"2025-05-17T02:23:12","guid":{"rendered":"https:\/\/lexamedlab.com\/?post_type=product&#038;p=21878"},"modified":"2025-05-27T15:11:37","modified_gmt":"2025-05-27T15:11:37","slug":"benchtop-low-speed-centrifuge-td-5","status":"publish","type":"product","link":"https:\/\/lexamedlab.com\/pt\/product\/benchtop-low-speed-centrifuge-td-5\/","title":{"rendered":"Centr\u00edfuga de baixa velocidade de bancada TD-5"},"content":{"rendered":"<div class=\"layout\"><strong><span style=\"font-size: 18pt; font-family: 'times new roman', times, serif;\">&gt;&gt;Caracter\u00edsticas<\/span><\/strong><\/div>\n<div>\n<table style=\"width: 100%; border-collapse: collapse; background-color: #35a1cc;\">\n<tbody>\n<tr>\n<td style=\"width: 50%;\">\n<h1 class=\"item-title\"><span style=\"color: #ffffff;\">Fun\u00e7\u00f5es f\u00e1ceis de usar<\/span><\/h1>\n<div>\n<div><span style=\"color: #ffffff;\">&gt;at\u00e9 100 programas definidos pelo usu\u00e1rio<\/span><\/div>\n<div><span style=\"color: #ffffff;\">&gt;at\u00e9 20 taxas de acelera\u00e7\u00e3o e desacelera\u00e7\u00e3o<\/span><\/div>\n<div><span style=\"color: #ffffff;\">&gt;intervalo de tempo de at\u00e9 99h59m59s<\/span><\/div>\n<div><span style=\"color: #ffffff;\">&gt; modo de centrifuga\u00e7\u00e3o multiest\u00e1gios de at\u00e9 5 est\u00e1gios dispon\u00edvel<\/span><\/div>\n<div><span style=\"color: #ffffff;\">&gt;A tela LED mostra par\u00e2metros importantes<\/span><\/div>\n<div><span style=\"color: #ffffff;\">&gt;RCF pode ser definido diretamente<\/span><\/div>\n<div><span style=\"color: #ffffff;\">&gt; Teclado de toque \u00e0 prova d&#039;\u00e1gua, cada par\u00e2metro tem\u00a0<\/span><\/div>\n<div><span style=\"color: #ffffff;\">\u00a0 \u00a0bot\u00e3o correspondente para definir<\/span><\/div>\n<div><span style=\"color: #ffffff;\">&gt;O usu\u00e1rio pode redefinir os par\u00e2metros quando o rotor estiver girando<\/span><\/div>\n<\/div>\n<\/td>\n<td style=\"width: 50%;\">\n<h1 class=\"item-title\"><span style=\"color: #ffffff;\">Garantir a seguran\u00e7a<\/span><\/h1>\n<div>\n<div><span style=\"color: #ffffff;\">&gt;Controle de microprocessador<\/span><\/div>\n<div><span style=\"color: #ffffff;\">&gt;Fechadura eletr\u00f4nica motorizada<\/span><\/div>\n<div><span style=\"color: #ffffff;\">&gt;A porta n\u00e3o pode ser aberta quando o rotor est\u00e1 girando<\/span><\/div>\n<div><span style=\"color: #ffffff;\">&gt; Dobradi\u00e7a a g\u00e1s para evitar que a porta caia<\/span><\/div>\n<div><span style=\"color: #ffffff;\">&gt;Porta na porta para calibra\u00e7\u00e3o e verifica\u00e7\u00e3o de opera\u00e7\u00e3o<\/span><\/div>\n<div><span style=\"color: #ffffff;\">&gt;Libera\u00e7\u00e3o de trava de porta de emerg\u00eancia<\/span><\/div>\n<\/div>\n<\/td>\n<\/tr>\n<tr>\n<td style=\"width: 50%;\">\n<h1 class=\"item-title\"><span style=\"color: #ffffff;\">Bons componentes<\/span><\/h1>\n<div>\n<div><span style=\"color: #ffffff;\">&gt;Motor: Motor de frequ\u00eancia vari\u00e1vel.<\/span><\/div>\n<div><span style=\"color: #ffffff;\">\u00a0 \u00a0 \u00a0 \u00a0 \u00a0 \u00a0 \u00a0 \u00a0 funcionamento est\u00e1vel, sem necessidade de manuten\u00e7\u00e3o, longa vida \u00fatil<\/span><\/div>\n<div><span style=\"color: #ffffff;\">&gt;Carca\u00e7a: A\u00e7o espesso e forte<\/span><\/div>\n<div><span style=\"color: #ffffff;\">&gt;C\u00e2mara: A\u00e7o inoxid\u00e1vel 304 de qualidade alimentar.<\/span><\/div>\n<div><span style=\"color: #ffffff;\">\u00a0 \u00a0 \u00a0 \u00a0 \u00a0 \u00a0 \u00a0 \u00a0 anticorrosivo e f\u00e1cil de limpar<\/span><\/div>\n<div><span style=\"color: #ffffff;\">&gt;Rotor: Rotor girat\u00f3rio de a\u00e7o inoxid\u00e1vel.<\/span><\/div>\n<div><span style=\"color: #ffffff;\">&gt;Os rotores s\u00e3o autoclav\u00e1veis\u00a0<\/span><\/div>\n<\/div>\n<\/td>\n<td style=\"width: 50%;\"><img fetchpriority=\"high\" decoding=\"async\" class=\"alignnone wp-image-21880\" src=\"https:\/\/lexamedlab.com\/wp-content\/uploads\/2025\/05\/control-panel-2-1.webp\" alt=\"\" width=\"439\" height=\"263\" \/><\/td>\n<\/tr>\n<\/tbody>\n<\/table>\n<blockquote><p><span style=\"font-family: 'times new roman', times, serif; font-size: 18pt;\"><strong>&gt;Rotores dispon\u00edveis<\/strong><\/span><\/p><\/blockquote>\n<p><img decoding=\"async\" class=\"alignnone size-full wp-image-21881\" src=\"https:\/\/lexamedlab.com\/wp-content\/uploads\/2025\/05\/td-5z-1-scaled.webp\" alt=\"\" width=\"2560\" height=\"811\" \/><img decoding=\"async\" class=\"alignnone size-full wp-image-21882\" src=\"https:\/\/lexamedlab.com\/wp-content\/uploads\/2025\/05\/td-5z-2-scaled.webp\" alt=\"\" width=\"2560\" height=\"1673\" \/><\/p>\n<\/div>","protected":false},"excerpt":{"rendered":"<div>\n<p><span style=\"font-family: 'times new roman', times, serif; font-size: 14pt;\">O TD-5 pode ser equipado com v\u00e1rios rotores basculantes para tubos\/frascos de centr\u00edfuga de 15 ml a 250 ml, tubo de coleta de sangue de 13 mm e placa de 96 po\u00e7os. Uma m\u00e1quina com m\u00faltiplas fun\u00e7\u00f5es, capaz de atender <\/span><span style=\"font-family: 'times new roman', times, serif; font-size: 14pt;\">uma variedade de necessidades de centr\u00edfugas de baixa velocidade.<\/span><\/p>\n<\/div>\n<ul>\n<li><span style=\"font-family: 'times new roman', times, serif; font-size: 14pt;\">Velocidade m\u00e1xima\u00a0 \u00a0 \u00a0 \u00a0 \u00a0 \u00a0 \u00a0 \u00a0 \u00a0 \u00a0 \u00a0 <span class=\"item-val\">5000 rpm<\/span><\/span><\/li>\n<li><span style=\"font-family: 'times new roman', times, serif; font-size: 14pt;\">RCF m\u00e1x.\u00a0 \u00a0 \u00a0 \u00a0 \u00a0 \u00a0 \u00a0 \u00a0 \u00a0 \u00a0 \u00a0 \u00a0<span class=\"item-val\">4650xg<\/span><\/span><\/li>\n<li><span style=\"font-family: 'times new roman', times, serif; font-size: 14pt;\">Capacidade m\u00e1xima\u00a0 \u00a0 \u00a0 \u00a0 \u00a0 \u00a0 \u00a0 \u00a0 \u00a0<span class=\"item-val\">4x250ml<\/span><\/span><\/li>\n<li><span style=\"font-family: 'times new roman', times, serif; font-size: 14pt;\">Intervalo do temporizador\u00a0 \u00a0 \u00a0 \u00a0 \u00a0 \u00a0 \u00a0 \u00a0 \u00a0 \u00a0<span class=\"item-val\">1s a 99h59m59s<\/span><\/span><\/li>\n<li><span style=\"font-family: 'times new roman', times, serif; font-size: 14pt;\">Precis\u00e3o de velocidade\u00a0 \u00a0 \u00a0 \u00a0 \u00a0 \u00a0 \u00a0 <span class=\"item-val\">\u00b110rpm<\/span><\/span><\/li>\n<li><span style=\"font-family: 'times new roman', times, serif; font-size: 14pt;\">Barulho\u00a0 \u00a0 \u00a0 \u00a0 \u00a0 \u00a0 \u00a0 \u00a0 \u00a0 \u00a0 \u00a0 \u00a0 \u00a0 \u00a0 \u00a0<span class=\"item-val\">\u226460dB(A)<\/span><\/span><\/li>\n<li><span style=\"font-family: 'times new roman', times, serif; font-size: 14pt;\">Consumo de energia\u00a0 \u00a0 \u00a0 <span class=\"item-val\">500 W<\/span><\/span><\/li>\n<li><span style=\"font-family: 'times new roman', times, serif; font-size: 14pt;\">Dimens\u00e3o\u00a0 \u00a0 \u00a0 \u00a0 \u00a0 \u00a0 \u00a0 \u00a0 \u00a0 \u00a0 <span class=\"item-val\">550x430x350 mm<\/span><\/span><\/li>\n<li><span style=\"font-family: 'times new roman', times, serif; font-size: 14pt;\">Peso l\u00edquido\u00a0 \u00a0 \u00a0 \u00a0 \u00a0 \u00a0 \u00a0 \u00a0 \u00a0 \u00a0 <span class=\"item-val\">39 kg<\/span><\/span><\/li>\n<\/ul>","protected":false},"featured_media":21883,"comment_status":"open","ping_status":"closed","template":"","meta":{"_acf_changed":false},"product_brand":[],"product_cat":[20,95,80,87],"product_tag":[],"class_list":{"0":"post-21878","1":"product","2":"type-product","3":"status-publish","4":"has-post-thumbnail","6":"product_cat-all","7":"product_cat-benchtop-low-speed-centrifuge","8":"product_cat-centrifuge","9":"product_cat-low-speed-centrifuge","11":"first","12":"instock","13":"shipping-taxable","14":"product-type-simple"},"acf":[],"_links":{"self":[{"href":"https:\/\/lexamedlab.com\/pt\/wp-json\/wp\/v2\/product\/21878","targetHints":{"allow":["GET"]}}],"collection":[{"href":"https:\/\/lexamedlab.com\/pt\/wp-json\/wp\/v2\/product"}],"about":[{"href":"https:\/\/lexamedlab.com\/pt\/wp-json\/wp\/v2\/types\/product"}],"replies":[{"embeddable":true,"href":"https:\/\/lexamedlab.com\/pt\/wp-json\/wp\/v2\/comments?post=21878"}],"version-history":[{"count":2,"href":"https:\/\/lexamedlab.com\/pt\/wp-json\/wp\/v2\/product\/21878\/revisions"}],"predecessor-version":[{"id":21954,"href":"https:\/\/lexamedlab.com\/pt\/wp-json\/wp\/v2\/product\/21878\/revisions\/21954"}],"wp:featuredmedia":[{"embeddable":true,"href":"https:\/\/lexamedlab.com\/pt\/wp-json\/wp\/v2\/media\/21883"}],"wp:attachment":[{"href":"https:\/\/lexamedlab.com\/pt\/wp-json\/wp\/v2\/media?parent=21878"}],"wp:term":[{"taxonomy":"product_brand","embeddable":true,"href":"https:\/\/lexamedlab.com\/pt\/wp-json\/wp\/v2\/product_brand?post=21878"},{"taxonomy":"product_cat","embeddable":true,"href":"https:\/\/lexamedlab.com\/pt\/wp-json\/wp\/v2\/product_cat?post=21878"},{"taxonomy":"product_tag","embeddable":true,"href":"https:\/\/lexamedlab.com\/pt\/wp-json\/wp\/v2\/product_tag?post=21878"}],"curies":[{"name":"wp","href":"https:\/\/api.w.org\/{rel}","templated":true}]}}