{"id":21928,"date":"2025-05-19T02:05:29","date_gmt":"2025-05-19T02:05:29","guid":{"rendered":"https:\/\/lexamedlab.com\/?post_type=product&#038;p=21928"},"modified":"2025-05-27T15:11:37","modified_gmt":"2025-05-27T15:11:37","slug":"floor-standing-low-speed-large-capacity-centrifuge-dd-6000","status":"publish","type":"product","link":"https:\/\/lexamedlab.com\/pt\/product\/floor-standing-low-speed-large-capacity-centrifuge-dd-6000\/","title":{"rendered":"Centr\u00edfuga de alta capacidade e baixa velocidade de ch\u00e3o DD-6000"},"content":{"rendered":"<blockquote><p><span style=\"font-size: 18pt;\"><strong><span style=\"font-family: 'times new roman', times, serif;\">&gt;Caracter\u00edstica<\/span><\/strong><\/span><\/p><\/blockquote>\n<table style=\"width: 100%; border-collapse: collapse; background-color: #35a1cc; height: 34px;\">\n<tbody>\n<tr style=\"height: 24px;\">\n<td style=\"width: 50%; height: 24px;\"><span style=\"color: #ffffff;\"><strong><span style=\"font-family: 'times new roman', times, serif; font-size: 18pt;\">Fun\u00e7\u00f5es f\u00e1ceis de usar<\/span><\/strong><\/span><\/p>\n<div><span style=\"font-family: 'times new roman', times, serif; font-size: 14pt; color: #ffffff;\">&gt;at\u00e9 1000 programas definidos pelo usu\u00e1rio<\/span><\/div>\n<div><span style=\"font-family: 'times new roman', times, serif; font-size: 14pt; color: #ffffff;\">&gt;at\u00e9 100.000 hist\u00f3ricos de execu\u00e7\u00e3o<\/span><\/div>\n<div><span style=\"font-family: 'times new roman', times, serif; font-size: 14pt; color: #ffffff;\">&gt;at\u00e9 40 taxas de acelera\u00e7\u00e3o e desacelera\u00e7\u00e3o<\/span><\/div>\n<div><span style=\"font-family: 'times new roman', times, serif; font-size: 14pt; color: #ffffff;\">&gt; modo de centrifuga\u00e7\u00e3o multiest\u00e1gios de at\u00e9 7 est\u00e1gios dispon\u00edvel<\/span><\/div>\n<div><span style=\"font-family: 'times new roman', times, serif; font-size: 14pt; color: #ffffff;\">&gt;intervalo de tempo de at\u00e9 99h59m59s, incremento de 1s<\/span><\/div>\n<div><span style=\"font-family: 'times new roman', times, serif; font-size: 14pt; color: #ffffff;\">&gt;Suporta centrifuga\u00e7\u00e3o curta e cont\u00ednua<\/span><\/div>\n<\/td>\n<td style=\"width: 50%; height: 24px;\">\n<div><strong><span style=\"font-size: 18pt; font-family: 'times new roman', times, serif; color: #ffffff;\"><span style=\"font-family: 'times new roman', times, serif; color: #ffffff;\">\u00a0<\/span><\/span><\/strong><span style=\"font-size: 14pt; font-family: 'times new roman', times, serif; color: #ffffff;\"><strong><span style=\"font-size: 18pt;\"><span style=\"color: #ffffff;\"><span style=\"font-family: inherit;\">Tela sens\u00edvel ao toque LCD<\/span>\u00a0 \u00a0<\/span> \u00a0 \u00a0<\/span><\/strong> \u00a0 \u00a0 \u00a0 \u00a0 \u00a0 \u00a0 \u00a0 \u00a0 \u00a0 \u00a0 \u00a0 \u00a0 \u00a0 \u00a0 \u00a0 \u00a0 \u00a0 \u00a0 \u00a0 \u00a0 \u00a0 \u00a0 \u00a0 \u00a0 \u00a0 \u00a0 \u00a0 \u00a0 \u00a0 \u00a0 \u00a0 \u00a0 \u00a0 \u00a0 \u00a0 \u00a0 \u00a0 \u00a0 \u00a0 \u00a0 \u00a0 \u00a0 \u00a0 \u00a0 \u00a0 \u00a0 &gt;Simples e claro para mostrar todos os par\u00e2metros<\/span><\/div>\n<div><span style=\"font-size: 14pt; font-family: 'times new roman', times, serif; color: #ffffff;\">&gt;Tela sens\u00edvel ao toque, f\u00e1cil de definir par\u00e2metros<\/span><\/div>\n<div><span style=\"font-size: 14pt; font-family: 'times new roman', times, serif; color: #ffffff;\">&gt;RCF pode ser definido diretamente<\/span><\/div>\n<div><span style=\"font-size: 14pt; font-family: 'times new roman', times, serif; color: #ffffff;\">&gt;RPM e RCF convertidos automaticamente<\/span><\/div>\n<div><span style=\"font-size: 14pt; font-family: 'times new roman', times, serif; color: #ffffff;\">&gt;O usu\u00e1rio pode definir par\u00e2metros mesmo com luvas<\/span><\/div>\n<div><span style=\"font-size: 14pt; font-family: 'times new roman', times, serif; color: #ffffff;\">&gt;O usu\u00e1rio pode redefinir os par\u00e2metros quando o rotor estiver girando<br \/>\n<\/span><\/div>\n<\/td>\n<\/tr>\n<tr style=\"height: 24px;\">\n<td style=\"width: 50%; height: 10px;\">\n<h2><span style=\"font-size: 18pt; font-family: 'times new roman', times, serif; color: #ffffff;\"><strong>Garantir a seguran\u00e7a<\/strong><\/span><\/h2>\n<div>\n<div><span style=\"color: #ffffff; font-size: 14pt; font-family: 'times new roman', times, serif;\">&gt;Detec\u00e7\u00e3o de desequil\u00edbrio por girosc\u00f3pio de tr\u00eas eixos<\/span><\/div>\n<div><span style=\"color: #ffffff; font-size: 14pt; font-family: 'times new roman', times, serif;\">&gt;Fechadura eletr\u00f4nica motorizada<\/span><\/div>\n<div><span style=\"color: #ffffff; font-size: 14pt; font-family: 'times new roman', times, serif;\">&gt;A porta n\u00e3o pode ser aberta quando o rotor est\u00e1 girando<\/span><\/div>\n<div><span style=\"color: #ffffff; font-size: 14pt; font-family: 'times new roman', times, serif;\">&gt;Dobradi\u00e7as a g\u00e1s para evitar que a porta caia<\/span><\/div>\n<div><span style=\"color: #ffffff; font-size: 14pt; font-family: 'times new roman', times, serif;\">&gt;Porta na porta para calibra\u00e7\u00e3o e verifica\u00e7\u00e3o de opera\u00e7\u00e3o<\/span><\/div>\n<div><span style=\"color: #ffffff; font-size: 14pt; font-family: 'times new roman', times, serif;\">&gt;Libera\u00e7\u00e3o de trava de porta de emerg\u00eancia<\/span><\/div>\n<div><span style=\"color: #ffffff; font-size: 14pt; font-family: 'times new roman', times, serif;\">&gt;Senha para bloquear o dispositivo<\/span><\/div>\n<div><span style=\"color: #ffffff; font-size: 14pt; font-family: 'times new roman', times, serif;\">&gt;V\u00e1rias prote\u00e7\u00f5es para garantir uma centrifuga\u00e7\u00e3o segura<\/span><\/div>\n<div><span style=\"color: #ffffff; font-size: 14pt; font-family: 'times new roman', times, serif;\">&gt;Com manual de instru\u00e7\u00f5es eletr\u00f4nico nunca ser\u00e1 perdido<\/span><\/div>\n<\/div>\n<\/td>\n<td style=\"width: 50%; height: 10px;\"><span style=\"color: #ffffff;\"><strong><span style=\"font-size: 18pt; font-family: 'times new roman', times, serif;\">Bons componentes\u00a0<\/span><\/strong><\/span><\/p>\n<div><span style=\"font-family: 'times new roman', times, serif; font-size: 14pt; color: #ffffff;\">&gt;Motor: Motor de frequ\u00eancia vari\u00e1vel.<\/span><\/div>\n<div><span style=\"font-family: 'times new roman', times, serif; font-size: 14pt; color: #ffffff;\">\u00a0 \u00a0funcionamento est\u00e1vel, sem necessidade de manuten\u00e7\u00e3o, longa vida \u00fatil<\/span><\/div>\n<div><span style=\"font-family: 'times new roman', times, serif; font-size: 14pt; color: #ffffff;\">&gt;Carca\u00e7a: A\u00e7o espesso e forte<\/span><\/div>\n<div><span style=\"font-family: 'times new roman', times, serif; font-size: 14pt; color: #ffffff;\">&gt;C\u00e2mara: A\u00e7o inoxid\u00e1vel 304 de qualidade alimentar.<\/span><\/div>\n<div><span style=\"font-family: 'times new roman', times, serif; font-size: 14pt; color: #ffffff;\">\u00a0 \u00a0anticorrosivo e f\u00e1cil de limpar<\/span><\/div>\n<div><span style=\"font-family: 'times new roman', times, serif; font-size: 14pt; color: #ffffff;\">&gt;Rotor: Rotor de \u00e2ngulo fixo em liga de alum\u00ednio;<\/span><\/div>\n<div><span style=\"font-family: 'times new roman', times, serif; font-size: 14pt; color: #ffffff;\">\u00a0 \u00a0 \u00a0 \u00a0 \u00a0 \u00a0 \u00a0Rotor girat\u00f3rio de a\u00e7o\/a\u00e7o inoxid\u00e1vel.<\/span><\/div>\n<div><span style=\"font-family: 'times new roman', times, serif; font-size: 14pt; color: #ffffff;\">&gt;Os rotores s\u00e3o autoclav\u00e1veis\u00a0<\/span><\/div>\n<p><span style=\"color: #ffffff;\"><strong><span style=\"font-size: 18pt; font-family: 'times new roman', times, serif;\">\u00a0 \u00a0 \u00a0 \u00a0 \u00a0 \u00a0 \u00a0 \u00a0 \u00a0 \u00a0 \u00a0 \u00a0 \u00a0 \u00a0 \u00a0 \u00a0 \u00a0 \u00a0 \u00a0 \u00a0 \u00a0 \u00a0 \u00a0 \u00a0 \u00a0 \u00a0 \u00a0 \u00a0 \u00a0 \u00a0 \u00a0 \u00a0 \u00a0 <\/span><\/strong><\/span><\/td>\n<\/tr>\n<\/tbody>\n<\/table>\n<blockquote><p><span style=\"font-family: 'times new roman', times, serif; font-size: 18pt;\"><strong>&gt;Rotores dispon\u00edveis<\/strong><\/span><\/p><\/blockquote>\n<p><img fetchpriority=\"high\" decoding=\"async\" class=\"alignnone size-full wp-image-21934\" src=\"https:\/\/lexamedlab.com\/wp-content\/uploads\/2025\/05\/dd-4000-1-scaled.webp\" alt=\"\" width=\"2560\" height=\"1092\" \/> <img decoding=\"async\" class=\"alignnone size-medium wp-image-21935\" src=\"https:\/\/lexamedlab.com\/wp-content\/uploads\/2025\/05\/dd-4000-2-scaled.webp\" alt=\"\" width=\"2560\" height=\"1073\" \/><img decoding=\"async\" class=\"alignnone size-full wp-image-21936\" src=\"https:\/\/lexamedlab.com\/wp-content\/uploads\/2025\/05\/dd-4000-3-scaled.webp\" alt=\"\" width=\"2560\" height=\"1122\" \/><\/p>","protected":false},"excerpt":{"rendered":"<div><span style=\"font-family: 'times new roman', times, serif; font-size: 14pt;\">A DD-6000 \u00e9 uma centr\u00edfuga de piso, de baixa velocidade e grande capacidade. Ela pode ser equipada com rotores de oscila\u00e7\u00e3o vari\u00e1vel para diferentes tubos, com capacidade m\u00e1xima de 4 x 800 ml.<\/span><\/div>\n<ul>\n<li><span style=\"font-family: 'times new roman', times, serif; font-size: 14pt;\">Velocidade m\u00e1xima\u00a0 \u00a0 \u00a0 \u00a0 \u00a0 \u00a0 \u00a0 \u00a0<span class=\"item-val\">6000 rpm<\/span><\/span><\/li>\n<li><span style=\"font-family: 'times new roman', times, serif; font-size: 14pt;\">RCF m\u00e1x.\u00a0 \u00a0 \u00a0 \u00a0 \u00a0 \u00a0 \u00a0 \u00a0 \u00a0<span class=\"item-val\">5201Xg<\/span><\/span><\/li>\n<li><span style=\"font-family: 'times new roman', times, serif; font-size: 14pt;\">Capacidade M\u00e1xima\u00a0 \u00a0 \u00a0 \u00a0 \u00a0 \u00a0<span class=\"item-val\">4*800ml (400rpm)<\/span><\/span><\/li>\n<li><span style=\"font-family: 'times new roman', times, serif; font-size: 14pt;\">Motor<span class=\"item-val\">Motor de frequ\u00eancia vari\u00e1vel<\/span><\/span><\/li>\n<li><span style=\"font-family: 'times new roman', times, serif; font-size: 14pt;\">Precis\u00e3o de velocidade\u00a0 \u00a0 \u00a0 \u00a0 <span class=\"item-val\">\u00b110rpm<\/span><\/span><\/li>\n<li><span style=\"font-family: 'times new roman', times, serif; font-size: 14pt;\">Peso\u00a0 \u00a0 \u00a0 \u00a0 \u00a0 \u00a0 \u00a0 \u00a0 \u00a0 \u00a0 \u00a0 <span class=\"item-val\">120 kg<\/span><\/span><\/li>\n<\/ul>","protected":false},"featured_media":21930,"comment_status":"open","ping_status":"closed","template":"","meta":{"_acf_changed":false},"product_brand":[],"product_cat":[20,80,96,87],"product_tag":[],"class_list":{"0":"post-21928","1":"product","2":"type-product","3":"status-publish","4":"has-post-thumbnail","6":"product_cat-all","7":"product_cat-centrifuge","8":"product_cat-floorstanding-low-speed-centrifuge","9":"product_cat-low-speed-centrifuge","11":"first","12":"instock","13":"shipping-taxable","14":"product-type-simple"},"acf":[],"_links":{"self":[{"href":"https:\/\/lexamedlab.com\/pt\/wp-json\/wp\/v2\/product\/21928","targetHints":{"allow":["GET"]}}],"collection":[{"href":"https:\/\/lexamedlab.com\/pt\/wp-json\/wp\/v2\/product"}],"about":[{"href":"https:\/\/lexamedlab.com\/pt\/wp-json\/wp\/v2\/types\/product"}],"replies":[{"embeddable":true,"href":"https:\/\/lexamedlab.com\/pt\/wp-json\/wp\/v2\/comments?post=21928"}],"version-history":[{"count":1,"href":"https:\/\/lexamedlab.com\/pt\/wp-json\/wp\/v2\/product\/21928\/revisions"}],"predecessor-version":[{"id":21937,"href":"https:\/\/lexamedlab.com\/pt\/wp-json\/wp\/v2\/product\/21928\/revisions\/21937"}],"wp:featuredmedia":[{"embeddable":true,"href":"https:\/\/lexamedlab.com\/pt\/wp-json\/wp\/v2\/media\/21930"}],"wp:attachment":[{"href":"https:\/\/lexamedlab.com\/pt\/wp-json\/wp\/v2\/media?parent=21928"}],"wp:term":[{"taxonomy":"product_brand","embeddable":true,"href":"https:\/\/lexamedlab.com\/pt\/wp-json\/wp\/v2\/product_brand?post=21928"},{"taxonomy":"product_cat","embeddable":true,"href":"https:\/\/lexamedlab.com\/pt\/wp-json\/wp\/v2\/product_cat?post=21928"},{"taxonomy":"product_tag","embeddable":true,"href":"https:\/\/lexamedlab.com\/pt\/wp-json\/wp\/v2\/product_tag?post=21928"}],"curies":[{"name":"wp","href":"https:\/\/api.w.org\/{rel}","templated":true}]}}