{"id":22004,"date":"2025-05-19T11:06:58","date_gmt":"2025-05-19T11:06:58","guid":{"rendered":"https:\/\/lexamedlab.com\/?post_type=product&#038;p=22004"},"modified":"2025-05-29T03:28:27","modified_gmt":"2025-05-29T03:28:27","slug":"benchtop-high-speed-centrifuge-tg-18","status":"publish","type":"product","link":"https:\/\/lexamedlab.com\/pt\/product\/benchtop-high-speed-centrifuge-tg-18\/","title":{"rendered":"Centr\u00edfuga de alta velocidade de bancada TG-18"},"content":{"rendered":"<div style=\"width: 1280px;\" class=\"wp-video\"><!--[if lt IE 9]><script>document.createElement('video');<\/script><![endif]-->\n<video class=\"wp-video-shortcode\" id=\"video-22004-1\" width=\"1280\" height=\"720\" preload=\"metadata\" controls=\"controls\"><source type=\"video\/mp4\" src=\"https:\/\/lexamedlab.com\/wp-content\/uploads\/2025\/05\/8027e336-5b81-4746-8987-2e35c6445db5-h264-hd.mp4?_=1\" \/><a href=\"https:\/\/lexamedlab.com\/wp-content\/uploads\/2025\/05\/8027e336-5b81-4746-8987-2e35c6445db5-h264-hd.mp4\">https:\/\/lexamedlab.com\/wp-content\/uploads\/2025\/05\/8027e336-5b81-4746-8987-2e35c6445db5-h264-hd.mp4<\/a><\/video><\/div>\n<blockquote><p><strong><span style=\"font-family: 'times new roman', times, serif; font-size: 18pt;\">&gt;Caracter\u00edsticas<\/span><\/strong><\/p><\/blockquote>\n<table style=\"width: 100%; border-collapse: collapse; background-color: #35a1cc; height: 48px;\">\n<tbody>\n<tr style=\"height: 24px;\">\n<td style=\"width: 50%; height: 24px;\">\n<div><span style=\"font-size: 18pt;\"><strong><span style=\"font-family: 'times new roman', times, serif; color: #ffffff;\">Fun\u00e7\u00e3o amig\u00e1vel ao usu\u00e1rio\u00a0<\/span><\/strong><\/span><\/div>\n<div><span style=\"font-family: 'times new roman', times, serif; font-size: 14pt; color: #ffffff;\">&gt;at\u00e9 1000 programas definidos pelo usu\u00e1rio<\/span><\/div>\n<div><span style=\"font-family: 'times new roman', times, serif; font-size: 14pt; color: #ffffff;\">&gt;at\u00e9 1000 hist\u00f3ricos de execu\u00e7\u00e3o, podem ser exportados via USB<\/span><\/div>\n<div><span style=\"font-family: 'times new roman', times, serif; font-size: 14pt; color: #ffffff;\">&gt;at\u00e9 40 taxas de acelera\u00e7\u00e3o e desacelera\u00e7\u00e3o<\/span><\/div>\n<div><span style=\"font-family: 'times new roman', times, serif; font-size: 14pt; color: #ffffff;\">&gt; modo de centrifuga\u00e7\u00e3o multiest\u00e1gios de at\u00e9 5 est\u00e1gios dispon\u00edvel<\/span><\/div>\n<div><span style=\"font-family: 'times new roman', times, serif; font-size: 14pt; color: #ffffff;\">&gt;intervalo de tempo de at\u00e9 99h59m59s, incremento de 1s<\/span><\/div>\n<\/td>\n<td style=\"width: 50%; height: 24px;\">\n<div><span style=\"font-size: 18pt;\"><strong><span style=\"font-family: 'times new roman', times, serif; color: #ffffff;\">Tela sens\u00edvel ao toque LCD\u00a0<\/span><\/strong><\/span><\/div>\n<div><span style=\"font-size: 14pt; font-family: 'times new roman', times, serif; color: #ffffff;\">&gt;Simples e claro para mostrar todos os par\u00e2metros<\/span><\/div>\n<div><span style=\"font-size: 14pt; font-family: 'times new roman', times, serif; color: #ffffff;\">&gt;Tela sens\u00edvel ao toque, f\u00e1cil de definir par\u00e2metros<\/span><\/div>\n<div><span style=\"font-size: 14pt; font-family: 'times new roman', times, serif; color: #ffffff;\">&gt;RCF pode ser definido diretamente<\/span><\/div>\n<div><span style=\"font-size: 14pt; font-family: 'times new roman', times, serif; color: #ffffff;\">&gt;RPM e RCF convertidos automaticamente<\/span><\/div>\n<div><span style=\"font-size: 14pt; font-family: 'times new roman', times, serif; color: #ffffff;\">&gt;O usu\u00e1rio pode definir par\u00e2metros mesmo com luvas<\/span><\/div>\n<div><span style=\"font-size: 14pt; font-family: 'times new roman', times, serif; color: #ffffff;\">&gt;O usu\u00e1rio pode redefinir os par\u00e2metros quando o rotor estiver girando<\/span><\/div>\n<\/td>\n<\/tr>\n<tr style=\"height: 24px;\">\n<td style=\"width: 50%; height: 24px;\">\n<div><strong><span style=\"font-family: 'times new roman', times, serif; font-size: 18pt; color: #ffffff;\">Garantir a seguran\u00e7a\u00a0<\/span><\/strong><\/div>\n<div><span style=\"font-family: 'times new roman', times, serif; font-size: 14pt; color: #ffffff;\">&gt;Reconhecimento autom\u00e1tico do rotor para evitar excesso de velocidade<\/span><\/div>\n<div><span style=\"font-family: 'times new roman', times, serif; font-size: 14pt; color: #ffffff;\">&gt;Detec\u00e7\u00e3o de desequil\u00edbrio por girosc\u00f3pio de tr\u00eas eixos<\/span><\/div>\n<div><span style=\"font-family: 'times new roman', times, serif; font-size: 14pt; color: #ffffff;\">&gt;Fechadura eletr\u00f4nica motorizada<\/span><\/div>\n<div><span style=\"font-family: 'times new roman', times, serif; font-size: 14pt; color: #ffffff;\">&gt;A porta n\u00e3o pode ser aberta quando o rotor est\u00e1 girando<\/span><\/div>\n<div><span style=\"font-family: 'times new roman', times, serif; font-size: 14pt; color: #ffffff;\">&gt; Dobradi\u00e7a a g\u00e1s para evitar que a porta caia<\/span><\/div>\n<div><span style=\"font-family: 'times new roman', times, serif; font-size: 14pt; color: #ffffff;\">&gt;Porta na porta para calibra\u00e7\u00e3o e verifica\u00e7\u00e3o de opera\u00e7\u00e3o<\/span><\/div>\n<div><span style=\"font-family: 'times new roman', times, serif; font-size: 14pt; color: #ffffff;\">&gt;Libera\u00e7\u00e3o de trava de porta de emerg\u00eancia<\/span><\/div>\n<div><span style=\"font-family: 'times new roman', times, serif; font-size: 14pt; color: #ffffff;\">&gt;Senha para bloquear o dispositivo<\/span><\/div>\n<\/td>\n<td style=\"width: 50%; height: 24px;\">\n<div><strong><span style=\"color: #ffffff; font-size: 18pt; font-family: 'times new roman', times, serif;\">Bons componentes\u00a0<\/span><\/strong><\/div>\n<div><span style=\"color: #ffffff; font-size: 14pt; font-family: 'times new roman', times, serif;\">&gt;Motor: Motor de frequ\u00eancia vari\u00e1vel.<\/span><\/div>\n<div><span style=\"color: #ffffff; font-size: 14pt; font-family: 'times new roman', times, serif;\">\u00a0 \u00a0funcionamento est\u00e1vel, sem necessidade de manuten\u00e7\u00e3o, longa vida \u00fatil<\/span><\/div>\n<div><span style=\"color: #ffffff; font-size: 14pt; font-family: 'times new roman', times, serif;\">&gt;Carca\u00e7a: A\u00e7o espesso e forte<\/span><\/div>\n<div><span style=\"color: #ffffff; font-size: 14pt; font-family: 'times new roman', times, serif;\">&gt;C\u00e2mara: a\u00e7o inoxid\u00e1vel 304 com revestimento de teflon.<\/span><\/div>\n<div><span style=\"color: #ffffff; font-size: 14pt; font-family: 'times new roman', times, serif;\">\u00a0 \u00a0anticorrosivo e f\u00e1cil de limpar<\/span><\/div>\n<div><span style=\"color: #ffffff; font-size: 14pt; font-family: 'times new roman', times, serif;\">&gt;Rotor: Rotor de \u00e2ngulo fixo em liga de alum\u00ednio;<\/span><\/div>\n<div><span style=\"color: #ffffff; font-size: 14pt; font-family: 'times new roman', times, serif;\">\u00a0 \u00a0 \u00a0 \u00a0 \u00a0 \u00a0 \u00a0Rotor girat\u00f3rio de a\u00e7o.<\/span><\/div>\n<div><span style=\"color: #ffffff; font-size: 14pt; font-family: 'times new roman', times, serif;\">&gt;Os rotores s\u00e3o autoclav\u00e1veis\u00a0<\/span><\/div>\n<\/td>\n<\/tr>\n<\/tbody>\n<\/table>\n<blockquote><p><strong><span style=\"font-family: 'times new roman', times, serif; font-size: 18pt;\">&gt;Rotores dispon\u00edveis<\/span><\/strong><\/p><\/blockquote>\n<table style=\"border-collapse: collapse; width: 100%;\">\n<tbody>\n<tr>\n<td style=\"width: 20%;\"><img fetchpriority=\"high\" decoding=\"async\" class=\"alignnone size-full wp-image-22005\" src=\"https:\/\/lexamedlab.com\/wp-content\/uploads\/2025\/05\/12x1-5ml-2.webp\" alt=\"\" width=\"1500\" height=\"1000\" \/><\/td>\n<td style=\"width: 20%;\"><img decoding=\"async\" class=\"alignnone size-full wp-image-22006\" src=\"https:\/\/lexamedlab.com\/wp-content\/uploads\/2025\/05\/12x5ml-1.webp\" alt=\"\" width=\"1500\" height=\"1000\" \/><\/td>\n<td style=\"width: 20%;\"><img decoding=\"async\" class=\"alignnone size-full wp-image-22008\" src=\"https:\/\/lexamedlab.com\/wp-content\/uploads\/2025\/05\/24x1-5ml-1-2.webp\" alt=\"\" width=\"1500\" height=\"1000\" \/><\/td>\n<td style=\"width: 20%;\"><img loading=\"lazy\" decoding=\"async\" class=\"alignnone size-full wp-image-22007\" src=\"https:\/\/lexamedlab.com\/wp-content\/uploads\/2025\/05\/24x1-5ml-metal-cap-1.webp\" alt=\"\" width=\"1500\" height=\"1000\" \/><\/td>\n<td style=\"width: 20%;\"><img loading=\"lazy\" decoding=\"async\" class=\"alignnone size-full wp-image-22009\" src=\"https:\/\/lexamedlab.com\/wp-content\/uploads\/2025\/05\/12x10ml-2.webp\" alt=\"\" width=\"1500\" height=\"1000\" \/><\/td>\n<\/tr>\n<tr>\n<td style=\"width: 20%;\">\n<div>Rotor: Rotor de \u00e2ngulo fixo<\/div>\n<div>Capacidade: 12\u00d71,5\/2,2ml<\/div>\n<div>Velocidade m\u00e1xima: 18000rpm<\/div>\n<div>RCF m\u00e1x.:22675xg<\/div>\n<div>Tamanho do tubo: \u03a611x42mm<\/div>\n<\/td>\n<td style=\"width: 20%;\">\n<div>Rotor: Rotor de \u00e2ngulo fixo<\/div>\n<div>Capacidade: 12x5ml<\/div>\n<div>Velocidade m\u00e1xima: 15000rpm<\/div>\n<div>RCF m\u00e1x.:18287\u00d7g<\/div>\n<div>Tamanho do tubo: \u03a614x54mm<\/div>\n<\/td>\n<td style=\"width: 20%;\">\n<div>Rotor: Rotor de \u00e2ngulo fixo<\/div>\n<div>Capacidade: 24\u00d71,5\/2,2ml<\/div>\n<div>Velocidade m\u00e1xima: 16000rpm<\/div>\n<div>RCF m\u00e1x.:24814\u00d7g<\/div>\n<div>Tamanho do tubo: \u03a611x42mm<\/div>\n<\/td>\n<td style=\"width: 20%;\">\n<div>Rotor: Rotor de \u00e2ngulo fixo<\/div>\n<div>\u00a0 \u00a0 \u00a0 \u00a0 \u00a0 \u00a0 (\u00e0 prova de aerossol)<\/div>\n<div>Capacidade: 24\u00d71,5\/2,2ml<\/div>\n<div>Velocidade m\u00e1xima: 16000rpm<\/div>\n<div>RCF m\u00e1x.:24814\u00d7g<\/div>\n<div>Tamanho do tubo: \u03a611x42mm<\/div>\n<\/td>\n<td style=\"width: 20%;\">\n<div>Rotor: Rotor de \u00e2ngulo fixo<\/div>\n<div>Capacidade: 12\u00d710ml<\/div>\n<div>Velocidade m\u00e1xima: 13000rpm<\/div>\n<div>RCF m\u00e1x.:15625\u00d7g<\/div>\n<div>Tamanho do tubo: \u03a616\u00d786mm<\/div>\n<\/td>\n<\/tr>\n<tr>\n<td style=\"width: 20%;\"><img loading=\"lazy\" decoding=\"async\" class=\"alignnone size-full wp-image-22010\" src=\"https:\/\/lexamedlab.com\/wp-content\/uploads\/2025\/05\/36x1-5ml-2.webp\" alt=\"\" width=\"1500\" height=\"1000\" \/><\/td>\n<td style=\"width: 20%;\"><img loading=\"lazy\" decoding=\"async\" class=\"alignnone size-full wp-image-22011\" src=\"https:\/\/lexamedlab.com\/wp-content\/uploads\/2025\/05\/6x50ml-pointed-bottom-2.webp\" alt=\"\" width=\"1500\" height=\"1000\" \/><\/td>\n<td style=\"width: 20%;\"><img loading=\"lazy\" decoding=\"async\" class=\"alignnone size-full wp-image-22014\" src=\"https:\/\/lexamedlab.com\/wp-content\/uploads\/2025\/05\/6x50ml-round-bottom-4.webp\" alt=\"\" width=\"1500\" height=\"1000\" \/><\/td>\n<td style=\"width: 20%;\"><img loading=\"lazy\" decoding=\"async\" class=\"alignnone size-full wp-image-22015\" src=\"https:\/\/lexamedlab.com\/wp-content\/uploads\/2025\/05\/48x1-5ml-2.webp\" alt=\"\" width=\"1500\" height=\"1000\" \/><\/td>\n<td style=\"width: 20%;\"><img loading=\"lazy\" decoding=\"async\" class=\"alignnone size-full wp-image-22016\" src=\"https:\/\/lexamedlab.com\/wp-content\/uploads\/2025\/05\/4x100ml-1.webp\" alt=\"\" width=\"1500\" height=\"1000\" \/><\/td>\n<\/tr>\n<tr>\n<td style=\"width: 20%;\">\n<div>Rotor: Rotor de \u00e2ngulo fixo<\/div>\n<div>Capacidade: 36\u00d71,5\/2,2ml<\/div>\n<div>Velocidade m\u00e1xima: 13000rpm<\/div>\n<div>RCF m\u00e1x.:15625\u00d7g<\/div>\n<div>Tamanho do tubo: \u03a611x42mm<\/div>\n<\/td>\n<td style=\"width: 20%;\">\n<div>Rotor: Rotor de \u00e2ngulo fixo<\/div>\n<div>Capacidade: 6\u00d750ml fundo c\u00f4nico<\/div>\n<div>Velocidade m\u00e1xima: 12000rpm<\/div>\n<div>RCF m\u00e1x.:15712\u00d7g<\/div>\n<div>Tamanho do tubo: \u03a629\u00d7116mm<\/div>\n<\/td>\n<td style=\"width: 20%;\">\n<div>Rotor: Rotor de \u00e2ngulo fixo<\/div>\n<div>Capacidade: 6\u00d750ml fundo redondo<\/div>\n<div>Velocidade m\u00e1xima: 12000rpm<\/div>\n<div>RCF m\u00e1x.:15712\u00d7g<\/div>\n<div>Tamanho do tubo: \u03a629\u00d7111mm<\/div>\n<\/td>\n<td style=\"width: 20%;\">\n<div>Rotor: Rotor de \u00e2ngulo fixo<\/div>\n<div>Capacidade: 48\u00d71,5\/2,2ml<\/div>\n<div>Velocidade m\u00e1xima: 12000rpm<\/div>\n<div>RCF m\u00e1x.:15712\u00d7g<\/div>\n<div>Tamanho do tubo: \u03a611\u00d742mm<\/div>\n<\/td>\n<td style=\"width: 20%;\">\n<div>Rotor: Rotor de \u00e2ngulo fixo<\/div>\n<div>Capacidade: 4x100ml<\/div>\n<div>Velocidade m\u00e1xima: 10000 rpm<\/div>\n<div>RCF m\u00e1x.:11045\u00d7g<\/div>\n<div>Tamanho do tubo: \u03a638x123mm<\/div>\n<\/td>\n<\/tr>\n<tr>\n<td style=\"width: 20%;\"><img loading=\"lazy\" decoding=\"async\" class=\"alignnone size-full wp-image-22017\" src=\"https:\/\/lexamedlab.com\/wp-content\/uploads\/2025\/05\/8x50ml-pointed-bottom-1.webp\" alt=\"\" width=\"1500\" height=\"1000\" \/><\/td>\n<td style=\"width: 20%;\"><img loading=\"lazy\" decoding=\"async\" class=\"alignnone size-full wp-image-22018\" src=\"https:\/\/lexamedlab.com\/wp-content\/uploads\/2025\/05\/8x50ml-round-bottom-1.webp\" alt=\"\" width=\"1500\" height=\"1000\" \/><\/td>\n<td style=\"width: 20%;\"><img loading=\"lazy\" decoding=\"async\" class=\"alignnone size-full wp-image-22019\" src=\"https:\/\/lexamedlab.com\/wp-content\/uploads\/2025\/05\/12x15ml-1.webp\" alt=\"\" width=\"1500\" height=\"1000\" \/><\/td>\n<td style=\"width: 20%;\"><img loading=\"lazy\" decoding=\"async\" class=\"alignnone size-full wp-image-22020\" src=\"https:\/\/lexamedlab.com\/wp-content\/uploads\/2025\/05\/24x10-1.webp\" alt=\"\" width=\"1500\" height=\"1000\" \/><\/td>\n<td style=\"width: 20%;\"><img loading=\"lazy\" decoding=\"async\" class=\"alignnone size-full wp-image-22021\" src=\"https:\/\/lexamedlab.com\/wp-content\/uploads\/2025\/05\/6x10ml-1.webp\" alt=\"\" width=\"1500\" height=\"1000\" \/><\/td>\n<\/tr>\n<tr>\n<td style=\"width: 20%;\">\n<div>Rotor: Rotor de \u00e2ngulo fixo<\/div>\n<div>Capacidade: 8x50ml fundo c\u00f4nico<\/div>\n<div>Velocidade m\u00e1xima: 10000 rpm<\/div>\n<div>RCF m\u00e1x.:11045\u00d7g<\/div>\n<div>Tamanho do tubo: \u03a629x116mm<\/div>\n<\/td>\n<td style=\"width: 20%;\">\n<div>Rotor: Rotor de \u00e2ngulo fixo<\/div>\n<div>Capacidade: 8x50ml fundo redondo<\/div>\n<div>Velocidade m\u00e1xima: 10000 rpm<\/div>\n<div>RCF m\u00e1x.:11045\u00d7g<\/div>\n<div>Tamanho do tubo: \u03a629x111mm<\/div>\n<\/td>\n<td style=\"width: 20%;\">\n<div>Rotor: Rotor de \u00e2ngulo fixo<\/div>\n<div>Capacidade: 12x15ml<\/div>\n<div>Velocidade m\u00e1xima: 10000 rpm<\/div>\n<div>RCF m\u00e1x.:11045\u00d7g<\/div>\n<div>Tamanho do tubo: \u03a617x121mm<\/div>\n<\/td>\n<td style=\"width: 20%;\">\n<div>Rotor: Rotor de \u00e2ngulo fixo<\/div>\n<div>Capacidade: 24x10ml<\/div>\n<div>Velocidade m\u00e1xima: 10000 rpm<\/div>\n<div>RCF m\u00e1x.:11045\u00d7g<\/div>\n<div>Tamanho do tubo: \u03a616x86mm<\/div>\n<\/td>\n<td style=\"width: 20%;\">\n<div>Rotor: Rotor de \u00e2ngulo fixo<\/div>\n<div>Capacidade: 6x10ml<\/div>\n<div>Velocidade m\u00e1xima: 16000rpm<\/div>\n<div>RCF m\u00e1x.:19004\u00d7g<\/div>\n<div>Tamanho do tubo: \u03a616x86mm<\/div>\n<\/td>\n<\/tr>\n<tr>\n<td style=\"width: 20%;\"><img loading=\"lazy\" decoding=\"async\" class=\"alignnone size-full wp-image-22022\" src=\"https:\/\/lexamedlab.com\/wp-content\/uploads\/2025\/05\/8x15ml-1-1.webp\" alt=\"\" width=\"1500\" height=\"1000\" \/><\/td>\n<td style=\"width: 20%;\"><img loading=\"lazy\" decoding=\"async\" class=\"alignnone size-full wp-image-22023\" src=\"https:\/\/lexamedlab.com\/wp-content\/uploads\/2025\/05\/6x30ml-1.webp\" alt=\"\" width=\"1500\" height=\"1000\" \/><\/td>\n<td style=\"width: 20%;\"><img loading=\"lazy\" decoding=\"async\" class=\"alignnone size-full wp-image-22024\" src=\"https:\/\/lexamedlab.com\/wp-content\/uploads\/2025\/05\/8x0-2ml-pcr-strip-1.webp\" alt=\"\" width=\"1500\" height=\"1000\" \/><\/td>\n<td style=\"width: 20%;\"><img loading=\"lazy\" decoding=\"async\" class=\"alignnone size-full wp-image-22025\" src=\"https:\/\/lexamedlab.com\/wp-content\/uploads\/2025\/05\/6x100ml-1.webp\" alt=\"\" width=\"1500\" height=\"1000\" \/><\/td>\n<td style=\"width: 20%;\"><img loading=\"lazy\" decoding=\"async\" class=\"alignnone size-full wp-image-22026\" src=\"https:\/\/lexamedlab.com\/wp-content\/uploads\/2025\/05\/2x2x48-1.webp\" alt=\"\" width=\"1500\" height=\"1000\" \/><\/td>\n<\/tr>\n<tr>\n<td style=\"width: 20%;\">\n<div>Rotor: Rotor de \u00e2ngulo fixo<\/div>\n<div>Capacidade: 8x15ml<\/div>\n<div>Velocidade m\u00e1xima: 13000rpm<\/div>\n<div>RCF m\u00e1x.:14945\u00d7g<\/div>\n<div>Tamanho do tubo: \u03a617x121mm<\/div>\n<\/td>\n<td style=\"width: 20%;\">\n<div>Rotor: Rotor de \u00e2ngulo fixo<\/div>\n<div>Capacidade: 6x30ml<\/div>\n<div>Velocidade m\u00e1xima: 13000rpm<\/div>\n<div>RCF m\u00e1x.:14945\u00d7g<\/div>\n<div>Tamanho do tubo: \u03a625,5x100mm<\/div>\n<\/td>\n<td style=\"width: 20%;\">\n<div>Rotor: Rotor de \u00e2ngulo fixo<\/div>\n<div>Capacidade: 8 tiras de PCR de 0,2 ml<\/div>\n<div>Velocidade m\u00e1xima: 13000rpm<\/div>\n<div>RCF m\u00e1x.:14643\u00d7g<\/div>\n<\/td>\n<td style=\"width: 20%;\">\n<div>Rotor: Rotor de \u00e2ngulo fixo<\/div>\n<div>Capacidade: 6x100ml<\/div>\n<div>Velocidade m\u00e1xima: 8000 rpm<\/div>\n<div>RCF m\u00e1x.:7720\u00d7g<\/div>\n<div>Tamanho do tubo: \u03a638x123mm<\/div>\n<\/td>\n<td style=\"width: 20%;\">\n<div>Rotor: Rotor de microplacas<\/div>\n<div>Capacidade: placa de 2\u00d72\u00d748 po\u00e7os<\/div>\n<div>Velocidade m\u00e1xima: 4000 rpm<\/div>\n<div>RCF m\u00e1x.:1538\u00d7g<\/div>\n<div>m\u00e1x.: 128\u00d748x60mm<\/div>\n<\/td>\n<\/tr>\n<\/tbody>\n<\/table>","protected":false},"excerpt":{"rendered":"<div>\n<p><span style=\"font-family: 'times new roman', times, serif; font-size: 14pt;\">A centr\u00edfuga de bancada de alta velocidade TG-18 centrifuga volumes de amostra de at\u00e9 6 x 100 ml, 48 tubos de 1,5\/2,2 ml ou 8 tubos c\u00f4nicos de 50 ml com tela LCD sens\u00edvel ao toque inteligente. Para 24 tubos de 1,5\/2,2 ml, o rotor herm\u00e9tico \u00e9 opcional. \u00a0<\/span><\/p>\n<\/div>\n<ul>\n<li><span style=\"font-family: 'times new roman', times, serif; font-size: 14pt;\">Velocidade m\u00e1xima\u00a0 \u00a0 \u00a0 \u00a0 \u00a0 \u00a0 \u00a0 \u00a0 \u00a0 <span class=\"item-val\">18000 rpm<\/span><\/span><\/li>\n<li><span style=\"font-family: 'times new roman', times, serif; font-size: 14pt;\">RCF m\u00e1x.\u00a0 \u00a0 \u00a0 \u00a0 \u00a0 \u00a0 \u00a0 \u00a0 \u00a0 \u00a0 <span class=\"item-val\">24814xg<\/span><\/span><\/li>\n<li><span style=\"font-family: 'times new roman', times, serif; font-size: 14pt;\">Capacidade m\u00e1xima\u00a0 \u00a0 \u00a0 \u00a0 \u00a0 \u00a0 \u00a0 \u00a0<span class=\"item-val\">6*100ml<\/span><\/span><\/li>\n<li><span style=\"font-family: 'times new roman', times, serif; font-size: 14pt;\">Intervalo do temporizador\u00a0 \u00a0 \u00a0 \u00a0 \u00a0 \u00a0 \u00a0 \u00a0 \u00a0<span class=\"item-val\">1s a 99h59m59s<\/span><\/span><\/li>\n<li><span style=\"font-family: 'times new roman', times, serif; font-size: 14pt;\">Precis\u00e3o de velocidade\u00a0 \u00a0 \u00a0 \u00a0 \u00a0 \u00a0 <span class=\"item-val\">\u00b110rpm<\/span><\/span><\/li>\n<li><span style=\"font-family: 'times new roman', times, serif; font-size: 14pt;\">Barulho\u00a0 \u00a0 \u00a0 \u00a0 \u00a0 \u00a0 \u00a0 \u00a0 \u00a0 \u00a0 \u00a0 \u00a0 \u00a0 \u00a0 <span class=\"item-val\">\u226460dB(A)<\/span><\/span><\/li>\n<li><span style=\"font-family: 'times new roman', times, serif; font-size: 14pt;\">Consumo de energia\u00a0 \u00a0 \u00a0 <span class=\"item-val\">500 W<\/span><\/span><\/li>\n<li><span style=\"font-family: 'times new roman', times, serif; font-size: 14pt;\">Dimens\u00e3o\u00a0 \u00a0 \u00a0 \u00a0 \u00a0 \u00a0 \u00a0 \u00a0 \u00a0 \u00a0 <span class=\"item-val\">440x360x315 mm<\/span><\/span><\/li>\n<li><span style=\"font-family: 'times new roman', times, serif; font-size: 14pt;\">Peso l\u00edquido\u00a0 \u00a0 \u00a0 \u00a0 \u00a0 \u00a0 \u00a0 \u00a0 \u00a0 \u00a0 <span class=\"item-val\">29 kg<\/span><\/span><\/li>\n<\/ul>","protected":false},"featured_media":22762,"comment_status":"open","ping_status":"closed","template":"","meta":{"_acf_changed":false},"product_brand":[],"product_cat":[20,80,88],"product_tag":[],"class_list":{"0":"post-22004","1":"product","2":"type-product","3":"status-publish","4":"has-post-thumbnail","6":"product_cat-all","7":"product_cat-centrifuge","8":"product_cat-high-speed-centrifuge","10":"first","11":"instock","12":"shipping-taxable","13":"product-type-simple"},"acf":[],"_links":{"self":[{"href":"https:\/\/lexamedlab.com\/pt\/wp-json\/wp\/v2\/product\/22004","targetHints":{"allow":["GET"]}}],"collection":[{"href":"https:\/\/lexamedlab.com\/pt\/wp-json\/wp\/v2\/product"}],"about":[{"href":"https:\/\/lexamedlab.com\/pt\/wp-json\/wp\/v2\/types\/product"}],"replies":[{"embeddable":true,"href":"https:\/\/lexamedlab.com\/pt\/wp-json\/wp\/v2\/comments?post=22004"}],"version-history":[{"count":1,"href":"https:\/\/lexamedlab.com\/pt\/wp-json\/wp\/v2\/product\/22004\/revisions"}],"predecessor-version":[{"id":22032,"href":"https:\/\/lexamedlab.com\/pt\/wp-json\/wp\/v2\/product\/22004\/revisions\/22032"}],"wp:featuredmedia":[{"embeddable":true,"href":"https:\/\/lexamedlab.com\/pt\/wp-json\/wp\/v2\/media\/22762"}],"wp:attachment":[{"href":"https:\/\/lexamedlab.com\/pt\/wp-json\/wp\/v2\/media?parent=22004"}],"wp:term":[{"taxonomy":"product_brand","embeddable":true,"href":"https:\/\/lexamedlab.com\/pt\/wp-json\/wp\/v2\/product_brand?post=22004"},{"taxonomy":"product_cat","embeddable":true,"href":"https:\/\/lexamedlab.com\/pt\/wp-json\/wp\/v2\/product_cat?post=22004"},{"taxonomy":"product_tag","embeddable":true,"href":"https:\/\/lexamedlab.com\/pt\/wp-json\/wp\/v2\/product_tag?post=22004"}],"curies":[{"name":"wp","href":"https:\/\/api.w.org\/{rel}","templated":true}]}}