{"id":22065,"date":"2025-05-20T05:51:57","date_gmt":"2025-05-20T05:51:57","guid":{"rendered":"https:\/\/lexamedlab.com\/?post_type=product&#038;p=22065"},"modified":"2025-05-27T15:11:37","modified_gmt":"2025-05-27T15:11:37","slug":"benchtop-high-speed-large-capacity-centrifuge-machine-tg-1850","status":"publish","type":"product","link":"https:\/\/lexamedlab.com\/pt\/product\/benchtop-high-speed-large-capacity-centrifuge-machine-tg-1850\/","title":{"rendered":"M\u00e1quina centr\u00edfuga de bancada de alta velocidade e grande capacidade TG-1850"},"content":{"rendered":"<div style=\"width: 1280px;\" class=\"wp-video\"><!--[if lt IE 9]><script>document.createElement('video');<\/script><![endif]-->\n<video class=\"wp-video-shortcode\" id=\"video-22065-1\" width=\"1280\" height=\"720\" preload=\"metadata\" controls=\"controls\"><source type=\"video\/mp4\" src=\"https:\/\/lexamedlab.com\/wp-content\/uploads\/2025\/05\/WeChat_20250520122737.mp4?_=1\" \/><a href=\"https:\/\/lexamedlab.com\/wp-content\/uploads\/2025\/05\/WeChat_20250520122737.mp4\">https:\/\/lexamedlab.com\/wp-content\/uploads\/2025\/05\/WeChat_20250520122737.mp4<\/a><\/video><\/div>\n<p><span style=\"font-family: 'times new roman', times, serif; font-size: 18pt;\"><strong>&gt;&gt;Caracter\u00edsticas<\/strong><\/span><\/p>\n<table style=\"width: 100%; border-collapse: collapse; background-color: #35a1cc;\">\n<tbody>\n<tr>\n<td style=\"width: 671px;\">\n<div><span style=\"font-family: 'times new roman', times, serif; font-size: 18pt;\"><strong><span style=\"color: #ffffff;\">Fun\u00e7\u00e3o amig\u00e1vel ao usu\u00e1rio\u00a0<\/span><\/strong><\/span><\/div>\n<div><span style=\"color: #ffffff;\">&gt;12 programas definidos pelo usu\u00e1rio<\/span><\/div>\n<div><span style=\"color: #ffffff;\">&gt;19 taxas de acelera\u00e7\u00e3o e desacelera\u00e7\u00e3o<\/span><\/div>\n<div><span style=\"color: #ffffff;\">&gt;1m a 9999min59s intervalo de tempo<\/span><\/div>\n<div><span style=\"color: #ffffff;\">&gt;A tela LCD mostra todos os par\u00e2metros de forma simples e clara<\/span><\/div>\n<div><span style=\"color: #ffffff;\">&gt;RCF pode ser definido diretamente<\/span><\/div>\n<div><span style=\"color: #ffffff;\">&gt;RPM e RCF convertidos automaticamente<\/span><\/div>\n<div><span style=\"color: #ffffff;\">&gt;O usu\u00e1rio pode redefinir os par\u00e2metros quando o rotor estiver girando<\/span><\/div>\n<\/td>\n<td style=\"width: 671px;\"><img decoding=\"async\" class=\"alignnone  wp-image-21843\" src=\"https:\/\/lexamedlab.com\/wp-content\/uploads\/2025\/05\/44645.webp\" alt=\"\" width=\"264\" height=\"173\" \/><\/td>\n<\/tr>\n<tr>\n<td style=\"width: 671px;\">\n<div><strong><span style=\"color: #ffffff; font-family: 'times new roman', times, serif; font-size: 18pt;\">Garantir a seguran\u00e7a<\/span><\/strong><\/div>\n<div><span style=\"color: #ffffff;\">&gt;Reconhecimento autom\u00e1tico do rotor para evitar excesso de velocidade<\/span><\/div>\n<div><span style=\"color: #ffffff;\">&gt;Detec\u00e7\u00e3o de desequil\u00edbrio por girosc\u00f3pio de tr\u00eas eixos<\/span><\/div>\n<div><span style=\"color: #ffffff;\">\u00a0 \u00a0\u00a2parada de drenagem com exibi\u00e7\u00e3o de erro<\/span><\/div>\n<div><span style=\"color: #ffffff;\">&gt;Fechadura eletr\u00f4nica motorizada<\/span><\/div>\n<div><span style=\"color: #ffffff;\">&gt;A porta n\u00e3o pode ser aberta quando o rotor est\u00e1 girando<\/span><\/div>\n<div><span style=\"color: #ffffff;\">&gt; Dobradi\u00e7a a g\u00e1s para evitar que a porta caia<\/span><\/div>\n<div><span style=\"color: #ffffff;\">&gt;Porta na porta para calibra\u00e7\u00e3o e verifica\u00e7\u00e3o de opera\u00e7\u00e3o<\/span><\/div>\n<div><span style=\"color: #ffffff;\">&gt;Libera\u00e7\u00e3o de trava de porta de emerg\u00eancia<\/span><\/div>\n<\/td>\n<td style=\"width: 671px;\">\n<div><span style=\"color: #ffffff; font-family: 'times new roman', times, serif; font-size: 18pt;\">Bons componentes<\/span><\/div>\n<div><span style=\"color: #ffffff;\">&gt;Motor: Motor de frequ\u00eancia vari\u00e1vel.<\/span><\/div>\n<div><span style=\"color: #ffffff;\">\u00a0 \u00a0 \u00a0 \u00a0 \u00a0 \u00a0 \u00a0 \u00a0 funcionamento est\u00e1vel, sem necessidade de manuten\u00e7\u00e3o, longa vida \u00fatil<\/span><\/div>\n<div><span style=\"color: #ffffff;\">&gt;Carca\u00e7a: A\u00e7o espesso e forte<\/span><\/div>\n<div><span style=\"color: #ffffff;\">&gt;C\u00e2mara: A\u00e7o inoxid\u00e1vel 304 de qualidade alimentar.<\/span><\/div>\n<div><span style=\"color: #ffffff;\">\u00a0 \u00a0 \u00a0 \u00a0 \u00a0 \u00a0 \u00a0 \u00a0 anticorrosivo e f\u00e1cil de limpar<\/span><\/div>\n<div><span style=\"color: #ffffff;\">&gt;Rotor: Rotor girat\u00f3rio de a\u00e7o\/a\u00e7o inoxid\u00e1vel.<\/span><\/div>\n<div><span style=\"color: #ffffff;\">&gt;Os rotores s\u00e3o autoclav\u00e1veis\u00a0<\/span><\/div>\n<\/td>\n<\/tr>\n<\/tbody>\n<\/table>\n<p><strong><span style=\"font-family: 'times new roman', times, serif; font-size: 18pt;\">&gt;&gt;Rotores dispon\u00edveis<\/span><\/strong><\/p>\n<p><img fetchpriority=\"high\" decoding=\"async\" class=\"alignnone size-medium wp-image-22068\" src=\"https:\/\/lexamedlab.com\/wp-content\/uploads\/2025\/05\/tg-1850-1-scaled.webp\" alt=\"\" width=\"2560\" height=\"935\" \/> <img decoding=\"async\" class=\"alignnone size-medium wp-image-22069\" src=\"https:\/\/lexamedlab.com\/wp-content\/uploads\/2025\/05\/tg-1850-2-scaled.webp\" alt=\"\" width=\"2560\" height=\"973\" \/> <img loading=\"lazy\" decoding=\"async\" class=\"alignnone size-full wp-image-22070\" src=\"https:\/\/lexamedlab.com\/wp-content\/uploads\/2025\/05\/tg-1850-3-scaled.webp\" alt=\"\" width=\"2560\" height=\"1137\" \/><\/p>","protected":false},"excerpt":{"rendered":"<div>\n<p><span style=\"font-family: 'times new roman', times, serif; font-size: 14pt;\">Esta centr\u00edfuga de bancada foi desenvolvida para grandes volumes de amostra. Possui rotores basculantes e rotores de \u00e2ngulo fixo. Os rotores basculantes t\u00eam capacidade m\u00e1xima para 4 frascos de 500 ml, 112 tubos de sangue, 4 placas de 2x96 po\u00e7os ou 40 tubos c\u00f4nicos de 15 ml. Os rotores de \u00e2ngulo fixo podem processar de 0,2 ml a 100 ml.<\/span><\/p>\n<\/div>\n<ul>\n<li><span style=\"font-family: 'times new roman', times, serif; font-size: 14pt;\">Velocidade m\u00e1xima\u00a0 \u00a0 \u00a0 \u00a0 \u00a0 \u00a0 \u00a0 \u00a0 \u00a0 <span class=\"item-val\">18500 rpm<\/span><\/span><\/li>\n<li><span style=\"font-family: 'times new roman', times, serif; font-size: 14pt;\">RCF m\u00e1x.\u00a0 \u00a0 \u00a0 \u00a0 \u00a0 \u00a0 \u00a0 \u00a0 \u00a0 \u00a0 <span class=\"item-val\">24760xg<\/span><\/span><\/li>\n<li><span style=\"font-family: 'times new roman', times, serif; font-size: 14pt;\">Capacidade m\u00e1xima\u00a0 \u00a0 \u00a0 \u00a0 \u00a0 \u00a0 \u00a0 <span class=\"item-val\">4x500ml<\/span><\/span><\/li>\n<li><span style=\"font-family: 'times new roman', times, serif; font-size: 14pt;\">Intervalo do temporizador\u00a0 \u00a0 \u00a0 \u00a0 \u00a0 \u00a0 \u00a0 \u00a0 <span class=\"item-val\">1m a 9999m59s<\/span><\/span><\/li>\n<li><span style=\"font-family: 'times new roman', times, serif; font-size: 14pt;\">Precis\u00e3o de velocidade\u00a0 \u00a0 \u00a0 \u00a0 \u00a0 \u00a0<span class=\"item-val\">\u00b110rpm<\/span><\/span><\/li>\n<li><span style=\"font-family: 'times new roman', times, serif; font-size: 14pt;\">Barulho\u00a0 \u00a0 \u00a0 \u00a0 \u00a0 \u00a0 \u00a0 \u00a0 \u00a0 \u00a0 \u00a0 \u00a0 \u00a0 \u00a0<span class=\"item-val\">\u226460dB(A)<\/span><\/span><\/li>\n<li><span style=\"font-family: 'times new roman', times, serif; font-size: 14pt;\">Consumo de energia\u00a0 \u00a0 <span class=\"item-val\">750 W<\/span><\/span><\/li>\n<li><span style=\"font-family: 'times new roman', times, serif; font-size: 14pt;\">Dimens\u00e3o\u00a0 \u00a0 \u00a0 \u00a0 \u00a0 \u00a0 \u00a0 \u00a0 \u00a0 <span class=\"item-val\">550x450x390 mm<\/span><\/span><\/li>\n<li><span style=\"font-family: 'times new roman', times, serif; font-size: 14pt;\">Peso l\u00edquido\u00a0 \u00a0 \u00a0 \u00a0 \u00a0 \u00a0 \u00a0 \u00a0 \u00a0 <span class=\"item-val\">49 kg<\/span><\/span><\/li>\n<\/ul>","protected":false},"featured_media":22067,"comment_status":"open","ping_status":"closed","template":"","meta":{"_acf_changed":false},"product_brand":[],"product_cat":[20,80,88],"product_tag":[],"class_list":{"0":"post-22065","1":"product","2":"type-product","3":"status-publish","4":"has-post-thumbnail","6":"product_cat-all","7":"product_cat-centrifuge","8":"product_cat-high-speed-centrifuge","10":"first","11":"instock","12":"shipping-taxable","13":"product-type-simple"},"acf":[],"_links":{"self":[{"href":"https:\/\/lexamedlab.com\/pt\/wp-json\/wp\/v2\/product\/22065","targetHints":{"allow":["GET"]}}],"collection":[{"href":"https:\/\/lexamedlab.com\/pt\/wp-json\/wp\/v2\/product"}],"about":[{"href":"https:\/\/lexamedlab.com\/pt\/wp-json\/wp\/v2\/types\/product"}],"replies":[{"embeddable":true,"href":"https:\/\/lexamedlab.com\/pt\/wp-json\/wp\/v2\/comments?post=22065"}],"version-history":[{"count":2,"href":"https:\/\/lexamedlab.com\/pt\/wp-json\/wp\/v2\/product\/22065\/revisions"}],"predecessor-version":[{"id":22075,"href":"https:\/\/lexamedlab.com\/pt\/wp-json\/wp\/v2\/product\/22065\/revisions\/22075"}],"wp:featuredmedia":[{"embeddable":true,"href":"https:\/\/lexamedlab.com\/pt\/wp-json\/wp\/v2\/media\/22067"}],"wp:attachment":[{"href":"https:\/\/lexamedlab.com\/pt\/wp-json\/wp\/v2\/media?parent=22065"}],"wp:term":[{"taxonomy":"product_brand","embeddable":true,"href":"https:\/\/lexamedlab.com\/pt\/wp-json\/wp\/v2\/product_brand?post=22065"},{"taxonomy":"product_cat","embeddable":true,"href":"https:\/\/lexamedlab.com\/pt\/wp-json\/wp\/v2\/product_cat?post=22065"},{"taxonomy":"product_tag","embeddable":true,"href":"https:\/\/lexamedlab.com\/pt\/wp-json\/wp\/v2\/product_tag?post=22065"}],"curies":[{"name":"wp","href":"https:\/\/api.w.org\/{rel}","templated":true}]}}