{"id":22076,"date":"2025-05-20T06:18:32","date_gmt":"2025-05-20T06:18:32","guid":{"rendered":"https:\/\/lexamedlab.com\/?post_type=product&#038;p=22076"},"modified":"2025-05-27T15:11:37","modified_gmt":"2025-05-27T15:11:37","slug":"benchtop-high-speed-centrifuge-tg-15","status":"publish","type":"product","link":"https:\/\/lexamedlab.com\/pt\/product\/benchtop-high-speed-centrifuge-tg-15\/","title":{"rendered":"Centr\u00edfuga de alta velocidade de bancada TG-15"},"content":{"rendered":"<div style=\"width: 1280px;\" class=\"wp-video\"><!--[if lt IE 9]><script>document.createElement('video');<\/script><![endif]-->\n<video class=\"wp-video-shortcode\" id=\"video-22076-1\" width=\"1280\" height=\"720\" preload=\"metadata\" controls=\"controls\"><source type=\"video\/mp4\" src=\"https:\/\/lexamedlab.com\/wp-content\/uploads\/2025\/05\/9e02e2a0-bccf-4385-92c3-bacc289448ef-h264-hd.mp4?_=1\" \/><a href=\"https:\/\/lexamedlab.com\/wp-content\/uploads\/2025\/05\/9e02e2a0-bccf-4385-92c3-bacc289448ef-h264-hd.mp4\">https:\/\/lexamedlab.com\/wp-content\/uploads\/2025\/05\/9e02e2a0-bccf-4385-92c3-bacc289448ef-h264-hd.mp4<\/a><\/video><\/div>\n<table style=\"width: 100%; border-collapse: collapse; background-color: #35a1cc; height: 24px;\">\n<tbody>\n<tr style=\"height: 24px;\">\n<td style=\"width: 50%; height: 24px;\">\n<div><span style=\"color: #ffffff; font-size: 14pt; font-family: 'times new roman', times, serif;\">&gt;12 programas definidos pelo usu\u00e1rio<\/span><\/div>\n<div><span style=\"color: #ffffff; font-size: 14pt; font-family: 'times new roman', times, serif;\">&gt;10 taxas de acelera\u00e7\u00e3o e desacelera\u00e7\u00e3o<\/span><\/div>\n<div><span style=\"color: #ffffff; font-size: 14pt; font-family: 'times new roman', times, serif;\">&gt;A tela LED mostra RPM\/RCF e tempo<\/span><\/div>\n<div><span style=\"color: #ffffff; font-size: 14pt; font-family: 'times new roman', times, serif;\">&gt;RCF pode ser definido diretamente<\/span><\/div>\n<div><span style=\"color: #ffffff; font-size: 14pt; font-family: 'times new roman', times, serif;\">Intervalo de tempo de &gt;1min a 99min59s<\/span><\/div>\n<div><span style=\"color: #ffffff; font-size: 14pt; font-family: 'times new roman', times, serif;\">&gt;O usu\u00e1rio pode redefinir os par\u00e2metros quando o rotor estiver girando<\/span><\/div>\n<div><span style=\"color: #ffffff; font-size: 14pt; font-family: 'times new roman', times, serif;\">&gt;Acionamento por motor de frequ\u00eancia vari\u00e1vel<\/span><\/div>\n<div><span style=\"color: #ffffff; font-size: 14pt; font-family: 'times new roman', times, serif;\">&gt;Controle de microprocessador<\/span><\/div>\n<div><span style=\"color: #ffffff; font-size: 14pt; font-family: 'times new roman', times, serif;\">&gt;Trava eletr\u00f4nica da tampa, controlada por motor independente\u00a0<\/span><\/div>\n<div><span style=\"color: #ffffff; font-size: 14pt; font-family: 'times new roman', times, serif;\">&gt;Carca\u00e7a de a\u00e7o; c\u00e2mara de a\u00e7o inoxid\u00e1vel 304<\/span><\/div>\n<\/td>\n<td style=\"width: 50%; height: 24px;\"><img fetchpriority=\"high\" decoding=\"async\" class=\"alignnone  wp-image-22078\" src=\"https:\/\/lexamedlab.com\/wp-content\/uploads\/2025\/05\/img_3788-scaled.webp\" alt=\"\" width=\"375\" height=\"250\" \/><\/td>\n<\/tr>\n<\/tbody>\n<\/table>\n<p><span style=\"font-family: 'times new roman', times, serif;\"><strong><span style=\"font-size: 18pt;\">&gt;&gt;Rotores dispon\u00edveis<\/span><\/strong><\/span><\/p>\n<table style=\"border-collapse: collapse; width: 100%;\">\n<tbody>\n<tr>\n<td style=\"width: 33.3333%;\"><img decoding=\"async\" class=\"alignnone size-full wp-image-22079\" src=\"https:\/\/lexamedlab.com\/wp-content\/uploads\/2025\/05\/24x1-5ml-card-cap.webp\" alt=\"\" width=\"1500\" height=\"1000\" \/><\/td>\n<td style=\"width: 33.3333%;\"><img decoding=\"async\" class=\"alignnone size-full wp-image-22080\" src=\"https:\/\/lexamedlab.com\/wp-content\/uploads\/2025\/05\/4x-8x0-2ml.webp\" alt=\"\" width=\"1500\" height=\"1000\" \/><\/td>\n<td style=\"width: 33.3333%;\"><img loading=\"lazy\" decoding=\"async\" class=\"alignnone size-full wp-image-22081\" src=\"https:\/\/lexamedlab.com\/wp-content\/uploads\/2025\/05\/12x5ml-3.webp\" alt=\"\" width=\"1500\" height=\"1000\" \/><\/td>\n<\/tr>\n<tr>\n<td style=\"width: 33.3333%;\">\n<div>Rotor: Rotor de \u00e2ngulo fixo<\/div>\n<div>Capacidade: 24\u00d71,5\/2,2ml<\/div>\n<div>Velocidade m\u00e1xima: 15000rpm<\/div>\n<div>RCF m\u00e1x.:21630\u00d7g<\/div>\n<div>Tamanho do tubo: \u03a611x42mm<\/div>\n<\/td>\n<td style=\"width: 33.3333%;\">\n<div>Rotor: Rotor de \u00e2ngulo fixo<\/div>\n<div>Capacidade: 4 tiras de PCR de 0,2 ml<\/div>\n<div>Velocidade m\u00e1xima: 15000rpm<\/div>\n<div>RCF m\u00e1x.:19600\u00d7g<\/div>\n<\/td>\n<td style=\"width: 33.3333%;\">\n<div>Rotor: Rotor de \u00e2ngulo fixo<\/div>\n<div>Capacidade: 12x5ml<\/div>\n<div>Velocidade m\u00e1xima: 15000rpm<\/div>\n<div>RCF m\u00e1x.:18240\u00d7g<\/div>\n<div>Tamanho do tubo: \u03a614x54mm<\/div>\n<\/td>\n<\/tr>\n<\/tbody>\n<\/table>","protected":false},"excerpt":{"rendered":"<div>\n<p><span style=\"font-size: 14pt; font-family: 'times new roman', times, serif;\">A centr\u00edfuga de bancada TG-15 de alta velocidade e microcapacidade possui tr\u00eas rotores de \u00e2ngulo fixo: 12 x 5 ml, 24 x 1,5 ml\/2,2 ml e 32 x 0,2 ml (ou 4 tiras de PCR). Possui motor de frequ\u00eancia vari\u00e1vel e capacidade para armazenar 12 programas.<\/span><\/p>\n<\/div>\n<ul>\n<li><span style=\"font-size: 14pt; font-family: 'times new roman', times, serif;\">Velocidade m\u00e1xima\u00a0 \u00a0 \u00a0 \u00a0 \u00a0 \u00a0 \u00a0 \u00a0 \u00a0 <span class=\"item-val\">15000 rpm<\/span><\/span><\/li>\n<li><span style=\"font-size: 14pt; font-family: 'times new roman', times, serif;\">RCF m\u00e1x.\u00a0 \u00a0 \u00a0 \u00a0 \u00a0 \u00a0 \u00a0 \u00a0 \u00a0 \u00a0 <span class=\"item-val\">21630xg<\/span><\/span><\/li>\n<li><span style=\"font-size: 14pt; font-family: 'times new roman', times, serif;\">Capacidade m\u00e1xima\u00a0 \u00a0 \u00a0 \u00a0 \u00a0 \u00a0 \u00a0 <span class=\"item-val\">12*5ml<\/span><\/span><\/li>\n<li><span style=\"font-size: 14pt; font-family: 'times new roman', times, serif;\">Intervalo do temporizador\u00a0 \u00a0 \u00a0 \u00a0 \u00a0 \u00a0 \u00a0 \u00a0 <span class=\"item-val\">1m a 99m59s<\/span><\/span><\/li>\n<li><span style=\"font-size: 14pt; font-family: 'times new roman', times, serif;\">Precis\u00e3o de velocidade\u00a0 \u00a0 \u00a0 \u00a0 \u00a0 \u00a0<span class=\"item-val\">\u00b120 rpm<\/span><\/span><\/li>\n<li><span style=\"font-size: 14pt; font-family: 'times new roman', times, serif;\">Barulho\u00a0 \u00a0 \u00a0 \u00a0 \u00a0 \u00a0 \u00a0 \u00a0 \u00a0 \u00a0 \u00a0 \u00a0 \u00a0 \u00a0<span class=\"item-val\">\u226458dB(A)<\/span><\/span><\/li>\n<li><span style=\"font-size: 14pt; font-family: 'times new roman', times, serif;\">Consumo de energia\u00a0 \u00a0 \u00a0<span class=\"item-val\">500 W<\/span><\/span><\/li>\n<li><span style=\"font-size: 14pt; font-family: 'times new roman', times, serif;\">Dimens\u00e3o\u00a0 \u00a0 \u00a0 \u00a0 \u00a0 \u00a0 \u00a0 \u00a0 \u00a0 \u00a0<span class=\"item-val\">410x300x260 mm<\/span><\/span><\/li>\n<li><span style=\"font-size: 14pt; font-family: 'times new roman', times, serif;\">Peso l\u00edquido\u00a0 \u00a0 \u00a0 \u00a0 \u00a0 \u00a0 \u00a0 \u00a0 \u00a0 \u00a0<span class=\"item-val\">18 kg<\/span><\/span><\/li>\n<\/ul>","protected":false},"featured_media":22082,"comment_status":"open","ping_status":"closed","template":"","meta":{"_acf_changed":false},"product_brand":[],"product_cat":[20,80,88],"product_tag":[],"class_list":{"0":"post-22076","1":"product","2":"type-product","3":"status-publish","4":"has-post-thumbnail","6":"product_cat-all","7":"product_cat-centrifuge","8":"product_cat-high-speed-centrifuge","10":"first","11":"instock","12":"shipping-taxable","13":"product-type-simple"},"acf":[],"_links":{"self":[{"href":"https:\/\/lexamedlab.com\/pt\/wp-json\/wp\/v2\/product\/22076","targetHints":{"allow":["GET"]}}],"collection":[{"href":"https:\/\/lexamedlab.com\/pt\/wp-json\/wp\/v2\/product"}],"about":[{"href":"https:\/\/lexamedlab.com\/pt\/wp-json\/wp\/v2\/types\/product"}],"replies":[{"embeddable":true,"href":"https:\/\/lexamedlab.com\/pt\/wp-json\/wp\/v2\/comments?post=22076"}],"version-history":[{"count":2,"href":"https:\/\/lexamedlab.com\/pt\/wp-json\/wp\/v2\/product\/22076\/revisions"}],"predecessor-version":[{"id":22524,"href":"https:\/\/lexamedlab.com\/pt\/wp-json\/wp\/v2\/product\/22076\/revisions\/22524"}],"wp:featuredmedia":[{"embeddable":true,"href":"https:\/\/lexamedlab.com\/pt\/wp-json\/wp\/v2\/media\/22082"}],"wp:attachment":[{"href":"https:\/\/lexamedlab.com\/pt\/wp-json\/wp\/v2\/media?parent=22076"}],"wp:term":[{"taxonomy":"product_brand","embeddable":true,"href":"https:\/\/lexamedlab.com\/pt\/wp-json\/wp\/v2\/product_brand?post=22076"},{"taxonomy":"product_cat","embeddable":true,"href":"https:\/\/lexamedlab.com\/pt\/wp-json\/wp\/v2\/product_cat?post=22076"},{"taxonomy":"product_tag","embeddable":true,"href":"https:\/\/lexamedlab.com\/pt\/wp-json\/wp\/v2\/product_tag?post=22076"}],"curies":[{"name":"wp","href":"https:\/\/api.w.org\/{rel}","templated":true}]}}