{"id":22093,"date":"2025-05-20T07:14:11","date_gmt":"2025-05-20T07:14:11","guid":{"rendered":"https:\/\/lexamedlab.com\/?post_type=product&#038;p=22093"},"modified":"2025-05-27T15:11:37","modified_gmt":"2025-05-27T15:11:37","slug":"benchtop-high-speed-micro-centrifuge-h16s","status":"publish","type":"product","link":"https:\/\/lexamedlab.com\/pt\/product\/benchtop-high-speed-micro-centrifuge-h16s\/","title":{"rendered":"Microcentr\u00edfuga de bancada de alta velocidade H16S"},"content":{"rendered":"<div style=\"width: 1280px;\" class=\"wp-video\"><!--[if lt IE 9]><script>document.createElement('video');<\/script><![endif]-->\n<video class=\"wp-video-shortcode\" id=\"video-22093-1\" width=\"1280\" height=\"720\" preload=\"metadata\" controls=\"controls\"><source type=\"video\/mp4\" src=\"https:\/\/lexamedlab.com\/wp-content\/uploads\/2025\/05\/97913924-97af-4032-a078-c0a1ee36e696-h264-hd.mp4?_=1\" \/><a href=\"https:\/\/lexamedlab.com\/wp-content\/uploads\/2025\/05\/97913924-97af-4032-a078-c0a1ee36e696-h264-hd.mp4\">https:\/\/lexamedlab.com\/wp-content\/uploads\/2025\/05\/97913924-97af-4032-a078-c0a1ee36e696-h264-hd.mp4<\/a><\/video><\/div>\n<blockquote><p><span style=\"font-family: 'times new roman', times, serif; font-size: 18pt;\"><strong>&gt;Caracter\u00edsticas<\/strong><\/span><\/p><\/blockquote>\n<table style=\"width: 100%; border-collapse: collapse; background-color: #35a1cc;\">\n<tbody>\n<tr>\n<td style=\"width: 58.1541%;\">\n<div><span style=\"font-size: 18pt;\"><strong><span style=\"color: #ffffff; font-family: 'times new roman', times, serif;\">Motor BLDC<\/span><\/strong><\/span><\/div>\n<div>\n<div><span style=\"color: #ffffff; font-size: 14pt; font-family: 'times new roman', times, serif;\">Pequeno aumento de temperatura: Aumento de temperatura \u22646\u2103<\/span><\/div>\n<div><span style=\"color: #ffffff; font-size: 14pt; font-family: 'times new roman', times, serif;\">Baixo ru\u00eddo: Ru\u00eddo\u226456dB(A)<\/span><\/div>\n<div><span style=\"color: #ffffff; font-size: 14pt; font-family: 'times new roman', times, serif;\">Livre de manuten\u00e7\u00e3o: Motor sem escovas, livre de manuten\u00e7\u00e3o<\/span><\/div>\n<div><span style=\"color: #ffffff; font-size: 14pt; font-family: 'times new roman', times, serif;\">Acelera\u00e7\u00e3o r\u00e1pida: taxa de velocidade ajust\u00e1vel. Acelere at\u00e9 a velocidade m\u00e1xima na taxa mais alta em apenas 10 segundos.\u00a0<\/span><\/div>\n<\/div>\n<div><span style=\"font-size: 18pt;\"><strong><span style=\"color: #ffffff; font-family: 'times new roman', times, serif;\">Mais conveniente<\/span><\/strong><\/span><\/div>\n<div>\n<div><strong><span style=\"color: #ffffff; font-size: 14pt; font-family: 'times new roman', times, serif;\">Tela sens\u00edvel ao toque resistiva<\/span><\/strong><\/div>\n<div><span style=\"color: #ffffff; font-size: 14pt; font-family: 'times new roman', times, serif;\">\u00b7 Tela LCD colorida, exibi\u00e7\u00e3o de par\u00e2metros em d\u00edgitos completos<\/span><\/div>\n<div><span style=\"color: #ffffff; font-size: 14pt; font-family: 'times new roman', times, serif;\">\u00b7 Convers\u00e3o autom\u00e1tica entre RPM e RCF<\/span><\/div>\n<div><span style=\"color: #ffffff; font-size: 14pt; font-family: 'times new roman', times, serif;\">\u00b7 Tela sens\u00edvel ao toque resistiva, o dispositivo pode ser operado normalmente mesmo com luvas<\/span><\/div>\n<div><span style=\"color: #ffffff; font-size: 14pt; font-family: 'times new roman', times, serif;\">\u00b7 Pode alterar par\u00e2metros durante a execu\u00e7\u00e3o<\/span><\/div>\n<div><span style=\"color: #ffffff; font-size: 14pt; font-family: 'times new roman', times, serif;\"><strong>Fechadura de porta inteligente<\/strong>:Fivela de porta de a\u00e7o + trava de porta inteligente, tornando o trabalho centr\u00edfugo mais conveniente;<\/span><\/div>\n<div><span style=\"color: #ffffff; font-size: 14pt; font-family: 'times new roman', times, serif;\"><strong>Fechadura de porta autom\u00e1tica por indu\u00e7\u00e3o<\/strong>, monitore ativamente o estado de abertura e fechamento da porta e abra automaticamente a porta ap\u00f3s a centrifuga\u00e7\u00e3o, o que \u00e9 conveniente para retirar amostras.<\/span><\/div>\n<div><\/div>\n<div><span style=\"color: #ffffff; font-size: 14pt; font-family: 'times new roman', times, serif;\"><strong>Amortecimento da porta aberta<\/strong>:O design da porta de amortecimento, ap\u00f3s a conclus\u00e3o do trabalho centr\u00edfugo, a porta abre automaticamente e lentamente, n\u00e3o h\u00e1 vibra\u00e7\u00e3o em todo o processo.<\/span><\/div>\n<div><\/div>\n<div><span style=\"color: #ffffff; font-size: 14pt; font-family: 'times new roman', times, serif;\"><strong>Base de ventosa bi\u00f4nica<\/strong>:Ele adota uma ventosa bi\u00f4nica com forte adsor\u00e7\u00e3o, que \u00e9 simples de fixar e f\u00e1cil de mover.<\/span><\/div>\n<div><span style=\"color: #ffffff; font-size: 14pt; font-family: 'times new roman', times, serif;\"><strong>Tampa do rotor magn\u00e9tico<\/strong>:A tampa do rotor autoadsorvente altamente magn\u00e9tica<\/span><\/div>\n<\/div>\n<p><span style=\"font-size: 18pt;\"><strong><span style=\"color: #ffffff; font-family: 'times new roman', times, serif;\">Mais seguro<\/span><\/strong><\/span><\/p>\n<div>\n<div><strong><span style=\"color: #ffffff; font-size: 14pt; font-family: 'times new roman', times, serif;\">Capa interna de liga de alum\u00ednio<\/span><\/strong><\/div>\n<div><span style=\"color: #ffffff; font-size: 14pt; font-family: 'times new roman', times, serif;\">A cobertura interna de liga de alum\u00ednio super-dura torna a opera\u00e7\u00e3o mais segura; ao mesmo tempo, a sa\u00edda de ar interna pode dissipar o calor rapidamente.<\/span><\/div>\n<div><\/div>\n<div><strong><span style=\"color: #ffffff; font-size: 14pt; font-family: 'times new roman', times, serif;\">Eixo de a\u00e7o inoxid\u00e1vel de 10 mm<\/span><\/strong><\/div>\n<div><span style=\"color: #ffffff; font-size: 14pt; font-family: 'times new roman', times, serif;\">A conex\u00e3o entre a tampa da porta e o corpo \u00e9 feita de eixo de a\u00e7o inoxid\u00e1vel, e a porta foi aberta e fechada mais de 100.000 vezes sem danos em experimentos, tornando-a mais segura de usar.<\/span><\/div>\n<div><\/div>\n<div><strong><span style=\"color: #ffffff; font-size: 14pt; font-family: 'times new roman', times, serif;\">Tampa do rotor de a\u00e7o inoxid\u00e1vel<\/span><\/strong><\/div>\n<div><span style=\"color: #ffffff; font-size: 14pt; font-family: 'times new roman', times, serif;\">A tampa especial do rotor de a\u00e7o inoxid\u00e1vel \u00e9 equipada com uma interface magn\u00e9tica de coleta e coloca\u00e7\u00e3o, o que economiza tempo e esfor\u00e7o ao coletar e posicionar amostras.<\/span><\/div>\n<\/div>\n<\/td>\n<td style=\"width: 41.8458%;\"><img fetchpriority=\"high\" decoding=\"async\" class=\"alignnone size-full wp-image-22095\" src=\"https:\/\/lexamedlab.com\/wp-content\/uploads\/2025\/05\/44-2-1.webp\" alt=\"\" width=\"1000\" height=\"1000\" \/><\/td>\n<\/tr>\n<\/tbody>\n<\/table>\n<blockquote><p><strong><span style=\"font-family: 'times new roman', times, serif; font-size: 18pt;\">&gt;Rotores dispon\u00edveis\u00a0 \u00a0<\/span><\/strong><\/p><\/blockquote>\n<table style=\"border-collapse: collapse; width: 100%; height: 142px;\">\n<tbody>\n<tr style=\"height: 30px;\">\n<td style=\"width: 50%; height: 30px;\"><img decoding=\"async\" class=\"alignnone  wp-image-22096\" src=\"https:\/\/lexamedlab.com\/wp-content\/uploads\/2025\/05\/12x1-5-h15k-1.webp\" alt=\"\" width=\"359\" height=\"239\" \/><\/td>\n<td style=\"width: 50%; height: 30px;\"><img decoding=\"async\" class=\"alignnone  wp-image-22097\" src=\"https:\/\/lexamedlab.com\/wp-content\/uploads\/2025\/05\/8x5ml-h15k-1.webp\" alt=\"\" width=\"396\" height=\"264\" \/><\/td>\n<\/tr>\n<tr style=\"height: 112px;\">\n<td style=\"width: 50%; height: 112px;\">\n<div><span style=\"color: #000000; font-size: 14pt; font-family: 'times new roman', times, serif;\">Rotor: Rotor de \u00e2ngulo fixo (padr\u00e3o)<\/span><\/div>\n<div><span style=\"color: #000000; font-size: 14pt; font-family: 'times new roman', times, serif;\">Capacidade: 12\u00d71,5\/2,2ml<\/span><\/div>\n<div><span style=\"color: #000000; font-size: 14pt; font-family: 'times new roman', times, serif;\">Velocidade m\u00e1xima: 16500rpm<\/span><\/div>\n<div><span style=\"color: #000000; font-size: 14pt; font-family: 'times new roman', times, serif;\">RCF m\u00e1x.: 18262\u00d7g<\/span><\/div>\n<\/td>\n<td style=\"width: 50%; height: 112px;\">\n<div><span style=\"color: #000000; font-size: 14pt; font-family: 'times new roman', times, serif;\">Rotor: Rotor de \u00e2ngulo fixo (opcional)<\/span><\/div>\n<div><span style=\"color: #000000; font-size: 14pt; font-family: 'times new roman', times, serif;\">Capacidade: 8x5ml<\/span><\/div>\n<div><span style=\"color: #000000; font-size: 14pt; font-family: 'times new roman', times, serif;\">Velocidade m\u00e1xima: 16500rpm<\/span><\/div>\n<div><span style=\"color: #000000; font-size: 14pt; font-family: 'times new roman', times, serif;\">RCF m\u00e1x.: 18262\u00d7g<\/span><\/div>\n<\/td>\n<\/tr>\n<\/tbody>\n<\/table>","protected":false},"excerpt":{"rendered":"<div>\n<div>\n<p><span style=\"font-size: 14pt; font-family: 'times new roman', times, serif;\">A microcentr\u00edfuga de alta velocidade H16S vem com um rotor angular de 12 x 1,5\/2,2 ml (com adaptador de 0,2\/0,5 ml). \u00c9 compacta, f\u00e1cil de usar, de alta velocidade, silenciosa e com alta velocidade de eleva\u00e7\u00e3o.<\/span><\/p>\n<\/div>\n<ul>\n<li><span style=\"font-size: 14pt; font-family: 'times new roman', times, serif;\">Velocidade m\u00e1xima\u00a0 \u00a0 \u00a0 \u00a0 \u00a0 \u00a0 \u00a0 \u00a0 \u00a0<span class=\"item-val\">16500 rpm<\/span><\/span><\/li>\n<li><span style=\"font-size: 14pt; font-family: 'times new roman', times, serif;\">RCF m\u00e1x.\u00a0 \u00a0 \u00a0 \u00a0 \u00a0 \u00a0 \u00a0 \u00a0 \u00a0 <span class=\"item-val\">18262xg<\/span><\/span><\/li>\n<li><span style=\"font-size: 14pt; font-family: 'times new roman', times, serif;\">Capacidade padr\u00e3o\u00a0 \u00a0 \u00a0<span class=\"item-val\">12*1,5\/2,2ml<\/span><\/span><\/li>\n<li><span style=\"font-size: 14pt; font-family: 'times new roman', times, serif;\">Intervalo do temporizador\u00a0 \u00a0 \u00a0 \u00a0 \u00a0 \u00a0 \u00a0 <span class=\"item-val\">1s a 99m59s<\/span><\/span><\/li>\n<li><span style=\"font-size: 14pt; font-family: 'times new roman', times, serif;\">Precis\u00e3o de velocidade\u00a0 \u00a0 \u00a0 \u00a0 <span class=\"item-val\">\u00b110rpm<\/span><\/span><\/li>\n<li><span style=\"font-size: 14pt; font-family: 'times new roman', times, serif;\">Barulho\u00a0 \u00a0 \u00a0 \u00a0 \u00a0 \u00a0 \u00a0 \u00a0 \u00a0 \u00a0 \u00a0 \u00a0<span class=\"item-val\">\u226456dB(A)<\/span><\/span><\/li>\n<li><span style=\"font-size: 14pt; font-family: 'times new roman', times, serif;\">Fonte de energia\u00a0 \u00a0 \u00a0 \u00a0 \u00a0 <span class=\"item-val\">100v-250v<\/span><\/span><\/li>\n<li><span style=\"font-size: 14pt; font-family: 'times new roman', times, serif;\">Dimens\u00e3o\u00a0 \u00a0 \u00a0 \u00a0 \u00a0 \u00a0 \u00a0 <span class=\"item-val\">240x220x170 mm<\/span><\/span><\/li>\n<li><span style=\"font-size: 14pt; font-family: 'times new roman', times, serif;\">Peso l\u00edquido\u00a0 \u00a0 \u00a0 \u00a0 \u00a0 \u00a0 \u00a0 <span class=\"item-val\">3,8 kg<\/span><\/span><\/li>\n<\/ul>\n<\/div>\n<ul>\n<li><\/li>\n<\/ul>","protected":false},"featured_media":22095,"comment_status":"open","ping_status":"closed","template":"","meta":{"_acf_changed":false},"product_brand":[],"product_cat":[20,80,88],"product_tag":[],"class_list":{"0":"post-22093","1":"product","2":"type-product","3":"status-publish","4":"has-post-thumbnail","6":"product_cat-all","7":"product_cat-centrifuge","8":"product_cat-high-speed-centrifuge","10":"first","11":"instock","12":"shipping-taxable","13":"product-type-simple"},"acf":[],"_links":{"self":[{"href":"https:\/\/lexamedlab.com\/pt\/wp-json\/wp\/v2\/product\/22093","targetHints":{"allow":["GET"]}}],"collection":[{"href":"https:\/\/lexamedlab.com\/pt\/wp-json\/wp\/v2\/product"}],"about":[{"href":"https:\/\/lexamedlab.com\/pt\/wp-json\/wp\/v2\/types\/product"}],"replies":[{"embeddable":true,"href":"https:\/\/lexamedlab.com\/pt\/wp-json\/wp\/v2\/comments?post=22093"}],"version-history":[{"count":1,"href":"https:\/\/lexamedlab.com\/pt\/wp-json\/wp\/v2\/product\/22093\/revisions"}],"predecessor-version":[{"id":22098,"href":"https:\/\/lexamedlab.com\/pt\/wp-json\/wp\/v2\/product\/22093\/revisions\/22098"}],"wp:featuredmedia":[{"embeddable":true,"href":"https:\/\/lexamedlab.com\/pt\/wp-json\/wp\/v2\/media\/22095"}],"wp:attachment":[{"href":"https:\/\/lexamedlab.com\/pt\/wp-json\/wp\/v2\/media?parent=22093"}],"wp:term":[{"taxonomy":"product_brand","embeddable":true,"href":"https:\/\/lexamedlab.com\/pt\/wp-json\/wp\/v2\/product_brand?post=22093"},{"taxonomy":"product_cat","embeddable":true,"href":"https:\/\/lexamedlab.com\/pt\/wp-json\/wp\/v2\/product_cat?post=22093"},{"taxonomy":"product_tag","embeddable":true,"href":"https:\/\/lexamedlab.com\/pt\/wp-json\/wp\/v2\/product_tag?post=22093"}],"curies":[{"name":"wp","href":"https:\/\/api.w.org\/{rel}","templated":true}]}}