{"id":22317,"date":"2025-05-21T11:37:55","date_gmt":"2025-05-21T11:37:55","guid":{"rendered":"https:\/\/lexamedlab.com\/?post_type=product&#038;p=22317"},"modified":"2025-05-28T17:16:09","modified_gmt":"2025-05-28T17:16:09","slug":"benchtop-high-speed-micro-refrigerated-centrifuge-tgl-1850","status":"publish","type":"product","link":"https:\/\/lexamedlab.com\/pt\/product\/benchtop-high-speed-micro-refrigerated-centrifuge-tgl-1850\/","title":{"rendered":"Microcentr\u00edfuga refrigerada de alta velocidade de bancada TGL-1850"},"content":{"rendered":"<div style=\"width: 1280px;\" class=\"wp-video\"><!--[if lt IE 9]><script>document.createElement('video');<\/script><![endif]-->\n<video class=\"wp-video-shortcode\" id=\"video-22317-1\" width=\"1280\" height=\"720\" preload=\"metadata\" controls=\"controls\"><source type=\"video\/mp4\" src=\"https:\/\/lexamedlab.com\/wp-content\/uploads\/2025\/05\/tgl-1850-high-speed-micro-refrigerated-centrifuge.mp4?_=1\" \/><a href=\"https:\/\/lexamedlab.com\/wp-content\/uploads\/2025\/05\/tgl-1850-high-speed-micro-refrigerated-centrifuge.mp4\">https:\/\/lexamedlab.com\/wp-content\/uploads\/2025\/05\/tgl-1850-high-speed-micro-refrigerated-centrifuge.mp4<\/a><\/video><\/div>\n<blockquote><p><span style=\"font-size: 18pt; font-family: 'times new roman', times, serif;\"><strong>&gt;Caracter\u00edsticas<\/strong><\/span><\/p><\/blockquote>\n<table style=\"width: 100%; border-collapse: collapse; background-color: #53a1cc;\">\n<tbody>\n<tr>\n<td style=\"width: 50%;\">\n<div><span style=\"font-size: 18pt;\"><strong><span style=\"font-family: 'times new roman', times, serif; color: #ffffff;\">Caracter\u00edsticas<\/span><\/strong><\/span><\/div>\n<div><span style=\"font-size: 14pt; font-family: 'times new roman', times, serif; color: #ffffff;\">&gt;Identifica\u00e7\u00e3o autom\u00e1tica do rotor por RFID<\/span><\/div>\n<div><span style=\"font-size: 14pt; font-family: 'times new roman', times, serif; color: #ffffff;\">&gt; Detec\u00e7\u00e3o de desequil\u00edbrio com parada autom\u00e1tica de funcionamento<\/span><\/div>\n<div><span style=\"font-size: 14pt; font-family: 'times new roman', times, serif; color: #ffffff;\">&gt;Design compacto, leve<\/span><\/div>\n<div><span style=\"font-size: 14pt; font-family: 'times new roman', times, serif; color: #ffffff;\">&gt; Motor de frequ\u00eancia vari\u00e1vel, controle por microprocessador<\/span><\/div>\n<div><span style=\"font-size: 14pt; font-family: 'times new roman', times, serif; color: #ffffff;\">&gt;Tela sens\u00edvel ao toque LCD para visualiza\u00e7\u00e3o e configura\u00e7\u00e3o de par\u00e2metros<\/span><\/div>\n<div><span style=\"font-size: 14pt; font-family: 'times new roman', times, serif; color: #ffffff;\">&gt;Trava de tampa eletr\u00f4nica motorizada autoescorvante<\/span><\/div>\n<div><span style=\"font-size: 14pt; font-family: 'times new roman', times, serif; color: #ffffff;\">&gt;at\u00e9 1000 programas e 1000 hist\u00f3ricos de execu\u00e7\u00e3o<\/span><\/div>\n<div><span style=\"font-size: 14pt; font-family: 'times new roman', times, serif; color: #ffffff;\">&gt;at\u00e9 40 taxas de acelera\u00e7\u00e3o e desacelera\u00e7\u00e3o<\/span><\/div>\n<div><span style=\"font-size: 14pt; font-family: 'times new roman', times, serif; color: #ffffff;\">&gt; modo de centrifuga\u00e7\u00e3o multiest\u00e1gio de at\u00e9 7 est\u00e1gios dispon\u00edvel<\/span><\/div>\n<div><span style=\"font-size: 14pt; font-family: 'times new roman', times, serif; color: #ffffff;\">&gt;Suporta centrifuga\u00e7\u00e3o curta e cont\u00ednua<\/span><\/div>\n<\/td>\n<td style=\"width: 50%;\"><img fetchpriority=\"high\" decoding=\"async\" class=\"alignnone  wp-image-22320\" src=\"https:\/\/lexamedlab.com\/wp-content\/uploads\/2025\/05\/24x1-5ml-angle-rotor.webp\" alt=\"\" width=\"502\" height=\"271\" \/><\/td>\n<\/tr>\n<tr>\n<td style=\"width: 50%;\"><img decoding=\"async\" class=\"alignnone  wp-image-22321\" src=\"https:\/\/lexamedlab.com\/wp-content\/uploads\/2025\/05\/6465456.webp\" alt=\"\" width=\"311\" height=\"207\" \/><\/td>\n<td style=\"width: 50%;\">\n<div><span style=\"color: #ffffff;\"><strong><span style=\"font-family: 'times new roman', times, serif; font-size: 18pt;\">Refrigera\u00e7\u00e3o\u00a0<\/span><\/strong><\/span><\/div>\n<div><span style=\"color: #ffffff; font-size: 14pt; font-family: 'times new roman', times, serif;\">&gt;-10\u00b0C a +40\u00b0C, incremento de 1\u00b0C<\/span><\/div>\n<div><span style=\"color: #ffffff; font-size: 14pt; font-family: 'times new roman', times, serif;\">Precis\u00e3o de alta temperatura &gt;\u00b11\u2103<\/span><\/div>\n<div><span style=\"color: #ffffff; font-size: 14pt; font-family: 'times new roman', times, serif;\">&gt;Refrigerante sem CFC<\/span><\/div>\n<div><span style=\"color: #ffffff; font-size: 14pt; font-family: 'times new roman', times, serif;\">&gt;Sensor de temperatura dentro da c\u00e2mara<\/span><\/div>\n<div><span style=\"color: #ffffff; font-size: 14pt; font-family: 'times new roman', times, serif;\">&gt;Inicia a refrigera\u00e7\u00e3o ao ligar<\/span><\/div>\n<div><span style=\"color: #ffffff; font-size: 14pt; font-family: 'times new roman', times, serif;\">&gt;Mant\u00e9m a refrigera\u00e7\u00e3o ap\u00f3s a centrifuga\u00e7\u00e3o<\/span><\/div>\n<div><span style=\"color: #ffffff; font-size: 14pt; font-family: 'times new roman', times, serif;\">&gt; Com bot\u00e3o Fast Temp<\/span><\/div>\n<div><span style=\"color: #ffffff; font-size: 14pt; font-family: 'times new roman', times, serif;\">&gt;Pode definir o tempo de parada do resfriamento na porta\/espera<\/span><\/div>\n<\/td>\n<\/tr>\n<\/tbody>\n<\/table>\n<blockquote><p><span style=\"font-family: 'times new roman', times, serif;\"><strong><span style=\"font-size: 18pt;\">&gt;Rotores dispon\u00edveis<\/span><\/strong><\/span><\/p><\/blockquote>\n<p><img decoding=\"async\" class=\"alignnone size-full wp-image-22322\" src=\"https:\/\/lexamedlab.com\/wp-content\/uploads\/2025\/05\/tgl-1850-1-scaled.webp\" alt=\"\" width=\"2560\" height=\"641\" \/><\/p>","protected":false},"excerpt":{"rendered":"<div>\n<div class=\"editor-text-wrap\">\n<p><span style=\"font-size: 14pt; font-family: 'times new roman', times, serif;\">A microcentr\u00edfuga refrigerada de alta velocidade TGL-1850, de bancada, foi projetada para microcapacidade e pode ser equipada com rotores de \u00e2ngulo fixo para 1,5\/2,2 ml, 5 ml e 0,2 ml. \u00c9 uma centr\u00edfuga ideal para biologia, microbiologia e PCR.<\/span><\/p>\n<\/div>\n<\/div>\n<ul>\n<li><span style=\"font-size: 14pt; font-family: 'times new roman', times, serif;\">Velocidade m\u00e1xima\u00a0 \u00a0 \u00a0 \u00a0 \u00a0 \u00a0 \u00a0 \u00a0 \u00a0 \u00a0 \u00a0 \u00a0<span class=\"item-val\">14000 rpm<\/span><\/span><\/li>\n<li><span style=\"font-size: 14pt; font-family: 'times new roman', times, serif;\">RCF m\u00e1x.\u00a0 \u00a0 \u00a0 \u00a0 \u00a0 \u00a0 \u00a0 \u00a0 \u00a0 \u00a0 \u00a0 \u00a0 \u00a0<span class=\"item-val\">18845xg<\/span><\/span><\/li>\n<li><span style=\"font-size: 14pt; font-family: 'times new roman', times, serif;\">Faixa de temperatura\u00a0 \u00a0 \u00a0 \u00a0 \u00a0 \u00a0<span class=\"item-val\">-10\u2103 a +40\u2103<\/span><\/span><\/li>\n<li><span style=\"font-size: 14pt; font-family: 'times new roman', times, serif;\">Precis\u00e3o de temperatura\u00a0 \u00a0 \u00a0 <span class=\"item-val\">\u00b11\u2103<\/span><\/span><\/li>\n<li><span style=\"font-size: 14pt; font-family: 'times new roman', times, serif;\">Intervalo do temporizador\u00a0 \u00a0 \u00a0 \u00a0 \u00a0 \u00a0 \u00a0 \u00a0 \u00a0 \u00a0 \u00a0<span class=\"item-val\">1s a 99h59m<\/span><\/span><\/li>\n<li><span style=\"font-size: 14pt; font-family: 'times new roman', times, serif;\">Capacidade m\u00e1xima\u00a0 \u00a0 \u00a0 \u00a0 \u00a0 \u00a0 \u00a0 \u00a0 \u00a0 \u00a0<span class=\"item-val\">12*5ml<\/span><\/span><\/li>\n<li><span style=\"font-size: 14pt; font-family: 'times new roman', times, serif;\">Precis\u00e3o de velocidade\u00a0 \u00a0 \u00a0 \u00a0 \u00a0 \u00a0 \u00a0 \u00a0 <span class=\"item-val\">\u00b110rpm<\/span><\/span><\/li>\n<li><span style=\"font-size: 14pt; font-family: 'times new roman', times, serif;\">Barulho\u00a0 \u00a0 \u00a0 \u00a0 \u00a0 \u00a0 \u00a0 \u00a0 \u00a0 \u00a0 \u00a0 \u00a0 \u00a0 \u00a0 \u00a0 \u00a0<span class=\"item-val\">\u226456dB(A)<\/span><\/span><\/li>\n<li><span style=\"font-size: 14pt; font-family: 'times new roman', times, serif;\">Consumo de energia\u00a0 \u00a0 \u00a0 \u00a0 <span class=\"item-val\">400 W<\/span><\/span><\/li>\n<li><span style=\"font-size: 14pt; font-family: 'times new roman', times, serif;\">Dimens\u00e3o\u00a0 \u00a0 \u00a0 \u00a0 \u00a0 \u00a0 \u00a0 \u00a0 \u00a0 \u00a0 \u00a0 <span class=\"item-val\">510x300x280 mm<\/span><\/span><\/li>\n<li><span style=\"font-size: 14pt; font-family: 'times new roman', times, serif;\">Peso l\u00edquido\u00a0 \u00a0 \u00a0 \u00a0 \u00a0 \u00a0 \u00a0 \u00a0 \u00a0 \u00a0 \u00a0 <span class=\"item-val\">29 kg<\/span><\/span><\/li>\n<\/ul>","protected":false},"featured_media":22323,"comment_status":"open","ping_status":"closed","template":"","meta":{"_acf_changed":false},"product_brand":[],"product_cat":[20,80,88,89],"product_tag":[],"class_list":{"0":"post-22317","1":"product","2":"type-product","3":"status-publish","4":"has-post-thumbnail","6":"product_cat-all","7":"product_cat-centrifuge","8":"product_cat-high-speed-centrifuge","9":"product_cat-high-speed-refrigerated-centrifuge","11":"first","12":"instock","13":"shipping-taxable","14":"product-type-simple"},"acf":[],"_links":{"self":[{"href":"https:\/\/lexamedlab.com\/pt\/wp-json\/wp\/v2\/product\/22317","targetHints":{"allow":["GET"]}}],"collection":[{"href":"https:\/\/lexamedlab.com\/pt\/wp-json\/wp\/v2\/product"}],"about":[{"href":"https:\/\/lexamedlab.com\/pt\/wp-json\/wp\/v2\/types\/product"}],"replies":[{"embeddable":true,"href":"https:\/\/lexamedlab.com\/pt\/wp-json\/wp\/v2\/comments?post=22317"}],"version-history":[{"count":1,"href":"https:\/\/lexamedlab.com\/pt\/wp-json\/wp\/v2\/product\/22317\/revisions"}],"predecessor-version":[{"id":22328,"href":"https:\/\/lexamedlab.com\/pt\/wp-json\/wp\/v2\/product\/22317\/revisions\/22328"}],"wp:featuredmedia":[{"embeddable":true,"href":"https:\/\/lexamedlab.com\/pt\/wp-json\/wp\/v2\/media\/22323"}],"wp:attachment":[{"href":"https:\/\/lexamedlab.com\/pt\/wp-json\/wp\/v2\/media?parent=22317"}],"wp:term":[{"taxonomy":"product_brand","embeddable":true,"href":"https:\/\/lexamedlab.com\/pt\/wp-json\/wp\/v2\/product_brand?post=22317"},{"taxonomy":"product_cat","embeddable":true,"href":"https:\/\/lexamedlab.com\/pt\/wp-json\/wp\/v2\/product_cat?post=22317"},{"taxonomy":"product_tag","embeddable":true,"href":"https:\/\/lexamedlab.com\/pt\/wp-json\/wp\/v2\/product_tag?post=22317"}],"curies":[{"name":"wp","href":"https:\/\/api.w.org\/{rel}","templated":true}]}}