{"id":22344,"date":"2025-05-21T12:11:33","date_gmt":"2025-05-21T12:11:33","guid":{"rendered":"https:\/\/lexamedlab.com\/?post_type=product&#038;p=22344"},"modified":"2025-05-28T17:16:09","modified_gmt":"2025-05-28T17:16:09","slug":"floor-standing-high-speed-refrigerated-centrifuge-machine-lg-22","status":"publish","type":"product","link":"https:\/\/lexamedlab.com\/pt\/product\/floor-standing-high-speed-refrigerated-centrifuge-machine-lg-22\/","title":{"rendered":"M\u00e1quina centr\u00edfuga refrigerada de alta velocidade de piso LG-22"},"content":{"rendered":"<blockquote><p><span style=\"font-family: 'times new roman', times, serif;\"><strong><span style=\"font-size: 18pt;\">&gt;Caracter\u00edsticas<\/span><\/strong><\/span><\/p><\/blockquote>\n<table style=\"width: 100%; border-collapse: collapse; background-color: #35a1cc;\">\n<tbody>\n<tr>\n<td style=\"width: 50%;\">\n<div><span style=\"color: #ffffff;\"><strong><span style=\"font-size: 18pt; font-family: 'times new roman', times, serif;\">Fun\u00e7\u00e3o amig\u00e1vel ao usu\u00e1rio\u00a0<\/span><\/strong><\/span><\/div>\n<div><span style=\"color: #ffffff; font-size: 14pt; font-family: 'times new roman', times, serif;\">&gt;at\u00e9 1000 programas definidos pelo usu\u00e1rio<\/span><\/div>\n<div><span style=\"color: #ffffff; font-size: 14pt; font-family: 'times new roman', times, serif;\">&gt;at\u00e9 100.000 hist\u00f3ricos de execu\u00e7\u00e3o, podem ser exportados como arquivo PDF<\/span><\/div>\n<div><span style=\"color: #ffffff; font-size: 14pt; font-family: 'times new roman', times, serif;\">&gt;at\u00e9 40 taxas de acelera\u00e7\u00e3o e desacelera\u00e7\u00e3o, redu\u00e7\u00f5es de velocidade\u00a0<\/span><\/div>\n<div><span style=\"color: #ffffff; font-size: 14pt; font-family: 'times new roman', times, serif;\">\u00a0 \u00a0curva lentamente de 600 rpm a 0 rpm para evitar trepida\u00e7\u00e3o das amostras<\/span><\/div>\n<div><span style=\"color: #ffffff; font-size: 14pt; font-family: 'times new roman', times, serif;\">&gt; modo de centrifuga\u00e7\u00e3o multiest\u00e1gios de at\u00e9 7 est\u00e1gios dispon\u00edvel<\/span><\/div>\n<div><span style=\"color: #ffffff; font-size: 14pt; font-family: 'times new roman', times, serif;\">&gt;intervalo de tempo de at\u00e9 99h59m59s, incremento de 1s<\/span><\/div>\n<div><span style=\"color: #ffffff; font-size: 14pt; font-family: 'times new roman', times, serif;\">&gt;Suporta centrifuga\u00e7\u00e3o curta e cont\u00ednua<\/span><\/div>\n<div><span style=\"color: #ffffff; font-size: 14pt; font-family: 'times new roman', times, serif;\">&gt;Tela sens\u00edvel ao toque LCD para visualiza\u00e7\u00e3o e configura\u00e7\u00e3o de par\u00e2metros<\/span><\/div>\n<\/td>\n<td style=\"width: 50%;\">\n<div><strong><span style=\"color: #ffffff; font-size: 18pt; font-family: 'times new roman', times, serif;\">Refrigera\u00e7\u00e3o\u00a0<\/span><\/strong><\/div>\n<div><span style=\"color: #ffffff; font-size: 14pt; font-family: 'times new roman', times, serif;\">&gt;Unidade compressora de alta qualidade<\/span><\/div>\n<div><span style=\"color: #ffffff; font-size: 14pt; font-family: 'times new roman', times, serif;\">&gt;-20\u00b0C a +40\u00b0C, incremento de 1\u00b0C<\/span><\/div>\n<div><span style=\"color: #ffffff; font-size: 14pt; font-family: 'times new roman', times, serif;\">Precis\u00e3o de alta temperatura &gt;\u00b11\u2103<\/span><\/div>\n<div><span style=\"color: #ffffff; font-size: 14pt; font-family: 'times new roman', times, serif;\">&gt;Refrigerante sem CFC<\/span><\/div>\n<div><span style=\"color: #ffffff; font-size: 14pt; font-family: 'times new roman', times, serif;\">&gt;Controle din\u00e2mico de temperatura PID<\/span><\/div>\n<div><span style=\"color: #ffffff; font-size: 14pt; font-family: 'times new roman', times, serif;\">&gt;Sensor de temperatura dentro da c\u00e2mara<\/span><\/div>\n<div><span style=\"color: #ffffff; font-size: 14pt; font-family: 'times new roman', times, serif;\">&gt;Inicia a refrigera\u00e7\u00e3o ao ligar<\/span><\/div>\n<div><span style=\"color: #ffffff; font-size: 14pt; font-family: 'times new roman', times, serif;\">&gt;Mant\u00e9m a refrigera\u00e7\u00e3o ap\u00f3s a centrifuga\u00e7\u00e3o<\/span><\/div>\n<div><span style=\"color: #ffffff; font-size: 14pt; font-family: 'times new roman', times, serif;\">&gt;Com m\u00f3dulo de economia de energia ECO<\/span><\/div>\n<\/td>\n<\/tr>\n<tr>\n<td style=\"width: 50%;\">\n<div><span style=\"font-family: 'times new roman', times, serif; color: #ffffff;\"><strong><span style=\"font-size: 18pt;\">Garantir a seguran\u00e7a\u00a0<\/span><\/strong><\/span><\/div>\n<div><span style=\"color: #ffffff; font-size: 14pt; font-family: 'times new roman', times, serif;\">&gt;Identifica\u00e7\u00e3o autom\u00e1tica do rotor RFID<\/span><\/div>\n<div><span style=\"color: #ffffff; font-size: 14pt; font-family: 'times new roman', times, serif;\">&gt;Detec\u00e7\u00e3o de desequil\u00edbrio por girosc\u00f3pio de tr\u00eas eixos<\/span><\/div>\n<div><span style=\"color: #ffffff; font-size: 14pt; font-family: 'times new roman', times, serif;\">&gt;Fechadura eletr\u00f4nica motorizada<\/span><\/div>\n<div><span style=\"color: #ffffff; font-size: 14pt; font-family: 'times new roman', times, serif;\">&gt;A porta n\u00e3o pode ser aberta quando o rotor est\u00e1 girando<\/span><\/div>\n<div><span style=\"color: #ffffff; font-size: 14pt; font-family: 'times new roman', times, serif;\">&gt;Dobradi\u00e7as a g\u00e1s para evitar que a porta caia<\/span><\/div>\n<div><span style=\"color: #ffffff; font-size: 14pt; font-family: 'times new roman', times, serif;\">&gt;Porta na porta para calibra\u00e7\u00e3o e verifica\u00e7\u00e3o de opera\u00e7\u00e3o<\/span><\/div>\n<div><span style=\"color: #ffffff; font-size: 14pt; font-family: 'times new roman', times, serif;\">&gt;Libera\u00e7\u00e3o de trava de porta de emerg\u00eancia<\/span><\/div>\n<div><span style=\"color: #ffffff; font-size: 14pt; font-family: 'times new roman', times, serif;\">&gt;Senha para bloquear o dispositivo<\/span><\/div>\n<div><span style=\"color: #ffffff; font-size: 14pt; font-family: 'times new roman', times, serif;\">&gt;V\u00e1rias prote\u00e7\u00f5es para garantir uma centrifuga\u00e7\u00e3o segura<\/span><\/div>\n<div><span style=\"color: #ffffff; font-size: 14pt; font-family: 'times new roman', times, serif;\">&gt;Com manual de instru\u00e7\u00f5es eletr\u00f4nico nunca ser\u00e1 perdido<\/span><\/div>\n<\/td>\n<td style=\"width: 50%;\">\n<div><span style=\"font-family: 'times new roman', times, serif; color: #ffffff;\"><strong><span style=\"font-size: 18pt;\">Bons componentes\u00a0<\/span><\/strong><\/span><\/div>\n<div><span style=\"color: #ffffff; font-size: 14pt; font-family: 'times new roman', times, serif;\">&gt;Motor: Motor de frequ\u00eancia vari\u00e1vel.<\/span><\/div>\n<div><span style=\"color: #ffffff; font-size: 14pt; font-family: 'times new roman', times, serif;\">\u00a0 \u00a0funcionamento est\u00e1vel, sem necessidade de manuten\u00e7\u00e3o, longa vida \u00fatil<\/span><\/div>\n<div><span style=\"color: #ffffff; font-size: 14pt; font-family: 'times new roman', times, serif;\">&gt;Carca\u00e7a: A\u00e7o espesso e forte<\/span><\/div>\n<div><span style=\"color: #ffffff; font-size: 14pt; font-family: 'times new roman', times, serif;\">&gt;C\u00e2mara: A\u00e7o inoxid\u00e1vel 316 de grau m\u00e9dico.<\/span><\/div>\n<div><span style=\"color: #ffffff; font-size: 14pt; font-family: 'times new roman', times, serif;\">\u00a0 \u00a0anticorrosivo e f\u00e1cil de limpar<\/span><\/div>\n<div><span style=\"color: #ffffff; font-size: 14pt; font-family: 'times new roman', times, serif;\">&gt;Rotor: Rotor de \u00e2ngulo fixo em liga de alum\u00ednio;<\/span><\/div>\n<div><span style=\"color: #ffffff; font-size: 14pt; font-family: 'times new roman', times, serif;\">\u00a0 Rotor girat\u00f3rio em liga de alum\u00ednio\/a\u00e7o inoxid\u00e1vel.<\/span><\/div>\n<div><span style=\"color: #ffffff; font-size: 14pt; font-family: 'times new roman', times, serif;\">&gt;Os rotores s\u00e3o autoclav\u00e1veis\u00a0<\/span><\/div>\n<\/td>\n<\/tr>\n<\/tbody>\n<\/table>\n<blockquote><p><strong><span style=\"font-family: 'times new roman', times, serif; font-size: 18pt;\">&gt;Rotores dispon\u00edveis<\/span><\/strong><\/p><\/blockquote>\n<p><img fetchpriority=\"high\" decoding=\"async\" class=\"alignnone size-full wp-image-22349\" src=\"https:\/\/lexamedlab.com\/wp-content\/uploads\/2025\/05\/lg-22-scaled.webp\" alt=\"\" width=\"2560\" height=\"2285\" \/><\/p>","protected":false},"excerpt":{"rendered":"<div><span style=\"font-family: 'times new roman', times, serif; font-size: 14pt;\">LG-22 \u00e9 uma m\u00e1quina centr\u00edfuga refrigerada de alta velocidade, sua velocidade m\u00e1xima \u00e9 de 22.000 rpm, capacidade m\u00e1xima de 4*750 ml, compat\u00edvel com 0,2 ml a 750 ml.<\/span><\/div>\n<ul>\n<li><span style=\"font-family: 'times new roman', times, serif; font-size: 14pt;\">Velocidade m\u00e1xima\u00a0 \u00a0 \u00a0 \u00a0 \u00a0 \u00a0 \u00a0 \u00a0 \u00a0 \u00a0 \u00a0 <span class=\"item-val\">22000 rpm<\/span><\/span><\/li>\n<li><span style=\"font-family: 'times new roman', times, serif; font-size: 14pt;\">RCF m\u00e1x.\u00a0 \u00a0 \u00a0 \u00a0 \u00a0 \u00a0 \u00a0 \u00a0 \u00a0 \u00a0 \u00a0 \u00a0 \u00a0<span class=\"item-val\">33875Xg<\/span><\/span><\/li>\n<li><span style=\"font-family: 'times new roman', times, serif; font-size: 14pt;\">Capacidade M\u00e1xima\u00a0 \u00a0 \u00a0 \u00a0 \u00a0 \u00a0 \u00a0 \u00a0 \u00a0 <span class=\"item-val\">4*750ml<\/span><\/span><\/li>\n<li><span style=\"font-family: 'times new roman', times, serif; font-size: 14pt;\">Faixa de temperatura\u00a0 \u00a0 \u00a0 \u00a0 \u00a0<span class=\"item-val\">-20\u2103-40\u2103<\/span><\/span><\/li>\n<li><span style=\"font-family: 'times new roman', times, serif; font-size: 14pt;\">Precis\u00e3o de temperatura\u00a0 \u00a0 \u00a0<span class=\"item-val\">\u00b11\u2103<\/span><\/span><\/li>\n<li><span style=\"font-family: 'times new roman', times, serif; font-size: 14pt;\">Precis\u00e3o de velocidade\u00a0 \u00a0 \u00a0 \u00a0 \u00a0 \u00a0 \u00a0 \u00a0<span class=\"item-val\">\u00b110rpm<\/span><\/span><\/li>\n<li><span style=\"font-family: 'times new roman', times, serif; font-size: 14pt;\">Peso\u00a0 \u00a0 \u00a0 \u00a0 \u00a0 \u00a0 \u00a0 \u00a0 \u00a0 \u00a0 \u00a0 \u00a0 \u00a0 \u00a0 \u00a0<span class=\"item-val\">134 kg<\/span><\/span><\/li>\n<\/ul>","protected":false},"featured_media":22345,"comment_status":"open","ping_status":"closed","template":"","meta":{"_acf_changed":false},"product_brand":[],"product_cat":[20,80,93,88,89],"product_tag":[],"class_list":{"0":"post-22344","1":"product","2":"type-product","3":"status-publish","4":"has-post-thumbnail","6":"product_cat-all","7":"product_cat-centrifuge","8":"product_cat-floorstanding-high-speed-refrigerated-centrifuge","9":"product_cat-high-speed-centrifuge","10":"product_cat-high-speed-refrigerated-centrifuge","12":"first","13":"instock","14":"shipping-taxable","15":"product-type-simple"},"acf":[],"_links":{"self":[{"href":"https:\/\/lexamedlab.com\/pt\/wp-json\/wp\/v2\/product\/22344","targetHints":{"allow":["GET"]}}],"collection":[{"href":"https:\/\/lexamedlab.com\/pt\/wp-json\/wp\/v2\/product"}],"about":[{"href":"https:\/\/lexamedlab.com\/pt\/wp-json\/wp\/v2\/types\/product"}],"replies":[{"embeddable":true,"href":"https:\/\/lexamedlab.com\/pt\/wp-json\/wp\/v2\/comments?post=22344"}],"version-history":[{"count":1,"href":"https:\/\/lexamedlab.com\/pt\/wp-json\/wp\/v2\/product\/22344\/revisions"}],"predecessor-version":[{"id":22351,"href":"https:\/\/lexamedlab.com\/pt\/wp-json\/wp\/v2\/product\/22344\/revisions\/22351"}],"wp:featuredmedia":[{"embeddable":true,"href":"https:\/\/lexamedlab.com\/pt\/wp-json\/wp\/v2\/media\/22345"}],"wp:attachment":[{"href":"https:\/\/lexamedlab.com\/pt\/wp-json\/wp\/v2\/media?parent=22344"}],"wp:term":[{"taxonomy":"product_brand","embeddable":true,"href":"https:\/\/lexamedlab.com\/pt\/wp-json\/wp\/v2\/product_brand?post=22344"},{"taxonomy":"product_cat","embeddable":true,"href":"https:\/\/lexamedlab.com\/pt\/wp-json\/wp\/v2\/product_cat?post=22344"},{"taxonomy":"product_tag","embeddable":true,"href":"https:\/\/lexamedlab.com\/pt\/wp-json\/wp\/v2\/product_tag?post=22344"}],"curies":[{"name":"wp","href":"https:\/\/api.w.org\/{rel}","templated":true}]}}