{"id":22388,"date":"2025-05-21T12:46:25","date_gmt":"2025-05-21T12:46:25","guid":{"rendered":"https:\/\/lexamedlab.com\/?post_type=product&#038;p=22388"},"modified":"2025-05-28T17:16:09","modified_gmt":"2025-05-28T17:16:09","slug":"floor-standing-high-speed-refrigerated-centrifuge-machine-lg-25m","status":"publish","type":"product","link":"https:\/\/lexamedlab.com\/pt\/product\/floor-standing-high-speed-refrigerated-centrifuge-machine-lg-25m\/","title":{"rendered":"M\u00e1quina centr\u00edfuga refrigerada de alta velocidade de piso LG-25M"},"content":{"rendered":"<blockquote><p><span style=\"font-family: 'times new roman', times, serif;\"><strong><span style=\"font-size: 18pt;\">&gt;Caracter\u00edsticas<\/span><\/strong><\/span><\/p><\/blockquote>\n<table style=\"height: 48px; width: 100%; border-collapse: collapse; background-color: #35a1cc;\">\n<tbody>\n<tr style=\"height: 24px;\">\n<td style=\"width: 50%; height: 24px;\">\n<div><span style=\"font-size: 18pt;\"><strong><span style=\"color: #ffffff; font-family: 'times new roman', times, serif;\">Fun\u00e7\u00e3o amig\u00e1vel ao usu\u00e1rio\u00a0<\/span><\/strong><\/span><\/div>\n<div>\n<div><span style=\"font-size: 14pt; font-family: 'times new roman', times, serif; color: #ffffff;\">&gt;at\u00e9 1000 programas definidos pelo usu\u00e1rio<\/span><\/div>\n<div><span style=\"font-size: 14pt; font-family: 'times new roman', times, serif; color: #ffffff;\">&gt;at\u00e9 100.000 hist\u00f3ricos de execu\u00e7\u00e3o, podem ser exportados como arquivo PDF<\/span><\/div>\n<div><span style=\"font-size: 14pt; font-family: 'times new roman', times, serif; color: #ffffff;\">&gt;at\u00e9 40 taxas de acelera\u00e7\u00e3o e desacelera\u00e7\u00e3o<\/span><\/div>\n<div><span style=\"font-size: 14pt; font-family: 'times new roman', times, serif; color: #ffffff;\">&gt; modo de centrifuga\u00e7\u00e3o multiest\u00e1gios de at\u00e9 7 est\u00e1gios dispon\u00edvel<\/span><\/div>\n<div><span style=\"font-size: 14pt; font-family: 'times new roman', times, serif; color: #ffffff;\">&gt;intervalo de tempo de at\u00e9 99h59m59s, incremento de 1s<\/span><\/div>\n<div><span style=\"font-size: 14pt; font-family: 'times new roman', times, serif; color: #ffffff;\">&gt;Tela sens\u00edvel ao toque LCD para visualiza\u00e7\u00e3o e configura\u00e7\u00e3o de par\u00e2metros<\/span><\/div>\n<div><span style=\"font-size: 14pt; font-family: 'times new roman', times, serif; color: #ffffff;\">&gt;Suporta centrifuga\u00e7\u00e3o curta e cont\u00ednua<\/span><\/div>\n<div><span style=\"font-size: 14pt; font-family: 'times new roman', times, serif; color: #ffffff;\">&gt;Porta autom\u00e1tica aberta sem eleva\u00e7\u00e3o manual<\/span><\/div>\n<div><span style=\"font-size: 14pt; font-family: 'times new roman', times, serif; color: #ffffff;\">&gt; Bloqueio autom\u00e1tico do rotor, sem uso de ferramentas.<\/span><\/div>\n<\/div>\n<\/td>\n<td style=\"width: 50%; height: 24px;\">\n<div><strong><span style=\"color: #ffffff; font-size: 18pt; font-family: 'times new roman', times, serif;\">Refrigera\u00e7\u00e3o\u00a0<\/span><\/strong><\/div>\n<div>\n<div><span style=\"font-size: 14pt; font-family: 'times new roman', times, serif; color: #ffffff;\">&gt;Unidade compressora de alta qualidade<\/span><\/div>\n<div><span style=\"font-size: 14pt; font-family: 'times new roman', times, serif; color: #ffffff;\">&gt;-20\u00b0C a +40\u00b0C, incremento de 1\u00b0C<\/span><\/div>\n<div><span style=\"font-size: 14pt; font-family: 'times new roman', times, serif; color: #ffffff;\">Precis\u00e3o de alta temperatura &gt;\u00b11\u2103<\/span><\/div>\n<div><span style=\"font-size: 14pt; font-family: 'times new roman', times, serif; color: #ffffff;\">&gt;Refrigerante sem CFC<\/span><\/div>\n<div><span style=\"font-size: 14pt; font-family: 'times new roman', times, serif; color: #ffffff;\">&gt;Controle din\u00e2mico de temperatura PID<\/span><\/div>\n<div><span style=\"font-size: 14pt; font-family: 'times new roman', times, serif; color: #ffffff;\">&gt;Sensor de temperatura dentro da c\u00e2mara<\/span><\/div>\n<div><span style=\"font-size: 14pt; font-family: 'times new roman', times, serif; color: #ffffff;\">&gt;Inicia a refrigera\u00e7\u00e3o ao ligar<\/span><\/div>\n<div><span style=\"font-size: 14pt; font-family: 'times new roman', times, serif; color: #ffffff;\">&gt;Mant\u00e9m a refrigera\u00e7\u00e3o ap\u00f3s a centrifuga\u00e7\u00e3o<\/span><\/div>\n<div><span style=\"font-size: 14pt; font-family: 'times new roman', times, serif; color: #ffffff;\">&gt;Com m\u00f3dulo de economia de energia ECO<\/span><\/div>\n<\/div>\n<\/td>\n<\/tr>\n<tr style=\"height: 24px;\">\n<td style=\"width: 50%; height: 24px;\">\n<div><span style=\"font-size: 18pt;\"><strong><span style=\"color: #ffffff; font-family: 'times new roman', times, serif;\">Garantir a seguran\u00e7a\u00a0<\/span><\/strong><\/span><\/div>\n<div>\n<div><span style=\"font-family: 'times new roman', times, serif; font-size: 14pt; color: #ffffff;\">&gt;Reconhecimento autom\u00e1tico do rotor para evitar excesso de velocidade<\/span><\/div>\n<div><span style=\"font-family: 'times new roman', times, serif; font-size: 14pt; color: #ffffff;\">&gt;Fechadura eletr\u00f4nica autoescorvante motorizada<\/span><\/div>\n<div><span style=\"font-family: 'times new roman', times, serif; font-size: 14pt; color: #ffffff;\">&gt;A porta n\u00e3o pode ser aberta quando o rotor est\u00e1 girando<\/span><\/div>\n<div><span style=\"font-family: 'times new roman', times, serif; font-size: 14pt; color: #ffffff;\">&gt;Dobradi\u00e7as a g\u00e1s para evitar que a porta caia<\/span><\/div>\n<div><span style=\"font-family: 'times new roman', times, serif; font-size: 14pt; color: #ffffff;\">&gt;Porta na porta para calibra\u00e7\u00e3o e verifica\u00e7\u00e3o de opera\u00e7\u00e3o<\/span><\/div>\n<div><span style=\"font-family: 'times new roman', times, serif; font-size: 14pt; color: #ffffff;\">&gt;Libera\u00e7\u00e3o de trava de porta de emerg\u00eancia<\/span><\/div>\n<div><span style=\"font-family: 'times new roman', times, serif; font-size: 14pt; color: #ffffff;\">&gt;Senha para bloquear o dispositivo<\/span><\/div>\n<div><span style=\"font-family: 'times new roman', times, serif; font-size: 14pt; color: #ffffff;\">&gt;V\u00e1rias prote\u00e7\u00f5es para garantir uma centrifuga\u00e7\u00e3o segura<\/span><\/div>\n<div><span style=\"font-family: 'times new roman', times, serif; font-size: 14pt; color: #ffffff;\">&gt;Gerenciamento de usu\u00e1rios por senha, com aloca\u00e7\u00e3o de permiss\u00f5es<\/span><\/div>\n<\/div>\n<\/td>\n<td style=\"width: 50%; height: 24px;\">\n<div><strong><span style=\"color: #ffffff; font-size: 18pt; font-family: 'times new roman', times, serif;\">Bons componentes\u00a0<\/span><\/strong><\/div>\n<div>\n<div><span style=\"color: #ffffff; font-size: 14pt; font-family: 'times new roman', times, serif;\">&gt;Motor: Motor de frequ\u00eancia vari\u00e1vel.<\/span><\/div>\n<div><span style=\"color: #ffffff; font-size: 14pt; font-family: 'times new roman', times, serif;\">\u00a0 \u00a0funcionamento est\u00e1vel, sem necessidade de manuten\u00e7\u00e3o, longa vida \u00fatil<\/span><\/div>\n<div><span style=\"color: #ffffff; font-size: 14pt; font-family: 'times new roman', times, serif;\">&gt;Carca\u00e7a: A\u00e7o espesso e forte<\/span><\/div>\n<div><span style=\"color: #ffffff; font-size: 14pt; font-family: 'times new roman', times, serif;\">&gt;C\u00e2mara: A\u00e7o inoxid\u00e1vel 316 de grau m\u00e9dico.<\/span><\/div>\n<div><span style=\"color: #ffffff; font-size: 14pt; font-family: 'times new roman', times, serif;\">\u00a0 \u00a0anticorrosivo e f\u00e1cil de limpar<\/span><\/div>\n<div><span style=\"color: #ffffff; font-size: 14pt; font-family: 'times new roman', times, serif;\">&gt;Rotor: Metal forte<\/span><\/div>\n<div><span style=\"color: #ffffff; font-size: 14pt; font-family: 'times new roman', times, serif;\">&gt;Os rotores s\u00e3o autoclav\u00e1veis\u00a0<\/span><\/div>\n<\/div>\n<\/td>\n<\/tr>\n<\/tbody>\n<\/table>\n<blockquote><p><span style=\"font-family: 'times new roman', times, serif;\"><strong><span style=\"font-size: 18pt;\">Rotores dispon\u00edveis<\/span><\/strong><\/span><\/p>\n<p><img fetchpriority=\"high\" decoding=\"async\" class=\"alignnone size-full wp-image-22393\" src=\"https:\/\/lexamedlab.com\/wp-content\/uploads\/2025\/05\/lg-25m-1-scaled.webp\" alt=\"\" width=\"2560\" height=\"2324\" \/><\/p><\/blockquote>","protected":false},"excerpt":{"rendered":"<div>A LG-25M \u00e9 uma centr\u00edfuga de alta velocidade com velocidade m\u00e1xima de 25.000 rpm. Sua capacidade m\u00e1xima de 6 x 1.000 ml atende aos requisitos de centrifuga\u00e7\u00e3o de alta capacidade. Embora seja uma supercentr\u00edfuga com grande capacidade e alta velocidade, a precis\u00e3o de temperatura pode atingir \u00b1 1 \u2103 devido ao compressor importado de alta qualidade.<\/div>\n<ul>\n<li><span style=\"font-size: 14pt; font-family: 'times new roman', times, serif;\">Velocidade m\u00e1xima\u00a0 \u00a0 \u00a0 \u00a0 \u00a0 \u00a0 \u00a0 \u00a0 \u00a0 \u00a0 \u00a0 <span class=\"item-val\">25000 rpm<\/span><\/span><\/li>\n<li><span style=\"font-size: 14pt; font-family: 'times new roman', times, serif;\">For\u00e7a centr\u00edfuga m\u00e1xima\u00a0 \u00a0 <span class=\"item-val\">65000Xg<\/span><\/span><\/li>\n<li><span style=\"font-size: 14pt; font-family: 'times new roman', times, serif;\">Capacidade M\u00e1xima\u00a0 \u00a0 \u00a0 \u00a0 \u00a0 \u00a0 \u00a0 \u00a0 \u00a0 <span class=\"item-val\">6*1000ml<\/span><\/span><\/li>\n<li><span style=\"font-size: 14pt; font-family: 'times new roman', times, serif;\">Faixa de temperatura\u00a0 \u00a0 \u00a0 \u00a0 \u00a0<span class=\"item-val\">-20\u2103-40\u2103<\/span><\/span><\/li>\n<li><span style=\"font-size: 14pt; font-family: 'times new roman', times, serif;\">Precis\u00e3o de temperatura\u00a0 \u00a0 <span class=\"item-val\">\u00b11\u2103<\/span><\/span><\/li>\n<li><span style=\"font-size: 14pt; font-family: 'times new roman', times, serif;\">Precis\u00e3o de velocidade\u00a0 \u00a0 \u00a0 \u00a0 \u00a0 \u00a0 \u00a0 <span class=\"item-val\">\u00b110rpm<\/span><\/span><\/li>\n<li><span style=\"font-size: 14pt; font-family: 'times new roman', times, serif;\">Peso\u00a0 \u00a0 \u00a0 \u00a0 \u00a0 \u00a0 \u00a0 \u00a0 \u00a0 \u00a0 \u00a0 \u00a0 \u00a0 \u00a0 <span class=\"item-val\">250 kg<\/span><\/span><\/li>\n<\/ul>","protected":false},"featured_media":22389,"comment_status":"open","ping_status":"closed","template":"","meta":{"_acf_changed":false},"product_brand":[],"product_cat":[20,80,93,88,89],"product_tag":[],"class_list":{"0":"post-22388","1":"product","2":"type-product","3":"status-publish","4":"has-post-thumbnail","6":"product_cat-all","7":"product_cat-centrifuge","8":"product_cat-floorstanding-high-speed-refrigerated-centrifuge","9":"product_cat-high-speed-centrifuge","10":"product_cat-high-speed-refrigerated-centrifuge","12":"first","13":"instock","14":"shipping-taxable","15":"product-type-simple"},"acf":[],"_links":{"self":[{"href":"https:\/\/lexamedlab.com\/pt\/wp-json\/wp\/v2\/product\/22388","targetHints":{"allow":["GET"]}}],"collection":[{"href":"https:\/\/lexamedlab.com\/pt\/wp-json\/wp\/v2\/product"}],"about":[{"href":"https:\/\/lexamedlab.com\/pt\/wp-json\/wp\/v2\/types\/product"}],"replies":[{"embeddable":true,"href":"https:\/\/lexamedlab.com\/pt\/wp-json\/wp\/v2\/comments?post=22388"}],"version-history":[{"count":1,"href":"https:\/\/lexamedlab.com\/pt\/wp-json\/wp\/v2\/product\/22388\/revisions"}],"predecessor-version":[{"id":22395,"href":"https:\/\/lexamedlab.com\/pt\/wp-json\/wp\/v2\/product\/22388\/revisions\/22395"}],"wp:featuredmedia":[{"embeddable":true,"href":"https:\/\/lexamedlab.com\/pt\/wp-json\/wp\/v2\/media\/22389"}],"wp:attachment":[{"href":"https:\/\/lexamedlab.com\/pt\/wp-json\/wp\/v2\/media?parent=22388"}],"wp:term":[{"taxonomy":"product_brand","embeddable":true,"href":"https:\/\/lexamedlab.com\/pt\/wp-json\/wp\/v2\/product_brand?post=22388"},{"taxonomy":"product_cat","embeddable":true,"href":"https:\/\/lexamedlab.com\/pt\/wp-json\/wp\/v2\/product_cat?post=22388"},{"taxonomy":"product_tag","embeddable":true,"href":"https:\/\/lexamedlab.com\/pt\/wp-json\/wp\/v2\/product_tag?post=22388"}],"curies":[{"name":"wp","href":"https:\/\/api.w.org\/{rel}","templated":true}]}}