{"id":22452,"date":"2025-05-22T03:05:31","date_gmt":"2025-05-22T03:05:31","guid":{"rendered":"https:\/\/lexamedlab.com\/?post_type=product&#038;p=22452"},"modified":"2025-05-28T17:16:39","modified_gmt":"2025-05-28T17:16:39","slug":"floor-standing-low-speed-refrigerated-centrifuge-machine-ld-8m","status":"publish","type":"product","link":"https:\/\/lexamedlab.com\/pt\/product\/floor-standing-low-speed-refrigerated-centrifuge-machine-ld-8m\/","title":{"rendered":"M\u00e1quina centr\u00edfuga refrigerada de baixa velocidade de piso LD-8M"},"content":{"rendered":"<blockquote><p><strong><span style=\"font-family: 'times new roman', times, serif; font-size: 18pt;\">&gt;Caracter\u00edsticas<\/span><\/strong><\/p><\/blockquote>\n<table style=\"width: 100%; border-collapse: collapse; background-color: #53a1cc; height: 48px;\">\n<tbody>\n<tr style=\"height: 24px;\">\n<td style=\"width: 50%; height: 24px;\">\n<div><span style=\"color: #ffffff; font-size: 18pt; font-family: 'times new roman', times, serif;\"><strong>Fun\u00e7\u00e3o amig\u00e1vel ao usu\u00e1rio\u00a0<\/strong><\/span><\/div>\n<div>\n<div><span style=\"font-family: 'times new roman', times, serif; font-size: 14pt; color: #ffffff;\">&gt;at\u00e9 1000 programas definidos pelo usu\u00e1rio, com prote\u00e7\u00e3o por senha<\/span><\/div>\n<div><span style=\"font-family: 'times new roman', times, serif; font-size: 14pt; color: #ffffff;\">&gt;at\u00e9 100.000 hist\u00f3ricos de execu\u00e7\u00e3o<\/span><\/div>\n<div><span style=\"font-family: 'times new roman', times, serif; font-size: 14pt; color: #ffffff;\">&gt;at\u00e9 40 taxas de acelera\u00e7\u00e3o e desacelera\u00e7\u00e3o<\/span><\/div>\n<div><span style=\"font-family: 'times new roman', times, serif; font-size: 14pt; color: #ffffff;\">&gt; modo de centrifuga\u00e7\u00e3o multiest\u00e1gios de at\u00e9 5 est\u00e1gios dispon\u00edvel<\/span><\/div>\n<div><span style=\"font-family: 'times new roman', times, serif; font-size: 14pt; color: #ffffff;\">&gt;intervalo de tempo de at\u00e9 99h59m59s, incremento de 1s<\/span><\/div>\n<div><span style=\"font-family: 'times new roman', times, serif; font-size: 14pt; color: #ffffff;\">&gt;Suporta centrifuga\u00e7\u00e3o curta e cont\u00ednua<\/span><\/div>\n<div><span style=\"font-family: 'times new roman', times, serif; font-size: 14pt; color: #ffffff;\">&gt;Exibi\u00e7\u00e3o de curva \u2014 Curva de velocidade, curva RCF e curva de temperatura\u00a0<\/span><\/div>\n<div><span style=\"font-family: 'times new roman', times, serif; font-size: 14pt; color: #ffffff;\">\u00a0 \u00a0s\u00e3o exibidos juntos, claros para ver suas mudan\u00e7as e rela\u00e7\u00f5es<\/span><\/div>\n<div><span style=\"font-family: 'times new roman', times, serif; font-size: 14pt; color: #ffffff;\">&gt;Pode processar 12 bolsas de sangue por vez<\/span><\/div>\n<div><span style=\"font-family: 'times new roman', times, serif; font-size: 14pt; color: #ffffff;\">&gt;Pode processar 384 bolsas de sangue por vez<\/span><\/div>\n<\/div>\n<\/td>\n<td style=\"width: 50%; height: 24px;\">\n<div><span style=\"color: #ffffff; font-size: 14pt; font-family: 'times new roman', times, serif;\"><strong><span style=\"font-size: 18pt;\">Refrigera\u00e7\u00e3o<\/span>\u00a0<\/strong><\/span><\/div>\n<div>\n<div><span style=\"color: #ffffff; font-size: 14pt; font-family: 'times new roman', times, serif;\">&gt;Unidade compressora de alta qualidade<\/span><\/div>\n<div><span style=\"color: #ffffff; font-size: 14pt; font-family: 'times new roman', times, serif;\">&gt;-20\u00b0C a +40\u00b0C, incremento de 1\u00b0C<\/span><\/div>\n<div><span style=\"color: #ffffff; font-size: 14pt; font-family: 'times new roman', times, serif;\">Precis\u00e3o de alta temperatura &gt;\u00b11\u2103<\/span><\/div>\n<div><span style=\"color: #ffffff; font-size: 14pt; font-family: 'times new roman', times, serif;\">&gt;Refrigerante sem CFC<\/span><\/div>\n<div><span style=\"color: #ffffff; font-size: 14pt; font-family: 'times new roman', times, serif;\">&gt;Controle din\u00e2mico de temperatura PID<\/span><\/div>\n<div><span style=\"color: #ffffff; font-size: 14pt; font-family: 'times new roman', times, serif;\">&gt;Sensor de temperatura dentro da c\u00e2mara<\/span><\/div>\n<div><span style=\"color: #ffffff; font-size: 14pt; font-family: 'times new roman', times, serif;\">&gt;Inicia a refrigera\u00e7\u00e3o ao ligar<\/span><\/div>\n<div><span style=\"color: #ffffff; font-size: 14pt; font-family: 'times new roman', times, serif;\">&gt;Mant\u00e9m a refrigera\u00e7\u00e3o ap\u00f3s a centrifuga\u00e7\u00e3o<\/span><\/div>\n<div><span style=\"color: #ffffff; font-size: 14pt; font-family: 'times new roman', times, serif;\">&gt;Com m\u00f3dulo de economia de energia ECO<\/span><\/div>\n<\/div>\n<\/td>\n<\/tr>\n<tr style=\"height: 24px;\">\n<td style=\"width: 50%; height: 24px;\">\n<div><span style=\"color: #ffffff; font-size: 18pt; font-family: 'times new roman', times, serif;\"><strong>Garantir a seguran\u00e7a\u00a0<\/strong><\/span><\/div>\n<div>\n<div><span style=\"font-size: 14pt; font-family: 'times new roman', times, serif; color: #ffffff;\">&gt;Fechadura eletr\u00f4nica autoescorvante motorizada<\/span><\/div>\n<div><span style=\"font-size: 14pt; font-family: 'times new roman', times, serif; color: #ffffff;\">&gt;A porta n\u00e3o pode ser aberta quando o rotor est\u00e1 girando<\/span><\/div>\n<div><span style=\"font-size: 14pt; font-family: 'times new roman', times, serif; color: #ffffff;\">&gt;Dobradi\u00e7as a g\u00e1s para evitar que a porta caia<\/span><\/div>\n<div><span style=\"font-size: 14pt; font-family: 'times new roman', times, serif; color: #ffffff;\">&gt;Porta na porta para calibra\u00e7\u00e3o e verifica\u00e7\u00e3o de opera\u00e7\u00e3o<\/span><\/div>\n<div><span style=\"font-size: 14pt; font-family: 'times new roman', times, serif; color: #ffffff;\">&gt;Libera\u00e7\u00e3o de trava de porta de emerg\u00eancia<\/span><\/div>\n<div><span style=\"font-size: 14pt; font-family: 'times new roman', times, serif; color: #ffffff;\">&gt;Senha para bloquear o dispositivo<\/span><\/div>\n<div><span style=\"font-size: 14pt; font-family: 'times new roman', times, serif; color: #ffffff;\">&gt;V\u00e1rias prote\u00e7\u00f5es para garantir uma centrifuga\u00e7\u00e3o segura<\/span><\/div>\n<\/div>\n<\/td>\n<td style=\"width: 50%; height: 24px;\">\n<div><span style=\"color: #ffffff; font-size: 18pt; font-family: 'times new roman', times, serif;\"><strong>Bons componentes<\/strong><\/span><\/div>\n<div>\n<div><span style=\"color: #ffffff; font-size: 14pt; font-family: 'times new roman', times, serif;\">&gt;Motor: Motor de frequ\u00eancia vari\u00e1vel.<\/span><\/div>\n<div><span style=\"color: #ffffff; font-size: 14pt; font-family: 'times new roman', times, serif;\">\u00a0 \u00a0funcionamento est\u00e1vel, sem necessidade de manuten\u00e7\u00e3o, longa vida \u00fatil<\/span><\/div>\n<div><span style=\"color: #ffffff; font-size: 14pt; font-family: 'times new roman', times, serif;\">&gt;Carca\u00e7a: A\u00e7o espesso e forte<\/span><\/div>\n<div><span style=\"color: #ffffff; font-size: 14pt; font-family: 'times new roman', times, serif;\">&gt;C\u00e2mara: A\u00e7o inoxid\u00e1vel 316 de grau m\u00e9dico.<\/span><\/div>\n<div><span style=\"color: #ffffff; font-size: 14pt; font-family: 'times new roman', times, serif;\">\u00a0 \u00a0anticorrosivo e f\u00e1cil de limpar<\/span><\/div>\n<div><span style=\"color: #ffffff; font-size: 14pt; font-family: 'times new roman', times, serif;\">&gt;Rotor: Rotor girat\u00f3rio de a\u00e7o\/a\u00e7o inoxid\u00e1vel.<\/span><\/div>\n<div><span style=\"color: #ffffff; font-size: 14pt; font-family: 'times new roman', times, serif;\">&gt;Os rotores s\u00e3o autoclav\u00e1veis\u00a0<\/span><\/div>\n<\/div>\n<\/td>\n<\/tr>\n<tr>\n<td style=\"width: 50%;\">\n<div>\n<div><strong><span style=\"font-size: 18pt; font-family: 'times new roman', times, serif; color: #ffffff;\">Tela sens\u00edvel ao toque LCD\u00a0<\/span><\/strong><\/div>\n<div><span style=\"font-size: 14pt; font-family: 'times new roman', times, serif; color: #ffffff;\">&gt;Simples e claro para mostrar todos os par\u00e2metros<\/span><\/div>\n<div><span style=\"font-size: 14pt; font-family: 'times new roman', times, serif; color: #ffffff;\">&gt;Tela sens\u00edvel ao toque, f\u00e1cil de definir par\u00e2metros<\/span><\/div>\n<div><span style=\"font-size: 14pt; font-family: 'times new roman', times, serif; color: #ffffff;\">&gt;RCF pode ser definido diretamente;RCF e RPM s\u00e3o convertidos automaticamente<\/span><\/div>\n<div><span style=\"font-size: 14pt; font-family: 'times new roman', times, serif; color: #ffffff;\">&gt; Exibi\u00e7\u00e3o de status inteligente, valores reais e em tempo real<\/span><\/div>\n<div><span style=\"font-size: 14pt; font-family: 'times new roman', times, serif; color: #ffffff;\">&gt;O usu\u00e1rio pode definir par\u00e2metros mesmo com luvas<\/span><\/div>\n<div><span style=\"font-size: 14pt; font-family: 'times new roman', times, serif; color: #ffffff;\">&gt;O usu\u00e1rio pode redefinir os par\u00e2metros quando o rotor estiver girando<\/span><\/div>\n<\/div>\n<\/td>\n<td style=\"width: 50%;\">\n<div><span style=\"color: #ffffff; font-size: 18pt; font-family: 'times new roman', times, serif;\"><strong><img fetchpriority=\"high\" decoding=\"async\" class=\"alignnone  wp-image-22455\" src=\"https:\/\/lexamedlab.com\/wp-content\/uploads\/2025\/05\/blood-bag-12.webp\" alt=\"\" width=\"281\" height=\"188\" \/><\/strong><\/span><\/div>\n<\/td>\n<\/tr>\n<\/tbody>\n<\/table>\n<blockquote><p><span style=\"font-family: 'times new roman', times, serif;\"><strong><span style=\"font-size: 18pt;\">Rotores dispon\u00edveis<\/span><\/strong><\/span><\/p>\n<p>&nbsp;<\/p>\n<table style=\"border-collapse: collapse; width: 100%;\">\n<tbody>\n<tr>\n<td style=\"width: 20%;\"><img decoding=\"async\" class=\"alignnone size-full wp-image-22456\" src=\"https:\/\/lexamedlab.com\/wp-content\/uploads\/2025\/05\/6x2400ml.webp\" alt=\"\" width=\"1500\" height=\"1000\" \/><\/td>\n<td style=\"width: 20%;\"><img decoding=\"async\" class=\"alignnone size-full wp-image-22457\" src=\"https:\/\/lexamedlab.com\/wp-content\/uploads\/2025\/05\/blood-bag-12-1.webp\" alt=\"\" width=\"1500\" height=\"1000\" \/><\/td>\n<td style=\"width: 20%;\"><img loading=\"lazy\" decoding=\"async\" class=\"alignnone size-full wp-image-22458\" src=\"https:\/\/lexamedlab.com\/wp-content\/uploads\/2025\/05\/6x1000ml-1-1.webp\" alt=\"\" width=\"1500\" height=\"1000\" \/><\/td>\n<td style=\"width: 20%;\"><img loading=\"lazy\" decoding=\"async\" class=\"alignnone size-full wp-image-22459\" src=\"https:\/\/lexamedlab.com\/wp-content\/uploads\/2025\/05\/6x500ml-1-3.webp\" alt=\"\" width=\"1500\" height=\"1000\" \/><\/td>\n<td style=\"width: 20%;\"><img loading=\"lazy\" decoding=\"async\" class=\"alignnone size-full wp-image-22460\" src=\"https:\/\/lexamedlab.com\/wp-content\/uploads\/2025\/05\/384pcs.webp\" alt=\"\" width=\"1500\" height=\"1000\" \/><\/td>\n<\/tr>\n<tr>\n<td style=\"width: 20%;\">\n<div><span style=\"font-size: 14pt; font-family: 'times new roman', times, serif;\">Rotor: Rotor girat\u00f3rio<\/span><\/div>\n<div><span style=\"font-size: 14pt; font-family: 'times new roman', times, serif;\">Capacidade: 6\u00d72400ml<\/span><\/div>\n<div><span style=\"font-size: 14pt; font-family: 'times new roman', times, serif;\">Velocidade m\u00e1xima: 4500 rpm<\/span><\/div>\n<div><span style=\"font-size: 14pt; font-family: 'times new roman', times, serif;\">RCF m\u00e1x.: 7095\u00d7g<\/span><\/div>\n<\/td>\n<td style=\"width: 20%;\">\n<div><span style=\"font-size: 14pt; font-family: 'times new roman', times, serif;\">Rotor: Rotor girat\u00f3rio<\/span><\/div>\n<div><span style=\"font-size: 14pt; font-family: 'times new roman', times, serif;\">Capacidade: 12 bolsas de sangue de 400ml<\/span><\/div>\n<div><span style=\"font-size: 14pt; font-family: 'times new roman', times, serif;\">Velocidade m\u00e1xima: 4500 rpm<\/span><\/div>\n<div><span style=\"font-size: 14pt; font-family: 'times new roman', times, serif;\">RCF m\u00e1x.: 7095\u00d7g<\/span><\/div>\n<\/td>\n<td style=\"width: 20%;\">\n<div><span style=\"font-size: 14pt; font-family: 'times new roman', times, serif;\">Rotor: Rotor de \u00e2ngulo fixo<\/span><\/div>\n<div><span style=\"font-size: 14pt; font-family: 'times new roman', times, serif;\">Capacidade: 6\u00d71000ml<\/span><\/div>\n<div><span style=\"font-size: 14pt; font-family: 'times new roman', times, serif;\">Velocidade m\u00e1xima: 8000 rpm<\/span><\/div>\n<div><span style=\"font-size: 14pt; font-family: 'times new roman', times, serif;\">RCF m\u00e1x.: 14500\u00d7g<\/span><\/div>\n<div><span style=\"font-size: 14pt; font-family: 'times new roman', times, serif;\">Tamanho do tubo: \u03a697\u00d7166mm<\/span><\/div>\n<\/td>\n<td style=\"width: 20%;\">\n<div><span style=\"font-size: 14pt; font-family: 'times new roman', times, serif;\">Rotor: Rotor de \u00e2ngulo fixo<\/span><\/div>\n<div><span style=\"font-size: 14pt; font-family: 'times new roman', times, serif;\">Capacidade: 6\u00d7500ml<\/span><\/div>\n<div><span style=\"font-size: 14pt; font-family: 'times new roman', times, serif;\">Velocidade m\u00e1xima: 8000 rpm<\/span><\/div>\n<div><span style=\"font-size: 14pt; font-family: 'times new roman', times, serif;\">RCF m\u00e1x.: 11860\u00d7g<\/span><\/div>\n<div><span style=\"font-size: 14pt; font-family: 'times new roman', times, serif;\">Tamanho do tubo: \u03a674\u00d7170mm<\/span><\/div>\n<\/td>\n<td style=\"width: 20%;\">\n<div><span style=\"font-size: 14pt; font-family: 'times new roman', times, serif;\">Rotor: Rotor girat\u00f3rio<\/span><\/div>\n<div><span style=\"font-size: 14pt; font-family: 'times new roman', times, serif;\">Capacidade: 384 tubos de sangue<\/span><\/div>\n<div><span style=\"font-size: 14pt; font-family: 'times new roman', times, serif;\">Velocidade m\u00e1xima: 4000 rpm<\/span><\/div>\n<div><span style=\"font-size: 14pt; font-family: 'times new roman', times, serif;\">RCF m\u00e1x.: 4710\u00d7g<\/span><\/div>\n<div><span style=\"font-size: 14pt; font-family: 'times new roman', times, serif;\">Tamanho do tubo: \u03a613\u00d775~100mm<\/span><\/div>\n<\/td>\n<\/tr>\n<\/tbody>\n<\/table>\n<\/blockquote>","protected":false},"excerpt":{"rendered":"<div>\n<div class=\"editor-text-wrap\"><span style=\"font-family: 'times new roman', times, serif; font-size: 14pt;\">A LD-8M \u00e9 uma centr\u00edfuga refrigerada de baixa velocidade e super grande capacidade, de piso. Esta m\u00e1quina \u00e9 amplamente utilizada em bancos de sangue, f\u00e1bricas farmac\u00eauticas, unidades de bioqu\u00edmica, produtos biol\u00f3gicos e outras unidades de produ\u00e7\u00e3o e pesquisa cient\u00edfica. A capacidade m\u00e1xima \u00e9 de 12 litros. \u00c9 um instrumento ideal para separa\u00e7\u00e3o de sangue, precipita\u00e7\u00e3o de prote\u00ednas e separa\u00e7\u00e3o e coleta de c\u00e9lulas em grandes quantidades.<\/span><\/div>\n<\/div>\n<ul>\n<li><span style=\"font-family: 'times new roman', times, serif; font-size: 14pt;\">Velocidade m\u00e1xima\u00a0 \u00a0 \u00a0 \u00a0 \u00a0 \u00a0 \u00a0 \u00a0 \u00a0 \u00a0 \u00a0 \u00a0 \u00a0<span class=\"item-val\">8000 rpm<\/span><\/span><\/li>\n<li><span style=\"font-family: 'times new roman', times, serif; font-size: 14pt;\">RCF m\u00e1x.\u00a0 \u00a0 \u00a0 \u00a0 \u00a0 \u00a0 \u00a0 \u00a0 \u00a0 \u00a0 \u00a0 \u00a0 \u00a0 \u00a0<span class=\"item-val\">14500Xg<\/span><\/span><\/li>\n<li><span style=\"font-family: 'times new roman', times, serif; font-size: 14pt;\">Capacidade M\u00e1xima\u00a0 \u00a0 \u00a0 \u00a0 \u00a0 \u00a0 \u00a0 \u00a0 \u00a0 \u00a0 \u00a0<span class=\"item-val\">6 * 2400ml ou 12 * 400 bolsas de sangue<\/span><\/span><\/li>\n<li><span style=\"font-family: 'times new roman', times, serif; font-size: 14pt;\">Faixa de temperatura\u00a0 \u00a0 \u00a0 \u00a0 \u00a0 \u00a0<span class=\"item-val\">-20\u2103-40\u2103<\/span><\/span><\/li>\n<li><span style=\"font-family: 'times new roman', times, serif; font-size: 14pt;\">Precis\u00e3o de temperatura\u00a0 \u00a0 \u00a0 <span class=\"item-val\">\u00b11\u2103<\/span><\/span><\/li>\n<li><span style=\"font-family: 'times new roman', times, serif; font-size: 14pt;\">Precis\u00e3o de velocidade\u00a0 \u00a0 \u00a0 \u00a0 \u00a0 \u00a0 \u00a0 \u00a0 <span class=\"item-val\">\u00b110rpm<\/span><\/span><\/li>\n<li><span style=\"font-family: 'times new roman', times, serif; font-size: 14pt;\">Peso\u00a0 \u00a0 \u00a0 \u00a0 \u00a0 \u00a0 \u00a0 \u00a0 \u00a0 \u00a0 \u00a0 \u00a0 \u00a0 \u00a0 \u00a0 <span class=\"item-val\">471 kg<\/span><\/span><\/li>\n<\/ul>","protected":false},"featured_media":22453,"comment_status":"open","ping_status":"closed","template":"","meta":{"_acf_changed":false},"product_brand":[],"product_cat":[20,80,92,87,90],"product_tag":[],"class_list":{"0":"post-22452","1":"product","2":"type-product","3":"status-publish","4":"has-post-thumbnail","6":"product_cat-all","7":"product_cat-centrifuge","8":"product_cat-floorstanding-low-speed-refrigerated-centrifuge","9":"product_cat-low-speed-centrifuge","10":"product_cat-low-speed-refrigerated-centrifuge","12":"first","13":"instock","14":"shipping-taxable","15":"product-type-simple"},"acf":[],"_links":{"self":[{"href":"https:\/\/lexamedlab.com\/pt\/wp-json\/wp\/v2\/product\/22452","targetHints":{"allow":["GET"]}}],"collection":[{"href":"https:\/\/lexamedlab.com\/pt\/wp-json\/wp\/v2\/product"}],"about":[{"href":"https:\/\/lexamedlab.com\/pt\/wp-json\/wp\/v2\/types\/product"}],"replies":[{"embeddable":true,"href":"https:\/\/lexamedlab.com\/pt\/wp-json\/wp\/v2\/comments?post=22452"}],"version-history":[{"count":1,"href":"https:\/\/lexamedlab.com\/pt\/wp-json\/wp\/v2\/product\/22452\/revisions"}],"predecessor-version":[{"id":22462,"href":"https:\/\/lexamedlab.com\/pt\/wp-json\/wp\/v2\/product\/22452\/revisions\/22462"}],"wp:featuredmedia":[{"embeddable":true,"href":"https:\/\/lexamedlab.com\/pt\/wp-json\/wp\/v2\/media\/22453"}],"wp:attachment":[{"href":"https:\/\/lexamedlab.com\/pt\/wp-json\/wp\/v2\/media?parent=22452"}],"wp:term":[{"taxonomy":"product_brand","embeddable":true,"href":"https:\/\/lexamedlab.com\/pt\/wp-json\/wp\/v2\/product_brand?post=22452"},{"taxonomy":"product_cat","embeddable":true,"href":"https:\/\/lexamedlab.com\/pt\/wp-json\/wp\/v2\/product_cat?post=22452"},{"taxonomy":"product_tag","embeddable":true,"href":"https:\/\/lexamedlab.com\/pt\/wp-json\/wp\/v2\/product_tag?post=22452"}],"curies":[{"name":"wp","href":"https:\/\/api.w.org\/{rel}","templated":true}]}}