{"id":22463,"date":"2025-05-22T05:49:32","date_gmt":"2025-05-22T05:49:32","guid":{"rendered":"https:\/\/lexamedlab.com\/?post_type=product&#038;p=22463"},"modified":"2025-05-27T15:11:36","modified_gmt":"2025-05-27T15:11:36","slug":"automatic-decap-blood-collection-tube-centrifuge-biosafety-type-dd-5g","status":"publish","type":"product","link":"https:\/\/lexamedlab.com\/pt\/product\/automatic-decap-blood-collection-tube-centrifuge-biosafety-type-dd-5g\/","title":{"rendered":"centr\u00edfuga autom\u00e1tica para coleta de sangue com decapagem (tipo biosseguran\u00e7a) DD-5G"},"content":{"rendered":"<p><strong><span style=\"font-family: 'times new roman', times, serif; font-size: 14pt;\">Recurso\u00a0<\/span><\/strong><\/p>\n<p><span style=\"font-family: 'times new roman', times, serif; font-size: 14pt;\">1. Motor de frequ\u00eancia vari\u00e1vel. Existem tr\u00eas tipos de motor: motor com escovas, motor sem escovas e motor de frequ\u00eancia vari\u00e1vel, sendo este \u00faltimo o melhor. Possui baixa taxa de falhas, \u00e9 ecol\u00f3gico, n\u00e3o requer manuten\u00e7\u00e3o e apresenta bom desempenho. Seu bom desempenho permite que a precis\u00e3o da velocidade chegue a \u00b110 rpm. <\/span><\/p>\n<p><span style=\"font-family: 'times new roman', times, serif; font-size: 14pt;\">2. Tela LCD sens\u00edvel ao toque, permite definir par\u00e2metros inserindo n\u00fameros diretamente. Os itens s\u00e3o exibidos na tela LCD sens\u00edvel ao toque com simplicidade e clareza. Para definir par\u00e2metros, basta tocar na tela e inserir os n\u00fameros. <\/span><\/p>\n<p><span style=\"font-family: 'times new roman', times, serif; font-size: 14pt;\">3. Trava eletr\u00f4nica da porta Quando a centr\u00edfuga estiver em opera\u00e7\u00e3o, devemos nos certificar de que a porta n\u00e3o abrir\u00e1. Usamos trava eletr\u00f4nica da porta para garantir a seguran\u00e7a.<\/span><\/p>\n<p><span style=\"font-family: 'times new roman', times, serif; font-size: 14pt;\"> 4. Corpo todo em a\u00e7o e c\u00e2mara em a\u00e7o inoxid\u00e1vel 304. Para garantir uma opera\u00e7\u00e3o segura e tornar a centr\u00edfuga resistente e dur\u00e1vel, utilizamos a\u00e7o de alto custo e a\u00e7o inoxid\u00e1vel 304. <\/span><\/p>\n<p><span style=\"font-family: 'times new roman', times, serif; font-size: 14pt;\">5. 40 n\u00edveis de acelera\u00e7\u00e3o e desacelera\u00e7\u00e3o. Como a fun\u00e7\u00e3o funciona? Por exemplo, definimos a velocidade para 5000 rpm e pressionamos o bot\u00e3o START. A centr\u00edfuga acelera de 0 rpm a 5000 rpm. De 0 rpm a 5000 rpm, podemos diminuir ou aumentar o tempo, ou seja, acelerar ou desacelerar? Sim, esta centr\u00edfuga suporta. <\/span><\/p>\n<p><span style=\"font-family: 'times new roman', times, serif; font-size: 14pt;\">6. Capacidade para armazenar 12 programas. No uso di\u00e1rio, podemos precisar definir par\u00e2metros diferentes para diferentes finalidades no futuro. Esta centr\u00edfuga pode armazenar 12 programas. <\/span><\/p>\n<p><span style=\"font-family: 'times new roman', times, serif; font-size: 14pt;\">7. A centrifuga\u00e7\u00e3o e a descapsula\u00e7\u00e3o s\u00e3o conclu\u00eddas simultaneamente. Esta fun\u00e7\u00e3o evita a necessidade de remistura ap\u00f3s a separa\u00e7\u00e3o das amostras. <\/span><\/p>\n<p><span style=\"font-family: 'times new roman', times, serif; font-size: 14pt;\">8. Sistema de filtragem de alta efici\u00eancia: O g\u00e1s nocivo gerado no processo de separa\u00e7\u00e3o \u00e9 filtrado ap\u00f3s a remo\u00e7\u00e3o da tampa a tempo, evitando efetivamente a contamina\u00e7\u00e3o cruzada das amostras e reduzindo o risco de infec\u00e7\u00e3o para os operadores. \u00c9 por isso que o DD-TG \u00e9 um equipamento de biosseguran\u00e7a. <\/span><\/p>\n<p><span style=\"font-family: 'times new roman', times, serif; font-size: 14pt;\">9. Especialmente projetado para tubos de coleta de sangue a v\u00e1cuo Adequado para tubos de coleta de sangue a v\u00e1cuo de v\u00e1rias capacidades. <\/span><\/p>\n<p><span style=\"font-family: 'times new roman', times, serif; font-size: 14pt;\">10. Fun\u00e7\u00e3o de esteriliza\u00e7\u00e3o UV e controle de interruptor independente (tipo de biosseguran\u00e7a)<\/span><\/p>\n<p><span style=\"font-family: 'times new roman', times, serif; font-size: 18pt;\"><strong>rotores\u00a0<\/strong><\/span><\/p>\n<table style=\"border-collapse: collapse; width: 100%;\">\n<tbody>\n<tr>\n<td style=\"width: 25%;\">Rotor girat\u00f3rio n\u00ba 1<\/td>\n<td style=\"width: 25%;\">Rotor de decapagem autom\u00e1tica NO.2<\/td>\n<td style=\"width: 25%;\">Rotor de decapagem autom\u00e1tica NO.3<\/td>\n<td style=\"width: 25%;\">Rotor de decapagem autom\u00e1tica NO.4<\/td>\n<\/tr>\n<tr>\n<td style=\"width: 25%;\"><img fetchpriority=\"high\" decoding=\"async\" class=\"alignnone size-full wp-image-22464\" src=\"https:\/\/lexamedlab.com\/wp-content\/uploads\/2025\/05\/4x250ml-with-wind-cover-scaled.png\" alt=\"\" width=\"2560\" height=\"1115\" \/><\/td>\n<td style=\"width: 25%;\"><img decoding=\"async\" class=\"alignnone  wp-image-22465\" src=\"https:\/\/lexamedlab.com\/wp-content\/uploads\/2025\/05\/80x7ml-\u8131\u5e3d-scaled.png\" alt=\"\" width=\"278\" height=\"234\" \/><\/td>\n<td style=\"width: 25%;\"><img decoding=\"async\" class=\"alignnone size-full wp-image-22466\" src=\"https:\/\/lexamedlab.com\/wp-content\/uploads\/2025\/05\/120x7\u8131\u76d6-scaled.png\" alt=\"\" width=\"2560\" height=\"2102\" \/><\/td>\n<td style=\"width: 25%;\"><img loading=\"lazy\" decoding=\"async\" class=\"alignnone size-full wp-image-22467\" src=\"https:\/\/lexamedlab.com\/wp-content\/uploads\/2025\/05\/140x7ml-scaled.png\" alt=\"\" width=\"2560\" height=\"2145\" \/><\/td>\n<\/tr>\n<tr>\n<td style=\"width: 25%;\">\n<div>Rotor: Rotor girat\u00f3rio<\/div>\n<div>Capacidade: 4x250ml<\/div>\n<div>Velocidade m\u00e1xima: 5000 rpm<\/div>\n<div>RCF m\u00e1x.: 5200xg<\/div>\n<\/td>\n<td style=\"width: 25%;\">\n<div>Rotor: Rotor girat\u00f3rio<\/div>\n<div>Capacidade: 8\u00d72~7ml<\/div>\n<div>Velocidade m\u00e1xima: 4000 rpm<\/div>\n<div>RCF m\u00e1x.: 3400xg<\/div>\n<\/td>\n<td style=\"width: 25%;\">\n<div>Rotor: Rotor girat\u00f3rio<\/div>\n<div>Capacidade: 120\u00d72~7ml<\/div>\n<div>Velocidade m\u00e1xima: 4000 rpm<\/div>\n<div>RCF m\u00e1x.:3580xg<\/div>\n<\/td>\n<td style=\"width: 25%;\">\n<div>Rotor: Rotor girat\u00f3rio<\/div>\n<div>Capacidade: 140\u00d72~7ml<\/div>\n<div>Velocidade m\u00e1xima: 4000 rpm<\/div>\n<div>RCF m\u00e1x.:3580xg<\/div>\n<\/td>\n<\/tr>\n<\/tbody>\n<\/table>\n<p>&nbsp;<\/p>","protected":false},"excerpt":{"rendered":"<p><span style=\"font-size: 14pt; font-family: 'times new roman', times, serif;\">A DD-5G \u00e9 uma centr\u00edfuga de desopercula\u00e7\u00e3o autom\u00e1tica de tubos de coleta de sangue a v\u00e1cuo do tipo biosseguran\u00e7a, adequada para tubos de coleta de sangue a v\u00e1cuo de diversas capacidades. A centrifuga\u00e7\u00e3o e a desopercula\u00e7\u00e3o s\u00e3o realizadas simultaneamente para evitar a remistura ap\u00f3s a separa\u00e7\u00e3o das amostras. Seu sistema especial de filtragem de alta efici\u00eancia filtra os gases nocivos gerados no processo de separa\u00e7\u00e3o ap\u00f3s a remo\u00e7\u00e3o da tampa a tempo, evitando efetivamente a contamina\u00e7\u00e3o cruzada das amostras e reduzindo o risco de infec\u00e7\u00e3o para os operadores. \u00c9 por isso que a DD-TG \u00e9 uma m\u00e1quina do tipo biosseguran\u00e7a.<\/span><\/p>\n<ul>\n<li><span style=\"font-size: 14pt; font-family: 'times new roman', times, serif;\">Velocidade m\u00e1xima\u00a0 \u00a0 \u00a0 \u00a0 \u00a0 \u00a0 \u00a0 \u00a0 \u00a0 \u00a0<span class=\"item-val\">5000 rpm<\/span><\/span><\/li>\n<li><span style=\"font-size: 14pt; font-family: 'times new roman', times, serif;\">RCF m\u00e1x.\u00a0 \u00a0 \u00a0 \u00a0 \u00a0 \u00a0 \u00a0 \u00a0 \u00a0 \u00a0 \u00a0<span class=\"item-val\">5200xg<\/span><\/span><\/li>\n<li><span style=\"font-size: 14pt; font-family: 'times new roman', times, serif;\">Capacidade m\u00e1xima\u00a0 \u00a0 \u00a0 \u00a0 \u00a0 \u00a0 \u00a0 \u00a0<span class=\"item-val\">4*800ml<\/span><\/span><\/li>\n<li><span style=\"font-size: 14pt; font-family: 'times new roman', times, serif;\">Intervalo do temporizador\u00a0 \u00a0 \u00a0 \u00a0 \u00a0 \u00a0 \u00a0 \u00a0 \u00a0<span class=\"item-val\">1s a 99h59m59s<\/span><\/span><\/li>\n<li><span style=\"font-size: 14pt; font-family: 'times new roman', times, serif;\">Precis\u00e3o de velocidade\u00a0 \u00a0 \u00a0 \u00a0 \u00a0 \u00a0 <span class=\"item-val\">\u00b110rpm<\/span><\/span><\/li>\n<li><span style=\"font-size: 14pt; font-family: 'times new roman', times, serif;\">Barulho\u00a0 \u00a0 \u00a0 \u00a0 \u00a0 \u00a0 \u00a0 \u00a0 \u00a0 \u00a0 \u00a0 \u00a0 \u00a0 \u00a0 <span class=\"item-val\">\u226460dB(A)<\/span><\/span><\/li>\n<li><span style=\"font-size: 14pt; font-family: 'times new roman', times, serif;\">Consumo de energia\u00a0 \u00a0 \u00a0<span class=\"item-val\">1,1 kW<\/span><\/span><\/li>\n<li><span style=\"font-size: 14pt; font-family: 'times new roman', times, serif;\">Dimens\u00e3o\u00a0 \u00a0 \u00a0 \u00a0 \u00a0 \u00a0 \u00a0 \u00a0 \u00a0 \u00a0<span class=\"item-val\">680x620x840 mm<\/span><\/span><\/li>\n<li><span style=\"font-size: 14pt; font-family: 'times new roman', times, serif;\">Peso l\u00edquido\u00a0 \u00a0 \u00a0 \u00a0 \u00a0 \u00a0 \u00a0 \u00a0 \u00a0 \u00a0<span class=\"item-val\">145 kg<\/span><\/span><\/li>\n<\/ul>\n<p>&nbsp;<\/p>","protected":false},"featured_media":22469,"comment_status":"open","ping_status":"closed","template":"","meta":{"_acf_changed":false},"product_brand":[],"product_cat":[20,80,97],"product_tag":[],"class_list":{"0":"post-22463","1":"product","2":"type-product","3":"status-publish","4":"has-post-thumbnail","6":"product_cat-all","7":"product_cat-centrifuge","8":"product_cat-special-purpose-centrifuge","10":"first","11":"instock","12":"shipping-taxable","13":"product-type-simple"},"acf":[],"_links":{"self":[{"href":"https:\/\/lexamedlab.com\/pt\/wp-json\/wp\/v2\/product\/22463","targetHints":{"allow":["GET"]}}],"collection":[{"href":"https:\/\/lexamedlab.com\/pt\/wp-json\/wp\/v2\/product"}],"about":[{"href":"https:\/\/lexamedlab.com\/pt\/wp-json\/wp\/v2\/types\/product"}],"replies":[{"embeddable":true,"href":"https:\/\/lexamedlab.com\/pt\/wp-json\/wp\/v2\/comments?post=22463"}],"version-history":[{"count":1,"href":"https:\/\/lexamedlab.com\/pt\/wp-json\/wp\/v2\/product\/22463\/revisions"}],"predecessor-version":[{"id":22472,"href":"https:\/\/lexamedlab.com\/pt\/wp-json\/wp\/v2\/product\/22463\/revisions\/22472"}],"wp:featuredmedia":[{"embeddable":true,"href":"https:\/\/lexamedlab.com\/pt\/wp-json\/wp\/v2\/media\/22469"}],"wp:attachment":[{"href":"https:\/\/lexamedlab.com\/pt\/wp-json\/wp\/v2\/media?parent=22463"}],"wp:term":[{"taxonomy":"product_brand","embeddable":true,"href":"https:\/\/lexamedlab.com\/pt\/wp-json\/wp\/v2\/product_brand?post=22463"},{"taxonomy":"product_cat","embeddable":true,"href":"https:\/\/lexamedlab.com\/pt\/wp-json\/wp\/v2\/product_cat?post=22463"},{"taxonomy":"product_tag","embeddable":true,"href":"https:\/\/lexamedlab.com\/pt\/wp-json\/wp\/v2\/product_tag?post=22463"}],"curies":[{"name":"wp","href":"https:\/\/api.w.org\/{rel}","templated":true}]}}