{"id":22473,"date":"2025-05-22T05:50:06","date_gmt":"2025-05-22T05:50:06","guid":{"rendered":"https:\/\/lexamedlab.com\/?post_type=product&#038;p=22473"},"modified":"2025-05-27T15:11:36","modified_gmt":"2025-05-27T15:11:36","slug":"benchtop-prp-ppp-centrifuge-td-450","status":"publish","type":"product","link":"https:\/\/lexamedlab.com\/pt\/product\/benchtop-prp-ppp-centrifuge-td-450\/","title":{"rendered":"Centr\u00edfuga de bancada PRP\/PPP TD-450"},"content":{"rendered":"<p><strong><span style=\"font-family: 'times new roman', times, serif; font-size: 14pt;\">Recurso\u00a0<\/span><\/strong><\/p>\n<p><span style=\"font-family: 'times new roman', times, serif; font-size: 14pt;\">1. Motor de frequ\u00eancia vari\u00e1vel. Existem tr\u00eas tipos de motor: motor com escovas, motor sem escovas e motor de frequ\u00eancia vari\u00e1vel, sendo este \u00faltimo o melhor. Possui baixa taxa de falhas, \u00e9 ecol\u00f3gico, n\u00e3o requer manuten\u00e7\u00e3o e apresenta bom desempenho. Seu bom desempenho permite que a precis\u00e3o da velocidade chegue a \u00b110 rpm.<\/span><\/p>\n<p><span style=\"font-family: 'times new roman', times, serif; font-size: 14pt;\"> 2. Corpo todo em a\u00e7o e c\u00e2mara em a\u00e7o inoxid\u00e1vel 304. Para garantir uma opera\u00e7\u00e3o segura e tornar a centr\u00edfuga resistente e dur\u00e1vel, utilizamos a\u00e7o de alto custo e a\u00e7o inoxid\u00e1vel 304. <\/span><\/p>\n<p><span style=\"font-family: 'times new roman', times, serif; font-size: 14pt;\">3. Trava eletr\u00f4nica da porta Quando a centr\u00edfuga estiver em opera\u00e7\u00e3o, devemos nos certificar de que a porta n\u00e3o abrir\u00e1. Usamos trava eletr\u00f4nica da porta para garantir a seguran\u00e7a. <\/span><\/p>\n<p><span style=\"font-family: 'times new roman', times, serif; font-size: 14pt;\">4. Centr\u00edfuga especializada para PRP\/PPP. Adequada para seringas de 10 ml\/20 ml\/50 ml, tubos de coleta de sangue a v\u00e1cuo de 10 ml e diversos kits especiais para PRP. <\/span><\/p>\n<p><span style=\"font-family: 'times new roman', times, serif; font-size: 14pt;\">5. Mais seguran\u00e7a, mais higiene. Todos os rotores e acess\u00f3rios dos rotores s\u00e3o autoclav\u00e1veis. <\/span><\/p>\n<p><span style=\"font-family: 'times new roman', times, serif; font-size: 18pt;\"><strong>rotores\u00a0<\/strong><\/span><\/p>\n<table style=\"border-collapse: collapse; width: 100%;\">\n<tbody>\n<tr>\n<td style=\"width: 18.9214%;\"><span style=\"font-family: 'times new roman', times, serif; font-size: 14pt;\">Rotor girat\u00f3rio n\u00ba 1<\/span><\/td>\n<td style=\"width: 19.1439%;\"><span style=\"font-family: 'times new roman', times, serif; font-size: 14pt;\">Rotor girat\u00f3rio n\u00ba 2<\/span><\/td>\n<td style=\"width: 19.6626%;\"><span style=\"font-family: 'times new roman', times, serif; font-size: 14pt;\">Rotor girat\u00f3rio n\u00ba 3<\/span><\/td>\n<td style=\"width: 19.3941%;\"><span style=\"font-family: 'times new roman', times, serif; font-size: 14pt;\">Rotor girat\u00f3rio n\u00ba 4<\/span><\/td>\n<td style=\"width: 22.878%;\"><span style=\"font-family: 'times new roman', times, serif; font-size: 14pt;\">Rotor girat\u00f3rio n\u00ba 5<\/span><\/td>\n<\/tr>\n<tr>\n<td style=\"width: 18.9214%;\"><img fetchpriority=\"high\" decoding=\"async\" class=\"alignnone size-full wp-image-22474\" src=\"https:\/\/lexamedlab.com\/wp-content\/uploads\/2025\/05\/16x10ml-syringe-scaled.png\" alt=\"\" width=\"2560\" height=\"2021\" \/><\/td>\n<td style=\"width: 19.1439%;\"><img decoding=\"async\" class=\"alignnone size-full wp-image-22475\" src=\"https:\/\/lexamedlab.com\/wp-content\/uploads\/2025\/05\/8x20ml-syringe-scaled.png\" alt=\"\" width=\"2560\" height=\"1939\" \/><\/td>\n<td style=\"width: 19.6626%;\"><img decoding=\"async\" class=\"alignnone size-full wp-image-22476\" src=\"https:\/\/lexamedlab.com\/wp-content\/uploads\/2025\/05\/4x50syringe.png\" alt=\"\" width=\"2472\" height=\"2352\" \/><\/td>\n<td style=\"width: 19.3941%;\"><img loading=\"lazy\" decoding=\"async\" class=\"alignnone size-full wp-image-22477\" src=\"https:\/\/lexamedlab.com\/wp-content\/uploads\/2025\/05\/4x100ml\u6c34\u5e73-scaled.png\" alt=\"\" width=\"2560\" height=\"2350\" \/><\/td>\n<td style=\"width: 22.878%;\"><img loading=\"lazy\" decoding=\"async\" class=\"alignnone size-full wp-image-22478\" src=\"https:\/\/lexamedlab.com\/wp-content\/uploads\/2025\/05\/24x7ml.png\" alt=\"\" width=\"2526\" height=\"2442\" \/><\/td>\n<\/tr>\n<tr>\n<td style=\"width: 18.9214%;\">\n<div><span style=\"font-family: 'times new roman', times, serif; font-size: 14pt;\">Rotor: Rotor girat\u00f3rio<\/span><\/div>\n<div><span style=\"font-family: 'times new roman', times, serif; font-size: 14pt;\">Capacidade: 16x10ml<\/span><\/div>\n<div><span style=\"font-family: 'times new roman', times, serif; font-size: 14pt;\">Velocidade m\u00e1xima: 4000 rpm<\/span><\/div>\n<div><span style=\"font-family: 'times new roman', times, serif; font-size: 14pt;\">RCF m\u00e1x.: 300xg<\/span><\/div>\n<\/td>\n<td style=\"width: 19.1439%;\">\n<div><span style=\"font-family: 'times new roman', times, serif; font-size: 14pt;\">Rotor: Rotor girat\u00f3rio<\/span><\/div>\n<div><span style=\"font-family: 'times new roman', times, serif; font-size: 14pt;\">Capacidade: seringa de 8x20ml\u00a0<\/span><\/div>\n<div><span style=\"font-family: 'times new roman', times, serif; font-size: 14pt;\">Velocidade m\u00e1xima: 4000 rpm<\/span><\/div>\n<div><span style=\"font-family: 'times new roman', times, serif; font-size: 14pt;\">RCF m\u00e1x.:3100xg<\/span><\/div>\n<\/td>\n<td style=\"width: 19.6626%;\">\n<div><span style=\"font-family: 'times new roman', times, serif; font-size: 14pt;\">Rotor: Rotor girat\u00f3rio<\/span><\/div>\n<div><span style=\"font-family: 'times new roman', times, serif; font-size: 14pt;\">Capacidade: 4 furos conjuntos PRP\u00a0<\/span><\/div>\n<div><span style=\"font-family: 'times new roman', times, serif; font-size: 14pt;\">Velocidade m\u00e1xima: 4000 rpm<\/span><\/div>\n<div><span style=\"font-family: 'times new roman', times, serif; font-size: 14pt;\">RCF m\u00e1x.:3380xg<\/span><\/div>\n<\/td>\n<td style=\"width: 19.3941%;\">\n<div><span style=\"font-family: 'times new roman', times, serif; font-size: 14pt;\">Rotor: Rotor girat\u00f3rio<\/span><\/div>\n<div><span style=\"font-family: 'times new roman', times, serif; font-size: 14pt;\">Capacidade: 4 seringas de 50ml\u00a0<\/span><\/div>\n<div><span style=\"font-family: 'times new roman', times, serif; font-size: 14pt;\">Velocidade m\u00e1xima: 4000 rpm<\/span><\/div>\n<div><span style=\"font-family: 'times new roman', times, serif; font-size: 14pt;\">RCF m\u00e1x.:3380xg<\/span><\/div>\n<\/td>\n<td style=\"width: 22.878%;\">\n<div>\n<div><span style=\"font-family: 'times new roman', times, serif; font-size: 14pt;\">Rotor: Rotor girat\u00f3rio<\/span><\/div>\n<div><span style=\"font-family: 'times new roman', times, serif; font-size: 14pt;\">Capacidade: 24 tubos de coleta de sangue\u00a0<\/span><\/div>\n<div><span style=\"font-family: 'times new roman', times, serif; font-size: 14pt;\">Velocidade m\u00e1xima: 4000 rpm<\/span><\/div>\n<div><span style=\"font-family: 'times new roman', times, serif; font-size: 14pt;\">RCF m\u00e1x.:2890xg<\/span><\/div>\n<\/div>\n<\/td>\n<\/tr>\n<\/tbody>\n<\/table>\n<p>&nbsp;<\/p>","protected":false},"excerpt":{"rendered":"<div class=\"item-meta\" data-module=\"6\">\n<div><span style=\"font-family: 'times new roman', times, serif; font-size: 14pt;\">O TD-450 \u00e9 especializado em PRP e PPP, sendo adequado para seringas de 10 ml\/20 ml\/50 ml, tubos de coleta de sangue a v\u00e1cuo de 10 ml e diversos kits especiais de PRP. Todos os rotores e acess\u00f3rios do rotor s\u00e3o autoclav\u00e1veis.<\/span><\/div>\n<\/div>\n<ul>\n<li><span style=\"font-size: 14pt; font-family: 'times new roman', times, serif;\">Velocidade m\u00e1xima\u00a0 \u00a0 \u00a0 \u00a0 \u00a0 \u00a0 \u00a0 \u00a0 \u00a0 \u00a0<span class=\"item-val\">5000 rpm<\/span><\/span><\/li>\n<li><span style=\"font-size: 14pt; font-family: 'times new roman', times, serif;\">RCF m\u00e1x.\u00a0 \u00a0 \u00a0 \u00a0 \u00a0 \u00a0 \u00a0 \u00a0 \u00a0 \u00a0 \u00a0<span class=\"item-val\">3380xg<\/span><\/span><\/li>\n<li><span style=\"font-size: 14pt; font-family: 'times new roman', times, serif;\">Capacidade m\u00e1xima\u00a0 \u00a0 \u00a0 \u00a0 \u00a0 \u00a0 \u00a0 \u00a0<span class=\"item-val\">6*50ml<\/span><\/span><\/li>\n<li><span style=\"font-size: 14pt; font-family: 'times new roman', times, serif;\">Intervalo do temporizador\u00a0 \u00a0 \u00a0 \u00a0 \u00a0 \u00a0 \u00a0 \u00a0 \u00a0<span class=\"item-val\">1s a 99h59m59s<\/span><\/span><\/li>\n<li><span style=\"font-size: 14pt; font-family: 'times new roman', times, serif;\">Precis\u00e3o de velocidade\u00a0 \u00a0 \u00a0 \u00a0 \u00a0 \u00a0 <span class=\"item-val\">\u00b110rpm<\/span><\/span><\/li>\n<li><span style=\"font-size: 14pt; font-family: 'times new roman', times, serif;\">Barulho\u00a0 \u00a0 \u00a0 \u00a0 \u00a0 \u00a0 \u00a0 \u00a0 \u00a0 \u00a0 \u00a0 \u00a0 \u00a0 \u00a0 <span class=\"item-val\">\u226460dB(A)<\/span><\/span><\/li>\n<li><span style=\"font-size: 14pt; font-family: 'times new roman', times, serif;\">Consumo de energia\u00a0 \u00a0 \u00a0<span class=\"item-val\">500 W<\/span><\/span><\/li>\n<li><span style=\"font-size: 14pt; font-family: 'times new roman', times, serif;\">Dimens\u00e3o\u00a0 \u00a0 \u00a0 \u00a0 \u00a0 \u00a0 \u00a0 \u00a0 \u00a0 \u00a0<span class=\"item-val\">550x430x350 mm<\/span><\/span><\/li>\n<li><span style=\"font-size: 14pt; font-family: 'times new roman', times, serif;\">Peso l\u00edquido\u00a0 \u00a0 \u00a0 \u00a0 \u00a0 \u00a0 \u00a0 \u00a0 \u00a0 \u00a0<span class=\"item-val\">40 kg<\/span><\/span><\/li>\n<\/ul>","protected":false},"featured_media":22480,"comment_status":"open","ping_status":"closed","template":"","meta":{"_acf_changed":false},"product_brand":[],"product_cat":[20,80,97],"product_tag":[],"class_list":{"0":"post-22473","1":"product","2":"type-product","3":"status-publish","4":"has-post-thumbnail","6":"product_cat-all","7":"product_cat-centrifuge","8":"product_cat-special-purpose-centrifuge","10":"first","11":"instock","12":"shipping-taxable","13":"product-type-simple"},"acf":[],"_links":{"self":[{"href":"https:\/\/lexamedlab.com\/pt\/wp-json\/wp\/v2\/product\/22473","targetHints":{"allow":["GET"]}}],"collection":[{"href":"https:\/\/lexamedlab.com\/pt\/wp-json\/wp\/v2\/product"}],"about":[{"href":"https:\/\/lexamedlab.com\/pt\/wp-json\/wp\/v2\/types\/product"}],"replies":[{"embeddable":true,"href":"https:\/\/lexamedlab.com\/pt\/wp-json\/wp\/v2\/comments?post=22473"}],"version-history":[{"count":1,"href":"https:\/\/lexamedlab.com\/pt\/wp-json\/wp\/v2\/product\/22473\/revisions"}],"predecessor-version":[{"id":22483,"href":"https:\/\/lexamedlab.com\/pt\/wp-json\/wp\/v2\/product\/22473\/revisions\/22483"}],"wp:featuredmedia":[{"embeddable":true,"href":"https:\/\/lexamedlab.com\/pt\/wp-json\/wp\/v2\/media\/22480"}],"wp:attachment":[{"href":"https:\/\/lexamedlab.com\/pt\/wp-json\/wp\/v2\/media?parent=22473"}],"wp:term":[{"taxonomy":"product_brand","embeddable":true,"href":"https:\/\/lexamedlab.com\/pt\/wp-json\/wp\/v2\/product_brand?post=22473"},{"taxonomy":"product_cat","embeddable":true,"href":"https:\/\/lexamedlab.com\/pt\/wp-json\/wp\/v2\/product_cat?post=22473"},{"taxonomy":"product_tag","embeddable":true,"href":"https:\/\/lexamedlab.com\/pt\/wp-json\/wp\/v2\/product_tag?post=22473"}],"curies":[{"name":"wp","href":"https:\/\/api.w.org\/{rel}","templated":true}]}}