{"id":22484,"date":"2025-05-22T06:21:50","date_gmt":"2025-05-22T06:21:50","guid":{"rendered":"https:\/\/lexamedlab.com\/?post_type=product&#038;p=22484"},"modified":"2025-05-27T15:11:36","modified_gmt":"2025-05-27T15:11:36","slug":"benchtop-cgf-variable-speed-program-centrifuge-td-4","status":"publish","type":"product","link":"https:\/\/lexamedlab.com\/pt\/product\/benchtop-cgf-variable-speed-program-centrifuge-td-4\/","title":{"rendered":"Centr\u00edfuga de bancada CGF com programa de velocidade vari\u00e1vel TD-4"},"content":{"rendered":"<p><strong><span style=\"font-family: 'times new roman', times, serif; font-size: 14pt;\">Recurso\u00a0<\/span><\/strong><\/p>\n<p><span style=\"font-family: 'times new roman', times, serif; font-size: 14pt;\">1. Motor de frequ\u00eancia vari\u00e1vel. Existem tr\u00eas tipos de motor: motor com escovas, motor sem escovas e motor de frequ\u00eancia vari\u00e1vel, sendo este \u00faltimo o melhor. Possui baixa taxa de falhas, \u00e9 ecol\u00f3gico, n\u00e3o requer manuten\u00e7\u00e3o e tem bom desempenho. <\/span><\/p>\n<p><span style=\"font-family: 'times new roman', times, serif; font-size: 14pt;\">2. Corpo todo em a\u00e7o e c\u00e2mara em a\u00e7o inoxid\u00e1vel 304. Para garantir uma opera\u00e7\u00e3o segura e tornar a centr\u00edfuga resistente e dur\u00e1vel, utilizamos a\u00e7o de alto custo e a\u00e7o inoxid\u00e1vel 304.<\/span><\/p>\n<p><span style=\"font-family: 'times new roman', times, serif; font-size: 14pt;\"> 3. Trava eletr\u00f4nica da porta A porta abre automaticamente ap\u00f3s a centrifuga\u00e7\u00e3o e a mola hidr\u00e1ulica a g\u00e1s sustenta a tampa da porta <\/span><\/p>\n<p><span style=\"font-family: 'times new roman', times, serif; font-size: 14pt;\">4. Centr\u00edfuga especializada para CGF\/Plasma\/PRP\/APRF\/iPRF. Esta m\u00e1quina possui programas de centrifuga\u00e7\u00e3o dedicados integrados para Plasma, PRP, APRF, iPRF e CGF com opera\u00e7\u00e3o por meio de uma tecla.<\/span><\/p>\n<p><span style=\"font-family: 'times new roman', times, serif; font-size: 14pt;\"> 5. Mais seguran\u00e7a, mais higiene. Rotor de metal de 12*10 ml, manga de tubo de pl\u00e1stico super r\u00edgido, que pode ser esterilizado a 121 graus.<\/span><\/p>","protected":false},"excerpt":{"rendered":"<div class=\"item-meta\" data-module=\"6\"><span style=\"font-family: 'times new roman', times, serif; font-size: 14pt;\">A TD-4 \u00e9 uma centr\u00edfuga multifuncional de fibrina rica em plaquetas. Esta m\u00e1quina foi desenvolvida em conjunto pela empresa e por diversos hospitais e institui\u00e7\u00f5es de est\u00e9tica e pl\u00e1sticos nacionais renomados, tendo sido testada por diversas institui\u00e7\u00f5es cl\u00ednicas. \u00c9 f\u00e1cil de operar e possui desempenho est\u00e1vel e confi\u00e1vel. Amplamente utilizada em odontologia, cirurgia pl\u00e1stica, ortopedia, reabilita\u00e7\u00e3o, dor e outras \u00e1reas.<\/span><\/div>\n<ul>\n<li><span style=\"font-size: 14pt; font-family: 'times new roman', times, serif;\">Velocidade m\u00e1xima\u00a0 \u00a0 \u00a0 \u00a0 \u00a0 \u00a0 \u00a0 \u00a0 \u00a0 \u00a0<span class=\"item-val\">3500 rpm<\/span><\/span><\/li>\n<li><span style=\"font-size: 14pt; font-family: 'times new roman', times, serif;\">RCF m\u00e1x.\u00a0 \u00a0 \u00a0 \u00a0 \u00a0 \u00a0 \u00a0 \u00a0 \u00a0 \u00a0 \u00a0<span class=\"item-val\">1640xg<\/span><\/span><\/li>\n<li><span style=\"font-size: 14pt; font-family: 'times new roman', times, serif;\">Capacidade m\u00e1xima\u00a0 \u00a0 \u00a0 \u00a0 \u00a0 \u00a0 \u00a0 \u00a0<span class=\"item-val\">12*10ml<\/span><\/span><\/li>\n<li><span style=\"font-size: 14pt; font-family: 'times new roman', times, serif;\">Precis\u00e3o de velocidade\u00a0 \u00a0 \u00a0 \u00a0 \u00a0 \u00a0 <span class=\"item-val\">\u00b120 rpm<\/span><\/span><\/li>\n<li><span style=\"font-size: 14pt; font-family: 'times new roman', times, serif;\">Barulho\u00a0 \u00a0 \u00a0 \u00a0 \u00a0 \u00a0 \u00a0 \u00a0 \u00a0 \u00a0 \u00a0 \u00a0 \u00a0 \u00a0 <span class=\"item-val\">\u226455dB(A)<\/span><\/span><\/li>\n<li><span style=\"font-size: 14pt; font-family: 'times new roman', times, serif;\">Consumo de energia\u00a0 \u00a0 \u00a0<span class=\"item-val\">200 W<\/span><\/span><\/li>\n<li><span style=\"font-size: 14pt; font-family: 'times new roman', times, serif;\">Dimens\u00e3o\u00a0 \u00a0 \u00a0 \u00a0 \u00a0 \u00a0 \u00a0 \u00a0 \u00a0 \u00a0<span class=\"item-val\">430x340x330 mm<\/span><\/span><\/li>\n<li><span style=\"font-size: 14pt; font-family: 'times new roman', times, serif;\">Peso l\u00edquido\u00a0 \u00a0 \u00a0 \u00a0 \u00a0 \u00a0 \u00a0 \u00a0 \u00a0 \u00a0<span class=\"item-val\">17 kg<\/span><\/span><\/li>\n<\/ul>","protected":false},"featured_media":22486,"comment_status":"open","ping_status":"closed","template":"","meta":{"_acf_changed":false},"product_brand":[],"product_cat":[20,80,97],"product_tag":[],"class_list":{"0":"post-22484","1":"product","2":"type-product","3":"status-publish","4":"has-post-thumbnail","6":"product_cat-all","7":"product_cat-centrifuge","8":"product_cat-special-purpose-centrifuge","10":"first","11":"instock","12":"shipping-taxable","13":"product-type-simple"},"acf":[],"_links":{"self":[{"href":"https:\/\/lexamedlab.com\/pt\/wp-json\/wp\/v2\/product\/22484","targetHints":{"allow":["GET"]}}],"collection":[{"href":"https:\/\/lexamedlab.com\/pt\/wp-json\/wp\/v2\/product"}],"about":[{"href":"https:\/\/lexamedlab.com\/pt\/wp-json\/wp\/v2\/types\/product"}],"replies":[{"embeddable":true,"href":"https:\/\/lexamedlab.com\/pt\/wp-json\/wp\/v2\/comments?post=22484"}],"version-history":[{"count":1,"href":"https:\/\/lexamedlab.com\/pt\/wp-json\/wp\/v2\/product\/22484\/revisions"}],"predecessor-version":[{"id":22489,"href":"https:\/\/lexamedlab.com\/pt\/wp-json\/wp\/v2\/product\/22484\/revisions\/22489"}],"wp:featuredmedia":[{"embeddable":true,"href":"https:\/\/lexamedlab.com\/pt\/wp-json\/wp\/v2\/media\/22486"}],"wp:attachment":[{"href":"https:\/\/lexamedlab.com\/pt\/wp-json\/wp\/v2\/media?parent=22484"}],"wp:term":[{"taxonomy":"product_brand","embeddable":true,"href":"https:\/\/lexamedlab.com\/pt\/wp-json\/wp\/v2\/product_brand?post=22484"},{"taxonomy":"product_cat","embeddable":true,"href":"https:\/\/lexamedlab.com\/pt\/wp-json\/wp\/v2\/product_cat?post=22484"},{"taxonomy":"product_tag","embeddable":true,"href":"https:\/\/lexamedlab.com\/pt\/wp-json\/wp\/v2\/product_tag?post=22484"}],"curies":[{"name":"wp","href":"https:\/\/api.w.org\/{rel}","templated":true}]}}