{"id":22501,"date":"2025-05-22T06:52:15","date_gmt":"2025-05-22T06:52:15","guid":{"rendered":"https:\/\/lexamedlab.com\/?post_type=product&#038;p=22501"},"modified":"2025-05-27T15:11:36","modified_gmt":"2025-05-27T15:11:36","slug":"benchtop-crude-oil-test-centrifuge-dd-5y","status":"publish","type":"product","link":"https:\/\/lexamedlab.com\/pt\/product\/benchtop-crude-oil-test-centrifuge-dd-5y\/","title":{"rendered":"Centr\u00edfuga de bancada para teste de petr\u00f3leo bruto DD-5Y"},"content":{"rendered":"<p><strong><span style=\"font-family: 'times new roman', times, serif; font-size: 14pt;\">Recurso\u00a0<\/span><\/strong><\/p>\n<p><span style=\"font-family: 'times new roman', times, serif; font-size: 14pt;\">1. Motor de Frequ\u00eancia Vari\u00e1vel, Controles por Microcomputador. Existem tr\u00eas tipos de motor: motor com escovas, motor sem escovas e motor de frequ\u00eancia vari\u00e1vel, sendo este \u00faltimo o melhor. Possui baixa taxa de falhas, \u00e9 ecol\u00f3gico, n\u00e3o requer manuten\u00e7\u00e3o e tem bom desempenho. Seu bom desempenho permite que a precis\u00e3o da velocidade chegue a \u00b110 rpm.<\/span><\/p>\n<p><span style=\"font-family: 'times new roman', times, serif; font-size: 14pt;\"> 2. Corpo todo em a\u00e7o e c\u00e2mara em a\u00e7o inoxid\u00e1vel 304. Para garantir uma opera\u00e7\u00e3o segura e tornar a centr\u00edfuga resistente e dur\u00e1vel, utilizamos a\u00e7o de alto custo e a\u00e7o inoxid\u00e1vel 304. <\/span><\/p>\n<p><span style=\"font-family: 'times new roman', times, serif; font-size: 14pt;\">3. Trava eletr\u00f4nica de seguran\u00e7a. Quando a centr\u00edfuga estiver em opera\u00e7\u00e3o, devemos garantir que a porta n\u00e3o abra. Utilizamos uma trava eletr\u00f4nica para garantir a seguran\u00e7a. <\/span><\/p>\n<p><span style=\"font-family: 'times new roman', times, serif; font-size: 14pt;\">4. A RCF pode ser definida diretamente. Se soubermos a For\u00e7a Centr\u00edfuga Relativa antes da opera\u00e7\u00e3o, podemos definir a RCF diretamente, sem necessidade de convers\u00e3o entre RPM e RCF. <\/span><\/p>\n<p><span style=\"font-family: 'times new roman', times, serif; font-size: 14pt;\">5. Redefini\u00e7\u00e3o de par\u00e2metros durante a opera\u00e7\u00e3o. \u00c0s vezes, precisamos redefinir par\u00e2metros como velocidade, RCF e tempo quando a centr\u00edfuga est\u00e1 em opera\u00e7\u00e3o, e n\u00e3o queremos parar. Podemos redefinir os par\u00e2metros diretamente, sem necessidade de parar, basta usar o dedo para alterar esses n\u00fameros.\u00a0<\/span><\/p>\n<p><span style=\"font-family: 'times new roman', times, serif; font-size: 18pt;\"><strong>rotores\u00a0<\/strong><\/span><\/p>\n<table style=\"border-collapse: collapse; width: 100%; height: 164px;\">\n<tbody>\n<tr style=\"height: 28px;\">\n<td style=\"width: 25%; height: 28px;\"><span style=\"font-size: 14pt; font-family: 'times new roman', times, serif;\">Rotor girat\u00f3rio n\u00ba 1<\/span><\/td>\n<td style=\"width: 25%; height: 28px;\"><span style=\"font-size: 14pt; font-family: 'times new roman', times, serif;\">Rotor girat\u00f3rio n\u00ba 2<\/span><\/td>\n<td style=\"width: 25%; height: 28px;\"><span style=\"font-size: 14pt; font-family: 'times new roman', times, serif;\">Rotor girat\u00f3rio n\u00ba 3<\/span><\/td>\n<\/tr>\n<tr style=\"height: 112px;\">\n<td style=\"width: 25%; height: 112px;\">\n<div><span style=\"font-size: 14pt; font-family: 'times new roman', times, serif;\">Rotor: Rotor girat\u00f3rio<\/span><\/div>\n<div><span style=\"font-size: 14pt; font-family: 'times new roman', times, serif;\">Capacidade: 36x10ml<\/span><\/div>\n<div><span style=\"font-size: 14pt; font-family: 'times new roman', times, serif;\">Velocidade m\u00e1xima: 4000 rpm<\/span><\/div>\n<div><span style=\"font-size: 14pt; font-family: 'times new roman', times, serif;\">RCF m\u00e1x.: 3400xg<\/span><\/div>\n<\/td>\n<td style=\"width: 25%; height: 112px;\">\n<div><span style=\"font-size: 14pt; font-family: 'times new roman', times, serif;\">Rotor: Rotor girat\u00f3rio<\/span><\/div>\n<div><span style=\"font-size: 14pt; font-family: 'times new roman', times, serif;\">Capacidade: 4x100ml<\/span><\/div>\n<div><span style=\"font-size: 14pt; font-family: 'times new roman', times, serif;\">Velocidade m\u00e1xima: 3000 rpm<\/span><\/div>\n<div><span style=\"font-size: 14pt; font-family: 'times new roman', times, serif;\">RCF m\u00e1x.:2062xg<\/span><\/div>\n<\/td>\n<td style=\"width: 25%; height: 112px;\">\n<div><span style=\"font-size: 14pt; font-family: 'times new roman', times, serif;\">Rotor: Rotor girat\u00f3rio<\/span><\/div>\n<div><span style=\"font-size: 14pt; font-family: 'times new roman', times, serif;\">Capacidade: 4x200ml<\/span><\/div>\n<div><span style=\"font-size: 14pt; font-family: 'times new roman', times, serif;\">Velocidade m\u00e1xima: 3000 rpm<\/span><\/div>\n<div><span style=\"font-size: 14pt; font-family: 'times new roman', times, serif;\">RCF m\u00e1x.: 2000xg<\/span><\/div>\n<\/td>\n<\/tr>\n<\/tbody>\n<\/table>\n<p>&nbsp;<\/p>","protected":false},"excerpt":{"rendered":"<p><span style=\"font-family: 'times new roman', times, serif; font-size: 14pt;\">A centr\u00edfuga de teste de petr\u00f3leo bruto DD-5Y foi projetada para a determina\u00e7\u00e3o de \u00e1gua e sedimentos em petr\u00f3leo bruto (m\u00e9todo centr\u00edfugo). A \u00e1gua e os sedimentos em petr\u00f3leo bruto s\u00e3o determinados por separa\u00e7\u00e3o centr\u00edfuga. \u00c9 um equipamento de separa\u00e7\u00e3o ideal para a determina\u00e7\u00e3o de \u00e1gua na ind\u00fastria de perfura\u00e7\u00e3o de petr\u00f3leo e em institui\u00e7\u00f5es de P&amp;D.<\/span><\/p>\n<ul>\n<li><span style=\"font-size: 14pt; font-family: 'times new roman', times, serif;\">Velocidade m\u00e1xima\u00a0 \u00a0 \u00a0 \u00a0 \u00a0 \u00a0 \u00a0 \u00a0 \u00a0 \u00a0<span class=\"item-val\">4000 rpm<\/span><\/span><\/li>\n<li><span style=\"font-size: 14pt; font-family: 'times new roman', times, serif;\">RCF m\u00e1x.\u00a0 \u00a0 \u00a0 \u00a0 \u00a0 \u00a0 \u00a0 \u00a0 \u00a0 \u00a0 \u00a0<span class=\"item-val\">3400xg<\/span><\/span><\/li>\n<li><span style=\"font-size: 14pt; font-family: 'times new roman', times, serif;\">Capacidade m\u00e1xima\u00a0 \u00a0 \u00a0 \u00a0 \u00a0 \u00a0 \u00a0 \u00a0<span class=\"item-val\">4*200ml<\/span><\/span><\/li>\n<li><span style=\"font-size: 14pt; font-family: 'times new roman', times, serif;\">Intervalo do temporizador\u00a0 \u00a0 \u00a0 \u00a0 \u00a0 \u00a0 \u00a0 \u00a0 \u00a0<span class=\"item-val\">1min \u00e0s 99h59m<\/span><\/span><\/li>\n<li><span style=\"font-size: 14pt; font-family: 'times new roman', times, serif;\">Precis\u00e3o de velocidade\u00a0 \u00a0 \u00a0 \u00a0 \u00a0 \u00a0 <span class=\"item-val\">\u00b110rpm<\/span><\/span><\/li>\n<li><span style=\"font-size: 14pt; font-family: 'times new roman', times, serif;\">Barulho\u00a0 \u00a0 \u00a0 \u00a0 \u00a0 \u00a0 \u00a0 \u00a0 \u00a0 \u00a0 \u00a0 \u00a0 \u00a0 \u00a0 <span class=\"item-val\">\u226460dB(A)<\/span><\/span><\/li>\n<li><span style=\"font-size: 14pt; font-family: 'times new roman', times, serif;\">Consumo de energia\u00a0 \u00a0 \u00a0<span class=\"item-val\">1,1 kW<\/span><\/span><\/li>\n<li><span style=\"font-size: 14pt; font-family: 'times new roman', times, serif;\">Dimens\u00e3o\u00a0 \u00a0 \u00a0 \u00a0 \u00a0 \u00a0 \u00a0 \u00a0 \u00a0 \u00a0<span class=\"item-val\">600x700x900 mm<\/span><\/span><\/li>\n<li><span style=\"font-size: 14pt; font-family: 'times new roman', times, serif;\">Peso l\u00edquido\u00a0 \u00a0 \u00a0 \u00a0 \u00a0 \u00a0 \u00a0 \u00a0 \u00a0 \u00a0<span class=\"item-val\">160 kg<\/span><\/span><\/li>\n<\/ul>\n<p>&nbsp;<\/p>","protected":false},"featured_media":22502,"comment_status":"open","ping_status":"closed","template":"","meta":{"_acf_changed":false},"product_brand":[],"product_cat":[20,80,97],"product_tag":[],"class_list":{"0":"post-22501","1":"product","2":"type-product","3":"status-publish","4":"has-post-thumbnail","6":"product_cat-all","7":"product_cat-centrifuge","8":"product_cat-special-purpose-centrifuge","10":"first","11":"instock","12":"shipping-taxable","13":"product-type-simple"},"acf":[],"_links":{"self":[{"href":"https:\/\/lexamedlab.com\/pt\/wp-json\/wp\/v2\/product\/22501","targetHints":{"allow":["GET"]}}],"collection":[{"href":"https:\/\/lexamedlab.com\/pt\/wp-json\/wp\/v2\/product"}],"about":[{"href":"https:\/\/lexamedlab.com\/pt\/wp-json\/wp\/v2\/types\/product"}],"replies":[{"embeddable":true,"href":"https:\/\/lexamedlab.com\/pt\/wp-json\/wp\/v2\/comments?post=22501"}],"version-history":[{"count":1,"href":"https:\/\/lexamedlab.com\/pt\/wp-json\/wp\/v2\/product\/22501\/revisions"}],"predecessor-version":[{"id":22506,"href":"https:\/\/lexamedlab.com\/pt\/wp-json\/wp\/v2\/product\/22501\/revisions\/22506"}],"wp:featuredmedia":[{"embeddable":true,"href":"https:\/\/lexamedlab.com\/pt\/wp-json\/wp\/v2\/media\/22502"}],"wp:attachment":[{"href":"https:\/\/lexamedlab.com\/pt\/wp-json\/wp\/v2\/media?parent=22501"}],"wp:term":[{"taxonomy":"product_brand","embeddable":true,"href":"https:\/\/lexamedlab.com\/pt\/wp-json\/wp\/v2\/product_brand?post=22501"},{"taxonomy":"product_cat","embeddable":true,"href":"https:\/\/lexamedlab.com\/pt\/wp-json\/wp\/v2\/product_cat?post=22501"},{"taxonomy":"product_tag","embeddable":true,"href":"https:\/\/lexamedlab.com\/pt\/wp-json\/wp\/v2\/product_tag?post=22501"}],"curies":[{"name":"wp","href":"https:\/\/api.w.org\/{rel}","templated":true}]}}