{"id":22508,"date":"2025-05-22T07:08:01","date_gmt":"2025-05-22T07:08:01","guid":{"rendered":"https:\/\/lexamedlab.com\/?post_type=product&#038;p=22508"},"modified":"2025-05-27T15:11:36","modified_gmt":"2025-05-27T15:11:36","slug":"floor-rock-core-centrifuge-yx-1850r","status":"publish","type":"product","link":"https:\/\/lexamedlab.com\/pt\/product\/floor-rock-core-centrifuge-yx-1850r\/","title":{"rendered":"Centr\u00edfuga de n\u00facleo de rocha de piso YX-1850R"},"content":{"rendered":"<p><strong><span style=\"font-family: 'times new roman', times, serif; font-size: 14pt;\">Recurso\u00a0<\/span><\/strong><\/p>\n<p><span style=\"font-family: 'times new roman', times, serif; font-size: 14pt;\">1. Compressor importado, refrigerantes sem CFC. Esta centr\u00edfuga utiliza compressor de alta qualidade e refrigerantes sem CFC. Podemos ajustar a temperatura entre -20\u00b0C e 40\u00b0C. A precis\u00e3o da temperatura chega a \u00b11\u00b0C. <\/span><\/p>\n<p><span style=\"font-family: 'times new roman', times, serif; font-size: 14pt;\">2. Motor de Frequ\u00eancia Vari\u00e1vel, Controle por Microcomputador. Existem tr\u00eas tipos de motor: motor com escovas, motor sem escovas e motor de frequ\u00eancia vari\u00e1vel, sendo este \u00faltimo o melhor. Possui baixa taxa de falhas, \u00e9 ecol\u00f3gico, n\u00e3o requer manuten\u00e7\u00e3o e apresenta bom desempenho. Seu bom desempenho permite que a precis\u00e3o da velocidade alcance at\u00e9 \u00b110 rpm.<\/span><\/p>\n<p><span style=\"font-family: 'times new roman', times, serif; font-size: 14pt;\"> 3. Travamento autom\u00e1tico do rotor. Abaixe o rotor e a centr\u00edfuga o travar\u00e1 automaticamente, sem a necessidade de usar chave inglesa. \u00c9 muito pr\u00e1tico para carregar e descarregar.<\/span><\/p>\n<p><span style=\"font-family: 'times new roman', times, serif; font-size: 14pt;\"> 4. A RCF pode ser definida diretamente. Se soubermos a For\u00e7a Centr\u00edfuga Relativa antes da opera\u00e7\u00e3o, podemos definir a RCF diretamente, sem necessidade de convers\u00e3o entre RPM e RCF.<\/span><\/p>\n<p><span style=\"font-family: 'times new roman', times, serif; font-size: 14pt;\">5. Redefini\u00e7\u00e3o de par\u00e2metros durante a opera\u00e7\u00e3o. \u00c0s vezes, precisamos redefinir par\u00e2metros como velocidade, RCF e tempo quando a centr\u00edfuga est\u00e1 em opera\u00e7\u00e3o, e n\u00e3o queremos parar. Podemos redefinir os par\u00e2metros diretamente, sem necessidade de parar, basta usar o dedo para alterar esses n\u00fameros. <\/span><\/p>\n<p><span style=\"font-family: 'times new roman', times, serif; font-size: 14pt;\">6. 40 N\u00edveis de Acelera\u00e7\u00e3o e Desacelera\u00e7\u00e3o. Como a fun\u00e7\u00e3o funciona? Por exemplo, definimos a velocidade para 5000 rpm e pressionamos o bot\u00e3o START. A centr\u00edfuga acelera de 0 rpm a 5000 rpm. De 0 rpm a 5000 rpm, podemos diminuir ou aumentar o tempo, ou seja, acelerar ou desacelerar? Sim, esta centr\u00edfuga suporta. <\/span><\/p>\n<p><span style=\"font-family: 'times new roman', times, serif; font-size: 14pt;\">7. Pode armazenar 12 programas. No uso di\u00e1rio, podemos precisar definir par\u00e2metros diferentes para finalidades diferentes; podemos armazenar esses par\u00e2metros de configura\u00e7\u00e3o como programas de opera\u00e7\u00e3o. Da pr\u00f3xima vez, basta escolher o programa correto e come\u00e7ar. <\/span><\/p>\n<p><span style=\"font-family: 'times new roman', times, serif; font-size: 14pt;\">8. Diagn\u00f3stico Autom\u00e1tico de Falhas. Quando uma falha aparece, a centr\u00edfuga diagnostica automaticamente e exibe o C\u00d3DIGO DE ERRO na tela, para que voc\u00ea saiba qual \u00e9 a falha. <\/span><\/p>\n<p><span style=\"font-family: 'times new roman', times, serif; font-size: 14pt;\">9. O rotor central com 12 furos pode atingir 18.500 rota\u00e7\u00f5es e separar a \u00e1gua em microporos de 10,74 nm. Equipado com esferas de a\u00e7o especiais para separa\u00e7\u00e3o. Utilizamos o melhor motor de frequ\u00eancia vari\u00e1vel, que garante alta precis\u00e3o de velocidade e opera\u00e7\u00e3o est\u00e1vel. Para garantir que a centr\u00edfuga tenha um bom desempenho refrigerado, utilizamos um compressor importado de alta qualidade. E o corpo de a\u00e7o torna a centr\u00edfuga mais resistente e dur\u00e1vel. <\/span><\/p>\n<p>&nbsp;<\/p>","protected":false},"excerpt":{"rendered":"<div class=\"item-meta\" data-module=\"6\">\n<div><span style=\"font-family: 'times new roman', times, serif; font-size: 14pt;\">A centr\u00edfuga de testemunho de rocha YX-1850R \u00e9 especializada em experimentos de an\u00e1lise de testemunho de rocha sob diversas condi\u00e7\u00f5es de reservat\u00f3rio de petr\u00f3leo, usada para medir umidade do testemunho, permeabilidade relativa, press\u00e3o capilar, satura\u00e7\u00e3o relativa, raio de vazio, etc.<\/span><\/div>\n<\/div>\n<ul>\n<li><span style=\"font-size: 14pt; font-family: 'times new roman', times, serif;\">Velocidade m\u00e1xima\u00a0 \u00a0 \u00a0 \u00a0 \u00a0 \u00a0 \u00a0 \u00a0 \u00a0 \u00a0<span class=\"item-val\">18500 rpm<\/span><\/span><\/li>\n<li><span style=\"font-size: 14pt; font-family: 'times new roman', times, serif;\">RCF m\u00e1x.\u00a0 \u00a0 \u00a0 \u00a0 \u00a0 \u00a0 \u00a0 \u00a0 \u00a0 \u00a0 \u00a0<span class=\"item-val\">42000xg<\/span><\/span><\/li>\n<li><span style=\"font-size: 14pt; font-family: 'times new roman', times, serif;\">Capacidade m\u00e1xima\u00a0 \u00a0 \u00a0 \u00a0 \u00a0 \u00a0 \u00a0 \u00a0<span class=\"item-val\">4*1000ml<\/span><\/span><\/li>\n<li><span style=\"font-size: 14pt; font-family: 'times new roman', times, serif;\">Intervalo do temporizador\u00a0 \u00a0 \u00a0 \u00a0 \u00a0 \u00a0 \u00a0 \u00a0 \u00a0<span class=\"item-val\">1min \u00e0s 99h59m<\/span><\/span><\/li>\n<li><span style=\"font-family: 'times new roman', times, serif; font-size: 14pt;\">Temperatura -20-40\u2103<\/span><\/li>\n<li><span style=\"font-size: 14pt; font-family: 'times new roman', times, serif;\">Precis\u00e3o de velocidade\u00a0 \u00a0 \u00a0 \u00a0 \u00a0 \u00a0 <span class=\"item-val\">\u00b110rpm<\/span><\/span><\/li>\n<li><span style=\"font-size: 14pt; font-family: 'times new roman', times, serif;\">Barulho\u00a0 \u00a0 \u00a0 \u00a0 \u00a0 \u00a0 \u00a0 \u00a0 \u00a0 \u00a0 \u00a0 \u00a0 \u00a0 \u00a0 <span class=\"item-val\">\u226460dB(A)<\/span><\/span><\/li>\n<li><span style=\"font-size: 14pt; font-family: 'times new roman', times, serif;\">Consumo de energia\u00a0 \u00a0 \u00a0<span class=\"item-val\">5 kW<\/span><\/span><\/li>\n<li><span style=\"font-size: 14pt; font-family: 'times new roman', times, serif;\">Dimens\u00e3o\u00a0 \u00a0 \u00a0 \u00a0 \u00a0 \u00a0 \u00a0 \u00a0 \u00a0 \u00a0<span class=\"item-val\">850x730x930 mm<\/span><\/span><\/li>\n<li><span style=\"font-size: 14pt; font-family: 'times new roman', times, serif;\">Peso l\u00edquido\u00a0 \u00a0 \u00a0 \u00a0 \u00a0 \u00a0 \u00a0 \u00a0 \u00a0 \u00a0<span class=\"item-val\">280 kg<\/span><\/span><\/li>\n<\/ul>\n<p>&nbsp;<\/p>","protected":false},"featured_media":22510,"comment_status":"open","ping_status":"closed","template":"","meta":{"_acf_changed":false},"product_brand":[],"product_cat":[20,80,97],"product_tag":[],"class_list":{"0":"post-22508","1":"product","2":"type-product","3":"status-publish","4":"has-post-thumbnail","6":"product_cat-all","7":"product_cat-centrifuge","8":"product_cat-special-purpose-centrifuge","10":"first","11":"instock","12":"shipping-taxable","13":"product-type-simple"},"acf":[],"_links":{"self":[{"href":"https:\/\/lexamedlab.com\/pt\/wp-json\/wp\/v2\/product\/22508","targetHints":{"allow":["GET"]}}],"collection":[{"href":"https:\/\/lexamedlab.com\/pt\/wp-json\/wp\/v2\/product"}],"about":[{"href":"https:\/\/lexamedlab.com\/pt\/wp-json\/wp\/v2\/types\/product"}],"replies":[{"embeddable":true,"href":"https:\/\/lexamedlab.com\/pt\/wp-json\/wp\/v2\/comments?post=22508"}],"version-history":[{"count":1,"href":"https:\/\/lexamedlab.com\/pt\/wp-json\/wp\/v2\/product\/22508\/revisions"}],"predecessor-version":[{"id":22513,"href":"https:\/\/lexamedlab.com\/pt\/wp-json\/wp\/v2\/product\/22508\/revisions\/22513"}],"wp:featuredmedia":[{"embeddable":true,"href":"https:\/\/lexamedlab.com\/pt\/wp-json\/wp\/v2\/media\/22510"}],"wp:attachment":[{"href":"https:\/\/lexamedlab.com\/pt\/wp-json\/wp\/v2\/media?parent=22508"}],"wp:term":[{"taxonomy":"product_brand","embeddable":true,"href":"https:\/\/lexamedlab.com\/pt\/wp-json\/wp\/v2\/product_brand?post=22508"},{"taxonomy":"product_cat","embeddable":true,"href":"https:\/\/lexamedlab.com\/pt\/wp-json\/wp\/v2\/product_cat?post=22508"},{"taxonomy":"product_tag","embeddable":true,"href":"https:\/\/lexamedlab.com\/pt\/wp-json\/wp\/v2\/product_tag?post=22508"}],"curies":[{"name":"wp","href":"https:\/\/api.w.org\/{rel}","templated":true}]}}