{"id":22599,"date":"2025-05-24T22:00:11","date_gmt":"2025-05-24T22:00:11","guid":{"rendered":"https:\/\/lexamedlab.com\/?post_type=product&#038;p=22599"},"modified":"2025-05-27T15:11:36","modified_gmt":"2025-05-27T15:11:36","slug":"heparin-tube","status":"publish","type":"product","link":"https:\/\/lexamedlab.com\/pt\/product\/heparin-tube\/","title":{"rendered":"Tubo de heparina"},"content":{"rendered":"<p><span style=\"font-family: 'times new roman', times, serif; font-size: 14pt;\">Tubo de heparina<\/span><\/p>\n<p><span style=\"font-family: 'times new roman', times, serif; font-size: 14pt;\">O tubo de heparina \u00e9 utilizado na coleta de sangue para testes de plasma cl\u00ednico, bioqu\u00edmica de emerg\u00eancia e reologia sangu\u00ednea, entre outros. Com pouca interfer\u00eancia na composi\u00e7\u00e3o sangu\u00ednea e sem influ\u00eancia no tamanho dos eritr\u00f3citos, n\u00e3o causa hem\u00f3lise. Al\u00e9m disso, possui as caracter\u00edsticas de r\u00e1pida separa\u00e7\u00e3o do plasma e ampla faixa de temperatura de opera\u00e7\u00e3o, al\u00e9m de alta compatibilidade com o \u00edndice s\u00e9rico. O anticoagulante heparina ativa a fibrinolisina, enquanto restringe a tromboplastina, e ent\u00e3o atinge o equil\u00edbrio din\u00e2mico entre fibrinog\u00eanio e fibrina, livre de filamentos de fibrina durante o processo de inspe\u00e7\u00e3o. A maioria dos \u00edndices plasm\u00e1ticos pode ser repetida em at\u00e9 6 horas.<\/span><\/p>\n<p><span style=\"font-family: 'times new roman', times, serif; font-size: 14pt;\">A heparina de l\u00edtio n\u00e3o s\u00f3 possui as caracter\u00edsticas da heparina s\u00f3dica, como tamb\u00e9m pode ser usada em testes de microelementos sem afetar o \u00edon s\u00f3dio. Para atender \u00e0s diversas necessidades dos laborat\u00f3rios cl\u00ednicos, a KANGJIAN pode adicionar gel de separa\u00e7\u00e3o de plasma para produzir plasma de alta qualidade.<\/span><\/p>\n<p>&nbsp;<\/p>\n<p><span style=\"font-family: 'times new roman', times, serif; font-size: 14pt;\">\u2013 Velocidade de centrifuga\u00e7\u00e3o: 3500-4000 r\/m<\/span><\/p>\n<p><span style=\"font-family: 'times new roman', times, serif; font-size: 14pt;\">\u2013 Tempo de centrifuga\u00e7\u00e3o: 3min<\/span><\/p>\n<p data-spm-anchor-id=\"a2700.details-description.0.i0.5826kw1Kkw1KrJ\"><span style=\"font-family: 'times new roman', times, serif; font-size: 14pt;\">\u2013 Temperatura de armazenamento recomendada: 4-25\u2103<\/span><\/p>\n<table style=\"border-collapse: collapse; width: 100%; height: 463px;\">\n<tbody>\n<tr style=\"height: 45px;\">\n<td style=\"width: 14.2857%; text-align: center; height: 45px;\"><span style=\"font-family: 'times new roman', times, serif; font-size: 14pt;\"><strong>n\u00famero do produto\u00a0<\/strong><\/span><\/td>\n<td style=\"width: 14.2857%; text-align: center; height: 45px;\"><span style=\"font-family: 'times new roman', times, serif; font-size: 14pt;\"><strong>Tubo <\/strong><strong>Especifica\u00e7\u00e3o<\/strong><\/span><\/td>\n<td style=\"width: 14.2857%; text-align: center; height: 45px;\"><span style=\"font-family: 'times new roman', times, serif; font-size: 14pt;\"><strong>Nominal <\/strong><strong>Volume<\/strong><\/span><\/td>\n<td style=\"width: 14.2857%; text-align: center; height: 45px;\"><span style=\"font-family: 'times new roman', times, serif; font-size: 14pt;\"><strong>Aditivo<\/strong><\/span><\/td>\n<td style=\"width: 14.3069%; text-align: center; height: 45px;\" height=\"45\"><span style=\"font-family: 'times new roman', times, serif; font-size: 14pt;\"><strong>Qtd.\/Cs de vidro<\/strong><\/span><\/td>\n<td style=\"width: 14.2857%; text-align: center; height: 45px;\"><span style=\"font-family: 'times new roman', times, serif; font-size: 14pt;\"><strong>Qtd.\/Cs de PET<\/strong><\/span><\/td>\n<td style=\"width: 14.2857%; text-align: center; height: 45px;\"><\/td>\n<\/tr>\n<tr>\n<td style=\"width: 14.2857%; text-align: center;\" data-spm-anchor-id=\"a2700.details-description.0.i3.5826kw1Kkw1KrJ\"><span style=\"font-family: 'times new roman', times, serif;\"><strong>KJ030SH<\/strong><\/span><\/td>\n<td style=\"width: 14.2857%; text-align: center;\"><span style=\"font-family: 'times new roman', times, serif;\" data-spm-anchor-id=\"a2700.details-description.0.i1.5826kw1Kkw1KrJ\">\u00d813\u00d775mm<\/span><\/td>\n<td style=\"width: 14.2857%; text-align: center;\"><span style=\"font-family: 'times new roman', times, serif;\">3ml<\/span><\/td>\n<td style=\"width: 14.2857%; text-align: center;\"><span style=\"font-family: 'times new roman', times, serif;\">Heparina S\u00f3dica<\/span><\/td>\n<td style=\"width: 14.3069%; text-align: center;\"><span style=\"font-family: 'times new roman', times, serif;\">100 pe\u00e7as \u00d7 18<\/span><\/td>\n<td style=\"width: 14.2857%; text-align: center;\"><span style=\"font-family: 'times new roman', times, serif;\">100 pe\u00e7as \u00d7 18<\/span><\/td>\n<td style=\"width: 14.2857%; height: 38px;\"><\/td>\n<\/tr>\n<tr>\n<td style=\"width: 14.2857%; text-align: center;\"><span style=\"font-family: 'times new roman', times, serif;\"><strong>KJ040SH<\/strong><\/span><\/td>\n<td style=\"width: 14.2857%; text-align: center;\"><span style=\"font-family: 'times new roman', times, serif;\">\u00d813\u00d775mm<\/span><\/td>\n<td style=\"width: 14.2857%; text-align: center;\"><span style=\"font-family: 'times new roman', times, serif;\">4ml<\/span><\/td>\n<td style=\"width: 14.2857%; text-align: center;\"><span style=\"font-family: 'times new roman', times, serif;\">Heparina S\u00f3dica<\/span><\/td>\n<td style=\"width: 14.3069%; text-align: center;\"><span style=\"font-family: 'times new roman', times, serif;\">100 pe\u00e7as \u00d7 18<\/span><\/td>\n<td style=\"width: 14.2857%; text-align: center;\"><span style=\"font-family: 'times new roman', times, serif;\">100 pe\u00e7as \u00d7 18<\/span><\/td>\n<td style=\"width: 14.2857%; height: 38px;\"><\/td>\n<\/tr>\n<tr>\n<td style=\"width: 14.2857%; text-align: center;\"><span style=\"font-family: 'times new roman', times, serif;\"><strong>KJ050SH<\/strong><\/span><\/td>\n<td style=\"width: 14.2857%; text-align: center;\"><span style=\"font-family: 'times new roman', times, serif;\">\u00d813\u00d775mm<\/span><\/td>\n<td style=\"width: 14.2857%; text-align: center;\"><span style=\"font-family: 'times new roman', times, serif;\">5ml<\/span><\/td>\n<td style=\"width: 14.2857%; text-align: center;\"><span style=\"font-family: 'times new roman', times, serif;\">Heparina S\u00f3dica<\/span><\/td>\n<td style=\"width: 14.3069%; text-align: center;\"><span style=\"font-family: 'times new roman', times, serif;\">100 pe\u00e7as \u00d7 18<\/span><\/td>\n<td style=\"width: 14.2857%; text-align: center;\"><span style=\"font-family: 'times new roman', times, serif;\">100 pe\u00e7as \u00d7 18<\/span><\/td>\n<td style=\"width: 14.2857%; height: 38px;\"><\/td>\n<\/tr>\n<tr>\n<td style=\"width: 14.2857%; text-align: center;\"><span style=\"font-family: 'times new roman', times, serif;\"><strong>KJ0701SH<\/strong><\/span><\/td>\n<td style=\"width: 14.2857%; text-align: center;\"><span style=\"font-family: 'times new roman', times, serif;\">\u00d813\u00d7100mm<\/span><\/td>\n<td style=\"width: 14.2857%; text-align: center;\"><span style=\"font-family: 'times new roman', times, serif;\">7ml<\/span><\/td>\n<td style=\"width: 14.2857%; text-align: center;\"><span style=\"font-family: 'times new roman', times, serif;\">Heparina S\u00f3dica<\/span><\/td>\n<td style=\"width: 14.3069%; text-align: center;\"><span style=\"font-family: 'times new roman', times, serif;\">100 pe\u00e7as \u00d7 12<\/span><\/td>\n<td style=\"width: 14.2857%; text-align: center;\"><span style=\"font-family: 'times new roman', times, serif;\">100 pe\u00e7as \u00d7 18<\/span><\/td>\n<td style=\"width: 14.2857%; height: 38px;\"><\/td>\n<\/tr>\n<tr>\n<td style=\"width: 14.2857%; text-align: center;\"><span style=\"font-family: 'times new roman', times, serif;\"><strong>KJ1002SH<\/strong><\/span><\/td>\n<td style=\"width: 14.2857%; text-align: center;\"><span style=\"font-family: 'times new roman', times, serif;\">\u00d816\u00d7100mm<\/span><\/td>\n<td style=\"width: 14.2857%; text-align: center;\"><span style=\"font-family: 'times new roman', times, serif;\">10ml<\/span><\/td>\n<td style=\"width: 14.2857%; text-align: center;\"><span style=\"font-family: 'times new roman', times, serif;\">Heparina S\u00f3dica<\/span><\/td>\n<td style=\"width: 14.3069%; text-align: center;\"><span style=\"font-family: 'times new roman', times, serif;\">100 pe\u00e7as \u00d7 12<\/span><\/td>\n<td style=\"width: 14.2857%; text-align: center;\"><span style=\"font-family: 'times new roman', times, serif;\">100 pe\u00e7as \u00d7 12<\/span><\/td>\n<td style=\"width: 14.2857%; height: 38px;\"><\/td>\n<\/tr>\n<tr>\n<td style=\"width: 14.2857%; text-align: center;\"><span style=\"font-family: 'times new roman', times, serif;\"><strong>KJ020LH<\/strong><\/span><\/td>\n<td style=\"width: 14.2857%; text-align: center;\"><span style=\"font-family: 'times new roman', times, serif;\">\u00d812\u00d775mm<\/span><\/td>\n<td style=\"width: 14.2857%; text-align: center;\"><span style=\"font-family: 'times new roman', times, serif;\">2ml<\/span><\/td>\n<td style=\"width: 14.2857%; text-align: center;\"><span style=\"font-family: 'times new roman', times, serif;\">Heparina de l\u00edtio<\/span><\/td>\n<td style=\"width: 14.3069%; text-align: center;\"><span style=\"font-family: 'times new roman', times, serif;\">100 pe\u00e7as \u00d7 18<\/span><\/td>\n<td style=\"width: 14.2857%; text-align: center;\"><span style=\"font-family: 'times new roman', times, serif;\">100 pe\u00e7as \u00d7 18<\/span><\/td>\n<td style=\"width: 14.2857%; height: 38px;\"><\/td>\n<\/tr>\n<tr>\n<td style=\"width: 14.2857%; text-align: center;\"><span style=\"font-family: 'times new roman', times, serif;\"><strong>KJ030LH<\/strong><\/span><\/td>\n<td style=\"width: 14.2857%; text-align: center;\"><span style=\"font-family: 'times new roman', times, serif;\">\u00d813\u00d775mm<\/span><\/td>\n<td style=\"width: 14.2857%; text-align: center;\"><span style=\"font-family: 'times new roman', times, serif;\">3ml<\/span><\/td>\n<td style=\"width: 14.2857%; text-align: center;\" data-spm-anchor-id=\"a2700.details-description.0.i2.5826kw1Kkw1KrJ\"><span style=\"font-family: 'times new roman', times, serif;\">Heparina de l\u00edtio<\/span><\/td>\n<td style=\"width: 14.3069%; text-align: center;\"><span style=\"font-family: 'times new roman', times, serif;\">100 pe\u00e7as \u00d7 18<\/span><\/td>\n<td style=\"width: 14.2857%; text-align: center;\"><span style=\"font-family: 'times new roman', times, serif;\">100 pe\u00e7as \u00d7 18<\/span><\/td>\n<td style=\"width: 14.2857%; height: 38px;\"><\/td>\n<\/tr>\n<tr>\n<td style=\"width: 14.2857%; text-align: center;\"><span style=\"font-family: 'times new roman', times, serif;\"><strong>KJ040LH<\/strong><\/span><\/td>\n<td style=\"width: 14.2857%; text-align: center;\"><span style=\"font-family: 'times new roman', times, serif;\">\u00d813\u00d775mm<\/span><\/td>\n<td style=\"width: 14.2857%; text-align: center;\"><span style=\"font-family: 'times new roman', times, serif;\">4ml<\/span><\/td>\n<td style=\"width: 14.2857%; text-align: center;\"><span style=\"font-family: 'times new roman', times, serif;\">Heparina de l\u00edtio<\/span><\/td>\n<td style=\"width: 14.3069%; text-align: center;\"><span style=\"font-family: 'times new roman', times, serif;\">100 pe\u00e7as \u00d7 18<\/span><\/td>\n<td style=\"width: 14.2857%; text-align: center;\"><span style=\"font-family: 'times new roman', times, serif;\">100 pe\u00e7as \u00d7 18<\/span><\/td>\n<td style=\"width: 14.2857%; height: 38px;\"><\/td>\n<\/tr>\n<tr>\n<td style=\"width: 14.2857%; text-align: center;\"><span style=\"font-family: 'times new roman', times, serif;\"><strong>KJ050LH<\/strong><\/span><\/td>\n<td style=\"width: 14.2857%; text-align: center;\"><span style=\"font-family: 'times new roman', times, serif;\">\u00d813\u00d775mm<\/span><\/td>\n<td style=\"width: 14.2857%; text-align: center;\"><span style=\"font-family: 'times new roman', times, serif;\">5ml<\/span><\/td>\n<td style=\"width: 14.2857%; text-align: center;\"><span style=\"font-family: 'times new roman', times, serif;\">Heparina de l\u00edtio<\/span><\/td>\n<td style=\"width: 14.3069%; text-align: center;\"><span style=\"font-family: 'times new roman', times, serif;\">100 pe\u00e7as \u00d7 18<\/span><\/td>\n<td style=\"width: 14.2857%; text-align: center;\"><span style=\"font-family: 'times new roman', times, serif;\">100 pe\u00e7as \u00d7 18<\/span><\/td>\n<td style=\"width: 14.2857%; height: 38px;\"><\/td>\n<\/tr>\n<tr>\n<td style=\"width: 14.2857%; text-align: center;\"><span style=\"font-family: 'times new roman', times, serif;\"><strong>KJ0701LH<\/strong><\/span><\/td>\n<td style=\"width: 14.2857%; text-align: center;\"><span style=\"font-family: 'times new roman', times, serif;\">\u00d816\u00d7100mm<\/span><\/td>\n<td style=\"width: 14.2857%; text-align: center;\"><span style=\"font-family: 'times new roman', times, serif;\">7ml<\/span><\/td>\n<td style=\"width: 14.2857%; text-align: center;\"><span style=\"font-family: 'times new roman', times, serif;\">Heparina de l\u00edtio<\/span><\/td>\n<td style=\"width: 14.3069%; text-align: center;\"><span style=\"font-family: 'times new roman', times, serif;\">100 pe\u00e7as \u00d7 12<\/span><\/td>\n<td style=\"width: 14.2857%; text-align: center;\"><span style=\"font-family: 'times new roman', times, serif;\">100 pe\u00e7as \u00d7 18<\/span><\/td>\n<td style=\"width: 14.2857%; height: 38px;\"><\/td>\n<\/tr>\n<tr>\n<td style=\"width: 14.2857%; text-align: center;\"><span style=\"font-family: 'times new roman', times, serif;\"><strong>KJ1002LH<\/strong><\/span><\/td>\n<td style=\"width: 14.2857%; text-align: center;\"><span style=\"font-family: 'times new roman', times, serif;\">\u00d816\u00d7100mm<\/span><\/td>\n<td style=\"width: 14.2857%; text-align: center;\"><span style=\"font-family: 'times new roman', times, serif;\">10ml<\/span><\/td>\n<td style=\"width: 14.2857%; text-align: center;\"><span style=\"font-family: 'times new roman', times, serif;\">Heparina de l\u00edtio<\/span><\/td>\n<td style=\"width: 14.3069%; text-align: center;\"><span style=\"font-family: 'times new roman', times, serif;\">100 pe\u00e7as \u00d7 12<\/span><\/td>\n<td style=\"width: 14.2857%; text-align: center;\"><span style=\"font-family: 'times new roman', times, serif;\">100 pe\u00e7as \u00d7 12<\/span><\/td>\n<td style=\"width: 14.2857%; height: 38px;\"><\/td>\n<\/tr>\n<\/tbody>\n<\/table>\n<p data-spm-anchor-id=\"a2700.details-description.0.i0.b229DrSXDrSXqX\">","protected":false},"excerpt":{"rendered":"<p>Tubo de heparina O tubo de heparina \u00e9 usado na coleta de sangue para teste de plasma cl\u00ednico, bioqu\u00edmica de emerg\u00eancia e reologia sangu\u00ednea, etc.<\/p>","protected":false},"featured_media":22600,"comment_status":"open","ping_status":"closed","template":"","meta":{"_acf_changed":false},"product_brand":[],"product_cat":[20,98],"product_tag":[],"class_list":{"0":"post-22599","1":"product","2":"type-product","3":"status-publish","4":"has-post-thumbnail","6":"product_cat-all","7":"product_cat-blood-collection-tube","9":"first","10":"instock","11":"shipping-taxable","12":"product-type-simple"},"acf":[],"_links":{"self":[{"href":"https:\/\/lexamedlab.com\/pt\/wp-json\/wp\/v2\/product\/22599","targetHints":{"allow":["GET"]}}],"collection":[{"href":"https:\/\/lexamedlab.com\/pt\/wp-json\/wp\/v2\/product"}],"about":[{"href":"https:\/\/lexamedlab.com\/pt\/wp-json\/wp\/v2\/types\/product"}],"replies":[{"embeddable":true,"href":"https:\/\/lexamedlab.com\/pt\/wp-json\/wp\/v2\/comments?post=22599"}],"version-history":[{"count":1,"href":"https:\/\/lexamedlab.com\/pt\/wp-json\/wp\/v2\/product\/22599\/revisions"}],"predecessor-version":[{"id":22601,"href":"https:\/\/lexamedlab.com\/pt\/wp-json\/wp\/v2\/product\/22599\/revisions\/22601"}],"wp:featuredmedia":[{"embeddable":true,"href":"https:\/\/lexamedlab.com\/pt\/wp-json\/wp\/v2\/media\/22600"}],"wp:attachment":[{"href":"https:\/\/lexamedlab.com\/pt\/wp-json\/wp\/v2\/media?parent=22599"}],"wp:term":[{"taxonomy":"product_brand","embeddable":true,"href":"https:\/\/lexamedlab.com\/pt\/wp-json\/wp\/v2\/product_brand?post=22599"},{"taxonomy":"product_cat","embeddable":true,"href":"https:\/\/lexamedlab.com\/pt\/wp-json\/wp\/v2\/product_cat?post=22599"},{"taxonomy":"product_tag","embeddable":true,"href":"https:\/\/lexamedlab.com\/pt\/wp-json\/wp\/v2\/product_tag?post=22599"}],"curies":[{"name":"wp","href":"https:\/\/api.w.org\/{rel}","templated":true}]}}