{"id":22602,"date":"2025-05-24T22:04:20","date_gmt":"2025-05-24T22:04:20","guid":{"rendered":"https:\/\/lexamedlab.com\/?post_type=product&#038;p=22602"},"modified":"2025-05-27T15:11:36","modified_gmt":"2025-05-27T15:11:36","slug":"gel-clot-activator-tube","status":"publish","type":"product","link":"https:\/\/lexamedlab.com\/pt\/product\/gel-clot-activator-tube\/","title":{"rendered":"Tubo de gel e ativador de co\u00e1gulos"},"content":{"rendered":"<p><span style=\"font-family: 'times new roman', times, serif; font-size: 14pt;\" data-spm-anchor-id=\"a2700.details-description.0.i0.643612YS12YScu\">Tubo de gel e ativador de co\u00e1gulos<\/span><\/p>\n<p><span style=\"font-family: 'times new roman', times, serif; font-size: 14pt;\">O tubo de gel e ativador de co\u00e1gulos \u00e9 utilizado para bioqu\u00edmica de soro sangu\u00edneo, imunologia, testes de drogas, etc. O coagulante \u00e9 pulverizado uniformemente na superf\u00edcie interna do tubo, o que reduz significativamente o tempo de coagula\u00e7\u00e3o. Como o gel de separa\u00e7\u00e3o importado do Jap\u00e3o \u00e9 uma subst\u00e2ncia pura, muito est\u00e1vel em termos de propriedades f\u00edsico-qu\u00edmicas, ele suporta altas temperaturas, mantendo-se est\u00e1vel durante o armazenamento e o transporte.<\/span><\/p>\n<p><span style=\"font-family: 'times new roman', times, serif; font-size: 14pt;\">O gel solidifica ap\u00f3s a centrifuga\u00e7\u00e3o e separa completamente o soro das c\u00e9lulas de fibrina, como uma barreira, impedindo efetivamente a troca de subst\u00e2ncias entre o soro sangu\u00edneo e as c\u00e9lulas. A efici\u00eancia da coleta de soro \u00e9 aprimorada e soros de alta qualidade s\u00e3o obtidos, resultando em resultados de teste mais aut\u00eanticos. Mantenha o soro est\u00e1vel por mais de 48 horas, sem altera\u00e7\u00f5es \u00f3bvias em suas caracter\u00edsticas bioqu\u00edmicas e composi\u00e7\u00f5es qu\u00edmicas. O tubo pode ser usado diretamente em analisadores de amostragem.<\/span><\/p>\n<p><span style=\"font-family: 'times new roman', times, serif; font-size: 14pt;\">\u2013 Tempo para retra\u00e7\u00e3o completa do co\u00e1gulo: 20-25min<\/span><\/p>\n<p><span style=\"font-family: 'times new roman', times, serif; font-size: 14pt;\">\u2013 Velocidade de centrifuga\u00e7\u00e3o: 3500-4000r\/m<\/span><\/p>\n<p><span style=\"font-family: 'times new roman', times, serif; font-size: 14pt;\">\u2013 Tempo de centrifuga\u00e7\u00e3o: 5min<\/span><\/p>\n<p><span style=\"font-family: 'times new roman', times, serif; font-size: 14pt;\">\u2013 Temperatura de armazenamento recomendada: 4-25\u2103<\/span><\/p>\n<table style=\"border-collapse: collapse; width: 100%; height: 463px;\">\n<tbody>\n<tr style=\"height: 45px;\">\n<td style=\"width: 14.2857%; text-align: center; height: 45px;\"><span style=\"font-family: 'times new roman', times, serif; font-size: 14pt;\"><strong>n\u00famero do produto\u00a0<\/strong><\/span><\/td>\n<td style=\"width: 14.2857%; text-align: center; height: 45px;\"><span style=\"font-family: 'times new roman', times, serif; font-size: 14pt;\"><strong>Tubo <\/strong><strong>Especifica\u00e7\u00e3o<\/strong><\/span><\/td>\n<td style=\"width: 14.2857%; text-align: center; height: 45px;\"><span style=\"font-family: 'times new roman', times, serif; font-size: 14pt;\"><strong>Nominal <\/strong><strong>Volume<\/strong><\/span><\/td>\n<td style=\"width: 14.2857%; text-align: center; height: 45px;\"><span style=\"font-family: 'times new roman', times, serif; font-size: 14pt;\"><strong>Aditivo<\/strong><\/span><\/td>\n<td style=\"width: 14.3069%; text-align: center; height: 45px;\" height=\"45\"><span style=\"font-family: 'times new roman', times, serif; font-size: 14pt;\"><strong>Qtd.\/Cs de vidro<\/strong><\/span><\/td>\n<td style=\"width: 14.2857%; text-align: center; height: 45px;\"><span style=\"font-family: 'times new roman', times, serif; font-size: 14pt;\"><strong>Qtd.\/Cs de PET<\/strong><\/span><\/td>\n<td style=\"width: 14.2857%; text-align: center; height: 45px;\"><\/td>\n<\/tr>\n<tr>\n<td style=\"width: 14.2857%; text-align: center;\" data-spm-anchor-id=\"a2700.details-description.0.i9.643612YS12YScu\"><span style=\"font-family: 'times new roman', times, serif;\"><strong>KJ030AS<\/strong><\/span><\/td>\n<td style=\"width: 14.2857%; text-align: center;\" data-spm-anchor-id=\"a2700.details-description.0.i2.643612YS12YScu\"><span style=\"font-family: 'times new roman', times, serif;\">\u00d813\u00d775mm<\/span><\/td>\n<td style=\"width: 14.2857%; text-align: center;\"><span style=\"font-family: 'times new roman', times, serif;\">3ml<\/span><\/td>\n<td style=\"width: 14.2857%; text-align: center;\"><span style=\"font-family: 'times new roman', times, serif;\">Gel e Ativador de Co\u00e1gulos<\/span><\/td>\n<td style=\"width: 14.3069%; text-align: center;\"><span style=\"font-family: 'times new roman', times, serif;\">100 pe\u00e7as \u00d7 18<\/span><\/td>\n<td style=\"width: 14.2857%; text-align: center;\"><span style=\"font-family: 'times new roman', times, serif;\">100 pe\u00e7as \u00d7 18<\/span><\/td>\n<td style=\"width: 14.2857%; height: 38px;\"><\/td>\n<\/tr>\n<tr>\n<td style=\"width: 14.2857%; text-align: center;\"><span style=\"font-family: 'times new roman', times, serif;\"><strong>KJ040AS<\/strong><\/span><\/td>\n<td style=\"width: 14.2857%; text-align: center;\"><span style=\"font-family: 'times new roman', times, serif;\" data-spm-anchor-id=\"a2700.details-description.0.i3.643612YS12YScu\">\u00d813\u00d775mm<\/span><\/td>\n<td style=\"width: 14.2857%; text-align: center;\"><span style=\"font-family: 'times new roman', times, serif;\">4ml<\/span><\/td>\n<td style=\"width: 14.2857%; text-align: center;\"><span style=\"font-family: 'times new roman', times, serif;\">Gel e Ativador de Co\u00e1gulos<\/span><\/td>\n<td style=\"width: 14.3069%; text-align: center;\"><span style=\"font-family: 'times new roman', times, serif;\">100 pe\u00e7as \u00d7 18<\/span><\/td>\n<td style=\"width: 14.2857%; text-align: center;\"><span style=\"font-family: 'times new roman', times, serif;\">100 pe\u00e7as \u00d7 18<\/span><\/td>\n<td style=\"width: 14.2857%; height: 38px;\"><\/td>\n<\/tr>\n<tr>\n<td style=\"width: 14.2857%; text-align: center;\"><span style=\"font-family: 'times new roman', times, serif;\"><strong>KJ050AS<\/strong><\/span><\/td>\n<td style=\"width: 14.2857%; text-align: center;\"><span style=\"font-family: 'times new roman', times, serif;\" data-spm-anchor-id=\"a2700.details-description.0.i4.643612YS12YScu\">\u00d813\u00d7100mm<\/span><\/td>\n<td style=\"width: 14.2857%; text-align: center;\"><span style=\"font-family: 'times new roman', times, serif;\">5ml<\/span><\/td>\n<td style=\"width: 14.2857%; text-align: center;\"><span style=\"font-family: 'times new roman', times, serif;\">Gel e Ativador de Co\u00e1gulos<\/span><\/td>\n<td style=\"width: 14.3069%; text-align: center;\"><span style=\"font-family: 'times new roman', times, serif;\">100 pe\u00e7as \u00d7 12<\/span><\/td>\n<td style=\"width: 14.2857%; text-align: center;\"><span style=\"font-family: 'times new roman', times, serif;\">100 pe\u00e7as \u00d7 18<\/span><\/td>\n<td style=\"width: 14.2857%; height: 38px;\"><\/td>\n<\/tr>\n<tr>\n<td style=\"width: 14.2857%; text-align: center;\"><span style=\"font-family: 'times new roman', times, serif;\"><strong>KJ0601AS<\/strong><\/span><\/td>\n<td style=\"width: 14.2857%; text-align: center;\"><span style=\"font-family: 'times new roman', times, serif;\" data-spm-anchor-id=\"a2700.details-description.0.i5.643612YS12YScu\">\u00d813\u00d7100mm<\/span><\/td>\n<td style=\"width: 14.2857%; text-align: center;\"><span style=\"font-family: 'times new roman', times, serif;\">6ml<\/span><\/td>\n<td style=\"width: 14.2857%; text-align: center;\"><span style=\"font-family: 'times new roman', times, serif;\">Gel e Ativador de Co\u00e1gulos<\/span><\/td>\n<td style=\"width: 14.3069%; text-align: center;\"><span style=\"font-family: 'times new roman', times, serif;\">100 pe\u00e7as \u00d7 12<\/span><\/td>\n<td style=\"width: 14.2857%; text-align: center;\"><span style=\"font-family: 'times new roman', times, serif;\">100 pe\u00e7as \u00d7 18<\/span><\/td>\n<td style=\"width: 14.2857%; height: 38px;\"><\/td>\n<\/tr>\n<tr>\n<td style=\"width: 14.2857%; text-align: center;\"><span style=\"font-family: 'times new roman', times, serif;\"><strong>KJ0701AS<\/strong><\/span><\/td>\n<td style=\"width: 14.2857%; text-align: center;\"><span style=\"font-family: 'times new roman', times, serif;\" data-spm-anchor-id=\"a2700.details-description.0.i6.643612YS12YScu\">\u00d816\u00d7100mm<\/span><\/td>\n<td style=\"width: 14.2857%; text-align: center;\"><span style=\"font-family: 'times new roman', times, serif;\">7ml<\/span><\/td>\n<td style=\"width: 14.2857%; text-align: center;\"><span style=\"font-family: 'times new roman', times, serif;\">Gel e Ativador de Co\u00e1gulos<\/span><\/td>\n<td style=\"width: 14.3069%; text-align: center;\"><span style=\"font-family: 'times new roman', times, serif;\">100 pe\u00e7as \u00d7 12<\/span><\/td>\n<td style=\"width: 14.2857%; text-align: center;\"><span style=\"font-family: 'times new roman', times, serif;\">100 pe\u00e7as \u00d7 12<\/span><\/td>\n<td style=\"width: 14.2857%; height: 38px;\"><\/td>\n<\/tr>\n<tr>\n<td style=\"width: 14.2857%; text-align: center;\"><span style=\"font-family: 'times new roman', times, serif;\"><strong>KJ0801AS<\/strong><\/span><\/td>\n<td style=\"width: 14.2857%; text-align: center;\"><span style=\"font-family: 'times new roman', times, serif;\" data-spm-anchor-id=\"a2700.details-description.0.i7.643612YS12YScu\">\u00d816\u00d7100mm<\/span><\/td>\n<td style=\"width: 14.2857%; text-align: center;\" data-spm-anchor-id=\"a2700.details-description.0.i1.643612YS12YScu\"><span style=\"font-family: 'times new roman', times, serif;\">8ml<\/span><\/td>\n<td style=\"width: 14.2857%; text-align: center;\"><span style=\"font-family: 'times new roman', times, serif;\">Gel e Ativador de Co\u00e1gulos<\/span><\/td>\n<td style=\"width: 14.3069%; text-align: center;\"><span style=\"font-family: 'times new roman', times, serif;\">100 pe\u00e7as \u00d7 12<\/span><\/td>\n<td style=\"width: 14.2857%; text-align: center;\"><span style=\"font-family: 'times new roman', times, serif;\">100 pe\u00e7as \u00d7 12<\/span><\/td>\n<td style=\"width: 14.2857%; height: 38px;\"><\/td>\n<\/tr>\n<tr>\n<td style=\"width: 14.2857%; text-align: center;\"><span style=\"font-family: 'times new roman', times, serif;\"><strong>KJ0901AS<\/strong><\/span><\/td>\n<td style=\"width: 14.2857%; text-align: center;\"><span style=\"font-family: 'times new roman', times, serif;\" data-spm-anchor-id=\"a2700.details-description.0.i8.643612YS12YScu\">\u00d816\u00d7100mm<\/span><\/td>\n<td style=\"width: 14.2857%; text-align: center;\"><span style=\"font-family: 'times new roman', times, serif;\">9ml<\/span><\/td>\n<td style=\"width: 14.2857%; text-align: center;\"><span style=\"font-family: 'times new roman', times, serif;\">Gel e Ativador de Co\u00e1gulos<\/span><\/td>\n<td style=\"width: 14.3069%; text-align: center;\"><span style=\"font-family: 'times new roman', times, serif;\">100 pe\u00e7as \u00d7 12<\/span><\/td>\n<td style=\"width: 14.2857%; text-align: center;\"><span style=\"font-family: 'times new roman', times, serif;\">100 pe\u00e7as \u00d7 12<\/span><\/td>\n<td style=\"width: 14.2857%; height: 38px;\"><\/td>\n<\/tr>\n<\/tbody>\n<\/table>\n<p data-spm-anchor-id=\"a2700.details-description.0.i0.b229DrSXDrSXqX\">","protected":false},"excerpt":{"rendered":"<p>Tubo de gel e ativador de co\u00e1gulo O tubo de gel e ativador de co\u00e1gulo \u00e9 usado para bioqu\u00edmica de soro sangu\u00edneo, imunologia e testes de drogas,<\/p>","protected":false},"featured_media":22603,"comment_status":"open","ping_status":"closed","template":"","meta":{"_acf_changed":false},"product_brand":[],"product_cat":[20,98],"product_tag":[],"class_list":{"0":"post-22602","1":"product","2":"type-product","3":"status-publish","4":"has-post-thumbnail","6":"product_cat-all","7":"product_cat-blood-collection-tube","9":"first","10":"instock","11":"shipping-taxable","12":"product-type-simple"},"acf":[],"_links":{"self":[{"href":"https:\/\/lexamedlab.com\/pt\/wp-json\/wp\/v2\/product\/22602","targetHints":{"allow":["GET"]}}],"collection":[{"href":"https:\/\/lexamedlab.com\/pt\/wp-json\/wp\/v2\/product"}],"about":[{"href":"https:\/\/lexamedlab.com\/pt\/wp-json\/wp\/v2\/types\/product"}],"replies":[{"embeddable":true,"href":"https:\/\/lexamedlab.com\/pt\/wp-json\/wp\/v2\/comments?post=22602"}],"version-history":[{"count":1,"href":"https:\/\/lexamedlab.com\/pt\/wp-json\/wp\/v2\/product\/22602\/revisions"}],"predecessor-version":[{"id":22604,"href":"https:\/\/lexamedlab.com\/pt\/wp-json\/wp\/v2\/product\/22602\/revisions\/22604"}],"wp:featuredmedia":[{"embeddable":true,"href":"https:\/\/lexamedlab.com\/pt\/wp-json\/wp\/v2\/media\/22603"}],"wp:attachment":[{"href":"https:\/\/lexamedlab.com\/pt\/wp-json\/wp\/v2\/media?parent=22602"}],"wp:term":[{"taxonomy":"product_brand","embeddable":true,"href":"https:\/\/lexamedlab.com\/pt\/wp-json\/wp\/v2\/product_brand?post=22602"},{"taxonomy":"product_cat","embeddable":true,"href":"https:\/\/lexamedlab.com\/pt\/wp-json\/wp\/v2\/product_cat?post=22602"},{"taxonomy":"product_tag","embeddable":true,"href":"https:\/\/lexamedlab.com\/pt\/wp-json\/wp\/v2\/product_tag?post=22602"}],"curies":[{"name":"wp","href":"https:\/\/api.w.org\/{rel}","templated":true}]}}