{"id":22605,"date":"2025-05-24T22:07:36","date_gmt":"2025-05-24T22:07:36","guid":{"rendered":"https:\/\/lexamedlab.com\/?post_type=product&#038;p=22605"},"modified":"2025-05-27T15:11:36","modified_gmt":"2025-05-27T15:11:36","slug":"sodium-citrate-tube","status":"publish","type":"product","link":"https:\/\/lexamedlab.com\/pt\/product\/sodium-citrate-tube\/","title":{"rendered":"Tubo de Citrato de S\u00f3dio"},"content":{"rendered":"<p><span style=\"font-family: 'times new roman', times, serif; font-size: 14pt;\">Tubo PT<\/span><\/p>\n<p><span style=\"font-family: 'times new roman', times, serif; font-size: 14pt;\" data-spm-anchor-id=\"a2700.details-description.0.i1.1b38cgtQcgtQQs\">O tubo de TP \u00e9 usado para teste de coagula\u00e7\u00e3o sangu\u00ednea e aplic\u00e1vel ao sistema fibrinol\u00edtico (TP, TT, TTPA e fibrinog\u00eanio, etc.). A propor\u00e7\u00e3o da mistura \u00e9 de 1 parte de citrato para 9 partes de sangue.<\/span><\/p>\n<p><span style=\"font-family: 'times new roman', times, serif; font-size: 14pt;\">Uma propor\u00e7\u00e3o precisa pode garantir a efic\u00e1cia do resultado do teste e evitar diagn\u00f3sticos incorretos. Como o citrato de s\u00f3dio tem toxicidade muito baixa, tamb\u00e9m \u00e9 usado para armazenamento de sangue.<\/span><\/p>\n<p data-spm-anchor-id=\"a2700.details-description.0.i0.1b38cgtQcgtQQs\">\n<span style=\"font-family: 'times new roman', times, serif; font-size: 14pt;\">Colete volume de sangue suficiente para garantir a precis\u00e3o dos resultados. O tubo de TP com dois decks possui pouco espa\u00e7o morto, podendo ser usado para monitorar o teste de vWF, fun\u00e7\u00f5es plaquet\u00e1rias e terapia com heparina.<\/span><\/p>\n<table style=\"border-collapse: collapse; width: 100%; height: 346px;\">\n<tbody>\n<tr style=\"height: 45px;\">\n<td style=\"width: 14.2857%; text-align: center; height: 45px;\"><span style=\"font-family: 'times new roman', times, serif; font-size: 14pt;\"><strong>n\u00famero do produto\u00a0<\/strong><\/span><\/td>\n<td style=\"width: 14.2857%; text-align: center; height: 45px;\"><span style=\"font-family: 'times new roman', times, serif; font-size: 14pt;\"><strong>Tubo <\/strong><strong>Especifica\u00e7\u00e3o<\/strong><\/span><\/td>\n<td style=\"width: 14.2857%; text-align: center; height: 45px;\"><span style=\"font-family: 'times new roman', times, serif; font-size: 14pt;\"><strong>Nominal <\/strong><strong>Volume<\/strong><\/span><\/td>\n<td style=\"width: 14.2857%; text-align: center; height: 45px;\"><span style=\"font-family: 'times new roman', times, serif; font-size: 14pt;\"><strong>Aditivo<\/strong><\/span><\/td>\n<td style=\"width: 14.3069%; text-align: center; height: 45px;\" height=\"45\"><span style=\"font-family: 'times new roman', times, serif; font-size: 14pt;\"><strong>Qtd.\/Cs de vidro<\/strong><\/span><\/td>\n<td style=\"width: 14.2857%; text-align: center; height: 45px;\"><span style=\"font-family: 'times new roman', times, serif; font-size: 14pt;\"><strong>Qtd.\/Cs de PET<\/strong><\/span><\/td>\n<td style=\"width: 14.2857%; text-align: center; height: 45px;\"><\/td>\n<\/tr>\n<tr style=\"height: 43px;\">\n<td style=\"width: 14.2857%; text-align: center; height: 43px;\"><span style=\"font-family: 'times new roman', times, serif;\"><strong data-spm-anchor-id=\"a2700.details-description.0.i2.1b38cgtQcgtQQs\">KJ018NC<\/strong><\/span><\/td>\n<td style=\"width: 14.2857%; text-align: center; height: 43px;\"><span style=\"font-family: 'times new roman', times, serif;\">\u00d813\u00d775mm<\/span><\/td>\n<td style=\"width: 14.2857%; text-align: center; height: 43px;\"><span style=\"font-family: 'times new roman', times, serif;\">2ml<\/span><\/td>\n<td style=\"width: 14.2857%; text-align: center; height: 43px;\"><span style=\"font-family: 'times new roman', times, serif;\">3.2% Citrato de S\u00f3dio<\/span><\/td>\n<td style=\"width: 14.3069%; text-align: center; height: 43px;\"><span style=\"font-family: 'times new roman', times, serif;\">100 pe\u00e7as \u00d7 18<\/span><\/td>\n<td style=\"width: 14.2857%; text-align: center; height: 43px;\"><span style=\"font-family: 'times new roman', times, serif;\">100 pe\u00e7as \u00d7 18<\/span><\/td>\n<td style=\"width: 14.2857%; height: 43px;\"><\/td>\n<\/tr>\n<tr style=\"height: 43px;\">\n<td style=\"width: 14.2857%; text-align: center; height: 43px;\"><span style=\"font-family: 'times new roman', times, serif;\"><strong>KJ027NC<\/strong><\/span><\/td>\n<td style=\"width: 14.2857%; text-align: center; height: 43px;\"><span style=\"font-family: 'times new roman', times, serif;\">\u00d813\u00d775mm<\/span><\/td>\n<td style=\"width: 14.2857%; text-align: center; height: 43px;\"><span style=\"font-family: 'times new roman', times, serif;\">3ml<\/span><\/td>\n<td style=\"width: 14.2857%; text-align: center; height: 43px;\"><span style=\"font-family: 'times new roman', times, serif;\">3.2% Citrato de S\u00f3dio<\/span><\/td>\n<td style=\"width: 14.3069%; text-align: center; height: 43px;\"><span style=\"font-family: 'times new roman', times, serif;\">100 pe\u00e7as \u00d7 18<\/span><\/td>\n<td style=\"width: 14.2857%; text-align: center; height: 43px;\"><span style=\"font-family: 'times new roman', times, serif;\">100 pe\u00e7as \u00d7 18<\/span><\/td>\n<td style=\"width: 14.2857%; height: 43px;\"><\/td>\n<\/tr>\n<tr style=\"height: 43px;\">\n<td style=\"width: 14.2857%; text-align: center; height: 43px;\"><span style=\"font-family: 'times new roman', times, serif;\"><strong>KJ036NC<\/strong><\/span><\/td>\n<td style=\"width: 14.2857%; text-align: center; height: 43px;\"><span style=\"font-family: 'times new roman', times, serif;\">\u00d813\u00d775mm<\/span><\/td>\n<td style=\"width: 14.2857%; text-align: center; height: 43px;\"><span style=\"font-family: 'times new roman', times, serif;\">4ml<\/span><\/td>\n<td style=\"width: 14.2857%; text-align: center; height: 43px;\"><span style=\"font-family: 'times new roman', times, serif;\">3.2% Citrato de S\u00f3dio<\/span><\/td>\n<td style=\"width: 14.3069%; text-align: center; height: 43px;\"><span style=\"font-family: 'times new roman', times, serif;\">100 pe\u00e7as \u00d7 18<\/span><\/td>\n<td style=\"width: 14.2857%; text-align: center; height: 43px;\"><span style=\"font-family: 'times new roman', times, serif;\">100 pe\u00e7as \u00d7 18<\/span><\/td>\n<td style=\"width: 14.2857%; height: 43px;\"><\/td>\n<\/tr>\n<tr style=\"height: 43px;\">\n<td style=\"width: 14.2857%; text-align: center; height: 43px;\"><span style=\"font-family: 'times new roman', times, serif;\"><strong>KJ045NC<\/strong><\/span><\/td>\n<td style=\"width: 14.2857%; text-align: center; height: 43px;\"><span style=\"font-family: 'times new roman', times, serif;\">\u00d813\u00d775mm<\/span><\/td>\n<td style=\"width: 14.2857%; text-align: center; height: 43px;\"><span style=\"font-family: 'times new roman', times, serif;\">5ml<\/span><\/td>\n<td style=\"width: 14.2857%; text-align: center; height: 43px;\"><span style=\"font-family: 'times new roman', times, serif;\">3.2% Citrato de S\u00f3dio<\/span><\/td>\n<td style=\"width: 14.3069%; text-align: center; height: 43px;\"><span style=\"font-family: 'times new roman', times, serif;\">100 pe\u00e7as \u00d7 18<\/span><\/td>\n<td style=\"width: 14.2857%; text-align: center; height: 43px;\"><span style=\"font-family: 'times new roman', times, serif;\">100 pe\u00e7as \u00d7 18<\/span><\/td>\n<td style=\"width: 14.2857%; height: 43px;\"><\/td>\n<\/tr>\n<tr style=\"height: 68px;\">\n<td style=\"width: 14.2857%; text-align: center; height: 68px;\"><span style=\"font-family: 'times new roman', times, serif;\"><strong>KJ018NCD<\/strong><\/span><\/td>\n<td style=\"width: 14.2857%; text-align: center; height: 68px;\"><span style=\"font-family: 'times new roman', times, serif;\">\u00d813\u00d775mm<\/span><\/p>\n<p><span style=\"font-family: 'times new roman', times, serif;\">(Dois andares)<\/span><\/td>\n<td style=\"width: 14.2857%; text-align: center; height: 68px;\"><span style=\"font-family: 'times new roman', times, serif;\">2ml<\/span><\/td>\n<td style=\"width: 14.2857%; text-align: center; height: 68px;\"><span style=\"font-family: 'times new roman', times, serif;\">3.2% Citrato de S\u00f3dio<\/span><\/td>\n<td style=\"width: 14.3069%; text-align: center; height: 68px;\"><span style=\"font-family: 'times new roman', times, serif;\">\u2014\u2014<\/span><\/td>\n<td style=\"width: 14.2857%; text-align: center; height: 68px;\"><span style=\"font-family: 'times new roman', times, serif;\">100 pe\u00e7as \u00d7 18<\/span><\/td>\n<td style=\"width: 14.2857%; height: 68px;\"><\/td>\n<\/tr>\n<tr style=\"height: 61px;\">\n<td style=\"width: 14.2857%; text-align: center; height: 61px;\"><span style=\"font-family: 'times new roman', times, serif;\"><strong>KJ027NCD<\/strong><\/span><\/td>\n<td style=\"width: 14.2857%; text-align: center; height: 61px;\"><span style=\"font-family: 'times new roman', times, serif;\">\u00d813\u00d775mm<\/span><\/p>\n<p><span style=\"font-family: 'times new roman', times, serif;\">(Dois andares)<\/span><\/td>\n<td style=\"width: 14.2857%; text-align: center; height: 61px;\"><span style=\"font-family: 'times new roman', times, serif;\">3ml<\/span><\/td>\n<td style=\"width: 14.2857%; text-align: center; height: 61px;\"><span style=\"font-family: 'times new roman', times, serif;\">3.2% Citrato de S\u00f3dio<\/span><\/td>\n<td style=\"width: 14.3069%; text-align: center; height: 61px;\"><span style=\"font-family: 'times new roman', times, serif;\">\u2014\u2014<\/span><\/td>\n<td style=\"width: 14.2857%; text-align: center; height: 61px;\"><span style=\"font-family: 'times new roman', times, serif;\">100 pe\u00e7as \u00d7 18<\/span><\/td>\n<td style=\"width: 14.2857%; height: 61px;\"><\/td>\n<\/tr>\n<\/tbody>\n<\/table>\n<p data-spm-anchor-id=\"a2700.details-description.0.i0.b229DrSXDrSXqX\">","protected":false},"excerpt":{"rendered":"<p>Tubo PT O tubo PT \u00e9 usado para teste de coagula\u00e7\u00e3o sangu\u00ednea e aplic\u00e1vel ao sistema fibrinol\u00edtico (TP, TT, APTT e fibrinog\u00eanio, etc.).<\/p>","protected":false},"featured_media":22606,"comment_status":"open","ping_status":"closed","template":"","meta":{"_acf_changed":false},"product_brand":[],"product_cat":[20,98],"product_tag":[],"class_list":{"0":"post-22605","1":"product","2":"type-product","3":"status-publish","4":"has-post-thumbnail","6":"product_cat-all","7":"product_cat-blood-collection-tube","9":"first","10":"instock","11":"shipping-taxable","12":"product-type-simple"},"acf":[],"_links":{"self":[{"href":"https:\/\/lexamedlab.com\/pt\/wp-json\/wp\/v2\/product\/22605","targetHints":{"allow":["GET"]}}],"collection":[{"href":"https:\/\/lexamedlab.com\/pt\/wp-json\/wp\/v2\/product"}],"about":[{"href":"https:\/\/lexamedlab.com\/pt\/wp-json\/wp\/v2\/types\/product"}],"replies":[{"embeddable":true,"href":"https:\/\/lexamedlab.com\/pt\/wp-json\/wp\/v2\/comments?post=22605"}],"version-history":[{"count":2,"href":"https:\/\/lexamedlab.com\/pt\/wp-json\/wp\/v2\/product\/22605\/revisions"}],"predecessor-version":[{"id":22608,"href":"https:\/\/lexamedlab.com\/pt\/wp-json\/wp\/v2\/product\/22605\/revisions\/22608"}],"wp:featuredmedia":[{"embeddable":true,"href":"https:\/\/lexamedlab.com\/pt\/wp-json\/wp\/v2\/media\/22606"}],"wp:attachment":[{"href":"https:\/\/lexamedlab.com\/pt\/wp-json\/wp\/v2\/media?parent=22605"}],"wp:term":[{"taxonomy":"product_brand","embeddable":true,"href":"https:\/\/lexamedlab.com\/pt\/wp-json\/wp\/v2\/product_brand?post=22605"},{"taxonomy":"product_cat","embeddable":true,"href":"https:\/\/lexamedlab.com\/pt\/wp-json\/wp\/v2\/product_cat?post=22605"},{"taxonomy":"product_tag","embeddable":true,"href":"https:\/\/lexamedlab.com\/pt\/wp-json\/wp\/v2\/product_tag?post=22605"}],"curies":[{"name":"wp","href":"https:\/\/api.w.org\/{rel}","templated":true}]}}