{"id":22609,"date":"2025-05-24T22:12:24","date_gmt":"2025-05-24T22:12:24","guid":{"rendered":"https:\/\/lexamedlab.com\/?post_type=product&#038;p=22609"},"modified":"2025-05-27T15:11:36","modified_gmt":"2025-05-27T15:11:36","slug":"sodium-fluoride-potassium","status":"publish","type":"product","link":"https:\/\/lexamedlab.com\/pt\/product\/sodium-fluoride-potassium\/","title":{"rendered":"Fluoreto de S\u00f3dio e Pot\u00e1ssio"},"content":{"rendered":"<p><span style=\"font-family: 'times new roman', times, serif; font-size: 14pt;\" data-spm-anchor-id=\"a2700.details-description.0.i0.5c4ekxzOkxzOwA\">Tubo de glicose<\/span><br \/>\n<span style=\"font-family: 'times new roman', times, serif; font-size: 14pt;\">O tubo de glicose \u00e9 utilizado na coleta de sangue para testes como glicemia, toler\u00e2ncia ao a\u00e7\u00facar, eletroforese de eritr\u00f3citos, hemoglobina antialcalina e lactato. O fluoreto de s\u00f3dio adicionado previne eficazmente o metabolismo do a\u00e7\u00facar no sangue e a heparina s\u00f3dica resolve com sucesso a hem\u00f3lise. Assim, o estado original do sangue permanecer\u00e1 por muito tempo e garantir\u00e1 dados est\u00e1veis de teste de glicemia em at\u00e9 72 horas. Aditivos opcionais s\u00e3o fluoreto de s\u00f3dio + heparina s\u00f3dica, fluoreto de s\u00f3dio + EDTA.K2, fluoreto de s\u00f3dio + EDTA.Na2.<\/span><\/p>\n<p><span style=\"font-family: 'times new roman', times, serif; font-size: 14pt;\">\u2013 Velocidade de centrifuga\u00e7\u00e3o: 3500-4000 r\/m<\/span><br \/>\n<span style=\"font-family: 'times new roman', times, serif; font-size: 14pt;\">\u2013 Tempo de centrifuga\u00e7\u00e3o: 5min<\/span><br \/>\n<span style=\"font-family: 'times new roman', times, serif; font-size: 14pt;\">\u2013 Temperatura de armazenamento recomendada: 4-25 \u2103<\/span><\/p>\n<table style=\"border-collapse: collapse; width: 100%; height: 277px;\">\n<tbody>\n<tr style=\"height: 45px;\">\n<td style=\"width: 14.2857%; text-align: center; height: 45px;\"><span style=\"font-family: 'times new roman', times, serif; font-size: 14pt;\"><strong>n\u00famero do produto\u00a0<\/strong><\/span><\/td>\n<td style=\"width: 14.2857%; text-align: center; height: 45px;\"><span style=\"font-family: 'times new roman', times, serif; font-size: 14pt;\"><strong>Tubo <\/strong><strong>Especifica\u00e7\u00e3o<\/strong><\/span><\/td>\n<td style=\"width: 13.322%; text-align: center; height: 45px;\"><span style=\"font-family: 'times new roman', times, serif; font-size: 14pt;\"><strong>Nominal <\/strong><strong>Volume<\/strong><\/span><\/td>\n<td style=\"width: 18.4369%; text-align: center; height: 45px;\"><span style=\"font-family: 'times new roman', times, serif; font-size: 14pt;\"><strong>Aditivo<\/strong><\/span><\/td>\n<td style=\"width: 11.1194%; text-align: center; height: 45px;\" height=\"45\"><span style=\"font-family: 'times new roman', times, serif; font-size: 14pt;\"><strong>Qtd.\/Cs de vidro<\/strong><\/span><\/td>\n<td style=\"width: 14.2857%; text-align: center; height: 45px;\"><span style=\"font-family: 'times new roman', times, serif; font-size: 14pt;\"><strong>Qtd.\/Cs de PET<\/strong><\/span><\/td>\n<td style=\"width: 14.2857%; text-align: center; height: 45px;\"><\/td>\n<\/tr>\n<tr style=\"height: 33px;\">\n<td style=\"width: 14.2857%; text-align: center; height: 33px;\" data-spm-anchor-id=\"a2700.details-description.0.i1.5c4ekxzOkxzOwA\"><span style=\"font-family: 'times new roman', times, serif;\"><strong>KJ020FX<\/strong><\/span><\/td>\n<td style=\"width: 14.2857%; text-align: center; height: 33px;\"><span style=\"font-family: 'times new roman', times, serif;\">\u00d813\u00d775mm<\/span><\/td>\n<td style=\"width: 13.322%; text-align: center; height: 33px;\"><span style=\"font-family: 'times new roman', times, serif;\">2ml<\/span><\/td>\n<td style=\"width: 18.4369%; text-align: center; height: 33px;\"><span style=\"font-family: 'times new roman', times, serif;\">Fluoreto de S\u00f3dio + Heparina S\u00f3dica<\/span><\/td>\n<td style=\"width: 11.1194%; text-align: center; height: 33px;\"><span style=\"font-family: 'times new roman', times, serif;\">100 pe\u00e7as \u00d7 18<\/span><\/td>\n<td style=\"width: 14.2857%; text-align: center; height: 33px;\"><span style=\"font-family: 'times new roman', times, serif;\">100 pe\u00e7as \u00d7 18<\/span><\/td>\n<td style=\"width: 14.2857%; height: 33px;\"><\/td>\n<\/tr>\n<tr style=\"height: 36px;\">\n<td style=\"width: 14.2857%; text-align: center; height: 36px;\"><span style=\"font-family: 'times new roman', times, serif;\"><strong>KJ030FX<\/strong><\/span><\/td>\n<td style=\"width: 14.2857%; text-align: center; height: 36px;\"><span style=\"font-family: 'times new roman', times, serif;\">\u00d813\u00d775mm<\/span><\/td>\n<td style=\"width: 13.322%; text-align: center; height: 36px;\"><span style=\"font-family: 'times new roman', times, serif;\">3ml<\/span><\/td>\n<td style=\"width: 18.4369%; text-align: center; height: 36px;\"><span style=\"font-family: 'times new roman', times, serif;\">Fluoreto de S\u00f3dio + Heparina S\u00f3dica<\/span><\/td>\n<td style=\"width: 11.1194%; text-align: center; height: 36px;\"><span style=\"font-family: 'times new roman', times, serif;\">100 pe\u00e7as \u00d7 18<\/span><\/td>\n<td style=\"width: 14.2857%; text-align: center; height: 36px;\"><span style=\"font-family: 'times new roman', times, serif;\">100 pe\u00e7as \u00d7 18<\/span><\/td>\n<td style=\"width: 14.2857%; height: 36px;\"><\/td>\n<\/tr>\n<tr style=\"height: 43px;\">\n<td style=\"width: 14.2857%; text-align: center; height: 43px;\"><span style=\"font-family: 'times new roman', times, serif;\"><strong>KJ040FX<\/strong><\/span><\/td>\n<td style=\"width: 14.2857%; text-align: center; height: 43px;\"><span style=\"font-family: 'times new roman', times, serif;\">\u00d813\u00d775mm<\/span><\/td>\n<td style=\"width: 13.322%; text-align: center; height: 43px;\"><span style=\"font-family: 'times new roman', times, serif;\">4ml<\/span><\/td>\n<td style=\"width: 18.4369%; text-align: center; height: 43px;\"><span style=\"font-family: 'times new roman', times, serif;\">Fluoreto de S\u00f3dio + Heparina S\u00f3dica<\/span><\/td>\n<td style=\"width: 11.1194%; text-align: center; height: 43px;\"><span style=\"font-family: 'times new roman', times, serif;\">100 pe\u00e7as \u00d7 18<\/span><\/td>\n<td style=\"width: 14.2857%; text-align: center; height: 43px;\"><span style=\"font-family: 'times new roman', times, serif;\">100 pe\u00e7as \u00d7 18<\/span><\/td>\n<td style=\"width: 14.2857%; height: 43px;\"><\/td>\n<\/tr>\n<tr style=\"height: 43px;\">\n<td style=\"width: 14.2857%; text-align: center; height: 43px;\"><span style=\"font-family: 'times new roman', times, serif;\"><strong>KJ050FX<\/strong><\/span><\/td>\n<td style=\"width: 14.2857%; text-align: center; height: 43px;\"><span style=\"font-family: 'times new roman', times, serif;\">\u00d813\u00d775mm<\/span><\/td>\n<td style=\"width: 13.322%; text-align: center; height: 43px;\"><span style=\"font-family: 'times new roman', times, serif;\">5ml<\/span><\/td>\n<td style=\"width: 18.4369%; text-align: center; height: 43px;\"><span style=\"font-family: 'times new roman', times, serif;\">Fluoreto de S\u00f3dio + Heparina S\u00f3dica<\/span><\/td>\n<td style=\"width: 11.1194%; text-align: center; height: 43px;\"><span style=\"font-family: 'times new roman', times, serif;\">100 pe\u00e7as \u00d7 18<\/span><\/td>\n<td style=\"width: 14.2857%; text-align: center; height: 43px;\"><span style=\"font-family: 'times new roman', times, serif;\">100 pe\u00e7as \u00d7 18<\/span><\/td>\n<td style=\"width: 14.2857%; height: 43px;\"><\/td>\n<\/tr>\n<tr style=\"height: 40px;\">\n<td style=\"width: 14.2857%; text-align: center; height: 40px;\"><span style=\"font-family: 'times new roman', times, serif;\"><strong>KJ0501FX<\/strong><\/span><\/td>\n<td style=\"width: 14.2857%; text-align: center; height: 40px;\"><span style=\"font-family: 'times new roman', times, serif;\">\u00d813\u00d7100mm<\/span><\/td>\n<td style=\"width: 13.322%; text-align: center; height: 40px;\"><span style=\"font-family: 'times new roman', times, serif;\">5ml<\/span><\/td>\n<td style=\"width: 18.4369%; text-align: center; height: 40px;\"><span style=\"font-family: 'times new roman', times, serif;\">Fluoreto de S\u00f3dio + Heparina S\u00f3dica<\/span><\/td>\n<td style=\"width: 11.1194%; text-align: center; height: 40px;\"><span style=\"font-family: 'times new roman', times, serif;\">100 pe\u00e7as \u00d7 12<\/span><\/td>\n<td style=\"width: 14.2857%; text-align: center; height: 40px;\"><span style=\"font-family: 'times new roman', times, serif;\">100 pe\u00e7as \u00d7 18<\/span><\/td>\n<td style=\"width: 14.2857%; height: 40px;\"><\/td>\n<\/tr>\n<tr style=\"height: 37px;\">\n<td style=\"width: 14.2857%; text-align: center; height: 37px;\"><span style=\"font-family: 'times new roman', times, serif;\"><strong>KJ0601FX<\/strong><\/span><\/td>\n<td style=\"width: 14.2857%; text-align: center; height: 37px;\"><span style=\"font-family: 'times new roman', times, serif;\">\u00d813\u00d7100mm<\/span><\/td>\n<td style=\"width: 13.322%; text-align: center; height: 37px;\"><span style=\"font-family: 'times new roman', times, serif;\">6ml<\/span><\/td>\n<td style=\"width: 18.4369%; text-align: center; height: 37px;\"><span style=\"font-family: 'times new roman', times, serif;\">Fluoreto de S\u00f3dio + Heparina S\u00f3dica<\/span><\/td>\n<td style=\"width: 11.1194%; text-align: center; height: 37px;\"><span style=\"font-family: 'times new roman', times, serif;\">100 pe\u00e7as \u00d7 12<\/span><\/td>\n<td style=\"width: 14.2857%; text-align: center; height: 37px;\"><span style=\"font-family: 'times new roman', times, serif;\">100 pe\u00e7as \u00d7 18<\/span><\/td>\n<td style=\"width: 14.2857%; height: 37px;\"><\/td>\n<\/tr>\n<\/tbody>\n<\/table>\n<p data-spm-anchor-id=\"a2700.details-description.0.i0.b229DrSXDrSXqX\">","protected":false},"excerpt":{"rendered":"<p>Tubo de glicose O tubo de glicose \u00e9 usado na coleta de sangue para testes como a\u00e7\u00facar no sangue, toler\u00e2ncia ao a\u00e7\u00facar, eletroforese de eritr\u00f3citos, anti-\u00e1lcali<\/p>","protected":false},"featured_media":22610,"comment_status":"open","ping_status":"closed","template":"","meta":{"_acf_changed":false},"product_brand":[],"product_cat":[20,98],"product_tag":[],"class_list":{"0":"post-22609","1":"product","2":"type-product","3":"status-publish","4":"has-post-thumbnail","6":"product_cat-all","7":"product_cat-blood-collection-tube","9":"first","10":"instock","11":"shipping-taxable","12":"product-type-simple"},"acf":[],"_links":{"self":[{"href":"https:\/\/lexamedlab.com\/pt\/wp-json\/wp\/v2\/product\/22609","targetHints":{"allow":["GET"]}}],"collection":[{"href":"https:\/\/lexamedlab.com\/pt\/wp-json\/wp\/v2\/product"}],"about":[{"href":"https:\/\/lexamedlab.com\/pt\/wp-json\/wp\/v2\/types\/product"}],"replies":[{"embeddable":true,"href":"https:\/\/lexamedlab.com\/pt\/wp-json\/wp\/v2\/comments?post=22609"}],"version-history":[{"count":1,"href":"https:\/\/lexamedlab.com\/pt\/wp-json\/wp\/v2\/product\/22609\/revisions"}],"predecessor-version":[{"id":22611,"href":"https:\/\/lexamedlab.com\/pt\/wp-json\/wp\/v2\/product\/22609\/revisions\/22611"}],"wp:featuredmedia":[{"embeddable":true,"href":"https:\/\/lexamedlab.com\/pt\/wp-json\/wp\/v2\/media\/22610"}],"wp:attachment":[{"href":"https:\/\/lexamedlab.com\/pt\/wp-json\/wp\/v2\/media?parent=22609"}],"wp:term":[{"taxonomy":"product_brand","embeddable":true,"href":"https:\/\/lexamedlab.com\/pt\/wp-json\/wp\/v2\/product_brand?post=22609"},{"taxonomy":"product_cat","embeddable":true,"href":"https:\/\/lexamedlab.com\/pt\/wp-json\/wp\/v2\/product_cat?post=22609"},{"taxonomy":"product_tag","embeddable":true,"href":"https:\/\/lexamedlab.com\/pt\/wp-json\/wp\/v2\/product_tag?post=22609"}],"curies":[{"name":"wp","href":"https:\/\/api.w.org\/{rel}","templated":true}]}}