{"id":22615,"date":"2025-05-24T22:20:48","date_gmt":"2025-05-24T22:20:48","guid":{"rendered":"https:\/\/lexamedlab.com\/?post_type=product&#038;p=22615"},"modified":"2025-05-27T15:27:43","modified_gmt":"2025-05-27T15:27:43","slug":"esr-tube","status":"publish","type":"product","link":"https:\/\/lexamedlab.com\/pt\/product\/esr-tube\/","title":{"rendered":"Tubo ESR"},"content":{"rendered":"<p><span style=\"font-family: 'times new roman', times, serif; font-size: 14pt;\">Tubo ESR<\/span><br \/>\n<span style=\"font-family: 'times new roman', times, serif; font-size: 14pt;\">O tubo ESR de \u00d813\u00d775 mm \u00e9 especialmente usado na coleta de sangue e anticoagula\u00e7\u00e3o para o teste de taxa de sedimenta\u00e7\u00e3o de analisadores automatizados de taxa de sedimenta\u00e7\u00e3o de eritr\u00f3citos com propor\u00e7\u00e3o de mistura de 1 parte de citrato de s\u00f3dio para 4 partes de sangue, pelo m\u00e9todo Westergren.<\/span><\/p>\n<p data-spm-anchor-id=\"a2700.details-description.0.i0.551bbEnKbEnK4i\"><span style=\"font-family: 'times new roman', times, serif; font-size: 14pt;\">O tubo ESR de \u00d89\u00d7120 mm \u00e9 aplic\u00e1vel a v\u00e1rios analisadores automatizados de taxa de sedimenta\u00e7\u00e3o de eritr\u00f3citos.<\/span><br \/>\n<span style=\"font-family: 'times new roman', times, serif; font-size: 14pt;\">Devido ao pequeno volume e \u00e0 press\u00e3o negativa dentro do tubo, a coleta de sangue demora um pouco. Aguarde pacientemente at\u00e9 que o sangue pare de fluir para o tubo. Em seguida, misture completamente o anticoagulante e o aditivo, virando o tubo de cabe\u00e7a para baixo de 6 a 8 vezes. A mistura inadequada causar\u00e1 hem\u00f3lise, coagula\u00e7\u00e3o ou forma\u00e7\u00e3o de bolhas de sangue, influenciando o resultado do teste.<\/span><\/p>\n<table style=\"height: 250px; width: 95.5773%; border-collapse: collapse;\">\n<tbody>\n<tr style=\"height: 45px;\">\n<td style=\"width: 194.672px; height: 45px; text-align: center;\"><span style=\"font-family: 'times new roman', times, serif; font-size: 14pt;\"><strong>n\u00famero do produto\u00a0<\/strong><\/span><\/td>\n<td style=\"width: 213.5px; height: 45px; text-align: center;\"><span style=\"font-family: 'times new roman', times, serif; font-size: 14pt;\"><strong>Tubo <\/strong><strong>Especifica\u00e7\u00e3o<\/strong><\/span><\/td>\n<td style=\"width: 220.469px; height: 45px; text-align: center;\"><span style=\"font-family: 'times new roman', times, serif; font-size: 14pt;\"><strong>Nominal <\/strong><strong>Volume<\/strong><\/span><\/td>\n<td style=\"width: 235.891px; height: 45px; text-align: center;\"><span style=\"font-family: 'times new roman', times, serif; font-size: 14pt;\"><strong>Aditivo<\/strong><\/span><\/td>\n<td style=\"width: 224.047px; height: 45px; text-align: center;\" height=\"45\"><span style=\"font-family: 'times new roman', times, serif; font-size: 14pt;\"><strong>Qtd.\/Cs de vidro<\/strong><\/span><\/td>\n<td style=\"width: 189.391px; height: 45px; text-align: center;\"><span style=\"font-family: 'times new roman', times, serif; font-size: 14pt;\"><strong>Qtd.\/Cs de PET<\/strong><\/span><\/td>\n<\/tr>\n<tr style=\"height: 33px;\">\n<td style=\"width: 194.672px; text-align: center; height: 33px;\"><span style=\"font-size: 12pt; font-family: 'times new roman', times, serif;\"><strong>KJ016NC<\/strong><\/span><\/td>\n<td style=\"width: 213.5px; text-align: center; height: 33px;\"><span style=\"font-size: 12pt; font-family: 'times new roman', times, serif;\">\u00d813\u00d775mm<\/span><\/td>\n<td style=\"width: 220.469px; text-align: center; height: 33px;\"><span style=\"font-size: 12pt; font-family: 'times new roman', times, serif;\">2ml<\/span><\/td>\n<td style=\"width: 235.891px; text-align: center; height: 33px;\"><span style=\"font-size: 12pt; font-family: 'times new roman', times, serif;\">3.8% Citrato de S\u00f3dio<\/span><\/td>\n<td style=\"width: 224.047px; text-align: center; height: 33px;\"><span style=\"font-size: 12pt; font-family: 'times new roman', times, serif;\">100 pe\u00e7as \u00d7 18<\/span><\/td>\n<td style=\"width: 189.391px; text-align: center; height: 33px;\"><span style=\"font-size: 12pt; font-family: 'times new roman', times, serif;\">100 pe\u00e7as \u00d7 18<\/span><\/td>\n<\/tr>\n<tr style=\"height: 33px;\">\n<td style=\"width: 194.672px; text-align: center; height: 33px;\"><span style=\"font-size: 12pt; font-family: 'times new roman', times, serif;\"><strong>KJ024NC<\/strong><\/span><\/td>\n<td style=\"width: 213.5px; text-align: center; height: 33px;\"><span style=\"font-size: 12pt; font-family: 'times new roman', times, serif;\">\u00d813\u00d775mm<\/span><\/td>\n<td style=\"width: 220.469px; text-align: center; height: 33px;\"><span style=\"font-size: 12pt; font-family: 'times new roman', times, serif;\">3ml<\/span><\/td>\n<td style=\"width: 235.891px; text-align: center; height: 33px;\"><span style=\"font-size: 12pt; font-family: 'times new roman', times, serif;\">3.8% Citrato de S\u00f3dio<\/span><\/td>\n<td style=\"width: 224.047px; text-align: center; height: 33px;\"><span style=\"font-size: 12pt; font-family: 'times new roman', times, serif;\">100 pe\u00e7as \u00d7 18<\/span><\/td>\n<td style=\"width: 189.391px; text-align: center; height: 33px;\"><span style=\"font-size: 12pt; font-family: 'times new roman', times, serif;\">100 pe\u00e7as \u00d7 18<\/span><\/td>\n<\/tr>\n<tr style=\"height: 33px;\">\n<td style=\"width: 194.672px; text-align: center; height: 33px;\"><span style=\"font-size: 12pt; font-family: 'times new roman', times, serif;\"><strong>KJ0128NC<\/strong><\/span><\/td>\n<td style=\"width: 213.5px; text-align: center; height: 33px;\"><span style=\"font-size: 12pt; font-family: 'times new roman', times, serif;\">\u00d89\u00d7120mm<\/span><\/td>\n<td style=\"width: 220.469px; text-align: center; height: 33px;\"><span style=\"font-size: 12pt; font-family: 'times new roman', times, serif;\">1,6ml<\/span><\/td>\n<td style=\"width: 235.891px; text-align: center; height: 33px;\"><span style=\"font-size: 12pt; font-family: 'times new roman', times, serif;\">3.8% Citrato de S\u00f3dio<\/span><\/td>\n<td style=\"width: 224.047px; text-align: center; height: 33px;\"><span style=\"font-size: 12pt; font-family: 'times new roman', times, serif;\">100 pe\u00e7as \u00d7 18<\/span><\/td>\n<td style=\"width: 189.391px; text-align: center; height: 33px;\"><span style=\"font-size: 12pt; font-family: 'times new roman', times, serif;\">\u2014\u2014<\/span><\/td>\n<\/tr>\n<\/tbody>\n<\/table>\n<p data-spm-anchor-id=\"a2700.details-description.0.i0.b229DrSXDrSXqX\">","protected":false},"excerpt":{"rendered":"<p>Tubo ESR \u00d813\u00d775mm O tubo ESR \u00e9 especialmente usado na coleta de sangue e anticoagula\u00e7\u00e3o para analisadores automatizados de taxa de sedimenta\u00e7\u00e3o de eritr\u00f3citos<\/p>","protected":false},"featured_media":22746,"comment_status":"open","ping_status":"closed","template":"","meta":{"_acf_changed":false},"product_brand":[],"product_cat":[20,98],"product_tag":[],"class_list":{"0":"post-22615","1":"product","2":"type-product","3":"status-publish","4":"has-post-thumbnail","6":"product_cat-all","7":"product_cat-blood-collection-tube","9":"first","10":"instock","11":"shipping-taxable","12":"product-type-simple"},"acf":[],"_links":{"self":[{"href":"https:\/\/lexamedlab.com\/pt\/wp-json\/wp\/v2\/product\/22615","targetHints":{"allow":["GET"]}}],"collection":[{"href":"https:\/\/lexamedlab.com\/pt\/wp-json\/wp\/v2\/product"}],"about":[{"href":"https:\/\/lexamedlab.com\/pt\/wp-json\/wp\/v2\/types\/product"}],"replies":[{"embeddable":true,"href":"https:\/\/lexamedlab.com\/pt\/wp-json\/wp\/v2\/comments?post=22615"}],"version-history":[{"count":7,"href":"https:\/\/lexamedlab.com\/pt\/wp-json\/wp\/v2\/product\/22615\/revisions"}],"predecessor-version":[{"id":22752,"href":"https:\/\/lexamedlab.com\/pt\/wp-json\/wp\/v2\/product\/22615\/revisions\/22752"}],"wp:featuredmedia":[{"embeddable":true,"href":"https:\/\/lexamedlab.com\/pt\/wp-json\/wp\/v2\/media\/22746"}],"wp:attachment":[{"href":"https:\/\/lexamedlab.com\/pt\/wp-json\/wp\/v2\/media?parent=22615"}],"wp:term":[{"taxonomy":"product_brand","embeddable":true,"href":"https:\/\/lexamedlab.com\/pt\/wp-json\/wp\/v2\/product_brand?post=22615"},{"taxonomy":"product_cat","embeddable":true,"href":"https:\/\/lexamedlab.com\/pt\/wp-json\/wp\/v2\/product_cat?post=22615"},{"taxonomy":"product_tag","embeddable":true,"href":"https:\/\/lexamedlab.com\/pt\/wp-json\/wp\/v2\/product_tag?post=22615"}],"curies":[{"name":"wp","href":"https:\/\/api.w.org\/{rel}","templated":true}]}}