{"id":22620,"date":"2025-05-24T22:59:55","date_gmt":"2025-05-24T22:59:55","guid":{"rendered":"https:\/\/lexamedlab.com\/?post_type=product&#038;p=22620"},"modified":"2025-05-27T15:11:35","modified_gmt":"2025-05-27T15:11:35","slug":"micro-collection-0-5ml-edta-k2-k3-blood-capillary-tube","status":"publish","type":"product","link":"https:\/\/lexamedlab.com\/pt\/product\/micro-collection-0-5ml-edta-k2-k3-blood-capillary-tube\/","title":{"rendered":"Micro Collection 0,5ml EDTA K2 K3 Tubo Capilar Sangu\u00edneo"},"content":{"rendered":"<p><span style=\"font-family: 'times new roman', times, serif; font-size: 14pt;\">\u2014 O modelo KJ002 foi projetado com base em um conceito cient\u00edfico. A tampa selada de borracha but\u00edlica possui uma incis\u00e3o transversal central na parte superior para facilitar a inser\u00e7\u00e3o do capilar. Ap\u00f3s a coleta de sangue, a incis\u00e3o transversal fecha automaticamente quando o capilar \u00e9 puxado, o que previne eficazmente o vazamento de sangue, garantindo um transporte seguro e confi\u00e1vel.<\/span><br \/>\n<span style=\"font-family: 'times new roman', times, serif; font-size: 14pt;\">\u2014 Com tratamento de superf\u00edcie especial, tanto no interior do capilar quanto no microtubo de armazenamento, as amostras de sangue fluem automaticamente para o fundo do tubo de armazenamento atrav\u00e9s do capilar, sem qualquer ader\u00eancia de sangue ou danos aos gl\u00f3bulos sangu\u00edneos. O aditivo \u00e9 pulverizado uniformemente na superf\u00edcie, tanto no interior do capilar quanto no tubo de armazenamento, o que facilita a anticoagula\u00e7\u00e3o sangu\u00ednea, evitando pequenas coagula\u00e7\u00f5es. Desta forma, a precis\u00e3o dos resultados dos testes \u00e9 garantida.<\/span><br \/>\n<span style=\"font-family: 'times new roman', times, serif; font-size: 14pt;\">\u2014 A incis\u00e3o transversal \u00e9 aplic\u00e1vel \u00e0 agulha de amostragem de todos os analisadores. F\u00e1cil inser\u00e7\u00e3o e amostragem autom\u00e1tica, sem necessidade de abertura da tampa durante todo o processo de teste, segura e eficiente.<\/span><\/p>\n<table style=\"border-collapse: collapse; width: 77.3555%; height: 193px;\">\n<tbody>\n<tr style=\"height: 45px;\">\n<td style=\"width: 6.90918%; text-align: center; height: 45px;\"><span style=\"font-family: 'times new roman', times, serif; font-size: 14pt;\"><strong>n\u00famero do produto\u00a0<\/strong><\/span><\/td>\n<td style=\"width: 7.55059%; text-align: center; height: 45px;\"><span style=\"font-family: 'times new roman', times, serif; font-size: 14pt;\"><strong>Tubo <\/strong><strong>Especifica\u00e7\u00e3o<\/strong><\/span><\/td>\n<td style=\"width: 8.30219%; text-align: center; height: 45px;\"><span style=\"font-family: 'times new roman', times, serif; font-size: 14pt;\"><strong>Aditivo<\/strong><\/span><\/td>\n<td style=\"width: 14.3949%; text-align: center; height: 45px;\" height=\"45\"><span style=\"font-family: 'times new roman', times, serif; font-size: 14pt;\"><strong>\u00a0Qtd.\/Cs<\/strong><\/span><\/td>\n<\/tr>\n<tr style=\"height: 32px;\">\n<td style=\"width: 6.90918%; text-align: center; height: 148px;\" rowspan=\"4\"><span style=\"font-family: 'times new roman', times, serif; font-size: 12pt;\">KJ002<\/span><\/td>\n<td style=\"width: 7.55059%; text-align: center; height: 148px;\" rowspan=\"4\"><span style=\"font-family: 'times new roman', times, serif; font-size: 12pt;\">0,25ml\/0,5ml\/1ml<\/span><\/td>\n<td style=\"width: 8.30219%; text-align: center; height: 32px;\"><span style=\"font-family: 'times new roman', times, serif; font-size: 12pt;\">EDTA.K2 \/ EDTA.K3<\/span><\/td>\n<td style=\"width: 14.3949%; text-align: center; height: 32px;\"><span style=\"font-family: 'times new roman', times, serif; font-size: 12pt;\">100 pe\u00e7as \u00d7 30<\/span><\/td>\n<\/tr>\n<tr style=\"height: 35px;\">\n<td style=\"width: 8.30219%; text-align: center; height: 35px;\"><span style=\"font-family: 'times new roman', times, serif; font-size: 12pt;\">Heparina de l\u00edtio\/heparina s\u00f3dica\u00a0<\/span><\/td>\n<td style=\"width: 14.3949%; text-align: center; height: 35px;\"><span style=\"font-family: 'times new roman', times, serif; font-size: 12pt;\">100 pe\u00e7as \u00d7 30<\/span><\/td>\n<\/tr>\n<tr style=\"height: 42px;\">\n<td style=\"width: 8.30219%; text-align: center; height: 42px;\"><span style=\"font-family: 'times new roman', times, serif; font-size: 12pt;\">Sem aditivos<\/span><\/td>\n<td style=\"width: 14.3949%; text-align: center; height: 42px;\"><span style=\"font-family: 'times new roman', times, serif; font-size: 12pt;\">100 pe\u00e7as \u00d7 30<\/span><\/td>\n<\/tr>\n<tr style=\"height: 39px;\">\n<td style=\"width: 8.30219%; text-align: center; height: 39px;\"><span style=\"font-family: 'times new roman', times, serif; font-size: 12pt;\">Ativador Gel&amp;Clot\u00a0<\/span><\/td>\n<td style=\"width: 14.3949%; text-align: center; height: 39px;\"><span style=\"font-family: 'times new roman', times, serif; font-size: 12pt;\">100 pe\u00e7as \u00d7 30<\/span><\/td>\n<\/tr>\n<\/tbody>\n<\/table>\n<p data-spm-anchor-id=\"a2700.details-description.0.i0.b229DrSXDrSXqX\">","protected":false},"excerpt":{"rendered":"<p>\u2014 O tipo KJ002 \u00e9 projetado sob conceito cient\u00edfico, a rolha de borracha but\u00edlica selada \u00e9 projetada com incis\u00e3o transversal central na parte superior<\/p>","protected":false},"featured_media":22621,"comment_status":"open","ping_status":"closed","template":"","meta":{"_acf_changed":false},"product_brand":[],"product_cat":[20,98],"product_tag":[],"class_list":{"0":"post-22620","1":"product","2":"type-product","3":"status-publish","4":"has-post-thumbnail","6":"product_cat-all","7":"product_cat-blood-collection-tube","9":"first","10":"instock","11":"shipping-taxable","12":"product-type-simple"},"acf":[],"_links":{"self":[{"href":"https:\/\/lexamedlab.com\/pt\/wp-json\/wp\/v2\/product\/22620","targetHints":{"allow":["GET"]}}],"collection":[{"href":"https:\/\/lexamedlab.com\/pt\/wp-json\/wp\/v2\/product"}],"about":[{"href":"https:\/\/lexamedlab.com\/pt\/wp-json\/wp\/v2\/types\/product"}],"replies":[{"embeddable":true,"href":"https:\/\/lexamedlab.com\/pt\/wp-json\/wp\/v2\/comments?post=22620"}],"version-history":[{"count":1,"href":"https:\/\/lexamedlab.com\/pt\/wp-json\/wp\/v2\/product\/22620\/revisions"}],"predecessor-version":[{"id":22622,"href":"https:\/\/lexamedlab.com\/pt\/wp-json\/wp\/v2\/product\/22620\/revisions\/22622"}],"wp:featuredmedia":[{"embeddable":true,"href":"https:\/\/lexamedlab.com\/pt\/wp-json\/wp\/v2\/media\/22621"}],"wp:attachment":[{"href":"https:\/\/lexamedlab.com\/pt\/wp-json\/wp\/v2\/media?parent=22620"}],"wp:term":[{"taxonomy":"product_brand","embeddable":true,"href":"https:\/\/lexamedlab.com\/pt\/wp-json\/wp\/v2\/product_brand?post=22620"},{"taxonomy":"product_cat","embeddable":true,"href":"https:\/\/lexamedlab.com\/pt\/wp-json\/wp\/v2\/product_cat?post=22620"},{"taxonomy":"product_tag","embeddable":true,"href":"https:\/\/lexamedlab.com\/pt\/wp-json\/wp\/v2\/product_tag?post=22620"}],"curies":[{"name":"wp","href":"https:\/\/api.w.org\/{rel}","templated":true}]}}