{"id":22623,"date":"2025-05-24T23:06:28","date_gmt":"2025-05-24T23:06:28","guid":{"rendered":"https:\/\/lexamedlab.com\/?post_type=product&#038;p=22623"},"modified":"2025-05-27T15:11:35","modified_gmt":"2025-05-27T15:11:35","slug":"0-5ml-micro-blood-collection-tubes","status":"publish","type":"product","link":"https:\/\/lexamedlab.com\/pt\/product\/0-5ml-micro-blood-collection-tubes\/","title":{"rendered":"Tubos de micro coleta de sangue de 0,5 ml"},"content":{"rendered":"<p><span style=\"font-family: 'times new roman', times, serif; font-size: 14pt;\">\u2014O microtubo para coleta de sangue tipo KJ001 possui design humanizado e tampa de seguran\u00e7a com fecho de press\u00e3o, prevenindo eficazmente o vazamento de sangue. Gra\u00e7as \u00e0 sua estrutura multidentada e dupla orienta\u00e7\u00e3o, \u00e9 pr\u00e1tico para transporte seguro e opera\u00e7\u00e3o simples, sem respingos de sangue.<\/span><br \/>\n<span style=\"font-family: 'times new roman', times, serif; font-size: 14pt;\">\u2014A codifica\u00e7\u00e3o de cores da tampa de seguran\u00e7a \u00e9 consistente com o Padr\u00e3o Internacional, f\u00e1cil de identificar.<\/span><br \/>\n<span style=\"font-family: 'times new roman', times, serif; font-size: 14pt;\">\u2014 O design saliente da borda da boca do tubo facilita a introdu\u00e7\u00e3o de sangue no tubo. Simples, r\u00e1pido e intuitivo, o volume sangu\u00edneo pode ser facilmente lido com uma linha de gradua\u00e7\u00e3o n\u00edtida.<\/span><br \/>\n<span style=\"font-family: 'times new roman', times, serif; font-size: 14pt;\">\u2014Tratamento especial dentro do tubo, superf\u00edcie lisa e sem ader\u00eancia de sangue.<\/span><br \/>\n<span style=\"font-family: 'times new roman', times, serif; font-size: 14pt;\">\u2014Pode personalizar o c\u00f3digo de barras e esterilizar o tubo com raios gama, conforme as necessidades do cliente, para obter testes de assepsia.<\/span><\/p>\n<table style=\"border-collapse: collapse; width: 77.3555%; height: 192px;\">\n<tbody>\n<tr style=\"height: 45px;\">\n<td style=\"width: 6.90918%; text-align: center; height: 45px;\"><span style=\"font-family: 'times new roman', times, serif; font-size: 14pt;\"><strong>n\u00famero do produto\u00a0<\/strong><\/span><\/td>\n<td style=\"width: 7.55059%; text-align: center; height: 45px;\"><span style=\"font-family: 'times new roman', times, serif; font-size: 14pt;\"><strong>Tubo <\/strong><strong>Especifica\u00e7\u00e3o<\/strong><\/span><\/td>\n<td style=\"width: 8.30219%; text-align: center; height: 45px;\"><span style=\"font-family: 'times new roman', times, serif; font-size: 14pt;\"><strong>Aditivo<\/strong><\/span><\/td>\n<td style=\"width: 14.3949%; text-align: center; height: 45px;\" height=\"45\"><span style=\"font-family: 'times new roman', times, serif; font-size: 14pt;\"><strong>\u00a0Qtd.\/Cs<\/strong><\/span><\/td>\n<\/tr>\n<tr style=\"height: 32px;\">\n<td style=\"width: 6.90918%; text-align: center; height: 147px;\" rowspan=\"4\"><span style=\"font-family: 'times new roman', times, serif; font-size: 12pt;\">KJ001<\/span><\/td>\n<td style=\"width: 7.55059%; text-align: center; height: 147px;\" rowspan=\"4\"><span style=\"font-family: 'times new roman', times, serif; font-size: 12pt;\">0,25ml\/0,5ml\/1ml<\/span><\/td>\n<td style=\"width: 8.30219%; text-align: center; height: 32px;\"><span style=\"font-family: 'times new roman', times, serif; font-size: 12pt;\">EDTA.K2 \/ EDTA.K3<\/span><\/td>\n<td style=\"width: 14.3949%; text-align: center; height: 32px;\"><span style=\"font-family: 'times new roman', times, serif; font-size: 12pt;\">100 pe\u00e7as \u00d7 30<\/span><\/td>\n<\/tr>\n<tr style=\"height: 35px;\">\n<td style=\"width: 8.30219%; text-align: center; height: 34px;\">Heparina de l\u00edtio\/heparina s\u00f3dica<\/td>\n<td style=\"width: 14.3949%; text-align: center; height: 34px;\"><span style=\"font-family: 'times new roman', times, serif; font-size: 12pt;\">100 pe\u00e7as \u00d7 30<\/span><\/td>\n<\/tr>\n<tr style=\"height: 42px;\">\n<td style=\"width: 8.30219%; text-align: center; height: 42px;\"><span style=\"font-family: 'times new roman', times, serif; font-size: 12pt;\">Sem aditivos<\/span><\/td>\n<td style=\"width: 14.3949%; text-align: center; height: 42px;\"><span style=\"font-family: 'times new roman', times, serif; font-size: 12pt;\">100 pe\u00e7as \u00d7 30<\/span><\/td>\n<\/tr>\n<tr style=\"height: 39px;\">\n<td style=\"width: 8.30219%; text-align: center; height: 39px;\"><span style=\"font-family: 'times new roman', times, serif; font-size: 12pt;\">Ativador Gel&amp;Clot\u00a0<\/span><\/td>\n<td style=\"width: 14.3949%; text-align: center; height: 39px;\"><span style=\"font-family: 'times new roman', times, serif; font-size: 12pt;\">100 pe\u00e7as \u00d7 30<\/span><\/td>\n<\/tr>\n<\/tbody>\n<\/table>\n<p data-spm-anchor-id=\"a2700.details-description.0.i0.b229DrSXDrSXqX\">","protected":false},"excerpt":{"rendered":"<p>\u2014O tubo de micro coleta de sangue tipo KJ001 possui design humanizado e tampa de seguran\u00e7a selada, o tubo pode prevenir eficazmente a coleta de sangue<\/p>","protected":false},"featured_media":22624,"comment_status":"open","ping_status":"closed","template":"","meta":{"_acf_changed":false},"product_brand":[],"product_cat":[20,98],"product_tag":[],"class_list":{"0":"post-22623","1":"product","2":"type-product","3":"status-publish","4":"has-post-thumbnail","6":"product_cat-all","7":"product_cat-blood-collection-tube","9":"first","10":"instock","11":"shipping-taxable","12":"product-type-simple"},"acf":[],"_links":{"self":[{"href":"https:\/\/lexamedlab.com\/pt\/wp-json\/wp\/v2\/product\/22623","targetHints":{"allow":["GET"]}}],"collection":[{"href":"https:\/\/lexamedlab.com\/pt\/wp-json\/wp\/v2\/product"}],"about":[{"href":"https:\/\/lexamedlab.com\/pt\/wp-json\/wp\/v2\/types\/product"}],"replies":[{"embeddable":true,"href":"https:\/\/lexamedlab.com\/pt\/wp-json\/wp\/v2\/comments?post=22623"}],"version-history":[{"count":1,"href":"https:\/\/lexamedlab.com\/pt\/wp-json\/wp\/v2\/product\/22623\/revisions"}],"predecessor-version":[{"id":22625,"href":"https:\/\/lexamedlab.com\/pt\/wp-json\/wp\/v2\/product\/22623\/revisions\/22625"}],"wp:featuredmedia":[{"embeddable":true,"href":"https:\/\/lexamedlab.com\/pt\/wp-json\/wp\/v2\/media\/22624"}],"wp:attachment":[{"href":"https:\/\/lexamedlab.com\/pt\/wp-json\/wp\/v2\/media?parent=22623"}],"wp:term":[{"taxonomy":"product_brand","embeddable":true,"href":"https:\/\/lexamedlab.com\/pt\/wp-json\/wp\/v2\/product_brand?post=22623"},{"taxonomy":"product_cat","embeddable":true,"href":"https:\/\/lexamedlab.com\/pt\/wp-json\/wp\/v2\/product_cat?post=22623"},{"taxonomy":"product_tag","embeddable":true,"href":"https:\/\/lexamedlab.com\/pt\/wp-json\/wp\/v2\/product_tag?post=22623"}],"curies":[{"name":"wp","href":"https:\/\/api.w.org\/{rel}","templated":true}]}}