{"id":22626,"date":"2025-05-26T03:05:02","date_gmt":"2025-05-26T03:05:02","guid":{"rendered":"https:\/\/lexamedlab.com\/?post_type=product&#038;p=22626"},"modified":"2025-06-04T07:17:15","modified_gmt":"2025-06-04T07:17:15","slug":"disposable-plastic-urine-container-with-screw-cap","status":"publish","type":"product","link":"https:\/\/lexamedlab.com\/pt\/product\/disposable-plastic-urine-container-with-screw-cap\/","title":{"rendered":"Recipiente descart\u00e1vel de pl\u00e1stico para urina com tampa de rosca"},"content":{"rendered":"<table style=\"border-collapse: collapse; width: 100%; height: 371px;\">\n<tbody>\n<tr style=\"height: 27px;\">\n<td style=\"width: 12.5%; text-align: center; height: 33px;\"><span style=\"font-family: 'times new roman', times, serif; font-size: 14pt;\">n\u00famero do produto\u00a0<\/span><\/td>\n<td style=\"width: 12.5%; text-align: center; height: 33px;\"><span style=\"font-family: 'times new roman', times, serif; font-size: 14pt;\">capacidade\u00a0<\/span><\/td>\n<td style=\"width: 12.5%; text-align: center; height: 33px;\"><span style=\"font-family: 'times new roman', times, serif; font-size: 14pt;\">material\u00a0<\/span><\/td>\n<td style=\"width: 12.5%; text-align: center; height: 33px;\"><span style=\"font-family: 'times new roman', times, serif; font-size: 14pt;\">dimens\u00e3o externa<\/span><\/td>\n<td style=\"width: 12.5%; text-align: center; height: 33px;\"><span style=\"font-family: 'times new roman', times, serif; font-size: 14pt;\">pe\u00e7as\/saco\u00a0<\/span><\/td>\n<td style=\"width: 9.54939%; text-align: center; height: 33px;\"><span style=\"font-family: 'times new roman', times, serif; font-size: 14pt;\">pe\u00e7as\/caixa<\/span><\/td>\n<td style=\"width: 15.4506%; text-align: center; height: 33px;\"><span style=\"font-family: 'times new roman', times, serif; font-size: 14pt;\">PS\u00a0<\/span><\/td>\n<\/tr>\n<tr style=\"height: 24px;\">\n<td style=\"width: 12.5%; text-align: center; height: 48px;\" rowspan=\"2\"><span style=\"font-size: 14pt; font-family: 'times new roman', times, serif;\">KJ512<\/span><\/td>\n<td style=\"width: 12.5%; text-align: center; height: 48px;\" rowspan=\"2\"><span style=\"font-size: 14pt; font-family: 'times new roman', times, serif;\">100ml<\/span><\/td>\n<td style=\"width: 12.5%; text-align: center; height: 48px;\" rowspan=\"2\"><span style=\"font-size: 14pt; font-family: 'times new roman', times, serif;\">PP<\/span><\/td>\n<td style=\"width: 12.5%; text-align: center; height: 48px;\" rowspan=\"2\"><span style=\"font-size: 14pt; font-family: 'times new roman', times, serif;\">\u00d860\u00d773 mm<\/span><\/td>\n<td style=\"width: 12.5%; text-align: center; height: 24px;\"><span style=\"font-size: 14pt; font-family: 'times new roman', times, serif;\">1<\/span><\/td>\n<td style=\"width: 9.54939%; text-align: center; height: 24px;\"><span style=\"font-size: 14pt; font-family: 'times new roman', times, serif;\">250<\/span><\/td>\n<td style=\"width: 15.4506%; text-align: center; height: 24px;\"><span style=\"font-size: 14pt; font-family: 'times new roman', times, serif;\">Embalagem individual est\u00e9ril de EO<\/span><\/td>\n<\/tr>\n<tr style=\"height: 24px;\">\n<td style=\"width: 12.5%; text-align: center; height: 24px;\"><\/td>\n<td style=\"width: 9.54939%; text-align: center; height: 24px;\"><span style=\"font-size: 14pt; font-family: 'times new roman', times, serif;\">250<\/span><\/td>\n<td style=\"width: 15.4506%; text-align: center; height: 24px;\"><span style=\"font-size: 14pt; font-family: 'times new roman', times, serif;\">a granel\u00a0<\/span><\/td>\n<\/tr>\n<tr style=\"height: 26px;\">\n<td style=\"width: 12.5%; text-align: center; height: 50px;\" rowspan=\"2\"><span style=\"font-size: 14pt; font-family: 'times new roman', times, serif;\">KJ513<\/span><\/td>\n<td style=\"width: 12.5%; text-align: center; height: 50px;\" rowspan=\"2\"><span style=\"font-size: 14pt; font-family: 'times new roman', times, serif;\">120ml<\/span><\/td>\n<td style=\"width: 12.5%; text-align: center; height: 50px;\" rowspan=\"2\"><span style=\"font-size: 14pt; font-family: 'times new roman', times, serif;\">PP<\/span><\/td>\n<td style=\"width: 12.5%; text-align: center; height: 50px;\" rowspan=\"2\"><span style=\"font-size: 14pt; font-family: 'times new roman', times, serif;\">\u00d864\u00d775 mm<\/span><\/td>\n<td style=\"width: 12.5%; text-align: center; height: 26px;\"><span style=\"font-size: 14pt; font-family: 'times new roman', times, serif;\">1<\/span><\/td>\n<td style=\"width: 9.54939%; text-align: center; height: 26px;\"><span style=\"font-size: 14pt; font-family: 'times new roman', times, serif;\">250<\/span><\/td>\n<td style=\"width: 15.4506%; text-align: center; height: 26px;\"><span style=\"font-size: 14pt; font-family: 'times new roman', times, serif;\">Embalagem individual est\u00e9ril de EO<\/span><\/td>\n<\/tr>\n<tr style=\"height: 24px;\">\n<td style=\"width: 12.5%; text-align: center; height: 24px;\"><\/td>\n<td style=\"width: 9.54939%; text-align: center; height: 24px;\"><span style=\"font-size: 14pt; font-family: 'times new roman', times, serif;\">250<\/span><\/td>\n<td style=\"width: 15.4506%; text-align: center; height: 24px;\"><span style=\"font-size: 14pt; font-family: 'times new roman', times, serif;\">a granel\u00a0<\/span><\/td>\n<\/tr>\n<tr style=\"height: 24px;\">\n<td style=\"width: 12.5%; text-align: center; height: 48px;\" rowspan=\"2\"><span style=\"font-size: 14pt; font-family: 'times new roman', times, serif;\">KJ515-2<\/span><\/td>\n<td style=\"width: 12.5%; text-align: center; height: 48px;\" rowspan=\"2\"><span style=\"font-size: 14pt; font-family: 'times new roman', times, serif;\">60ml<\/span><\/td>\n<td style=\"width: 12.5%; text-align: center; height: 48px;\" rowspan=\"2\"><span style=\"font-size: 14pt; font-family: 'times new roman', times, serif;\">PP<\/span><\/td>\n<td style=\"width: 12.5%; text-align: center; height: 48px;\" rowspan=\"2\"><span style=\"font-size: 14pt; font-family: 'times new roman', times, serif;\">\u00d853\u00d765 mm<\/span><\/td>\n<td style=\"width: 12.5%; text-align: center; height: 24px;\"><span style=\"font-size: 14pt; font-family: 'times new roman', times, serif;\">1<\/span><\/td>\n<td style=\"width: 9.54939%; text-align: center; height: 24px;\"><span style=\"font-size: 14pt; font-family: 'times new roman', times, serif;\">300<\/span><\/td>\n<td style=\"width: 15.4506%; text-align: center; height: 24px;\"><span style=\"font-size: 14pt; font-family: 'times new roman', times, serif;\">Embalagem individual est\u00e9ril de EO<\/span><\/td>\n<\/tr>\n<tr style=\"height: 24px;\">\n<td style=\"width: 12.5%; text-align: center; height: 24px;\"><span style=\"font-size: 14pt; font-family: 'times new roman', times, serif;\">35<\/span><\/td>\n<td style=\"width: 9.54939%; text-align: center; height: 24px;\"><span style=\"font-size: 14pt; font-family: 'times new roman', times, serif;\">420<\/span><\/td>\n<td style=\"width: 15.4506%; text-align: center; height: 24px;\"><span style=\"font-size: 14pt; font-family: 'times new roman', times, serif;\">a granel\u00a0<\/span><\/td>\n<\/tr>\n<tr style=\"height: 24px;\">\n<td style=\"width: 12.5%; text-align: center; height: 48px;\" rowspan=\"2\"><span style=\"font-size: 14pt; font-family: 'times new roman', times, serif;\">KJ517-1<\/span><\/td>\n<td style=\"width: 12.5%; text-align: center; height: 48px;\" rowspan=\"2\"><span style=\"font-size: 14pt; font-family: 'times new roman', times, serif;\">60ml<\/span><\/td>\n<td style=\"width: 12.5%; text-align: center; height: 48px;\" rowspan=\"2\"><span style=\"font-size: 14pt; font-family: 'times new roman', times, serif;\">PP<\/span><\/td>\n<td style=\"width: 12.5%; text-align: center; height: 48px;\" rowspan=\"2\"><span style=\"font-size: 14pt; font-family: 'times new roman', times, serif;\">\u00d849\u00d757mm<\/span><\/td>\n<td style=\"width: 12.5%; text-align: center; height: 24px;\"><span style=\"font-size: 14pt; font-family: 'times new roman', times, serif;\">1<\/span><\/td>\n<td style=\"width: 9.54939%; text-align: center; height: 24px;\"><span style=\"font-size: 14pt; font-family: 'times new roman', times, serif;\">300<\/span><\/td>\n<td style=\"width: 15.4506%; text-align: center; height: 24px;\"><span style=\"font-size: 14pt; font-family: 'times new roman', times, serif;\">Embalagem individual est\u00e9ril de EO<\/span><\/td>\n<\/tr>\n<tr style=\"height: 24px;\">\n<td style=\"width: 12.5%; text-align: center; height: 24px;\"><span style=\"font-size: 14pt; font-family: 'times new roman', times, serif;\">20<\/span><\/td>\n<td style=\"width: 9.54939%; text-align: center; height: 24px;\"><span style=\"font-size: 14pt; font-family: 'times new roman', times, serif;\">600<\/span><\/td>\n<td style=\"width: 15.4506%; text-align: center; height: 24px;\"><span style=\"font-size: 14pt; font-family: 'times new roman', times, serif;\">a granel\u00a0<\/span><\/td>\n<\/tr>\n<tr style=\"height: 24px;\">\n<td style=\"width: 12.5%; text-align: center; height: 48px;\" rowspan=\"2\"><span style=\"font-size: 14pt; font-family: 'times new roman', times, serif;\">KJ525<\/span><\/td>\n<td style=\"width: 12.5%; text-align: center; height: 48px;\" rowspan=\"2\"><span style=\"font-size: 14pt; font-family: 'times new roman', times, serif;\">40ml<\/span><\/td>\n<td style=\"width: 12.5%; text-align: center; height: 48px;\" rowspan=\"2\"><span style=\"font-size: 14pt; font-family: 'times new roman', times, serif;\">PP<\/span><\/td>\n<td style=\"width: 12.5%; text-align: center; height: 48px;\" rowspan=\"2\"><span style=\"font-size: 14pt; font-family: 'times new roman', times, serif;\">\u00d843\u00d768mm<\/span><\/td>\n<td style=\"width: 12.5%; text-align: center; height: 24px;\"><span style=\"font-size: 14pt; font-family: 'times new roman', times, serif;\">20<\/span><\/td>\n<td style=\"width: 9.54939%; text-align: center; height: 24px;\"><span style=\"font-size: 14pt; font-family: 'times new roman', times, serif;\">700<\/span><\/td>\n<td style=\"width: 15.4506%; text-align: center; height: 24px;\"><span style=\"font-size: 14pt; font-family: 'times new roman', times, serif;\">Embalagem individual est\u00e9ril de EO<\/span><\/td>\n<\/tr>\n<tr style=\"height: 24px;\">\n<td style=\"width: 12.5%; text-align: center; height: 24px;\"><span style=\"font-size: 14pt; font-family: 'times new roman', times, serif;\">20<\/span><\/td>\n<td style=\"width: 9.54939%; text-align: center; height: 24px;\"><span style=\"font-size: 14pt; font-family: 'times new roman', times, serif;\">800<\/span><\/td>\n<td style=\"width: 15.4506%; text-align: center; height: 24px;\"><span style=\"font-size: 14pt; font-family: 'times new roman', times, serif;\">a granel\u00a0<\/span><\/td>\n<\/tr>\n<tr style=\"height: 24px;\">\n<td style=\"width: 12.5%; text-align: center; height: 48px;\" rowspan=\"2\"><span style=\"font-size: 14pt; font-family: 'times new roman', times, serif;\">KJ532<\/span><\/td>\n<td style=\"width: 12.5%; text-align: center; height: 48px;\" rowspan=\"2\"><span style=\"font-size: 14pt; font-family: 'times new roman', times, serif;\">120ml<\/span><\/td>\n<td style=\"width: 12.5%; text-align: center; height: 48px;\" rowspan=\"2\"><span style=\"font-size: 14pt; font-family: 'times new roman', times, serif;\">PP<\/span><\/td>\n<td style=\"width: 12.5%; text-align: center; height: 48px;\" rowspan=\"2\"><span style=\"font-size: 14pt; font-family: 'times new roman', times, serif;\">\u00d859\u00d788 mm<\/span><\/td>\n<td style=\"width: 12.5%; text-align: center; height: 24px;\"><span style=\"font-size: 14pt; font-family: 'times new roman', times, serif;\">1<\/span><\/td>\n<td style=\"width: 9.54939%; text-align: center; height: 24px;\"><span style=\"font-size: 14pt; font-family: 'times new roman', times, serif;\">250<\/span><\/td>\n<td style=\"width: 15.4506%; text-align: center; height: 24px;\"><span style=\"font-size: 14pt; font-family: 'times new roman', times, serif;\">Embalagem individual est\u00e9ril de EO<\/span><\/td>\n<\/tr>\n<tr style=\"height: 24px;\">\n<td style=\"width: 12.5%; text-align: center; height: 24px;\"><\/td>\n<td style=\"width: 9.54939%; text-align: center; height: 24px;\"><span style=\"font-size: 14pt; font-family: 'times new roman', times, serif;\">250<\/span><\/td>\n<td style=\"width: 15.4506%; text-align: center; height: 24px;\"><\/td>\n<\/tr>\n<tr style=\"height: 24px;\">\n<td style=\"width: 12.5%; text-align: center; height: 24px;\"><span style=\"font-size: 14pt; font-family: 'times new roman', times, serif;\">KJ524-3<\/span><\/td>\n<td style=\"width: 12.5%; text-align: center; height: 24px;\"><span style=\"font-size: 14pt; font-family: 'times new roman', times, serif;\">40ml<\/span><\/td>\n<td style=\"width: 12.5%; text-align: center; height: 24px;\"><span style=\"font-size: 14pt; font-family: 'times new roman', times, serif;\">PP<\/span><\/td>\n<td style=\"width: 12.5%; text-align: center; height: 24px;\"><span style=\"font-size: 14pt; font-family: 'times new roman', times, serif;\">\u00d842\u00d759mm<\/span><\/td>\n<td style=\"width: 12.5%; text-align: center; height: 24px;\"><span style=\"font-size: 14pt; font-family: 'times new roman', times, serif;\">20<\/span><\/td>\n<td style=\"width: 9.54939%; text-align: center; height: 24px;\"><span style=\"font-size: 14pt; font-family: 'times new roman', times, serif;\">800<\/span><\/td>\n<td style=\"width: 15.4506%; text-align: center; height: 24px;\"><span style=\"font-size: 14pt; font-family: 'times new roman', times, serif;\">Embalagem individual est\u00e9ril de EO<\/span><\/td>\n<\/tr>\n<tr style=\"height: 24px;\">\n<td style=\"width: 12.5%; text-align: center; height: 24px;\"><span style=\"font-size: 14pt; font-family: 'times new roman', times, serif;\">KJ531<\/span><\/td>\n<td style=\"width: 12.5%; text-align: center; height: 24px;\"><span style=\"font-size: 14pt; font-family: 'times new roman', times, serif;\">90ml<\/span><\/td>\n<td style=\"width: 12.5%; text-align: center; height: 24px;\"><span style=\"font-size: 14pt; font-family: 'times new roman', times, serif;\">PP<\/span><\/td>\n<td style=\"width: 12.5%; text-align: center; height: 24px;\"><span style=\"font-size: 14pt; font-family: 'times new roman', times, serif;\">\u00d858\u00d767 mm<\/span><\/td>\n<td style=\"width: 12.5%; text-align: center; height: 24px;\"><span style=\"font-size: 14pt; font-family: 'times new roman', times, serif;\">1<\/span><\/td>\n<td style=\"width: 9.54939%; text-align: center; height: 24px;\"><span style=\"font-size: 14pt; font-family: 'times new roman', times, serif;\">300<\/span><\/td>\n<td style=\"width: 15.4506%; text-align: center; height: 24px;\"><span style=\"font-size: 14pt; font-family: 'times new roman', times, serif;\">Embalagem individual est\u00e9ril de EO<\/span><\/td>\n<\/tr>\n<\/tbody>\n<\/table>","protected":false},"excerpt":{"rendered":"<p>n\u00famero do produto capacidade material dimens\u00e3o externa pcs\/saco pcs\/caixa PS KJ512 100ml PP \u00d860\u00d773mm 1 250 EO est\u00e9ril embalagem individual 250<\/p>","protected":false},"featured_media":22627,"comment_status":"open","ping_status":"closed","template":"","meta":{"_acf_changed":false},"product_brand":[],"product_cat":[99,20,100],"product_tag":[],"class_list":{"0":"post-22626","1":"product","2":"type-product","3":"status-publish","4":"has-post-thumbnail","6":"product_cat-specimen-container","7":"product_cat-all","8":"product_cat-urine-container","10":"first","11":"instock","12":"shipping-taxable","13":"product-type-simple"},"acf":[],"_links":{"self":[{"href":"https:\/\/lexamedlab.com\/pt\/wp-json\/wp\/v2\/product\/22626","targetHints":{"allow":["GET"]}}],"collection":[{"href":"https:\/\/lexamedlab.com\/pt\/wp-json\/wp\/v2\/product"}],"about":[{"href":"https:\/\/lexamedlab.com\/pt\/wp-json\/wp\/v2\/types\/product"}],"replies":[{"embeddable":true,"href":"https:\/\/lexamedlab.com\/pt\/wp-json\/wp\/v2\/comments?post=22626"}],"version-history":[{"count":2,"href":"https:\/\/lexamedlab.com\/pt\/wp-json\/wp\/v2\/product\/22626\/revisions"}],"predecessor-version":[{"id":22629,"href":"https:\/\/lexamedlab.com\/pt\/wp-json\/wp\/v2\/product\/22626\/revisions\/22629"}],"wp:featuredmedia":[{"embeddable":true,"href":"https:\/\/lexamedlab.com\/pt\/wp-json\/wp\/v2\/media\/22627"}],"wp:attachment":[{"href":"https:\/\/lexamedlab.com\/pt\/wp-json\/wp\/v2\/media?parent=22626"}],"wp:term":[{"taxonomy":"product_brand","embeddable":true,"href":"https:\/\/lexamedlab.com\/pt\/wp-json\/wp\/v2\/product_brand?post=22626"},{"taxonomy":"product_cat","embeddable":true,"href":"https:\/\/lexamedlab.com\/pt\/wp-json\/wp\/v2\/product_cat?post=22626"},{"taxonomy":"product_tag","embeddable":true,"href":"https:\/\/lexamedlab.com\/pt\/wp-json\/wp\/v2\/product_tag?post=22626"}],"curies":[{"name":"wp","href":"https:\/\/api.w.org\/{rel}","templated":true}]}}