{"id":22631,"date":"2025-05-26T03:12:15","date_gmt":"2025-05-26T03:12:15","guid":{"rendered":"https:\/\/lexamedlab.com\/?post_type=product&#038;p=22631"},"modified":"2025-06-04T07:17:15","modified_gmt":"2025-06-04T07:17:15","slug":"lab-consumable-hospital-disposable-sterile-urine-test-container","status":"publish","type":"product","link":"https:\/\/lexamedlab.com\/pt\/product\/lab-consumable-hospital-disposable-sterile-urine-test-container\/","title":{"rendered":"Recipiente descart\u00e1vel para teste de urina est\u00e9ril de laborat\u00f3rio consum\u00edvel hospitalar"},"content":{"rendered":"<table style=\"border-collapse: collapse; width: 100%; height: 347.056px;\">\n<tbody>\n<tr style=\"height: 27px;\">\n<td style=\"width: 12.5%; text-align: center; height: 33px;\"><span style=\"font-family: 'times new roman', times, serif; font-size: 14pt;\">n\u00famero do produto\u00a0<\/span><\/td>\n<td style=\"width: 12.5%; text-align: center; height: 33px;\"><span style=\"font-family: 'times new roman', times, serif; font-size: 14pt;\">capacidade\u00a0<\/span><\/td>\n<td style=\"width: 12.5%; text-align: center; height: 33px;\"><span style=\"font-family: 'times new roman', times, serif; font-size: 14pt;\">material\u00a0<\/span><\/td>\n<td style=\"width: 12.5%; text-align: center; height: 33px;\"><span style=\"font-family: 'times new roman', times, serif; font-size: 14pt;\">dimens\u00e3o externa<\/span><\/td>\n<td style=\"width: 12.5%; text-align: center; height: 33px;\"><span style=\"font-family: 'times new roman', times, serif; font-size: 14pt;\">pe\u00e7as\/saco\u00a0<\/span><\/td>\n<td style=\"width: 9.54939%; text-align: center; height: 33px;\"><span style=\"font-family: 'times new roman', times, serif; font-size: 14pt;\">pe\u00e7as\/caixa<\/span><\/td>\n<td style=\"width: 15.4506%; text-align: center; height: 33px;\"><span style=\"font-family: 'times new roman', times, serif; font-size: 14pt;\">PS\u00a0<\/span><\/td>\n<\/tr>\n<tr style=\"height: 24px;\">\n<td style=\"width: 12.5%; text-align: center; height: 48px;\" rowspan=\"2\"><span style=\"font-size: 14pt; font-family: 'times new roman', times, serif;\">KJ516<\/span><\/td>\n<td style=\"width: 12.5%; text-align: center; height: 48px;\" rowspan=\"2\"><span style=\"font-size: 14pt; font-family: 'times new roman', times, serif;\">40ml<\/span><\/td>\n<td style=\"width: 12.5%; text-align: center; height: 48px;\" rowspan=\"2\"><span style=\"font-size: 14pt; font-family: 'times new roman', times, serif;\">PVC<\/span><\/td>\n<td style=\"width: 12.5%; text-align: center; height: 48px;\" rowspan=\"2\"><span style=\"font-size: 14pt; font-family: 'times new roman', times, serif;\">\u00d878\u00d736 mm<\/span><\/td>\n<td style=\"width: 12.5%; text-align: center; height: 48px;\" rowspan=\"2\"><span style=\"font-family: times new roman, times, serif;\"><span style=\"font-size: 18.6667px;\">500<\/span><\/span><\/td>\n<td style=\"width: 9.54939%; text-align: center; height: 48px;\" rowspan=\"2\"><span style=\"font-family: times new roman, times, serif;\"><span style=\"font-size: 18.6667px;\">1000<\/span><\/span><\/td>\n<td style=\"width: 15.4506%; text-align: center; height: 24px;\">branco e transparente<\/td>\n<\/tr>\n<tr style=\"height: 24px;\">\n<td style=\"width: 15.4506%; text-align: center; height: 24px;\"><span style=\"font-size: 14pt; font-family: 'times new roman', times, serif;\">branco<\/span><\/td>\n<\/tr>\n<tr style=\"height: 26px;\">\n<td style=\"width: 12.5%; text-align: center; height: 50px;\" rowspan=\"2\"><span style=\"font-size: 14pt; font-family: 'times new roman', times, serif;\">KJ517-2<\/span><\/td>\n<td style=\"width: 12.5%; text-align: center; height: 50px;\" rowspan=\"2\"><span style=\"font-size: 14pt; font-family: 'times new roman', times, serif;\">40ml<\/span><\/td>\n<td style=\"width: 12.5%; text-align: center; height: 50px;\" rowspan=\"2\"><span style=\"font-size: 14pt; font-family: 'times new roman', times, serif;\">PP<\/span><\/td>\n<td style=\"width: 12.5%; text-align: center; height: 50px;\" rowspan=\"2\"><span style=\"font-size: 14pt; font-family: 'times new roman', times, serif;\">\u00d848\u00d747 mm<\/span><\/td>\n<td style=\"width: 12.5%; text-align: center; height: 50px;\" rowspan=\"2\"><span style=\"font-family: times new roman, times, serif;\"><span style=\"font-size: 18.6667px;\">40<\/span><\/span><\/td>\n<td style=\"width: 9.54939%; text-align: center; height: 50px;\" rowspan=\"2\"><span style=\"font-size: 14pt; font-family: 'times new roman', times, serif;\">800<\/span><\/td>\n<td style=\"width: 15.4506%; text-align: center; height: 26px;\">EO est\u00e9ril<\/td>\n<\/tr>\n<tr style=\"height: 24px;\">\n<td style=\"width: 15.4506%; text-align: center; height: 24px;\"><\/td>\n<\/tr>\n<tr style=\"height: 24px;\">\n<td style=\"width: 12.5%; text-align: center; height: 50.5208px;\" rowspan=\"2\"><span style=\"font-size: 14pt; font-family: 'times new roman', times, serif;\">KJ517-3<\/span><\/td>\n<td style=\"width: 12.5%; text-align: center; height: 50.5208px;\" rowspan=\"2\"><span style=\"font-size: 14pt; font-family: 'times new roman', times, serif;\">40ml<\/span><\/td>\n<td style=\"width: 12.5%; text-align: center; height: 50.5208px;\" rowspan=\"2\"><span style=\"font-size: 14pt; font-family: 'times new roman', times, serif;\">PP<\/span><\/td>\n<td style=\"width: 12.5%; text-align: center; height: 50.5208px;\" rowspan=\"2\"><span style=\"font-size: 14pt; font-family: 'times new roman', times, serif;\">\u00d848\u00d747 mm<\/span><\/td>\n<td style=\"width: 12.5%; text-align: center; height: 50.5208px;\" rowspan=\"2\"><span style=\"font-family: times new roman, times, serif;\"><span style=\"font-size: 18.6667px;\">40<\/span><\/span><\/td>\n<td style=\"width: 9.54939%; text-align: center; height: 50.5208px;\" rowspan=\"2\"><span style=\"font-size: 14pt; font-family: 'times new roman', times, serif;\">800<\/span><\/td>\n<td style=\"width: 15.4506%; text-align: center; height: 50.5208px;\" rowspan=\"2\"><\/td>\n<\/tr>\n<tr style=\"height: 24px;\">\n<td style=\"width: 12.5%; text-align: center; height: 43.2986px;\" rowspan=\"2\"><span style=\"font-size: 14pt; font-family: 'times new roman', times, serif;\">KJ524<\/span><\/td>\n<td style=\"width: 12.5%; text-align: center; height: 43.2986px;\" rowspan=\"2\"><span style=\"font-size: 14pt; font-family: 'times new roman', times, serif;\">30ml<\/span><\/td>\n<td style=\"width: 12.5%; text-align: center; height: 43.2986px;\" rowspan=\"2\"><span style=\"font-size: 14pt; font-family: 'times new roman', times, serif;\">PS<\/span><\/td>\n<td style=\"width: 12.5%; text-align: center; height: 43.2986px;\" rowspan=\"2\"><span style=\"font-size: 14pt; font-family: 'times new roman', times, serif;\">\u00d831\u00d793 mm<\/span><\/td>\n<td style=\"width: 12.5%; text-align: center; height: 43.2986px;\" rowspan=\"2\"><span style=\"font-size: 14pt; font-family: 'times new roman', times, serif;\">50<\/span><\/td>\n<td style=\"width: 9.54939%; text-align: center; height: 43.2986px;\" rowspan=\"2\"><span style=\"font-size: 14pt; font-family: 'times new roman', times, serif;\">800<\/span><\/td>\n<td style=\"width: 15.4506%; text-align: center; height: 43.2986px;\" rowspan=\"2\"><\/td>\n<\/tr>\n<tr style=\"height: 24px;\">\n<td style=\"width: 12.5%; text-align: center; height: 38.1597px;\" rowspan=\"2\"><span style=\"font-size: 14pt; font-family: 'times new roman', times, serif;\">KJ529<\/span><\/td>\n<td style=\"width: 12.5%; text-align: center; height: 38.1597px;\" rowspan=\"2\"><span style=\"font-size: 14pt; font-family: 'times new roman', times, serif;\">30ml<\/span><\/td>\n<td style=\"width: 12.5%; text-align: center; height: 38.1597px;\" rowspan=\"2\"><span style=\"font-size: 14pt; font-family: 'times new roman', times, serif;\">PS<\/span><\/td>\n<td style=\"width: 12.5%; text-align: center; height: 38.1597px;\" rowspan=\"2\"><span style=\"font-size: 14pt; font-family: 'times new roman', times, serif;\">\u00d831\u00d794 mm<\/span><\/td>\n<td style=\"width: 12.5%; text-align: center; height: 38.1597px;\" rowspan=\"2\"><span style=\"font-size: 14pt; font-family: 'times new roman', times, serif;\">50<\/span><\/td>\n<td style=\"width: 9.54939%; text-align: center; height: 38.1597px;\" rowspan=\"2\"><span style=\"font-size: 14pt; font-family: 'times new roman', times, serif;\">800<\/span><\/td>\n<td style=\"width: 15.4506%; text-align: center; height: 38.1597px;\" rowspan=\"2\"><\/td>\n<\/tr>\n<tr style=\"height: 24px;\">\n<td style=\"width: 12.5%; text-align: center; height: 36.0764px;\" rowspan=\"2\"><span style=\"font-size: 14pt; font-family: 'times new roman', times, serif;\">KJ530<\/span><\/td>\n<td style=\"width: 12.5%; text-align: center; height: 36.0764px;\" rowspan=\"2\"><span style=\"font-size: 14pt; font-family: 'times new roman', times, serif;\">30ml<\/span><\/td>\n<td style=\"width: 12.5%; text-align: center; height: 36.0764px;\" rowspan=\"2\"><span style=\"font-size: 14pt; font-family: 'times new roman', times, serif;\">PP<\/span><\/td>\n<td style=\"width: 12.5%; text-align: center; height: 36.0764px;\" rowspan=\"2\"><span style=\"font-size: 14pt; font-family: 'times new roman', times, serif;\">\u00d831\u00d794 mm<\/span><\/td>\n<td style=\"width: 12.5%; text-align: center; height: 36.0764px;\" rowspan=\"2\"><span style=\"font-family: times new roman, times, serif;\"><span style=\"font-size: 18.6667px;\">50<\/span><\/span><\/td>\n<td style=\"width: 9.54939%; text-align: center; height: 36.0764px;\" rowspan=\"2\"><span style=\"font-size: 14pt; font-family: 'times new roman', times, serif;\">800<\/span><\/td>\n<td style=\"width: 15.4506%; text-align: center; height: 36.0764px;\" rowspan=\"2\"><\/td>\n<\/tr>\n<\/tbody>\n<\/table>","protected":false},"excerpt":{"rendered":"<p>n\u00famero do produto capacidade material dimens\u00e3o externa pcs\/saco pcs\/caixa PS KJ516 40ml PVC \u00d878\u00d736mm 500 1000 branco e transparente branco KJ517-2<\/p>","protected":false},"featured_media":22632,"comment_status":"open","ping_status":"closed","template":"","meta":{"_acf_changed":false},"product_brand":[],"product_cat":[99,20,100],"product_tag":[],"class_list":{"0":"post-22631","1":"product","2":"type-product","3":"status-publish","4":"has-post-thumbnail","6":"product_cat-specimen-container","7":"product_cat-all","8":"product_cat-urine-container","10":"first","11":"instock","12":"shipping-taxable","13":"product-type-simple"},"acf":[],"_links":{"self":[{"href":"https:\/\/lexamedlab.com\/pt\/wp-json\/wp\/v2\/product\/22631","targetHints":{"allow":["GET"]}}],"collection":[{"href":"https:\/\/lexamedlab.com\/pt\/wp-json\/wp\/v2\/product"}],"about":[{"href":"https:\/\/lexamedlab.com\/pt\/wp-json\/wp\/v2\/types\/product"}],"replies":[{"embeddable":true,"href":"https:\/\/lexamedlab.com\/pt\/wp-json\/wp\/v2\/comments?post=22631"}],"version-history":[{"count":3,"href":"https:\/\/lexamedlab.com\/pt\/wp-json\/wp\/v2\/product\/22631\/revisions"}],"predecessor-version":[{"id":22637,"href":"https:\/\/lexamedlab.com\/pt\/wp-json\/wp\/v2\/product\/22631\/revisions\/22637"}],"wp:featuredmedia":[{"embeddable":true,"href":"https:\/\/lexamedlab.com\/pt\/wp-json\/wp\/v2\/media\/22632"}],"wp:attachment":[{"href":"https:\/\/lexamedlab.com\/pt\/wp-json\/wp\/v2\/media?parent=22631"}],"wp:term":[{"taxonomy":"product_brand","embeddable":true,"href":"https:\/\/lexamedlab.com\/pt\/wp-json\/wp\/v2\/product_brand?post=22631"},{"taxonomy":"product_cat","embeddable":true,"href":"https:\/\/lexamedlab.com\/pt\/wp-json\/wp\/v2\/product_cat?post=22631"},{"taxonomy":"product_tag","embeddable":true,"href":"https:\/\/lexamedlab.com\/pt\/wp-json\/wp\/v2\/product_tag?post=22631"}],"curies":[{"name":"wp","href":"https:\/\/api.w.org\/{rel}","templated":true}]}}