{"id":22639,"date":"2025-05-26T05:48:29","date_gmt":"2025-05-26T05:48:29","guid":{"rendered":"https:\/\/lexamedlab.com\/?post_type=product&#038;p=22639"},"modified":"2025-06-04T07:17:15","modified_gmt":"2025-06-04T07:17:15","slug":"urine-collection-cup-100ml","status":"publish","type":"product","link":"https:\/\/lexamedlab.com\/pt\/product\/urine-collection-cup-100ml\/","title":{"rendered":"Copo coletor de urina 100ML"},"content":{"rendered":"<p><span style=\"font-family: 'times new roman', times, serif; font-size: 14pt;\">\u2014 Este coletor \u00e9 composto por um copo coletor de urina e um tubo coletor de urina a v\u00e1cuo, feitos de material pl\u00e1stico de grau m\u00e9dico, usados principalmente para coleta de amostras de urina.<\/span><br \/>\n<span style=\"font-family: 'times new roman', times, serif; font-size: 14pt;\">\u2014 O bom desempenho de veda\u00e7\u00e3o previne vazamentos de forma eficaz, \u00e9 conveniente para armazenamento e transporte de amostras e tamb\u00e9m pode evitar o contato entre a equipe m\u00e9dica e a amostra.<\/span><br \/>\n<span style=\"font-family: 'times new roman', times, serif; font-size: 14pt;\">\u2014 A tampa possui uma etiqueta que sela a c\u00e2nula para evitar que o paciente entre em contato com a agulha de coleta.<\/span><br \/>\n<span style=\"font-family: 'times new roman', times, serif; font-size: 14pt;\">\u2014 Dispon\u00edvel com c\u00f3digo de barras personalizado.<\/span><br \/>\n<span style=\"font-family: 'times new roman', times, serif; font-size: 14pt;\">\u2014 Esterilizado por radia\u00e7\u00e3o EO ou gama.<\/span><\/p>\n<table style=\"border-collapse: collapse; width: 100%; height: 336px;\">\n<tbody>\n<tr style=\"height: 24px;\">\n<td style=\"width: 10.7681%; height: 24px; text-align: center;\"><span style=\"font-size: 14pt; font-family: 'times new roman', times, serif;\">N\u00famero do produto\u00a0<\/span><\/td>\n<td style=\"width: 11.9869%; height: 24px; text-align: center;\"><span style=\"font-size: 14pt; font-family: 'times new roman', times, serif;\">material\u00a0<\/span><\/td>\n<td style=\"width: 10.7681%; height: 24px; text-align: center;\"><span style=\"font-size: 14pt; font-family: 'times new roman', times, serif;\">capacidade\u00a0<\/span><\/td>\n<td style=\"width: 12.5642%; height: 24px; text-align: center;\"><span style=\"font-size: 14pt; font-family: 'times new roman', times, serif;\">dimens\u00e3o externa\u00a0<\/span><\/td>\n<td style=\"width: 10.8963%; height: 24px; text-align: center;\"><span style=\"font-size: 14pt; font-family: 'times new roman', times, serif;\">quantidade em sacos\u00a0<\/span><\/td>\n<td style=\"width: 11.0247%; height: 24px; text-align: center;\"><span style=\"font-size: 14pt; font-family: 'times new roman', times, serif;\">quantidade na caixa\u00a0<\/span><\/td>\n<td style=\"width: 12.8849%; height: 24px; text-align: center;\"><span style=\"font-size: 14pt; font-family: 'times new roman', times, serif;\">quantidade na caixa\u00a0<\/span><\/td>\n<td style=\"width: 19.1068%; height: 24px; text-align: center;\"><span style=\"font-size: 14pt; font-family: 'times new roman', times, serif;\">PS\u00a0<\/span><\/td>\n<\/tr>\n<tr style=\"height: 24px;\">\n<td style=\"width: 10.7681%; height: 48px; text-align: center;\" rowspan=\"2\"><span style=\"font-size: 14pt; font-family: 'times new roman', times, serif;\">07106011<\/span><\/td>\n<td style=\"width: 11.9869%; height: 24px; text-align: center;\">Copo:PP<\/td>\n<td style=\"width: 10.7681%; height: 24px; text-align: center;\"><span style=\"font-size: 14pt; font-family: 'times new roman', times, serif;\">60ml<\/span><\/td>\n<td style=\"width: 12.5642%; height: 24px; text-align: center;\"><span style=\"font-size: 14pt; font-family: 'times new roman', times, serif;\">\u00d854\u00d764 mm\u00a0<\/span><\/td>\n<td style=\"width: 10.8963%; height: 24px; text-align: center;\"><\/td>\n<td style=\"width: 11.0247%; height: 24px; text-align: center;\"><\/td>\n<td style=\"width: 12.8849%; height: 24px; text-align: center;\"><span style=\"font-size: 14pt; font-family: 'times new roman', times, serif;\">400<\/span><\/td>\n<td style=\"width: 19.1068%; height: 24px; text-align: center;\">op\u00e7\u00e3o: EO est\u00e9ril ou R est\u00e9ril<\/td>\n<\/tr>\n<tr style=\"height: 24px;\">\n<td style=\"width: 11.9869%; height: 24px; text-align: center;\">Tubo:PET<\/td>\n<td style=\"width: 10.7681%; height: 24px; text-align: center;\"><span style=\"font-size: 14pt; font-family: 'times new roman', times, serif;\">10ml<\/span><\/td>\n<td style=\"width: 12.5642%; height: 24px; text-align: center;\"><span style=\"font-size: 14pt; font-family: 'times new roman', times, serif;\">\u00d816\u00d7100mm\u00a0<\/span><\/td>\n<td style=\"width: 10.8963%; height: 24px; text-align: center;\"><\/td>\n<td style=\"width: 11.0247%; height: 24px; text-align: center;\"><span style=\"font-size: 14pt; font-family: 'times new roman', times, serif;\">100<\/span><\/td>\n<td style=\"width: 12.8849%; height: 24px; text-align: center;\"><span style=\"font-size: 14pt; font-family: 'times new roman', times, serif;\">1200<\/span><\/td>\n<td style=\"width: 19.1068%; height: 24px; text-align: center;\"><\/td>\n<\/tr>\n<tr style=\"height: 24px;\">\n<td style=\"width: 10.7681%; height: 48px; text-align: center;\" rowspan=\"2\"><span style=\"font-size: 14pt; font-family: 'times new roman', times, serif;\">KJ527<\/span><\/td>\n<td style=\"width: 11.9869%; height: 24px; text-align: center;\">Copo:PP<\/td>\n<td style=\"width: 10.7681%; height: 24px; text-align: center;\"><span style=\"font-size: 14pt; font-family: 'times new roman', times, serif;\">100ml<\/span><\/td>\n<td style=\"width: 12.5642%; height: 24px; text-align: center;\"><span style=\"font-size: 14pt; font-family: 'times new roman', times, serif;\">\u00d861\u00d773 mm\u00a0<\/span><\/td>\n<td style=\"width: 10.8963%; height: 24px; text-align: center;\"><span style=\"font-size: 14pt; font-family: 'times new roman', times, serif;\">50<\/span><\/td>\n<td style=\"width: 11.0247%; height: 24px; text-align: center;\"><\/td>\n<td style=\"width: 12.8849%; height: 24px; text-align: center;\"><span style=\"font-size: 14pt; font-family: 'times new roman', times, serif;\">300<\/span><\/td>\n<td style=\"width: 19.1068%; height: 24px; text-align: center;\"><\/td>\n<\/tr>\n<tr style=\"height: 24px;\">\n<td style=\"width: 11.9869%; height: 24px; text-align: center;\">Tubo:PET<\/td>\n<td style=\"width: 10.7681%; height: 24px; text-align: center;\"><span style=\"font-size: 14pt; font-family: 'times new roman', times, serif;\">10ml<\/span><\/td>\n<td style=\"width: 12.5642%; height: 24px; text-align: center;\"><span style=\"font-size: 14pt; font-family: 'times new roman', times, serif;\">\u00d816\u00d7100mm\u00a0<\/span><\/td>\n<td style=\"width: 10.8963%; height: 24px; text-align: center;\"><\/td>\n<td style=\"width: 11.0247%; height: 24px; text-align: center;\"><span style=\"font-size: 14pt; font-family: 'times new roman', times, serif;\">100<\/span><\/td>\n<td style=\"width: 12.8849%; height: 24px; text-align: center;\"><span style=\"font-size: 14pt; font-family: 'times new roman', times, serif;\">1200<\/span><\/td>\n<td style=\"width: 19.1068%; height: 24px; text-align: center;\"><\/td>\n<\/tr>\n<tr style=\"height: 24px;\">\n<td style=\"width: 10.7681%; height: 48px; text-align: center;\" rowspan=\"2\"><span style=\"font-size: 14pt; font-family: 'times new roman', times, serif;\">KJ527-1<\/span><\/td>\n<td style=\"width: 11.9869%; height: 24px; text-align: center;\">Copo:PP<\/td>\n<td style=\"width: 10.7681%; height: 24px; text-align: center;\"><span style=\"font-size: 14pt; font-family: 'times new roman', times, serif;\">100ml<\/span><\/td>\n<td style=\"width: 12.5642%; height: 24px; text-align: center;\"><span style=\"font-size: 14pt; font-family: 'times new roman', times, serif;\">\u00d861\u00d773 mm\u00a0<\/span><\/td>\n<td style=\"width: 10.8963%; height: 24px; text-align: center;\"><\/td>\n<td style=\"width: 11.0247%; height: 24px; text-align: center;\"><\/td>\n<td style=\"width: 12.8849%; height: 24px; text-align: center;\"><span style=\"font-size: 14pt; font-family: 'times new roman', times, serif;\">300<\/span><\/td>\n<td style=\"width: 19.1068%; height: 24px; text-align: center;\"><\/td>\n<\/tr>\n<tr style=\"height: 24px;\">\n<td style=\"width: 11.9869%; height: 24px; text-align: center;\">Tubo:PET<\/td>\n<td style=\"width: 10.7681%; height: 24px; text-align: center;\"><span style=\"font-size: 14pt; font-family: 'times new roman', times, serif;\">10ml<\/span><\/td>\n<td style=\"width: 12.5642%; height: 24px; text-align: center;\"><span style=\"font-size: 14pt; font-family: 'times new roman', times, serif;\">\u00d816\u00d7100mm\u00a0<\/span><\/td>\n<td style=\"width: 10.8963%; height: 24px; text-align: center;\"><\/td>\n<td style=\"width: 11.0247%; height: 24px; text-align: center;\"><span style=\"font-size: 14pt; font-family: 'times new roman', times, serif;\">100<\/span><\/td>\n<td style=\"width: 12.8849%; height: 24px; text-align: center;\"><span style=\"font-size: 14pt; font-family: 'times new roman', times, serif;\">1200<\/span><\/td>\n<td style=\"width: 19.1068%; height: 24px; text-align: center;\"><\/td>\n<\/tr>\n<tr style=\"height: 24px;\">\n<td style=\"width: 10.7681%; height: 48px; text-align: center;\" rowspan=\"2\"><span style=\"font-size: 14pt; font-family: 'times new roman', times, serif;\">KJ527-2<\/span><\/td>\n<td style=\"width: 11.9869%; height: 24px; text-align: center;\">Copo:PP<\/td>\n<td style=\"width: 10.7681%; height: 24px; text-align: center;\"><span style=\"font-size: 14pt; font-family: 'times new roman', times, serif;\">100ml<\/span><\/td>\n<td style=\"width: 12.5642%; height: 24px; text-align: center;\"><span style=\"font-size: 14pt; font-family: 'times new roman', times, serif;\">\u00d861\u00d773 mm\u00a0<\/span><\/td>\n<td style=\"width: 10.8963%; height: 24px; text-align: center;\"><\/td>\n<td style=\"width: 11.0247%; height: 24px; text-align: center;\"><\/td>\n<td style=\"width: 12.8849%; height: 24px; text-align: center;\"><span style=\"font-size: 14pt; font-family: 'times new roman', times, serif;\">300<\/span><\/td>\n<td style=\"width: 19.1068%; height: 24px; text-align: center;\"><\/td>\n<\/tr>\n<tr style=\"height: 24px;\">\n<td style=\"width: 11.9869%; height: 24px; text-align: center;\">Tubo:PET<\/td>\n<td style=\"width: 10.7681%; height: 24px; text-align: center;\"><span style=\"font-size: 14pt; font-family: 'times new roman', times, serif;\">10ml<\/span><\/td>\n<td style=\"width: 12.5642%; height: 24px; text-align: center;\"><span style=\"font-size: 14pt; font-family: 'times new roman', times, serif;\">\u00d816\u00d7100mm\u00a0<\/span><\/td>\n<td style=\"width: 10.8963%; height: 24px; text-align: center;\"><\/td>\n<td style=\"width: 11.0247%; height: 24px; text-align: center;\"><span style=\"font-size: 14pt; font-family: 'times new roman', times, serif;\">100<\/span><\/td>\n<td style=\"width: 12.8849%; height: 24px; text-align: center;\"><span style=\"font-size: 14pt; font-family: 'times new roman', times, serif;\">1200<\/span><\/td>\n<td style=\"width: 19.1068%; height: 24px; text-align: center;\"><\/td>\n<\/tr>\n<tr style=\"height: 24px;\">\n<td style=\"width: 10.7681%; height: 48px; text-align: center;\" rowspan=\"2\"><span style=\"font-size: 14pt; font-family: 'times new roman', times, serif;\">KJ527-3<\/span><\/td>\n<td style=\"width: 11.9869%; height: 24px; text-align: center;\">Copo:PP<\/td>\n<td style=\"width: 10.7681%; height: 24px; text-align: center;\"><span style=\"font-size: 14pt; font-family: 'times new roman', times, serif;\">60ml<\/span><\/td>\n<td style=\"width: 12.5642%; height: 24px; text-align: center;\"><span style=\"font-size: 14pt; font-family: 'times new roman', times, serif;\">\u00d851\u00d762 mm\u00a0<\/span><\/td>\n<td style=\"width: 10.8963%; height: 24px; text-align: center;\"><\/td>\n<td style=\"width: 11.0247%; height: 24px; text-align: center;\"><\/td>\n<td style=\"width: 12.8849%; height: 24px; text-align: center;\"><span style=\"font-size: 14pt; font-family: 'times new roman', times, serif;\">300<\/span><\/td>\n<td style=\"width: 19.1068%; height: 24px; text-align: center;\"><\/td>\n<\/tr>\n<tr style=\"height: 24px;\">\n<td style=\"width: 11.9869%; height: 24px; text-align: center;\">Tubo:PET<\/td>\n<td style=\"width: 10.7681%; height: 24px; text-align: center;\"><span style=\"font-size: 14pt; font-family: 'times new roman', times, serif;\">10ml<\/span><\/td>\n<td style=\"width: 12.5642%; height: 24px; text-align: center;\"><span style=\"font-size: 14pt; font-family: 'times new roman', times, serif;\">\u00d816\u00d7100mm\u00a0<\/span><\/td>\n<td style=\"width: 10.8963%; height: 24px; text-align: center;\"><\/td>\n<td style=\"width: 11.0247%; height: 24px; text-align: center;\"><span style=\"font-size: 14pt; font-family: 'times new roman', times, serif;\">100<\/span><\/td>\n<td style=\"width: 12.8849%; height: 24px; text-align: center;\"><span style=\"font-size: 14pt; font-family: 'times new roman', times, serif;\">1200<\/span><\/td>\n<td style=\"width: 19.1068%; height: 24px; text-align: center;\"><\/td>\n<\/tr>\n<tr style=\"height: 24px;\">\n<td style=\"width: 10.7681%; height: 48px; text-align: center;\" rowspan=\"2\"><span style=\"font-size: 14pt; font-family: 'times new roman', times, serif;\">KJ533<\/span><\/td>\n<td style=\"width: 11.9869%; height: 24px; text-align: center;\">Copo:PP<\/td>\n<td style=\"width: 10.7681%; height: 24px; text-align: center;\"><span style=\"font-size: 14pt; font-family: 'times new roman', times, serif;\">&#8211;<\/span><\/td>\n<td style=\"width: 12.5642%; height: 24px; text-align: center;\"><span style=\"font-size: 14pt; font-family: 'times new roman', times, serif;\">140 mm<\/span><\/td>\n<td style=\"width: 10.8963%; height: 24px; text-align: center;\"><span style=\"font-size: 14pt; font-family: 'times new roman', times, serif;\">100<\/span><\/td>\n<td style=\"width: 11.0247%; height: 24px; text-align: center;\"><\/td>\n<td style=\"width: 12.8849%; height: 24px; text-align: center;\"><span style=\"font-size: 14pt; font-family: 'times new roman', times, serif;\">1000<\/span><\/td>\n<td style=\"width: 19.1068%; height: 24px; text-align: center;\"><\/td>\n<\/tr>\n<tr style=\"height: 24px;\">\n<td style=\"width: 11.9869%; height: 24px; text-align: center;\">Tubo:PET<\/td>\n<td style=\"width: 10.7681%; height: 24px; text-align: center;\"><span style=\"font-size: 14pt; font-family: 'times new roman', times, serif;\">10ml<\/span><\/td>\n<td style=\"width: 12.5642%; height: 24px; text-align: center;\"><span style=\"font-size: 14pt; font-family: 'times new roman', times, serif;\">\u00d816\u00d7100mm\u00a0<\/span><\/td>\n<td style=\"width: 10.8963%; height: 24px; text-align: center;\"><\/td>\n<td style=\"width: 11.0247%; height: 24px; text-align: center;\"><span style=\"font-size: 14pt; font-family: 'times new roman', times, serif;\">100<\/span><\/td>\n<td style=\"width: 12.8849%; height: 24px; text-align: center;\"><span style=\"font-size: 14pt; font-family: 'times new roman', times, serif;\">1200<\/span><\/td>\n<td style=\"width: 19.1068%; height: 24px; text-align: center;\"><\/td>\n<\/tr>\n<tr style=\"height: 24px;\">\n<td style=\"width: 10.7681%; text-align: center; height: 24px;\"><span style=\"font-size: 14pt; font-family: 'times new roman', times, serif;\">KJ533-1<\/span><\/td>\n<td style=\"width: 11.9869%; height: 24px; text-align: center;\">Copo:PP<\/td>\n<td style=\"width: 10.7681%; text-align: center; height: 24px;\"><span style=\"font-size: 14pt; font-family: 'times new roman', times, serif;\">90ml<\/span><\/td>\n<td style=\"width: 12.5642%; text-align: center; height: 24px;\"><span style=\"font-size: 14pt; font-family: 'times new roman', times, serif;\">\u00d860\u00d770mm\u00a0<\/span><\/td>\n<td style=\"width: 10.8963%; text-align: center; height: 24px;\"><\/td>\n<td style=\"width: 11.0247%; text-align: center; height: 24px;\"><\/td>\n<td style=\"width: 12.8849%; text-align: center; height: 24px;\"><span style=\"font-size: 14pt; font-family: 'times new roman', times, serif;\">600<\/span><\/td>\n<td style=\"width: 19.1068%; text-align: center; height: 24px;\"><\/td>\n<\/tr>\n<\/tbody>\n<\/table>\n<p><img fetchpriority=\"high\" decoding=\"async\" class=\"alignnone size-full wp-image-22643\" src=\"https:\/\/lexamedlab.com\/wp-content\/uploads\/2025\/05\/dbc1fecd-97a1-4623-829c-a312bb99761e.png\" alt=\"\" width=\"1733\" height=\"823\" \/><\/p>","protected":false},"excerpt":{"rendered":"<p>\u2014 Este coletor \u00e9 composto por um copo coletor de urina e um tubo coletor de urina a v\u00e1cuo, feito de material de grau m\u00e9dico.<\/p>","protected":false},"featured_media":22641,"comment_status":"open","ping_status":"closed","template":"","meta":{"_acf_changed":false},"product_brand":[],"product_cat":[99,20,100],"product_tag":[],"class_list":{"0":"post-22639","1":"product","2":"type-product","3":"status-publish","4":"has-post-thumbnail","6":"product_cat-specimen-container","7":"product_cat-all","8":"product_cat-urine-container","10":"first","11":"instock","12":"shipping-taxable","13":"product-type-simple"},"acf":[],"_links":{"self":[{"href":"https:\/\/lexamedlab.com\/pt\/wp-json\/wp\/v2\/product\/22639","targetHints":{"allow":["GET"]}}],"collection":[{"href":"https:\/\/lexamedlab.com\/pt\/wp-json\/wp\/v2\/product"}],"about":[{"href":"https:\/\/lexamedlab.com\/pt\/wp-json\/wp\/v2\/types\/product"}],"replies":[{"embeddable":true,"href":"https:\/\/lexamedlab.com\/pt\/wp-json\/wp\/v2\/comments?post=22639"}],"version-history":[{"count":2,"href":"https:\/\/lexamedlab.com\/pt\/wp-json\/wp\/v2\/product\/22639\/revisions"}],"predecessor-version":[{"id":22646,"href":"https:\/\/lexamedlab.com\/pt\/wp-json\/wp\/v2\/product\/22639\/revisions\/22646"}],"wp:featuredmedia":[{"embeddable":true,"href":"https:\/\/lexamedlab.com\/pt\/wp-json\/wp\/v2\/media\/22641"}],"wp:attachment":[{"href":"https:\/\/lexamedlab.com\/pt\/wp-json\/wp\/v2\/media?parent=22639"}],"wp:term":[{"taxonomy":"product_brand","embeddable":true,"href":"https:\/\/lexamedlab.com\/pt\/wp-json\/wp\/v2\/product_brand?post=22639"},{"taxonomy":"product_cat","embeddable":true,"href":"https:\/\/lexamedlab.com\/pt\/wp-json\/wp\/v2\/product_cat?post=22639"},{"taxonomy":"product_tag","embeddable":true,"href":"https:\/\/lexamedlab.com\/pt\/wp-json\/wp\/v2\/product_tag?post=22639"}],"curies":[{"name":"wp","href":"https:\/\/api.w.org\/{rel}","templated":true}]}}