{"id":22655,"date":"2025-05-26T06:24:43","date_gmt":"2025-05-26T06:24:43","guid":{"rendered":"https:\/\/lexamedlab.com\/?post_type=product&#038;p=22655"},"modified":"2025-05-27T15:11:35","modified_gmt":"2025-05-27T15:11:35","slug":"5ml-stool-sample-container-with-spoon","status":"publish","type":"product","link":"https:\/\/lexamedlab.com\/pt\/product\/5ml-stool-sample-container-with-spoon\/","title":{"rendered":"Recipiente para amostra de fezes de 5 ml com colher"},"content":{"rendered":"<table style=\"border-collapse: collapse; width: 65.4902%; height: 291px;\">\n<tbody>\n<tr style=\"height: 27px;\">\n<td style=\"width: 13.0105%; text-align: center; height: 27px;\"><span style=\"font-family: 'times new roman', times, serif; font-size: 14pt;\">N\u00famero do produto\u00a0<\/span><\/td>\n<td style=\"width: 8.00731%; text-align: center; height: 27px;\"><span style=\"font-family: 'times new roman', times, serif; font-size: 14pt;\">capacidade\u00a0<\/span><\/td>\n<td style=\"width: 9.09776%; text-align: center; height: 27px;\"><span style=\"font-family: 'times new roman', times, serif; font-size: 14pt;\">material\u00a0<\/span><\/td>\n<td style=\"width: 11.7518%; text-align: center; height: 27px;\"><span style=\"font-family: 'times new roman', times, serif; font-size: 14pt;\">dimens\u00e3o externa<\/span><\/td>\n<td style=\"width: 11.289%; text-align: center; height: 27px;\"><span style=\"font-family: 'times new roman', times, serif; font-size: 14pt;\">quantidade em sacos\u00a0<\/span><\/td>\n<td style=\"width: 12.3345%; text-align: center; height: 27px;\"><span style=\"font-family: 'times new roman', times, serif; font-size: 14pt;\">quantidade em caixas\u00a0<\/span><\/td>\n<\/tr>\n<tr style=\"height: 24px;\">\n<td style=\"width: 13.0105%; text-align: center; height: 24px;\"><span style=\"font-family: 'times new roman', times, serif; font-size: 14pt;\">KJ523<\/span><\/td>\n<td style=\"width: 8.00731%; text-align: center; height: 24px;\"><span style=\"font-family: 'times new roman', times, serif; font-size: 14pt;\">30ML<\/span><\/td>\n<td style=\"width: 9.09776%; text-align: center; height: 24px;\"><span style=\"font-family: 'times new roman', times, serif; font-size: 14pt;\">PS<\/span><\/td>\n<td style=\"width: 11.7518%; text-align: center; height: 24px;\"><span style=\"font-family: 'times new roman', times, serif; font-size: 14pt;\">\u00d830\u00d790 mm<\/span><\/td>\n<td style=\"width: 11.289%; text-align: center; height: 24px;\"><span style=\"font-family: 'times new roman', times, serif; font-size: 14pt;\">50<\/span><\/td>\n<td style=\"width: 12.3345%; text-align: center; height: 24px;\"><span style=\"font-family: 'times new roman', times, serif; font-size: 14pt;\">800<\/span><\/td>\n<\/tr>\n<tr style=\"height: 24px;\">\n<td style=\"width: 13.0105%; text-align: center; height: 24px;\"><\/td>\n<td style=\"width: 8.00731%; text-align: center; height: 24px;\"><span style=\"font-family: 'times new roman', times, serif; font-size: 14pt;\">30ML<\/span><\/td>\n<td style=\"width: 9.09776%; text-align: center; height: 24px;\"><span style=\"font-family: 'times new roman', times, serif; font-size: 14pt;\">PS<\/span><\/td>\n<td style=\"width: 11.7518%; text-align: center; height: 24px;\"><span style=\"font-family: 'times new roman', times, serif; font-size: 14pt;\">\u00d830\u00d790 mm<\/span><\/td>\n<td style=\"width: 11.289%; text-align: center; height: 24px;\"><span style=\"font-family: 'times new roman', times, serif; font-size: 14pt;\">50<\/span><\/td>\n<td style=\"width: 12.3345%; text-align: center; height: 24px;\"><span style=\"font-family: 'times new roman', times, serif; font-size: 14pt;\">800<\/span><\/td>\n<\/tr>\n<tr style=\"height: 27px;\">\n<td style=\"width: 13.0105%; text-align: center; height: 27px;\"><span style=\"font-family: 'times new roman', times, serif; font-size: 14pt;\">KJ523-1<\/span><\/td>\n<td style=\"width: 8.00731%; text-align: center; height: 27px;\"><span style=\"font-family: 'times new roman', times, serif; font-size: 14pt;\">5ML<\/span><\/td>\n<td style=\"width: 9.09776%; text-align: center; height: 27px;\"><span style=\"font-family: 'times new roman', times, serif; font-size: 14pt;\">PP<\/span><\/td>\n<td style=\"width: 11.7518%; text-align: center; height: 27px;\"><span style=\"font-family: 'times new roman', times, serif; font-size: 14pt;\">\u00d828\u00d763 mm<\/span><\/td>\n<td style=\"width: 11.289%; text-align: center; height: 27px;\"><span style=\"font-family: 'times new roman', times, serif; font-size: 14pt;\">250<\/span><\/td>\n<td style=\"width: 12.3345%; text-align: center; height: 27px;\"><span style=\"font-family: 'times new roman', times, serif; font-size: 14pt;\">2500<\/span><\/td>\n<\/tr>\n<tr style=\"height: 27px;\">\n<td style=\"width: 13.0105%; text-align: center; height: 27px;\"><span style=\"font-family: 'times new roman', times, serif; font-size: 14pt;\">KJ524-6<\/span><\/td>\n<td style=\"width: 8.00731%; text-align: center; height: 27px;\"><span style=\"font-family: 'times new roman', times, serif; font-size: 14pt;\">5ML<\/span><\/td>\n<td style=\"width: 9.09776%; text-align: center; height: 27px;\"><span style=\"font-family: 'times new roman', times, serif; font-size: 14pt;\">PP<\/span><\/td>\n<td style=\"width: 11.7518%; text-align: center; height: 27px;\"><span style=\"font-family: 'times new roman', times, serif; font-size: 14pt;\">\u00d816\u00d772mm<\/span><\/td>\n<td style=\"width: 11.289%; text-align: center; height: 27px;\"><span style=\"font-family: 'times new roman', times, serif; font-size: 14pt;\">250<\/span><\/td>\n<td style=\"width: 12.3345%; text-align: center; height: 27px;\"><span style=\"font-family: 'times new roman', times, serif; font-size: 14pt;\">2500<\/span><\/td>\n<\/tr>\n<tr style=\"height: 27px;\">\n<td style=\"width: 13.0105%; text-align: center; height: 27px;\"><span style=\"font-family: 'times new roman', times, serif; font-size: 14pt;\">KJ524-11<\/span><\/td>\n<td style=\"width: 8.00731%; text-align: center; height: 27px;\"><span style=\"font-family: 'times new roman', times, serif; font-size: 14pt;\">5ML<\/span><\/td>\n<td style=\"width: 9.09776%; text-align: center; height: 27px;\"><span style=\"font-family: 'times new roman', times, serif; font-size: 14pt;\">PP<\/span><\/td>\n<td style=\"width: 11.7518%; text-align: center; height: 27px;\"><span style=\"font-family: 'times new roman', times, serif; font-size: 14pt;\">\u00d813,5\u00d764mm<\/span><\/td>\n<td style=\"width: 11.289%; text-align: center; height: 27px;\"><span style=\"font-family: 'times new roman', times, serif; font-size: 14pt;\">300<\/span><\/td>\n<td style=\"width: 12.3345%; text-align: center; height: 27px;\"><span style=\"font-family: 'times new roman', times, serif; font-size: 14pt;\">3000<\/span><\/td>\n<\/tr>\n<tr style=\"height: 27px;\">\n<td style=\"width: 13.0105%; text-align: center; height: 27px;\"><span style=\"font-family: 'times new roman', times, serif; font-size: 14pt;\">KJ524-7<\/span><\/td>\n<td style=\"width: 8.00731%; text-align: center; height: 27px;\"><span style=\"font-family: 'times new roman', times, serif; font-size: 14pt;\">10ML<\/span><\/td>\n<td style=\"width: 9.09776%; text-align: center; height: 27px;\"><span style=\"font-family: 'times new roman', times, serif; font-size: 14pt;\">PS<\/span><\/td>\n<td style=\"width: 11.7518%; text-align: center; height: 27px;\"><span style=\"font-family: 'times new roman', times, serif; font-size: 14pt;\">\u00d832\u00d775 mm<\/span><\/td>\n<td style=\"width: 11.289%; text-align: center; height: 27px;\"><span style=\"font-family: 'times new roman', times, serif; font-size: 14pt;\">50<\/span><\/td>\n<td style=\"width: 12.3345%; text-align: center; height: 27px;\"><span style=\"font-family: 'times new roman', times, serif; font-size: 14pt;\">800<\/span><\/td>\n<\/tr>\n<tr style=\"height: 27px;\">\n<td style=\"width: 13.0105%; text-align: center; height: 27px;\"><span style=\"font-family: 'times new roman', times, serif; font-size: 14pt;\">KJ524-8<\/span><\/td>\n<td style=\"width: 8.00731%; text-align: center; height: 27px;\"><span style=\"font-family: 'times new roman', times, serif; font-size: 14pt;\">30ML<\/span><\/td>\n<td style=\"width: 9.09776%; text-align: center; height: 27px;\"><span style=\"font-family: 'times new roman', times, serif; font-size: 14pt;\">PP<\/span><\/td>\n<td style=\"width: 11.7518%; text-align: center; height: 27px;\"><span style=\"font-family: 'times new roman', times, serif; font-size: 14pt;\">\u00d832\u00d759 mm<\/span><\/td>\n<td style=\"width: 11.289%; text-align: center; height: 27px;\"><span style=\"font-family: 'times new roman', times, serif; font-size: 14pt;\">20<\/span><\/td>\n<td style=\"width: 12.3345%; text-align: center; height: 27px;\"><span style=\"font-family: 'times new roman', times, serif; font-size: 14pt;\">800<\/span><\/td>\n<\/tr>\n<tr style=\"height: 27px;\">\n<td style=\"width: 13.0105%; text-align: center; height: 27px;\"><span style=\"font-family: 'times new roman', times, serif; font-size: 14pt;\">KJ524-9<\/span><\/td>\n<td style=\"width: 8.00731%; text-align: center; height: 27px;\"><span style=\"font-family: 'times new roman', times, serif; font-size: 14pt;\">10ML<\/span><\/td>\n<td style=\"width: 9.09776%; text-align: center; height: 27px;\"><span style=\"font-family: 'times new roman', times, serif; font-size: 14pt;\">PS<\/span><\/td>\n<td style=\"width: 11.7518%; text-align: center; height: 27px;\"><span style=\"font-family: 'times new roman', times, serif; font-size: 14pt;\">\u00d832\u00d760mm<\/span><\/td>\n<td style=\"width: 11.289%; text-align: center; height: 27px;\"><span style=\"font-family: 'times new roman', times, serif; font-size: 14pt;\">50<\/span><\/td>\n<td style=\"width: 12.3345%; text-align: center; height: 27px;\"><span style=\"font-family: 'times new roman', times, serif; font-size: 14pt;\">800<\/span><\/td>\n<\/tr>\n<tr style=\"height: 27px;\">\n<td style=\"width: 13.0105%; text-align: center; height: 27px;\"><span style=\"font-family: 'times new roman', times, serif; font-size: 14pt;\">KJ524-10<\/span><\/td>\n<td style=\"width: 8.00731%; text-align: center; height: 27px;\"><span style=\"font-family: 'times new roman', times, serif; font-size: 14pt;\">30ML<\/span><\/td>\n<td style=\"width: 9.09776%; text-align: center; height: 27px;\"><span style=\"font-family: 'times new roman', times, serif; font-size: 14pt;\">PP<\/span><\/td>\n<td style=\"width: 11.7518%; text-align: center; height: 27px;\"><span style=\"font-family: 'times new roman', times, serif; font-size: 14pt;\">\u00d823\u00d781 mm<\/span><\/td>\n<td style=\"width: 11.289%; text-align: center; height: 27px;\"><span style=\"font-family: 'times new roman', times, serif; font-size: 14pt;\">20<\/span><\/td>\n<td style=\"width: 12.3345%; text-align: center; height: 27px;\"><span style=\"font-family: 'times new roman', times, serif; font-size: 14pt;\">800<\/span><\/td>\n<\/tr>\n<tr style=\"height: 27px;\">\n<td style=\"width: 13.0105%; text-align: center; height: 27px;\"><span style=\"font-family: 'times new roman', times, serif; font-size: 14pt;\">KJ743<\/span><\/td>\n<td style=\"width: 8.00731%; text-align: center; height: 27px;\"><span style=\"font-family: 'times new roman', times, serif; font-size: 14pt;\">10ML<\/span><\/td>\n<td style=\"width: 9.09776%; text-align: center; height: 27px;\"><span style=\"font-family: 'times new roman', times, serif; font-size: 14pt;\">PS<\/span><\/td>\n<td style=\"width: 11.7518%; text-align: center; height: 27px;\"><span style=\"font-family: 'times new roman', times, serif; font-size: 14pt;\">\u00d89\u00d775mm<\/span><\/td>\n<td style=\"width: 11.289%; text-align: center; height: 27px;\"><span style=\"font-family: 'times new roman', times, serif; font-size: 14pt;\">100<\/span><\/td>\n<td style=\"width: 12.3345%; text-align: center; height: 27px;\"><span style=\"font-family: 'times new roman', times, serif; font-size: 14pt;\">1000<\/span><\/td>\n<\/tr>\n<\/tbody>\n<\/table>\n<p><img fetchpriority=\"high\" decoding=\"async\" class=\"alignnone size-full wp-image-22658\" src=\"https:\/\/lexamedlab.com\/wp-content\/uploads\/2025\/05\/\u5fae\u4fe1\u56fe\u7247_20250526111041-2.png\" alt=\"\" width=\"609\" height=\"496\" \/><\/p>\n<p><img decoding=\"async\" class=\"alignnone size-full wp-image-22657\" src=\"https:\/\/lexamedlab.com\/wp-content\/uploads\/2025\/05\/QQ20250526-141312.png\" alt=\"\" width=\"528\" height=\"528\" \/><\/p>\n<p><img decoding=\"async\" class=\"alignnone size-full wp-image-22656\" src=\"https:\/\/lexamedlab.com\/wp-content\/uploads\/2025\/05\/66-1.png\" alt=\"\" width=\"609\" height=\"472\" \/><\/p>\n<p>&nbsp;<\/p>","protected":false},"excerpt":{"rendered":"<p>N\u00famero do produto capacidade material dimens\u00e3o externa quantidade em sacos quantidade em caixas KJ523 30ML PS \u00d830\u00d790mm 50 800 30ML PS<\/p>","protected":false},"featured_media":22656,"comment_status":"open","ping_status":"closed","template":"","meta":{"_acf_changed":false},"product_brand":[],"product_cat":[20],"product_tag":[],"class_list":{"0":"post-22655","1":"product","2":"type-product","3":"status-publish","4":"has-post-thumbnail","6":"product_cat-all","8":"first","9":"instock","10":"shipping-taxable","11":"product-type-simple"},"acf":[],"_links":{"self":[{"href":"https:\/\/lexamedlab.com\/pt\/wp-json\/wp\/v2\/product\/22655","targetHints":{"allow":["GET"]}}],"collection":[{"href":"https:\/\/lexamedlab.com\/pt\/wp-json\/wp\/v2\/product"}],"about":[{"href":"https:\/\/lexamedlab.com\/pt\/wp-json\/wp\/v2\/types\/product"}],"replies":[{"embeddable":true,"href":"https:\/\/lexamedlab.com\/pt\/wp-json\/wp\/v2\/comments?post=22655"}],"version-history":[{"count":2,"href":"https:\/\/lexamedlab.com\/pt\/wp-json\/wp\/v2\/product\/22655\/revisions"}],"predecessor-version":[{"id":22660,"href":"https:\/\/lexamedlab.com\/pt\/wp-json\/wp\/v2\/product\/22655\/revisions\/22660"}],"wp:featuredmedia":[{"embeddable":true,"href":"https:\/\/lexamedlab.com\/pt\/wp-json\/wp\/v2\/media\/22656"}],"wp:attachment":[{"href":"https:\/\/lexamedlab.com\/pt\/wp-json\/wp\/v2\/media?parent=22655"}],"wp:term":[{"taxonomy":"product_brand","embeddable":true,"href":"https:\/\/lexamedlab.com\/pt\/wp-json\/wp\/v2\/product_brand?post=22655"},{"taxonomy":"product_cat","embeddable":true,"href":"https:\/\/lexamedlab.com\/pt\/wp-json\/wp\/v2\/product_cat?post=22655"},{"taxonomy":"product_tag","embeddable":true,"href":"https:\/\/lexamedlab.com\/pt\/wp-json\/wp\/v2\/product_tag?post=22655"}],"curies":[{"name":"wp","href":"https:\/\/api.w.org\/{rel}","templated":true}]}}