{"id":22661,"date":"2025-05-26T07:37:59","date_gmt":"2025-05-26T07:37:59","guid":{"rendered":"https:\/\/lexamedlab.com\/?post_type=product&#038;p=22661"},"modified":"2025-05-27T15:18:05","modified_gmt":"2025-05-27T15:18:05","slug":"50ml-plastic-centrifuge-tube","status":"publish","type":"product","link":"https:\/\/lexamedlab.com\/pt\/product\/50ml-plastic-centrifuge-tube\/","title":{"rendered":"Tubo de centr\u00edfuga de pl\u00e1stico de 50 ml"},"content":{"rendered":"<div style=\"width: 956px;\" class=\"wp-video\"><!--[if lt IE 9]><script>document.createElement('video');<\/script><![endif]-->\n<video class=\"wp-video-shortcode\" id=\"video-22661-1\" width=\"956\" height=\"540\" preload=\"metadata\" controls=\"controls\"><source type=\"video\/mp4\" src=\"https:\/\/lexamedlab.com\/wp-content\/uploads\/2025\/05\/uzBHxE9NDS54w0IoXM2_227116251883_sd_hq.mp4?_=1\" \/><a href=\"https:\/\/lexamedlab.com\/wp-content\/uploads\/2025\/05\/uzBHxE9NDS54w0IoXM2_227116251883_sd_hq.mp4\">https:\/\/lexamedlab.com\/wp-content\/uploads\/2025\/05\/uzBHxE9NDS54w0IoXM2_227116251883_sd_hq.mp4<\/a><\/video><\/div>\n<p><span style=\"font-family: 'times new roman', times, serif; font-size: 14pt;\">\u2014 Feito de material PP transparente de alta qualidade, amplamente utilizado em biologia molecular, qu\u00edmica cl\u00ednica e pesquisa bioqu\u00edmica.<\/span><br \/>\n<span style=\"font-family: 'times new roman', times, serif; font-size: 14pt;\">\u2014 Gradua\u00e7\u00e3o branca ou preta transparente nos tubos, grande \u00e1rea de escrita branca para f\u00e1cil marca\u00e7\u00e3o.<\/span><br \/>\n<span style=\"font-family: 'times new roman', times, serif; font-size: 14pt;\">\u2014 F\u00e1cil opera\u00e7\u00e3o com uma m\u00e3o para abrir ou fechar a tampa.<\/span><br \/>\n<span style=\"font-family: 'times new roman', times, serif; font-size: 14pt;\">\u2014 RCF m\u00e1ximo a 12000\u00d7g.<\/span><br \/>\n<span style=\"font-family: 'times new roman', times, serif; font-size: 14pt;\">\u2014 Adaptado a uma ampla faixa de temperaturas de -80\u00b0C a 120\u00b0C.<\/span><br \/>\n<span style=\"font-family: 'times new roman', times, serif; font-size: 14pt;\">\u2014 Dispon\u00edvel em grandes quantidades ou em embalagens individuais.<\/span><br \/>\n<span style=\"font-family: 'times new roman', times, serif; font-size: 14pt;\">\u2014 Dispon\u00edvel est\u00e9ril por EO ou radia\u00e7\u00e3o gama.<\/span><\/p>\n<table style=\"border-collapse: collapse; width: 100%; height: 240px;\">\n<tbody>\n<tr style=\"height: 24px;\">\n<td style=\"width: 11.3992%; height: 24px; text-align: center;\"><span style=\"font-size: 14pt; font-family: 'times new roman', times, serif;\">N\u00famero do produto\u00a0<\/span><\/td>\n<td style=\"width: 11.8482%; height: 24px; text-align: center;\"><span style=\"font-size: 14pt; font-family: 'times new roman', times, serif;\">material\u00a0<\/span><\/td>\n<td style=\"width: 12.5538%; height: 24px; text-align: center;\"><span style=\"font-size: 14pt; font-family: 'times new roman', times, serif;\">dimens\u00e3o\u00a0<\/span><\/td>\n<td style=\"width: 12.0407%; height: 24px; text-align: center;\"><span style=\"font-size: 14pt; font-family: 'times new roman', times, serif;\">capacidade\u00a0<\/span><\/td>\n<td style=\"width: 12.2973%; height: 24px; text-align: center;\"><span style=\"font-size: 14pt; font-family: 'times new roman', times, serif;\">quantidade em sacos\u00a0<\/span><\/td>\n<td style=\"width: 12.8745%; height: 24px; text-align: center;\"><span style=\"font-size: 14pt; font-family: 'times new roman', times, serif;\">quantidade na caixa\u00a0<\/span><\/td>\n<td style=\"width: 26.9862%; height: 24px; text-align: center;\"><span style=\"font-size: 14pt; font-family: 'times new roman', times, serif;\">PS\u00a0<\/span><\/td>\n<\/tr>\n<tr style=\"height: 24px;\">\n<td style=\"width: 11.3992%; height: 48px; text-align: center;\" rowspan=\"2\"><span style=\"font-size: 14pt; font-family: 'times new roman', times, serif;\">KJ323<\/span><\/td>\n<td style=\"width: 11.8482%; height: 48px; text-align: center;\" rowspan=\"2\"><span style=\"font-size: 14pt; font-family: 'times new roman', times, serif;\">PP<\/span><\/td>\n<td style=\"width: 12.5538%; height: 48px; text-align: center;\" rowspan=\"2\"><span style=\"font-size: 14pt; font-family: 'times new roman', times, serif;\">102 mm<\/span><\/td>\n<td style=\"width: 12.0407%; height: 48px; text-align: center;\" rowspan=\"2\"><span style=\"font-size: 14pt; font-family: 'times new roman', times, serif;\">10ml<\/span><\/td>\n<td style=\"width: 12.2973%; height: 24px; text-align: center;\"><span style=\"font-size: 14pt; font-family: 'times new roman', times, serif;\">1<\/span><\/td>\n<td style=\"width: 12.8745%; height: 24px; text-align: center;\"><span style=\"font-size: 14pt; font-family: 'times new roman', times, serif;\">1500<\/span><\/td>\n<td style=\"width: 26.9862%; height: 24px; text-align: center;\"><span style=\"font-size: 14pt; font-family: 'times new roman', times, serif;\">embalagem individual, est\u00e9ril ou n\u00e3o est\u00e9ril\u00a0<\/span><\/td>\n<\/tr>\n<tr style=\"height: 24px;\">\n<td style=\"width: 12.2973%; height: 24px; text-align: center;\"><span style=\"font-size: 14pt; font-family: 'times new roman', times, serif;\">100<\/span><\/td>\n<td style=\"width: 12.8745%; height: 24px; text-align: center;\"><span style=\"font-size: 14pt; font-family: 'times new roman', times, serif;\">2000<\/span><\/td>\n<td style=\"width: 26.9862%; height: 24px; text-align: center;\"><span style=\"font-size: 14pt; font-family: 'times new roman', times, serif;\">embalagem m\u00faltipla, est\u00e9ril ou n\u00e3o est\u00e9ril\u00a0<\/span><\/td>\n<\/tr>\n<tr style=\"height: 24px;\">\n<td style=\"width: 11.3992%; height: 48px; text-align: center;\" rowspan=\"2\"><span style=\"font-size: 14pt; font-family: 'times new roman', times, serif;\">KJ324<\/span><\/td>\n<td style=\"width: 11.8482%; height: 72px; text-align: center;\" rowspan=\"3\"><span style=\"font-size: 14pt; font-family: 'times new roman', times, serif;\">PP<\/span><\/td>\n<td style=\"width: 12.5538%; height: 72px; text-align: center;\" rowspan=\"3\"><span style=\"font-size: 14pt; font-family: 'times new roman', times, serif;\">121 mm<\/span><\/td>\n<td style=\"width: 12.0407%; height: 72px; text-align: center;\" rowspan=\"3\"><span style=\"font-size: 14pt; font-family: 'times new roman', times, serif;\">15ml<\/span><\/td>\n<td style=\"width: 12.2973%; height: 24px; text-align: center;\"><span style=\"font-size: 14pt; font-family: 'times new roman', times, serif;\">1<\/span><\/td>\n<td style=\"width: 12.8745%; height: 24px; text-align: center;\"><span style=\"font-size: 14pt; font-family: 'times new roman', times, serif;\">1200<\/span><\/td>\n<td style=\"width: 26.9862%; height: 24px; text-align: center;\"><span style=\"font-size: 14pt; font-family: 'times new roman', times, serif;\">embalagem individual, est\u00e9ril ou n\u00e3o est\u00e9ril\u00a0<\/span><\/td>\n<\/tr>\n<tr style=\"height: 24px;\">\n<td style=\"width: 12.2973%; height: 24px; text-align: center;\"><span style=\"font-size: 14pt; font-family: 'times new roman', times, serif;\">100<\/span><\/td>\n<td style=\"width: 12.8745%; height: 24px; text-align: center;\"><span style=\"font-size: 14pt; font-family: 'times new roman', times, serif;\">1800<\/span><\/td>\n<td style=\"width: 26.9862%; height: 24px; text-align: center;\"><span style=\"font-size: 14pt; font-family: 'times new roman', times, serif;\">embalagem m\u00faltipla, est\u00e9ril ou n\u00e3o est\u00e9ril\u00a0<\/span><\/td>\n<\/tr>\n<tr style=\"height: 24px;\">\n<td style=\"width: 11.3992%; height: 24px; text-align: center;\"><span style=\"font-size: 14pt; font-family: 'times new roman', times, serif;\">KJ326-2<\/span><\/td>\n<td style=\"width: 12.2973%; height: 24px; text-align: center;\"><span style=\"font-size: 14pt; font-family: 'times new roman', times, serif;\">50<\/span><\/td>\n<td style=\"width: 12.8745%; height: 24px; text-align: center;\"><span style=\"font-size: 14pt; font-family: 'times new roman', times, serif;\">500<\/span><\/td>\n<td style=\"width: 26.9862%; height: 24px; text-align: center;\"><span style=\"font-size: 14pt; font-family: 'times new roman', times, serif;\">50 unidades\/palete, est\u00e9ril ou n\u00e3o est\u00e9ril\u00a0<\/span><\/td>\n<\/tr>\n<tr style=\"height: 24px;\">\n<td style=\"width: 11.3992%; height: 24px; text-align: center;\" rowspan=\"2\"><span style=\"font-size: 14pt; font-family: 'times new roman', times, serif;\">KJ325<\/span><\/td>\n<td style=\"width: 11.8482%; height: 24px; text-align: center;\" rowspan=\"2\"><span style=\"font-size: 14pt; font-family: 'times new roman', times, serif;\">PP<\/span><\/td>\n<td style=\"width: 12.5538%; height: 24px; text-align: center;\" rowspan=\"2\"><span style=\"font-size: 14pt; font-family: 'times new roman', times, serif;\">118 mm<\/span><\/td>\n<td style=\"width: 12.0407%; height: 24px; text-align: center;\" rowspan=\"2\"><span style=\"font-size: 14pt; font-family: 'times new roman', times, serif;\">50ml<\/span><\/td>\n<td style=\"width: 12.2973%; height: 24px; text-align: center;\"><span style=\"font-size: 14pt; font-family: 'times new roman', times, serif;\">1<\/span><\/td>\n<td style=\"width: 12.8745%; height: 24px; text-align: center;\"><span style=\"font-size: 14pt; font-family: 'times new roman', times, serif;\">500<\/span><\/td>\n<td style=\"width: 26.9862%; height: 24px; text-align: center;\"><span style=\"font-size: 14pt; font-family: 'times new roman', times, serif;\">embalagem individual, est\u00e9ril ou n\u00e3o est\u00e9ril\u00a0<\/span><\/td>\n<\/tr>\n<tr style=\"height: 24px;\">\n<td style=\"width: 12.2973%; height: 24px; text-align: center;\"><span style=\"font-size: 14pt; font-family: 'times new roman', times, serif;\">50<\/span><\/td>\n<td style=\"width: 12.8745%; height: 24px; text-align: center;\"><span style=\"font-size: 14pt; font-family: 'times new roman', times, serif;\">500<\/span><\/td>\n<td style=\"width: 26.9862%; height: 24px; text-align: center;\"><span style=\"font-size: 14pt; font-family: 'times new roman', times, serif;\">embalagem m\u00faltipla, est\u00e9ril ou n\u00e3o est\u00e9ril\u00a0<\/span><\/td>\n<\/tr>\n<tr style=\"height: 24px;\">\n<td style=\"width: 11.3992%; height: 24px; text-align: center;\" rowspan=\"2\"><span style=\"font-size: 14pt; font-family: 'times new roman', times, serif;\">KJ326<\/span><\/td>\n<td style=\"width: 11.8482%; height: 24px; text-align: center;\" rowspan=\"3\"><span style=\"font-size: 14pt; font-family: 'times new roman', times, serif;\">PP<\/span><\/td>\n<td style=\"width: 12.5538%; height: 24px; text-align: center;\" rowspan=\"3\"><span style=\"font-size: 14pt; font-family: 'times new roman', times, serif;\">118 mm<\/span><\/td>\n<td style=\"width: 12.0407%; height: 24px; text-align: center;\" rowspan=\"3\"><span style=\"font-size: 14pt; font-family: 'times new roman', times, serif;\">50ml<\/span><\/td>\n<td style=\"width: 12.2973%; height: 24px; text-align: center;\"><span style=\"font-size: 14pt; font-family: 'times new roman', times, serif;\">1<\/span><\/td>\n<td style=\"width: 12.8745%; height: 24px; text-align: center;\"><span style=\"font-size: 14pt; font-family: 'times new roman', times, serif;\">500<\/span><\/td>\n<td style=\"width: 26.9862%; height: 24px; text-align: center;\"><span style=\"font-size: 14pt; font-family: 'times new roman', times, serif;\">embalagem individual, est\u00e9ril ou n\u00e3o est\u00e9ril\u00a0<\/span><\/td>\n<\/tr>\n<tr style=\"height: 24px;\">\n<td style=\"width: 12.2973%; height: 24px; text-align: center;\"><span style=\"font-size: 14pt; font-family: 'times new roman', times, serif;\">50<\/span><\/td>\n<td style=\"width: 12.8745%; height: 24px; text-align: center;\"><span style=\"font-size: 14pt; font-family: 'times new roman', times, serif;\">500<\/span><\/td>\n<td style=\"width: 26.9862%; height: 24px; text-align: center;\"><span style=\"font-size: 14pt; font-family: 'times new roman', times, serif;\">embalagem m\u00faltipla, est\u00e9ril ou n\u00e3o est\u00e9ril\u00a0<\/span><\/td>\n<\/tr>\n<tr>\n<td style=\"width: 11.3992%; text-align: center;\"><span style=\"font-size: 14pt; font-family: 'times new roman', times, serif;\">KJ326-3<\/span><\/td>\n<td style=\"width: 12.2973%; text-align: center;\"><span style=\"font-size: 14pt; font-family: 'times new roman', times, serif;\">25<\/span><\/td>\n<td style=\"width: 12.8745%; text-align: center;\"><span style=\"font-size: 14pt; font-family: 'times new roman', times, serif;\">500<\/span><\/td>\n<td style=\"width: 26.9862%; text-align: center;\"><span style=\"font-size: 14pt; font-family: 'times new roman', times, serif;\">25 unidades\/palete, est\u00e9ril ou n\u00e3o est\u00e9ril<\/span><\/td>\n<\/tr>\n<\/tbody>\n<\/table>","protected":false},"excerpt":{"rendered":"<p>\u2014 Feito de material PP transparente de alta qualidade, amplamente utilizado em biologia molecular, qu\u00edmica cl\u00ednica, pesquisa bioqu\u00edmica. \u2014 Branco transparente ou<\/p>","protected":false},"featured_media":22662,"comment_status":"open","ping_status":"closed","template":"","meta":{"_acf_changed":false},"product_brand":[],"product_cat":[73,20],"product_tag":[],"class_list":{"0":"post-22661","1":"product","2":"type-product","3":"status-publish","4":"has-post-thumbnail","6":"product_cat-centrifuge-tubes","7":"product_cat-all","9":"first","10":"instock","11":"shipping-taxable","12":"product-type-simple"},"acf":[],"_links":{"self":[{"href":"https:\/\/lexamedlab.com\/pt\/wp-json\/wp\/v2\/product\/22661","targetHints":{"allow":["GET"]}}],"collection":[{"href":"https:\/\/lexamedlab.com\/pt\/wp-json\/wp\/v2\/product"}],"about":[{"href":"https:\/\/lexamedlab.com\/pt\/wp-json\/wp\/v2\/types\/product"}],"replies":[{"embeddable":true,"href":"https:\/\/lexamedlab.com\/pt\/wp-json\/wp\/v2\/comments?post=22661"}],"version-history":[{"count":2,"href":"https:\/\/lexamedlab.com\/pt\/wp-json\/wp\/v2\/product\/22661\/revisions"}],"predecessor-version":[{"id":22745,"href":"https:\/\/lexamedlab.com\/pt\/wp-json\/wp\/v2\/product\/22661\/revisions\/22745"}],"wp:featuredmedia":[{"embeddable":true,"href":"https:\/\/lexamedlab.com\/pt\/wp-json\/wp\/v2\/media\/22662"}],"wp:attachment":[{"href":"https:\/\/lexamedlab.com\/pt\/wp-json\/wp\/v2\/media?parent=22661"}],"wp:term":[{"taxonomy":"product_brand","embeddable":true,"href":"https:\/\/lexamedlab.com\/pt\/wp-json\/wp\/v2\/product_brand?post=22661"},{"taxonomy":"product_cat","embeddable":true,"href":"https:\/\/lexamedlab.com\/pt\/wp-json\/wp\/v2\/product_cat?post=22661"},{"taxonomy":"product_tag","embeddable":true,"href":"https:\/\/lexamedlab.com\/pt\/wp-json\/wp\/v2\/product_tag?post=22661"}],"curies":[{"name":"wp","href":"https:\/\/api.w.org\/{rel}","templated":true}]}}