{"id":22667,"date":"2025-05-26T10:32:53","date_gmt":"2025-05-26T10:32:53","guid":{"rendered":"https:\/\/lexamedlab.com\/?post_type=product&#038;p=22667"},"modified":"2025-05-27T15:14:57","modified_gmt":"2025-05-27T15:14:57","slug":"0-2ml-0-5ml-1-5ml-2ml-conical-micro-centrifuge-tube","status":"publish","type":"product","link":"https:\/\/lexamedlab.com\/pt\/product\/0-2ml-0-5ml-1-5ml-2ml-conical-micro-centrifuge-tube\/","title":{"rendered":"Tubo c\u00f4nico para microcentr\u00edfuga de 0,2 ml, 0,5 ml, 1,5 ml e 2 ml"},"content":{"rendered":"<div style=\"width: 956px;\" class=\"wp-video\"><!--[if lt IE 9]><script>document.createElement('video');<\/script><![endif]-->\n<video class=\"wp-video-shortcode\" id=\"video-22667-1\" width=\"956\" height=\"540\" preload=\"metadata\" controls=\"controls\"><source type=\"video\/mp4\" src=\"https:\/\/lexamedlab.com\/wp-content\/uploads\/2025\/05\/j4k25XwtlNtk694ckjm_227036182597_sd_hq.mp4?_=1\" \/><a href=\"https:\/\/lexamedlab.com\/wp-content\/uploads\/2025\/05\/j4k25XwtlNtk694ckjm_227036182597_sd_hq.mp4\">https:\/\/lexamedlab.com\/wp-content\/uploads\/2025\/05\/j4k25XwtlNtk694ckjm_227036182597_sd_hq.mp4<\/a><\/video><\/div>\n<p><span style=\"font-family: 'times new roman', times, serif; font-size: 14pt;\" data-spm-anchor-id=\"a2700.details-description.0.i0.2e79ABokABokf3\">\u2014 Feito de material PP de alta transpar\u00eancia, adaptado para microcentr\u00edfuga, amplamente utilizado em biologia molecular, qu\u00edmica cl\u00ednica e pesquisa bioqu\u00edmica.<\/span><br \/>\n<span style=\"font-family: 'times new roman', times, serif; font-size: 14pt;\">\u2014 Dispon\u00edvel em v\u00e1rios volumes: 0,2 ml, 0,5 ml, 1,5 ml, 2 ml, 5 ml, etc.<\/span><br \/>\n<span style=\"font-family: 'times new roman', times, serif; font-size: 14pt;\">\u2014 Resist\u00eancia \u00e0 corros\u00e3o qu\u00edmica e a baixas temperaturas.<\/span><br \/>\n<span style=\"font-family: 'times new roman', times, serif; font-size: 14pt;\">\u2014 Nenhum reagente de libera\u00e7\u00e3o, plastificante ou fungistato adicionado durante a produ\u00e7\u00e3o, livre de metais pesados.<\/span><br \/>\n<span style=\"font-family: 'times new roman', times, serif; font-size: 14pt;\">\u2014 Est\u00e1vel em altas velocidades de centrifuga\u00e7\u00e3o, at\u00e9 15.000 rpm. Garante a seguran\u00e7a da equipe e do meio ambiente durante o teste de amostras t\u00f3xicas.<\/span><br \/>\n<span style=\"font-family: 'times new roman', times, serif; font-size: 14pt;\">\u2014 Adaptado a uma ampla faixa de temperatura de -80 a 121, sem distor\u00e7\u00e3o.<\/span><br \/>\n<span style=\"font-family: 'times new roman', times, serif; font-size: 14pt;\">\u2014 Gradua\u00e7\u00e3o clara na parede para facilitar a observa\u00e7\u00e3o.<\/span><br \/>\n<span style=\"font-family: 'times new roman', times, serif; font-size: 14pt;\">\u2014 \u00c1rea fosca na tampa e no tubo para marca\u00e7\u00e3o e identifica\u00e7\u00e3o convenientes.<\/span><br \/>\n<span style=\"font-family: 'times new roman', times, serif; font-size: 14pt;\">\u2014 Dispon\u00edvel est\u00e9ril por EO ou radia\u00e7\u00e3o gama.<\/span><\/p>\n<table style=\"border-collapse: collapse; width: 100%; height: 216px;\">\n<tbody>\n<tr style=\"height: 27px;\">\n<td style=\"width: 20%; text-align: center; height: 27px;\"><span style=\"font-size: 14pt; font-family: 'times new roman', times, serif;\">n\u00famero do produto\u00a0<\/span><\/td>\n<td style=\"width: 20%; text-align: center; height: 27px;\"><span style=\"font-size: 14pt; font-family: 'times new roman', times, serif;\">material\u00a0<\/span><\/td>\n<td style=\"width: 20%; text-align: center; height: 27px;\"><span style=\"font-size: 14pt; font-family: 'times new roman', times, serif;\">capacidade\u00a0<\/span><\/td>\n<td style=\"width: 20%; text-align: center; height: 27px;\"><span style=\"font-size: 14pt; font-family: 'times new roman', times, serif;\">quantidade na sacola\u00a0<\/span><\/td>\n<td style=\"width: 20%; text-align: center; height: 27px;\"><span style=\"font-size: 14pt; font-family: 'times new roman', times, serif;\">quantidade na caixa\u00a0<\/span><\/td>\n<\/tr>\n<tr style=\"height: 27px;\">\n<td style=\"width: 20%; text-align: center; height: 27px;\"><span style=\"font-size: 14pt; font-family: 'times new roman', times, serif;\">KJ301<\/span><\/td>\n<td style=\"width: 20%; text-align: center; height: 27px;\"><span style=\"font-size: 14pt; font-family: 'times new roman', times, serif;\">PP<\/span><\/td>\n<td style=\"width: 20%; text-align: center; height: 27px;\"><span style=\"font-size: 14pt; font-family: 'times new roman', times, serif;\">0,2ml<\/span><\/td>\n<td style=\"width: 20%; text-align: center; height: 27px;\"><span style=\"font-size: 14pt; font-family: 'times new roman', times, serif;\">1000<\/span><\/td>\n<td style=\"width: 20%; text-align: center; height: 27px;\"><span style=\"font-size: 14pt; font-family: 'times new roman', times, serif;\">50000<\/span><\/td>\n<\/tr>\n<tr style=\"height: 27px;\">\n<td style=\"width: 20%; text-align: center; height: 27px;\"><span style=\"font-size: 14pt; font-family: 'times new roman', times, serif;\">KJ305<\/span><\/td>\n<td style=\"width: 20%; text-align: center; height: 27px;\"><span style=\"font-size: 14pt; font-family: 'times new roman', times, serif;\">PP<\/span><\/td>\n<td style=\"width: 20%; text-align: center; height: 27px;\"><span style=\"font-size: 14pt; font-family: 'times new roman', times, serif;\">0,5ml<\/span><\/td>\n<td style=\"width: 20%; text-align: center; height: 27px;\"><span style=\"font-size: 14pt; font-family: 'times new roman', times, serif;\">500<\/span><\/td>\n<td style=\"width: 20%; text-align: center; height: 27px;\"><span style=\"font-size: 14pt; font-family: 'times new roman', times, serif;\">20000<\/span><\/td>\n<\/tr>\n<tr style=\"height: 27px;\">\n<td style=\"width: 20%; text-align: center; height: 27px;\"><span style=\"font-size: 14pt; font-family: 'times new roman', times, serif;\">KJ307-1<\/span><\/td>\n<td style=\"width: 20%; text-align: center; height: 27px;\"><span style=\"font-size: 14pt; font-family: 'times new roman', times, serif;\">PP<\/span><\/td>\n<td style=\"width: 20%; text-align: center; height: 27px;\"><span style=\"font-size: 14pt; font-family: 'times new roman', times, serif;\">0,5ml<\/span><\/td>\n<td style=\"width: 20%; text-align: center; height: 27px;\"><span style=\"font-size: 14pt; font-family: 'times new roman', times, serif;\">1000<\/span><\/td>\n<td style=\"width: 20%; text-align: center; height: 27px;\"><span style=\"font-size: 14pt; font-family: 'times new roman', times, serif;\">20000<\/span><\/td>\n<\/tr>\n<tr style=\"height: 27px;\">\n<td style=\"width: 20%; text-align: center; height: 27px;\"><span style=\"font-size: 14pt; font-family: 'times new roman', times, serif;\">KJ306<\/span><\/td>\n<td style=\"width: 20%; text-align: center; height: 27px;\"><span style=\"font-size: 14pt; font-family: 'times new roman', times, serif;\">PP<\/span><\/td>\n<td style=\"width: 20%; text-align: center; height: 27px;\"><span style=\"font-size: 14pt; font-family: 'times new roman', times, serif;\">1,5ml<\/span><\/td>\n<td style=\"width: 20%; text-align: center; height: 27px;\"><span style=\"font-size: 14pt; font-family: 'times new roman', times, serif;\">500<\/span><\/td>\n<td style=\"width: 20%; text-align: center; height: 27px;\"><span style=\"font-size: 14pt; font-family: 'times new roman', times, serif;\">10000<\/span><\/td>\n<\/tr>\n<tr style=\"height: 27px;\">\n<td style=\"width: 20%; text-align: center; height: 27px;\"><span style=\"font-size: 14pt; font-family: 'times new roman', times, serif;\">KJ307-2<\/span><\/td>\n<td style=\"width: 20%; text-align: center; height: 27px;\"><span style=\"font-size: 14pt; font-family: 'times new roman', times, serif;\">PP<\/span><\/td>\n<td style=\"width: 20%; text-align: center; height: 27px;\"><span style=\"font-size: 14pt; font-family: 'times new roman', times, serif;\">1,5ml<\/span><\/td>\n<td style=\"width: 20%; text-align: center; height: 27px;\"><span style=\"font-size: 14pt; font-family: 'times new roman', times, serif;\">500<\/span><\/td>\n<td style=\"width: 20%; text-align: center; height: 27px;\"><span style=\"font-size: 14pt; font-family: 'times new roman', times, serif;\">10000<\/span><\/td>\n<\/tr>\n<tr style=\"height: 27px;\">\n<td style=\"width: 20%; text-align: center; height: 27px;\"><span style=\"font-size: 14pt; font-family: 'times new roman', times, serif;\">KJ327<\/span><\/td>\n<td style=\"width: 20%; text-align: center; height: 27px;\"><span style=\"font-size: 14pt; font-family: 'times new roman', times, serif;\">PP<\/span><\/td>\n<td style=\"width: 20%; text-align: center; height: 27px;\"><span style=\"font-size: 14pt; font-family: 'times new roman', times, serif;\">1,5ml<\/span><\/td>\n<td style=\"width: 20%; text-align: center; height: 27px;\"><span style=\"font-size: 14pt; font-family: 'times new roman', times, serif;\">500<\/span><\/td>\n<td style=\"width: 20%; text-align: center; height: 27px;\"><span style=\"font-size: 14pt; font-family: 'times new roman', times, serif;\">10000<\/span><\/td>\n<\/tr>\n<tr style=\"height: 27px;\">\n<td style=\"width: 20%; text-align: center; height: 27px;\"><span style=\"font-size: 14pt; font-family: 'times new roman', times, serif;\">KJ307<\/span><\/td>\n<td style=\"width: 20%; text-align: center; height: 27px;\"><span style=\"font-size: 14pt; font-family: 'times new roman', times, serif;\">PP<\/span><\/td>\n<td style=\"width: 20%; text-align: center; height: 27px;\"><span style=\"font-size: 14pt; font-family: 'times new roman', times, serif;\">2ml<\/span><\/td>\n<td style=\"width: 20%; text-align: center; height: 27px;\"><span style=\"font-size: 14pt; font-family: 'times new roman', times, serif;\">500<\/span><\/td>\n<td style=\"width: 20%; text-align: center; height: 27px;\"><span style=\"font-size: 14pt; font-family: 'times new roman', times, serif;\">\u00a09000<\/span><\/td>\n<\/tr>\n<\/tbody>\n<\/table>","protected":false},"excerpt":{"rendered":"<p>\u2014 Feito de material PP de alta transpar\u00eancia, adaptado para microcentr\u00edfuga, amplamente utilizado em biologia molecular, qu\u00edmica cl\u00ednica e bioqu\u00edmica<\/p>","protected":false},"featured_media":22668,"comment_status":"open","ping_status":"closed","template":"","meta":{"_acf_changed":false},"product_brand":[],"product_cat":[73,20],"product_tag":[],"class_list":{"0":"post-22667","1":"product","2":"type-product","3":"status-publish","4":"has-post-thumbnail","6":"product_cat-centrifuge-tubes","7":"product_cat-all","9":"first","10":"instock","11":"shipping-taxable","12":"product-type-simple"},"acf":[],"_links":{"self":[{"href":"https:\/\/lexamedlab.com\/pt\/wp-json\/wp\/v2\/product\/22667","targetHints":{"allow":["GET"]}}],"collection":[{"href":"https:\/\/lexamedlab.com\/pt\/wp-json\/wp\/v2\/product"}],"about":[{"href":"https:\/\/lexamedlab.com\/pt\/wp-json\/wp\/v2\/types\/product"}],"replies":[{"embeddable":true,"href":"https:\/\/lexamedlab.com\/pt\/wp-json\/wp\/v2\/comments?post=22667"}],"version-history":[{"count":3,"href":"https:\/\/lexamedlab.com\/pt\/wp-json\/wp\/v2\/product\/22667\/revisions"}],"predecessor-version":[{"id":22739,"href":"https:\/\/lexamedlab.com\/pt\/wp-json\/wp\/v2\/product\/22667\/revisions\/22739"}],"wp:featuredmedia":[{"embeddable":true,"href":"https:\/\/lexamedlab.com\/pt\/wp-json\/wp\/v2\/media\/22668"}],"wp:attachment":[{"href":"https:\/\/lexamedlab.com\/pt\/wp-json\/wp\/v2\/media?parent=22667"}],"wp:term":[{"taxonomy":"product_brand","embeddable":true,"href":"https:\/\/lexamedlab.com\/pt\/wp-json\/wp\/v2\/product_brand?post=22667"},{"taxonomy":"product_cat","embeddable":true,"href":"https:\/\/lexamedlab.com\/pt\/wp-json\/wp\/v2\/product_cat?post=22667"},{"taxonomy":"product_tag","embeddable":true,"href":"https:\/\/lexamedlab.com\/pt\/wp-json\/wp\/v2\/product_tag?post=22667"}],"curies":[{"name":"wp","href":"https:\/\/api.w.org\/{rel}","templated":true}]}}