{"id":21820,"date":"2025-05-16T14:33:46","date_gmt":"2025-05-16T14:33:46","guid":{"rendered":"https:\/\/lexamedlab.com\/?post_type=product&#038;p=21820"},"modified":"2025-05-29T06:55:38","modified_gmt":"2025-05-29T06:55:38","slug":"benchtop-low-speed-centrifuge-machine-td-600","status":"publish","type":"product","link":"https:\/\/lexamedlab.com\/tr\/product\/benchtop-low-speed-centrifuge-machine-td-600\/","title":{"rendered":"Tezgah \u00fcst\u00fc d\u00fc\u015f\u00fck h\u0131zl\u0131 santrif\u00fcj makinesi TD-600"},"content":{"rendered":"<div style=\"width: 1280px;\" class=\"wp-video\"><!--[if lt IE 9]><script>document.createElement('video');<\/script><![endif]-->\n<video class=\"wp-video-shortcode\" id=\"video-21820-1\" width=\"1280\" height=\"720\" preload=\"metadata\" controls=\"controls\"><source type=\"video\/mp4\" src=\"https:\/\/lexamedlab.com\/wp-content\/uploads\/2021\/08\/td-500-low-speed-centrifuge-1-1.mp4?_=1\" \/><a href=\"https:\/\/lexamedlab.com\/wp-content\/uploads\/2021\/08\/td-500-low-speed-centrifuge-1-1.mp4\">https:\/\/lexamedlab.com\/wp-content\/uploads\/2021\/08\/td-500-low-speed-centrifuge-1-1.mp4<\/a><\/video><\/div>\n<p><strong><span style=\"font-size: 18pt; font-family: 'times new roman', times, serif;\">&gt;&gt;\u00d6zellikler<\/span><\/strong><\/p>\n<table style=\"width: 100.729%; border-collapse: collapse; background-color: #35a1cc;\">\n<tbody>\n<tr>\n<td style=\"width: 49.8778%;\">\n<div><strong><span style=\"color: #ffffff; font-size: 18pt; font-family: 'times new roman', times, serif;\">Kullan\u0131c\u0131 dostu fonksiyon\u00a0<\/span><\/strong><\/div>\n<div><span style=\"color: #ffffff; font-size: 14pt; font-family: 'times new roman', times, serif;\">&gt;1000&#039;e kadar kullan\u0131c\u0131 tan\u0131ml\u0131 program<\/span><\/div>\n<div><span style=\"color: #ffffff; font-size: 14pt; font-family: 'times new roman', times, serif;\">&gt; 1000&#039;e kadar \u00e7al\u0131\u015ft\u0131rma ge\u00e7mi\u015fi, USB arac\u0131l\u0131\u011f\u0131yla d\u0131\u015fa aktar\u0131labilir<\/span><\/div>\n<div><span style=\"color: #ffffff; font-size: 14pt; font-family: 'times new roman', times, serif;\">&gt;40&#039;a kadar h\u0131zlanma ve yava\u015flama oran\u0131<\/span><\/div>\n<div><span style=\"color: #ffffff; font-size: 14pt; font-family: 'times new roman', times, serif;\">&gt;5 a\u015famaya kadar \u00e7ok a\u015famal\u0131 santrif\u00fcjleme modu mevcuttur<\/span><\/div>\n<div><span style=\"color: #ffffff; font-size: 14pt; font-family: 'times new roman', times, serif;\">&gt;99s59d59s&#039;ye kadar zamanlay\u0131c\u0131 aral\u0131\u011f\u0131, 1s art\u0131\u015f<\/span><\/div>\n<\/td>\n<td style=\"width: 53.1092%;\">\n<div><strong><span style=\"color: #ffffff; font-size: 18pt; font-family: 'times new roman', times, serif;\">LCD dokunmatik ekran\u00a0<\/span><\/strong><\/div>\n<div><span style=\"color: #ffffff; font-size: 14pt; font-family: 'times new roman', times, serif;\">&gt;T\u00fcm parametreleri g\u00f6stermek basit ve anla\u015f\u0131l\u0131r<\/span><\/div>\n<div><span style=\"color: #ffffff; font-size: 14pt; font-family: 'times new roman', times, serif;\">&gt;Dokunmatik ekran, parametreleri ayarlamak kolay<\/span><\/div>\n<div><span style=\"color: #ffffff; font-size: 14pt; font-family: 'times new roman', times, serif;\">&gt;RCF do\u011frudan ayarlanabilir<\/span><\/div>\n<div><span style=\"color: #ffffff; font-size: 14pt; font-family: 'times new roman', times, serif;\">&gt;RPM ve RCF otomatik olarak d\u00f6n\u00fc\u015ft\u00fcr\u00fcl\u00fcr<\/span><\/div>\n<div>\n<p><span style=\"color: #ffffff; font-size: 14pt; font-family: 'times new roman', times, serif;\">&gt;Kullan\u0131c\u0131 eldivenle bile parametreleri ayarlayabilir<\/span><\/p>\n<div><span style=\"color: #ffffff; font-size: 14pt; font-family: 'times new roman', times, serif;\">&gt;Kullan\u0131c\u0131, rotor d\u00f6nerken parametreleri s\u0131f\u0131rlayabilir<\/span><\/div>\n<\/div>\n<\/td>\n<\/tr>\n<tr>\n<td style=\"width: 49.8778%;\">\n<div><span style=\"font-size: 18pt;\"><strong><span style=\"color: #ffffff; font-family: 'times new roman', times, serif;\">G\u00fcvenli\u011fi sa\u011flay\u0131n<\/span><\/strong><\/span><\/div>\n<div><span style=\"color: #ffffff; font-size: 14pt; font-family: 'times new roman', times, serif;\">&gt;Mikroi\u015flemci kontrol\u00fc<\/span><\/div>\n<div><span style=\"color: #ffffff; font-size: 14pt; font-family: 'times new roman', times, serif;\">&gt;Motorlu elektronik kap\u0131 kilidi<\/span><\/div>\n<div><span style=\"color: #ffffff; font-size: 14pt; font-family: 'times new roman', times, serif;\">&gt;Rotor d\u00f6nerken kap\u0131 a\u00e7\u0131lamaz<\/span><\/div>\n<div><span style=\"color: #ffffff; font-size: 14pt; font-family: 'times new roman', times, serif;\">&gt;Kap\u0131n\u0131n d\u00fc\u015fmesini \u00f6nlemek i\u00e7in gaz mente\u015fesi<\/span><\/div>\n<div><span style=\"color: #ffffff; font-size: 14pt; font-family: 'times new roman', times, serif;\">&gt;Kalibrasyon ve \u00e7al\u0131\u015fma kontrol\u00fc i\u00e7in kap\u0131da port<\/span><\/div>\n<div><span style=\"color: #ffffff; font-size: 14pt; font-family: 'times new roman', times, serif;\">&gt;Acil kap\u0131 kilidi a\u00e7ma<\/span><\/div>\n<div><span style=\"color: #ffffff; font-size: 14pt; font-family: 'times new roman', times, serif;\">&gt;Cihaz\u0131 kilitlemek i\u00e7in \u015fifre<\/span><\/div>\n<\/td>\n<td style=\"width: 53.1092%;\">\n<div><strong><span style=\"color: #ffffff; font-size: 18pt; font-family: 'times new roman', times, serif;\">\u0130yi bile\u015fenler\u00a0<\/span><\/strong><\/div>\n<div><span style=\"color: #ffffff; font-size: 14pt; font-family: 'times new roman', times, serif;\">&gt;Motor: De\u011fi\u015fken frekansl\u0131 motor.<\/span><\/div>\n<div><span style=\"color: #ffffff; font-size: 14pt; font-family: 'times new roman', times, serif;\">\u00a0 \u00a0 \u00a0 \u00a0 \u00a0 \u00a0 \u00a0 \u00a0 istikrarl\u0131 \u00e7al\u0131\u015fma, bak\u0131m gerektirmez, uzun \u00f6m\u00fcrl\u00fc<\/span><\/div>\n<div><span style=\"color: #ffffff; font-size: 14pt; font-family: 'times new roman', times, serif;\">&gt;G\u00f6vde: Kal\u0131n ve g\u00fc\u00e7l\u00fc \u00e7elik<\/span><\/div>\n<div><span style=\"color: #ffffff; font-size: 14pt; font-family: 'times new roman', times, serif;\">&gt;Oda: G\u0131da s\u0131n\u0131f\u0131 304 paslanmaz \u00e7elik.<\/span><\/div>\n<div><span style=\"color: #ffffff; font-size: 14pt; font-family: 'times new roman', times, serif;\">\u00a0 \u00a0 \u00a0 \u00a0 \u00a0 \u00a0 \u00a0 \u00a0 korozyon \u00f6nleyici ve temizlemesi kolay<\/span><\/div>\n<div><span style=\"color: #ffffff; font-size: 14pt; font-family: 'times new roman', times, serif;\">&gt;Rotor: Al\u00fcminyum ala\u015f\u0131ml\u0131 sabit a\u00e7\u0131l\u0131 rotor;<\/span><\/div>\n<div><span style=\"color: #ffffff; font-size: 14pt; font-family: 'times new roman', times, serif;\">\u00a0 \u00a0 \u00a0 \u00a0 \u00a0 \u00a0 \u00a0 \u00a0Paslanmaz \u00e7elikten yap\u0131lm\u0131\u015f d\u00f6ner rotor.<\/span><\/div>\n<div><span style=\"color: #ffffff; font-size: 14pt; font-family: 'times new roman', times, serif;\">&gt;Rotorlar otoklavlanabilir\u00a0<\/span><\/div>\n<\/td>\n<\/tr>\n<\/tbody>\n<\/table>\n<p><span style=\"font-size: 18pt;\">Mevcut rotorlar<\/span><\/p>\n<table style=\"border-collapse: collapse; width: 100%;\">\n<tbody>\n<tr>\n<td style=\"width: 33.3333%;\"><img fetchpriority=\"high\" decoding=\"async\" class=\"alignnone size-full wp-image-21794\" src=\"https:\/\/lexamedlab.com\/wp-content\/uploads\/2021\/08\/12x15-through-hole.webp\" alt=\"\" width=\"1500\" height=\"1000\" \/><\/td>\n<td style=\"width: 33.3333%;\"><img decoding=\"async\" class=\"alignnone size-full wp-image-21795\" src=\"https:\/\/lexamedlab.com\/wp-content\/uploads\/2021\/08\/6x50ml-through-hole.webp\" alt=\"\" width=\"1500\" height=\"1000\" \/><\/td>\n<td style=\"width: 33.3333%;\"><img decoding=\"async\" class=\"alignnone size-full wp-image-21796\" src=\"https:\/\/lexamedlab.com\/wp-content\/uploads\/2021\/08\/24x7ml.webp\" alt=\"\" width=\"1500\" height=\"1000\" \/><\/td>\n<\/tr>\n<tr>\n<td style=\"width: 33.3333%;\">\n<div><span style=\"color: #000000; font-family: 'times new roman', times, serif; font-size: 14pt;\">Rotor: Sabit a\u00e7\u0131l\u0131 rotor<\/span><\/div>\n<div><span style=\"color: #000000; font-family: 'times new roman', times, serif; font-size: 14pt;\">Kapasite:12x15ml<\/span><\/div>\n<div><span style=\"color: #000000; font-family: 'times new roman', times, serif; font-size: 14pt;\">Maksimum H\u0131z: 6000rpm<\/span><\/div>\n<div><span style=\"color: #000000; font-family: 'times new roman', times, serif; font-size: 14pt;\">Maksimum RCF:5120xg<\/span><\/div>\n<div><span style=\"color: #000000; font-family: 'times new roman', times, serif; font-size: 14pt;\">T\u00fcp Boyutu: 17x121mm<\/span><\/div>\n<\/td>\n<td style=\"width: 33.3333%;\">\n<div><span style=\"font-size: 14pt; font-family: 'times new roman', times, serif;\">Rotor: Sabit a\u00e7\u0131l\u0131 rotor<\/span><\/div>\n<div><span style=\"font-size: 14pt; font-family: 'times new roman', times, serif;\">Kapasite:6x50ml<\/span><\/div>\n<div><span style=\"font-size: 14pt; font-family: 'times new roman', times, serif;\">Maksimum H\u0131z: 6000rpm<\/span><\/div>\n<div><span style=\"font-size: 14pt; font-family: 'times new roman', times, serif;\">Maksimum RCF:5123xg<\/span><\/div>\n<div><span style=\"font-size: 14pt; font-family: 'times new roman', times, serif;\">T\u00fcp Boyutu: 29x116mm<\/span><\/div>\n<\/td>\n<td style=\"width: 33.3333%;\">\n<div><span style=\"font-size: 14pt; font-family: 'times new roman', times, serif;\">Rotor: Sal\u0131ncakl\u0131 rotor<\/span><\/div>\n<div><span style=\"font-size: 14pt; font-family: 'times new roman', times, serif;\">Kapasite: 24x7ml kan t\u00fcp\u00fc<\/span><\/div>\n<div><span style=\"font-size: 14pt; font-family: 'times new roman', times, serif;\">Maksimum H\u0131z: 5000 rpm<\/span><\/div>\n<div><span style=\"font-size: 14pt; font-family: 'times new roman', times, serif;\">Maksimum RCF:4650xg<\/span><\/div>\n<div><span style=\"font-size: 14pt; font-family: 'times new roman', times, serif;\">Boru Boyutu: 13\u00d775-100mm<\/span><\/div>\n<\/td>\n<\/tr>\n<tr>\n<td style=\"width: 33.3333%;\"><img loading=\"lazy\" decoding=\"async\" class=\"alignnone size-full wp-image-21797\" src=\"https:\/\/lexamedlab.com\/wp-content\/uploads\/2021\/08\/16x15ml.webp\" alt=\"\" width=\"1500\" height=\"1000\" \/><\/td>\n<td style=\"width: 33.3333%;\"><img loading=\"lazy\" decoding=\"async\" class=\"alignnone size-full wp-image-21798\" src=\"https:\/\/lexamedlab.com\/wp-content\/uploads\/2021\/08\/8x15ml.webp\" alt=\"\" width=\"1500\" height=\"1000\" \/><\/td>\n<td style=\"width: 33.3333%;\"><img loading=\"lazy\" decoding=\"async\" class=\"alignnone size-full wp-image-21799\" src=\"https:\/\/lexamedlab.com\/wp-content\/uploads\/2021\/08\/4x50ml-1.webp\" alt=\"\" width=\"1500\" height=\"1000\" \/><\/td>\n<\/tr>\n<tr>\n<td style=\"width: 33.3333%;\">\n<div><span style=\"font-size: 14pt; font-family: 'times new roman', times, serif;\">Rotor: D\u0131\u015far\u0131 do\u011fru a\u00e7\u0131lan rotor<\/span><\/div>\n<div><span style=\"font-size: 14pt; font-family: 'times new roman', times, serif;\">Kapasite:16x15ml<\/span><\/div>\n<div><span style=\"font-size: 14pt; font-family: 'times new roman', times, serif;\">Maksimum H\u0131z: 5000 rpm<\/span><\/div>\n<div><span style=\"font-size: 14pt; font-family: 'times new roman', times, serif;\">Maksimum RCF:4620xg<\/span><\/div>\n<div><span style=\"font-size: 14pt; font-family: 'times new roman', times, serif;\">T\u00fcp Boyutu: 17x121mm<\/span><\/div>\n<div><span style=\"font-size: 14pt; font-family: 'times new roman', times, serif;\">Kan t\u00fcpleri i\u00e7in adapt\u00f6rler se\u00e7ilebilir<\/span><\/div>\n<\/td>\n<td style=\"width: 33.3333%;\">\n<div><span style=\"font-size: 14pt; font-family: 'times new roman', times, serif;\">Rotor: D\u0131\u015far\u0131 do\u011fru a\u00e7\u0131lan rotor<\/span><\/div>\n<div><span style=\"font-size: 14pt; font-family: 'times new roman', times, serif;\">Kapasite:8x15ml<\/span><\/div>\n<div><span style=\"font-size: 14pt; font-family: 'times new roman', times, serif;\">Maksimum H\u0131z: 5000 rpm<\/span><\/div>\n<div><span style=\"font-size: 14pt; font-family: 'times new roman', times, serif;\">Maksimum RCF:4620xg<\/span><\/div>\n<div><span style=\"font-size: 14pt; font-family: 'times new roman', times, serif;\">T\u00fcp Boyutu: 17x121mm<\/span><\/div>\n<\/td>\n<td style=\"width: 33.3333%;\">\n<div><span style=\"font-size: 14pt; font-family: 'times new roman', times, serif;\">Rotor: D\u0131\u015far\u0131 do\u011fru a\u00e7\u0131lan rotor<\/span><\/div>\n<div><span style=\"font-size: 14pt; font-family: 'times new roman', times, serif;\">Kapasite:4x50ml\u00a0<\/span><\/div>\n<div><span style=\"font-size: 14pt; font-family: 'times new roman', times, serif;\">Maksimum H\u0131z: 4000rpm<\/span><\/div>\n<div><span style=\"font-size: 14pt; font-family: 'times new roman', times, serif;\">Maksimum RCF:2976xg<\/span><\/div>\n<div><span style=\"font-size: 14pt; font-family: 'times new roman', times, serif;\">T\u00fcp Boyutu: 29x116mm<\/span><\/div>\n<\/td>\n<\/tr>\n<\/tbody>\n<\/table>\n<p>&nbsp;<\/p>\n<h2><\/h2>\n<p>&nbsp;<\/p>","protected":false},"excerpt":{"rendered":"<div>\n<p><span style=\"font-size: 14pt; font-family: 'times new roman', times, serif;\">TD-600, 15ml ve 50ml t\u00fcpler i\u00e7in en pop\u00fcler a\u00e7\u0131l\u0131r rotorlar dahil olmak \u00fczere ola\u011fan\u00fcst\u00fc kullan\u0131c\u0131 konforu ve 6 rotor se\u00e7ene\u011fi sunar. Ak\u0131ll\u0131 LCD dokunmatik ekran\u0131 benimser, eldivenlerle kolayca \u00e7al\u0131\u015ft\u0131r\u0131l\u0131r. G\u00fc\u00e7l\u00fc \u00e7al\u0131\u015fma sistemi sayesinde \u00e7ok a\u015famal\u0131 santrif\u00fcjlemeyi destekler ve 1000&#039;e kadar program\u0131 depolayabilir.<\/span><\/p>\n<\/div>\n<p><span style=\"font-size: 14pt; font-family: 'times new roman', times, serif;\">Maksimum h\u0131z\u00a0 \u00a0 \u00a0 \u00a0 \u00a0 \u00a0 \u00a0 \u00a0 \u00a0 <span class=\"item-val\">6000 devir\/dakika<\/span><\/span><\/p>\n<p><span style=\"font-size: 14pt; font-family: 'times new roman', times, serif;\">Maksimum RCF\u00a0 \u00a0 \u00a0 \u00a0 \u00a0 \u00a0 \u00a0 \u00a0 \u00a0 \u00a0 <span class=\"item-val\">5123xg<\/span><\/span><\/p>\n<p><span style=\"font-size: 14pt; font-family: 'times new roman', times, serif;\">Maksimum kapasite\u00a0 \u00a0 \u00a0 \u00a0 \u00a0 \u00a0 \u00a0 \u00a0<span class=\"item-val\">6x50ml<\/span><\/span><\/p>\n<p><span style=\"font-size: 14pt; font-family: 'times new roman', times, serif;\">Zamanlay\u0131c\u0131 aral\u0131\u011f\u0131\u00a0 \u00a0 \u00a0 \u00a0 \u00a0 \u00a0 \u00a0 \u00a0 \u00a0<span class=\"item-val\">1sn ila 99s59d59sn<\/span><\/span><\/p>\n<p><span style=\"font-size: 14pt; font-family: 'times new roman', times, serif;\">H\u0131z do\u011frulu\u011fu\u00a0 \u00a0 \u00a0 \u00a0 \u00a0 \u00a0 <span class=\"item-val\">\u00b110 dev\/dak<\/span><\/span><\/p>\n<p><span style=\"font-size: 14pt; font-family: 'times new roman', times, serif;\">G\u00fcr\u00fclt\u00fc\u00a0 \u00a0 \u00a0 \u00a0 \u00a0 \u00a0 \u00a0 \u00a0 \u00a0 \u00a0 \u00a0 \u00a0 \u00a0 \u00a0 <span class=\"item-val\">\u226460dB(A)<\/span><\/span><\/p>\n<p><span style=\"font-size: 14pt; font-family: 'times new roman', times, serif;\">G\u00fc\u00e7 t\u00fcketimi\u00a0 \u00a0 \u00a0<span class=\"item-val\">500W<\/span><\/span><\/p>\n<p><span style=\"font-size: 14pt; font-family: 'times new roman', times, serif;\">Boyut\u00a0 \u00a0 \u00a0 \u00a0 \u00a0 \u00a0 \u00a0 \u00a0 \u00a0 \u00a0<span class=\"item-val\">495x400x420mm<\/span><\/span><\/p>\n<p><span style=\"font-size: 14pt; font-family: 'times new roman', times, serif;\">Net a\u011f\u0131rl\u0131\u011f\u0131\u00a0 \u00a0 \u00a0 \u00a0 \u00a0 \u00a0 \u00a0 \u00a0 \u00a0 \u00a0<span class=\"item-val\">27 kilo<\/span><\/span><\/p>","protected":false},"featured_media":22773,"comment_status":"open","ping_status":"closed","template":"","meta":{"_acf_changed":false},"product_brand":[],"product_cat":[20,95,80,87],"product_tag":[],"class_list":{"0":"post-21820","1":"product","2":"type-product","3":"status-publish","4":"has-post-thumbnail","6":"product_cat-all","7":"product_cat-benchtop-low-speed-centrifuge","8":"product_cat-centrifuge","9":"product_cat-low-speed-centrifuge","11":"first","12":"instock","13":"virtual","14":"product-type-simple"},"acf":[],"_links":{"self":[{"href":"https:\/\/lexamedlab.com\/tr\/wp-json\/wp\/v2\/product\/21820","targetHints":{"allow":["GET"]}}],"collection":[{"href":"https:\/\/lexamedlab.com\/tr\/wp-json\/wp\/v2\/product"}],"about":[{"href":"https:\/\/lexamedlab.com\/tr\/wp-json\/wp\/v2\/types\/product"}],"replies":[{"embeddable":true,"href":"https:\/\/lexamedlab.com\/tr\/wp-json\/wp\/v2\/comments?post=21820"}],"version-history":[{"count":4,"href":"https:\/\/lexamedlab.com\/tr\/wp-json\/wp\/v2\/product\/21820\/revisions"}],"predecessor-version":[{"id":22776,"href":"https:\/\/lexamedlab.com\/tr\/wp-json\/wp\/v2\/product\/21820\/revisions\/22776"}],"wp:featuredmedia":[{"embeddable":true,"href":"https:\/\/lexamedlab.com\/tr\/wp-json\/wp\/v2\/media\/22773"}],"wp:attachment":[{"href":"https:\/\/lexamedlab.com\/tr\/wp-json\/wp\/v2\/media?parent=21820"}],"wp:term":[{"taxonomy":"product_brand","embeddable":true,"href":"https:\/\/lexamedlab.com\/tr\/wp-json\/wp\/v2\/product_brand?post=21820"},{"taxonomy":"product_cat","embeddable":true,"href":"https:\/\/lexamedlab.com\/tr\/wp-json\/wp\/v2\/product_cat?post=21820"},{"taxonomy":"product_tag","embeddable":true,"href":"https:\/\/lexamedlab.com\/tr\/wp-json\/wp\/v2\/product_tag?post=21820"}],"curies":[{"name":"wp","href":"https:\/\/api.w.org\/{rel}","templated":true}]}}