{"id":21829,"date":"2025-05-16T15:24:21","date_gmt":"2025-05-16T15:24:21","guid":{"rendered":"https:\/\/lexamedlab.com\/?post_type=product&#038;p=21829"},"modified":"2025-05-29T06:49:50","modified_gmt":"2025-05-29T06:49:50","slug":"benchtop-low-speed-centrifuge-td-420","status":"publish","type":"product","link":"https:\/\/lexamedlab.com\/tr\/product\/benchtop-low-speed-centrifuge-td-420\/","title":{"rendered":"tezgah \u00fcst\u00fc d\u00fc\u015f\u00fck h\u0131zl\u0131 santrif\u00fcj TD-420"},"content":{"rendered":"<div style=\"width: 1280px;\" class=\"wp-video\"><!--[if lt IE 9]><script>document.createElement('video');<\/script><![endif]-->\n<video class=\"wp-video-shortcode\" id=\"video-21829-1\" width=\"1280\" height=\"720\" preload=\"metadata\" controls=\"controls\"><source type=\"video\/mp4\" src=\"https:\/\/lexamedlab.com\/wp-content\/uploads\/2021\/08\/td-500-low-speed-centrifuge-1-1.mp4?_=1\" \/><a href=\"https:\/\/lexamedlab.com\/wp-content\/uploads\/2021\/08\/td-500-low-speed-centrifuge-1-1.mp4\">https:\/\/lexamedlab.com\/wp-content\/uploads\/2021\/08\/td-500-low-speed-centrifuge-1-1.mp4<\/a><\/video><\/div>\n<blockquote><p><strong><span style=\"font-size: 18pt;\">&gt;\u00d6zellikler\u00a0 \u00a0 \u00a0<\/span><\/strong><\/p><\/blockquote>\n<p>&nbsp;<\/p>\n<table style=\"height: 135px; width: 100%; border-collapse: collapse; background-color: #35a1cc;\">\n<thead>\n<tr style=\"height: 275px;\">\n<td style=\"width: 50%; height: 42px;\">\n<div>\n<div><strong><span style=\"color: #ffffff; font-family: 'times new roman', times, serif; font-size: 18pt;\">Kullan\u0131c\u0131 dostu fonksiyon\u00a0<\/span><\/strong><\/div>\n<div><span style=\"color: #ffffff; font-family: 'times new roman', times, serif; font-size: 14pt;\">&gt;1000&#039;e kadar kullan\u0131c\u0131 tan\u0131ml\u0131 program<\/span><\/div>\n<div><span style=\"color: #ffffff; font-family: 'times new roman', times, serif; font-size: 14pt;\">&gt; 1000&#039;e kadar \u00e7al\u0131\u015ft\u0131rma ge\u00e7mi\u015fi, USB arac\u0131l\u0131\u011f\u0131yla d\u0131\u015fa aktar\u0131labilir<\/span><\/div>\n<div><span style=\"color: #ffffff; font-family: 'times new roman', times, serif; font-size: 14pt;\">&gt;40&#039;a kadar h\u0131zlanma ve yava\u015flama oran\u0131<\/span><\/div>\n<div><span style=\"color: #ffffff; font-family: 'times new roman', times, serif; font-size: 14pt;\">&gt;5 a\u015famaya kadar \u00e7ok a\u015famal\u0131 santrif\u00fcjleme modu mevcuttur<\/span><\/div>\n<div><span style=\"color: #ffffff; font-family: 'times new roman', times, serif; font-size: 14pt;\">&gt;99s59d59s&#039;ye kadar zamanlay\u0131c\u0131 aral\u0131\u011f\u0131, 1s art\u0131\u015f<\/span><\/div>\n<\/div>\n<\/td>\n<td style=\"width: 49.805%; height: 42px;\">\n<div>\n<div>\n<div><span style=\"font-size: 18pt;\"><strong><span style=\"font-family: 'times new roman', times, serif; color: #ffffff;\">LCD dokunmatik ekran\u00a0<\/span><\/strong><\/span><\/div>\n<div><span style=\"font-size: 14pt; font-family: 'times new roman', times, serif; color: #ffffff;\">&gt;T\u00fcm parametreleri g\u00f6stermek basit ve anla\u015f\u0131l\u0131r<\/span><\/div>\n<div><span style=\"font-size: 14pt; font-family: 'times new roman', times, serif; color: #ffffff;\">&gt;Dokunmatik ekran, parametreleri ayarlamak kolay<\/span><\/div>\n<div><span style=\"font-size: 14pt; font-family: 'times new roman', times, serif; color: #ffffff;\">&gt;RCF do\u011frudan ayarlanabilir<\/span><\/div>\n<div><span style=\"font-size: 14pt; font-family: 'times new roman', times, serif; color: #ffffff;\">&gt;RPM ve RCF otomatik olarak d\u00f6n\u00fc\u015ft\u00fcr\u00fcl\u00fcr<\/span><\/div>\n<div>\n<p><span style=\"font-size: 14pt; font-family: 'times new roman', times, serif; color: #ffffff;\">&gt;Kullan\u0131c\u0131 eldivenle bile parametreleri ayarlayabilir<\/span><\/p>\n<div><span style=\"font-size: 14pt; font-family: 'times new roman', times, serif; color: #ffffff;\">&gt;Kullan\u0131c\u0131, rotor d\u00f6nerken parametreleri s\u0131f\u0131rlayabilir<\/span><\/div>\n<\/div>\n<\/div>\n<\/div>\n<\/td>\n<\/tr>\n<\/thead>\n<tbody>\n<tr style=\"height: 269px;\">\n<td style=\"width: 50%; height: 93px;\">\n<div>\n<div><span style=\"font-size: 18pt;\"><strong><span style=\"font-family: 'times new roman', times, serif; color: #ffffff;\">G\u00fcvenli\u011fi sa\u011flay\u0131n\u00a0<\/span><\/strong><\/span><\/div>\n<div><span style=\"font-size: 14pt; font-family: 'times new roman', times, serif; color: #ffffff;\">&gt;Mikroi\u015flemci kontrol\u00fc<\/span><\/div>\n<div><span style=\"font-size: 14pt; font-family: 'times new roman', times, serif; color: #ffffff;\">&gt;Motorlu elektronik kap\u0131 kilidi<\/span><\/div>\n<div><span style=\"font-size: 14pt; font-family: 'times new roman', times, serif; color: #ffffff;\">&gt;Rotor d\u00f6nerken kap\u0131 a\u00e7\u0131lamaz<\/span><\/div>\n<div><span style=\"font-size: 14pt; font-family: 'times new roman', times, serif; color: #ffffff;\">&gt;Kap\u0131n\u0131n d\u00fc\u015fmesini \u00f6nlemek i\u00e7in gaz mente\u015fesi<\/span><\/div>\n<div><span style=\"font-size: 14pt; font-family: 'times new roman', times, serif; color: #ffffff;\">&gt;Kalibrasyon ve \u00e7al\u0131\u015fma kontrol\u00fc i\u00e7in kap\u0131da port<\/span><\/div>\n<div><span style=\"font-size: 14pt; font-family: 'times new roman', times, serif; color: #ffffff;\">&gt;Acil kap\u0131 kilidi a\u00e7ma<\/span><\/div>\n<div><span style=\"font-size: 14pt; font-family: 'times new roman', times, serif; color: #ffffff;\">&gt;Cihaz\u0131 kilitlemek i\u00e7in \u015fifre<\/span><\/div>\n<\/div>\n<\/td>\n<td style=\"width: 49.805%; height: 93px;\">\n<div>\n<div><span style=\"color: #ffffff;\"><strong><span style=\"font-size: 18pt; font-family: 'times new roman', times, serif;\">\u0130yi bile\u015fenler\u00a0<\/span><\/strong><\/span><\/div>\n<div><span style=\"color: #ffffff; font-size: 14pt; font-family: 'times new roman', times, serif;\">&gt;Motor: De\u011fi\u015fken frekansl\u0131 motor.<\/span><\/div>\n<div><span style=\"color: #ffffff; font-size: 14pt; font-family: 'times new roman', times, serif;\">\u00a0 \u00a0 \u00a0 \u00a0 \u00a0 \u00a0 \u00a0 \u00a0 istikrarl\u0131 \u00e7al\u0131\u015fma, bak\u0131m gerektirmez, uzun \u00f6m\u00fcrl\u00fc<\/span><\/div>\n<div><span style=\"color: #ffffff; font-size: 14pt; font-family: 'times new roman', times, serif;\">&gt;G\u00f6vde: Kal\u0131n ve g\u00fc\u00e7l\u00fc \u00e7elik<\/span><\/div>\n<div><span style=\"color: #ffffff; font-size: 14pt; font-family: 'times new roman', times, serif;\">&gt;Oda: G\u0131da s\u0131n\u0131f\u0131 304 paslanmaz \u00e7elik.<\/span><\/div>\n<div><span style=\"color: #ffffff; font-size: 14pt; font-family: 'times new roman', times, serif;\">\u00a0 \u00a0 \u00a0 \u00a0 \u00a0 \u00a0 \u00a0 \u00a0 korozyon \u00f6nleyici ve temizlemesi kolay<\/span><\/div>\n<div><span style=\"color: #ffffff; font-size: 14pt; font-family: 'times new roman', times, serif;\">&gt;Rotor: Al\u00fcminyum ala\u015f\u0131ml\u0131 sabit a\u00e7\u0131l\u0131 rotor;<\/span><\/div>\n<div><span style=\"color: #ffffff; font-size: 14pt; font-family: 'times new roman', times, serif;\">\u00a0 \u00a0 \u00a0 \u00a0 \u00a0 \u00a0 \u00a0 \u00a0Paslanmaz \u00e7elikten yap\u0131lm\u0131\u015f d\u00f6ner rotor.<\/span><\/div>\n<div><span style=\"color: #ffffff; font-size: 14pt; font-family: 'times new roman', times, serif;\">&gt;Rotorlar otoklavlanabilir\u00a0<\/span><\/div>\n<\/div>\n<\/td>\n<\/tr>\n<\/tbody>\n<\/table>\n<blockquote><p><span style=\"font-size: 18pt;\"><strong>&gt;Mevcut rotorlar<\/strong><\/span><\/p><\/blockquote>\n<table style=\"height: 100%; width: 100%; border-collapse: collapse;\">\n<tbody>\n<tr style=\"height: 263px;\">\n<td style=\"width: 25%; height: 263px;\">\u00a0\u00a0\u00a0\u00a0<img fetchpriority=\"high\" decoding=\"async\" class=\"alignnone size-medium wp-image-21834\" src=\"https:\/\/lexamedlab.com\/wp-content\/uploads\/2025\/05\/4x50ml.webp\" alt=\"\" width=\"1500\" height=\"1000\" \/><\/td>\n<td style=\"width: 25%; height: 263px;\"><img decoding=\"async\" class=\"alignnone size-full wp-image-21835\" src=\"https:\/\/lexamedlab.com\/wp-content\/uploads\/2025\/05\/4x100ml-level.webp\" alt=\"\" width=\"1500\" height=\"1000\" \/><\/td>\n<td style=\"width: 25%; height: 263px;\"><img decoding=\"async\" class=\"alignnone size-full wp-image-21836\" src=\"https:\/\/lexamedlab.com\/wp-content\/uploads\/2025\/05\/16x15ml.webp\" alt=\"\" width=\"1500\" height=\"1000\" \/><\/td>\n<td style=\"width: 25%; height: 263px;\"><img loading=\"lazy\" decoding=\"async\" class=\"alignnone size-full wp-image-21837\" src=\"https:\/\/lexamedlab.com\/wp-content\/uploads\/2025\/05\/8x50ml-level.webp\" alt=\"\" width=\"1500\" height=\"1000\" \/><\/td>\n<\/tr>\n<tr style=\"height: 24px;\">\n<td style=\"width: 25%; height: 24px;\">\n<div><span style=\"font-size: 14pt; font-family: 'times new roman', times, serif;\">Rotor: D\u0131\u015far\u0131 do\u011fru a\u00e7\u0131lan rotor<\/span><\/div>\n<div><span style=\"font-size: 14pt; font-family: 'times new roman', times, serif;\">Kapasite:4x50ml<\/span><\/div>\n<div><span style=\"font-size: 14pt; font-family: 'times new roman', times, serif;\">Maksimum H\u0131z:4200rpm<\/span><\/div>\n<div><span style=\"font-size: 14pt; font-family: 'times new roman', times, serif;\">Maksimum RCF:3281xg<\/span><\/div>\n<div><span style=\"font-size: 14pt; font-family: 'times new roman', times, serif;\">T\u00fcp Boyutu: 30x116mm<\/span><\/div>\n<\/td>\n<td style=\"width: 25%; height: 24px;\">\n<div><span style=\"font-size: 14pt; font-family: 'times new roman', times, serif;\">Rotor: D\u0131\u015far\u0131 do\u011fru a\u00e7\u0131lan rotor<\/span><\/div>\n<div><span style=\"font-size: 14pt; font-family: 'times new roman', times, serif;\">Kapasite:4x100ml<\/span><\/div>\n<div><span style=\"font-size: 14pt; font-family: 'times new roman', times, serif;\">Maksimum H\u0131z:4200rpm<\/span><\/div>\n<div><span style=\"font-size: 14pt; font-family: 'times new roman', times, serif;\">Maksimum RCF:3281xg<\/span><\/div>\n<div><span style=\"font-size: 14pt; font-family: 'times new roman', times, serif;\">T\u00fcp Boyutu: 38x114mm<\/span><\/div>\n<\/td>\n<td style=\"width: 25%; height: 24px;\">\n<div><span style=\"font-size: 14pt; font-family: 'times new roman', times, serif;\">Rotor: D\u0131\u015far\u0131 do\u011fru a\u00e7\u0131lan rotor<\/span><\/div>\n<div><span style=\"font-size: 14pt; font-family: 'times new roman', times, serif;\">Kapasite:16x15ml<\/span><\/div>\n<div><span style=\"font-size: 14pt; font-family: 'times new roman', times, serif;\">Maksimum H\u0131z:4200rpm<\/span><\/div>\n<div><span style=\"font-size: 14pt; font-family: 'times new roman', times, serif;\">Maksimum RCF:3259xg<\/span><\/div>\n<div><span style=\"font-size: 14pt; font-family: 'times new roman', times, serif;\">T\u00fcp Boyutu: 17x121mm<\/span><\/div>\n<div><span style=\"font-size: 14pt; font-family: 'times new roman', times, serif;\">Kan t\u00fcpleri i\u00e7in adapt\u00f6rler se\u00e7ilebilir<\/span><\/div>\n<\/td>\n<td style=\"width: 25%; height: 24px;\">\n<div><span style=\"font-size: 14pt; font-family: 'times new roman', times, serif;\">Rotor: D\u0131\u015far\u0131 do\u011fru a\u00e7\u0131lan rotor<\/span><\/div>\n<div><span style=\"font-size: 14pt; font-family: 'times new roman', times, serif;\">Kapasite:8x50ml\u00a0<\/span><\/div>\n<div><span style=\"font-size: 14pt; font-family: 'times new roman', times, serif;\">Maksimum H\u0131z:4200rpm<\/span><\/div>\n<div><span style=\"font-size: 14pt; font-family: 'times new roman', times, serif;\">Maksimum RCF:3285xg<\/span><\/div>\n<div><span style=\"font-size: 14pt; font-family: 'times new roman', times, serif;\">T\u00fcp Boyutu: 30x116mm<\/span><\/div>\n<\/td>\n<\/tr>\n<\/tbody>\n<\/table>","protected":false},"excerpt":{"rendered":"<div>\n<p><span style=\"font-size: 14pt; font-family: 'times new roman', times, serif;\">TD-420, ola\u011fan\u00fcst\u00fc kullan\u0131c\u0131 konforu ve 15ml ve 50ml t\u00fcpler i\u00e7in en pop\u00fcler a\u00e7\u0131l\u0131r rotorlar dahil olmak \u00fczere 4 rotor se\u00e7ene\u011fi sunar. Ak\u0131ll\u0131 LCD dokunmatik ekran\u0131 benimser, eldivenlerle kolayca \u00e7al\u0131\u015ft\u0131r\u0131l\u0131r. G\u00fc\u00e7l\u00fc \u00e7al\u0131\u015fma sistemi sayesinde \u00e7ok a\u015famal\u0131 santrif\u00fcjlemeyi destekler ve 1000&#039;e kadar program\u0131 depolayabilir.<\/span><\/p>\n<\/div>\n<ul>\n<li><span style=\"font-size: 14pt; font-family: 'times new roman', times, serif;\">Maksimum h\u0131z\u00a0 \u00a0 \u00a0 \u00a0 \u00a0 \u00a0 \u00a0 \u00a0 \u00a0 <span class=\"item-val\">4200 devir\/dakika<\/span><\/span><\/li>\n<li><span style=\"font-size: 14pt; font-family: 'times new roman', times, serif;\">Maksimum RCF\u00a0 \u00a0 \u00a0 \u00a0 \u00a0 \u00a0 \u00a0 \u00a0 \u00a0 \u00a0 <span class=\"item-val\">3285xg<\/span><\/span><\/li>\n<li><span style=\"font-size: 14pt; font-family: 'times new roman', times, serif;\">Maksimum kapasite\u00a0 \u00a0 \u00a0 \u00a0 \u00a0 \u00a0 \u00a0 <span class=\"item-val\">4x100ml<\/span><\/span><\/li>\n<li><span style=\"font-size: 14pt; font-family: 'times new roman', times, serif;\">Zamanlay\u0131c\u0131 aral\u0131\u011f\u0131\u00a0 \u00a0 \u00a0 \u00a0 \u00a0 \u00a0 \u00a0 \u00a0 <span class=\"item-val\">1sn ila 99s59d59sn<\/span><\/span><\/li>\n<li><span style=\"font-size: 14pt; font-family: 'times new roman', times, serif;\">H\u0131z do\u011frulu\u011fu\u00a0 \u00a0 \u00a0 \u00a0 \u00a0 \u00a0<span class=\"item-val\">\u00b110 dev\/dak<\/span><\/span><\/li>\n<li><span style=\"font-size: 14pt; font-family: 'times new roman', times, serif;\">G\u00fcr\u00fclt\u00fc\u00a0 \u00a0 \u00a0 \u00a0 \u00a0 \u00a0 \u00a0 \u00a0 \u00a0 \u00a0 \u00a0 \u00a0 \u00a0 <span class=\"item-val\">\u226460dB(A)<\/span><\/span><\/li>\n<li><span style=\"font-size: 14pt; font-family: 'times new roman', times, serif;\">G\u00fc\u00e7 t\u00fcketimi\u00a0 \u00a0<span class=\"item-val\">500W<\/span><\/span><\/li>\n<li><span style=\"font-size: 14pt; font-family: 'times new roman', times, serif;\">Boyut\u00a0 \u00a0 \u00a0 \u00a0 \u00a0 \u00a0 \u00a0 \u00a0 \u00a0<span class=\"item-val\">495x400x420mm<\/span><\/span><\/li>\n<li><span style=\"font-size: 14pt; font-family: 'times new roman', times, serif;\">Net a\u011f\u0131rl\u0131\u011f\u0131\u00a0 \u00a0 \u00a0 \u00a0 \u00a0 \u00a0 \u00a0 \u00a0 \u00a0<span class=\"item-val\">27 kilo<\/span><\/span><\/li>\n<\/ul>","protected":false},"featured_media":22770,"comment_status":"open","ping_status":"closed","template":"","meta":{"_acf_changed":false},"product_brand":[],"product_cat":[20,95,80,87],"product_tag":[],"class_list":{"0":"post-21829","1":"product","2":"type-product","3":"status-publish","4":"has-post-thumbnail","6":"product_cat-all","7":"product_cat-benchtop-low-speed-centrifuge","8":"product_cat-centrifuge","9":"product_cat-low-speed-centrifuge","11":"first","12":"instock","13":"shipping-taxable","14":"product-type-simple"},"acf":[],"_links":{"self":[{"href":"https:\/\/lexamedlab.com\/tr\/wp-json\/wp\/v2\/product\/21829","targetHints":{"allow":["GET"]}}],"collection":[{"href":"https:\/\/lexamedlab.com\/tr\/wp-json\/wp\/v2\/product"}],"about":[{"href":"https:\/\/lexamedlab.com\/tr\/wp-json\/wp\/v2\/types\/product"}],"replies":[{"embeddable":true,"href":"https:\/\/lexamedlab.com\/tr\/wp-json\/wp\/v2\/comments?post=21829"}],"version-history":[{"count":14,"href":"https:\/\/lexamedlab.com\/tr\/wp-json\/wp\/v2\/product\/21829\/revisions"}],"predecessor-version":[{"id":22772,"href":"https:\/\/lexamedlab.com\/tr\/wp-json\/wp\/v2\/product\/21829\/revisions\/22772"}],"wp:featuredmedia":[{"embeddable":true,"href":"https:\/\/lexamedlab.com\/tr\/wp-json\/wp\/v2\/media\/22770"}],"wp:attachment":[{"href":"https:\/\/lexamedlab.com\/tr\/wp-json\/wp\/v2\/media?parent=21829"}],"wp:term":[{"taxonomy":"product_brand","embeddable":true,"href":"https:\/\/lexamedlab.com\/tr\/wp-json\/wp\/v2\/product_brand?post=21829"},{"taxonomy":"product_cat","embeddable":true,"href":"https:\/\/lexamedlab.com\/tr\/wp-json\/wp\/v2\/product_cat?post=21829"},{"taxonomy":"product_tag","embeddable":true,"href":"https:\/\/lexamedlab.com\/tr\/wp-json\/wp\/v2\/product_tag?post=21829"}],"curies":[{"name":"wp","href":"https:\/\/api.w.org\/{rel}","templated":true}]}}