{"id":21840,"date":"2025-05-16T15:42:03","date_gmt":"2025-05-16T15:42:03","guid":{"rendered":"https:\/\/lexamedlab.com\/?post_type=product&#038;p=21840"},"modified":"2025-05-29T06:43:08","modified_gmt":"2025-05-29T06:43:08","slug":"benchtop-low-speed-centrifuge-td-5m","status":"publish","type":"product","link":"https:\/\/lexamedlab.com\/tr\/product\/benchtop-low-speed-centrifuge-td-5m\/","title":{"rendered":"tezgah \u00fcst\u00fc d\u00fc\u015f\u00fck h\u0131zl\u0131 santrif\u00fcj TD-5M"},"content":{"rendered":"<div style=\"width: 1280px;\" class=\"wp-video\"><!--[if lt IE 9]><script>document.createElement('video');<\/script><![endif]-->\n<video class=\"wp-video-shortcode\" id=\"video-21840-1\" width=\"1280\" height=\"720\" preload=\"metadata\" controls=\"controls\"><source type=\"video\/mp4\" src=\"https:\/\/lexamedlab.com\/wp-content\/uploads\/2025\/05\/td-5m-low-speed-centrifuge.mp4?_=1\" \/><a href=\"https:\/\/lexamedlab.com\/wp-content\/uploads\/2025\/05\/td-5m-low-speed-centrifuge.mp4\">https:\/\/lexamedlab.com\/wp-content\/uploads\/2025\/05\/td-5m-low-speed-centrifuge.mp4<\/a><\/video><\/div>\n<p><strong><span style=\"font-family: 'times new roman', times, serif; font-size: 18pt;\">\u00d6zellikler<\/span><\/strong><\/p>\n<table style=\"width: 100%; border-collapse: collapse; background-color: #35a1cc; height: 514px;\">\n<tbody>\n<tr style=\"height: 245px;\">\n<td style=\"width: 50%; height: 245px;\">\n<div><span style=\"font-size: 18pt;\"><strong><span style=\"color: #ffffff; font-family: 'times new roman', times, serif;\">Kullan\u0131c\u0131 dostu fonksiyon\u00a0<\/span><\/strong><\/span><\/div>\n<div><span style=\"color: #ffffff; font-size: 14pt; font-family: 'times new roman', times, serif;\">&gt;12 kullan\u0131c\u0131 tan\u0131ml\u0131 program<\/span><\/div>\n<div><span style=\"color: #ffffff; font-size: 14pt; font-family: 'times new roman', times, serif;\">&gt;19 h\u0131zlanma ve yava\u015flama oranlar\u0131<\/span><\/div>\n<div><span style=\"color: #ffffff; font-size: 14pt; font-family: 'times new roman', times, serif;\">&gt;1m ila 9999dk59sn zamanlay\u0131c\u0131 aral\u0131\u011f\u0131<\/span><\/div>\n<div><span style=\"color: #ffffff; font-size: 14pt; font-family: 'times new roman', times, serif;\">&gt;LCD ekran t\u00fcm parametreleri basit ve net bir \u015fekilde g\u00f6sterir<\/span><\/div>\n<div><span style=\"color: #ffffff; font-size: 14pt; font-family: 'times new roman', times, serif;\">&gt;RCF do\u011frudan ayarlanabilir<\/span><\/div>\n<div><span style=\"color: #ffffff; font-size: 14pt; font-family: 'times new roman', times, serif;\">&gt;RPM ve RCF otomatik olarak d\u00f6n\u00fc\u015ft\u00fcr\u00fcl\u00fcr<\/span><\/div>\n<div><span style=\"color: #ffffff; font-size: 14pt; font-family: 'times new roman', times, serif;\">&gt;Kullan\u0131c\u0131, rotor d\u00f6nerken parametreleri s\u0131f\u0131rlayabilir<\/span><\/div>\n<\/td>\n<td style=\"width: 50%; height: 245px;\"><img fetchpriority=\"high\" decoding=\"async\" class=\"alignnone wp-image-21843\" src=\"https:\/\/lexamedlab.com\/wp-content\/uploads\/2025\/05\/44645.webp\" alt=\"\" width=\"324\" height=\"213\" \/><\/td>\n<\/tr>\n<tr style=\"height: 269px;\">\n<td style=\"width: 50%; height: 269px;\">\n<div><strong><span style=\"font-family: 'times new roman', times, serif; font-size: 18pt; color: #ffffff;\">G\u00fcvenli\u011fi sa\u011flay\u0131n<\/span><\/strong><\/div>\n<div><span style=\"font-family: 'times new roman', times, serif; font-size: 14pt; color: #ffffff;\">&gt;Mikroi\u015flemci kontrol\u00fc<\/span><\/div>\n<div><span style=\"font-family: 'times new roman', times, serif; font-size: 14pt; color: #ffffff;\">&gt;\u00dc\u00e7 eksenli jiroskop ile dengesizlik tespiti<\/span><\/div>\n<div><span style=\"font-family: 'times new roman', times, serif; font-size: 14pt; color: #ffffff;\">\u00a0 \u00a0&amp;otomatik alarm ve kesme<\/span><\/div>\n<div><span style=\"font-family: 'times new roman', times, serif; font-size: 14pt; color: #ffffff;\">&gt;Motorlu elektronik kap\u0131 kilidi<\/span><\/div>\n<div><span style=\"font-family: 'times new roman', times, serif; font-size: 14pt; color: #ffffff;\">&gt;Rotor d\u00f6nerken kap\u0131 a\u00e7\u0131lamaz<\/span><\/div>\n<div><span style=\"font-family: 'times new roman', times, serif; font-size: 14pt; color: #ffffff;\">&gt;Kap\u0131n\u0131n d\u00fc\u015fmesini \u00f6nlemek i\u00e7in gaz mente\u015fesi<\/span><\/div>\n<div><span style=\"font-family: 'times new roman', times, serif; font-size: 14pt; color: #ffffff;\">&gt;Kalibrasyon ve \u00e7al\u0131\u015fma kontrol\u00fc i\u00e7in kap\u0131da port<\/span><\/div>\n<div><span style=\"font-family: 'times new roman', times, serif; font-size: 14pt; color: #ffffff;\">&gt;Acil kap\u0131 kilidi a\u00e7ma<\/span><\/div>\n<\/td>\n<td style=\"width: 50%; height: 269px;\">\n<div>\n<div>\n<div>\n<div><span style=\"font-size: 18pt;\"><strong><span style=\"color: #ffffff; font-family: 'times new roman', times, serif;\">\u0130yi bile\u015fenler<\/span><\/strong><\/span><\/div>\n<div><span style=\"color: #ffffff; font-size: 14pt; font-family: 'times new roman', times, serif;\">&gt;Motor: F\u0131r\u00e7as\u0131z end\u00fcksiyon motoru.<\/span><\/div>\n<div><span style=\"color: #ffffff; font-size: 14pt; font-family: 'times new roman', times, serif;\">\u00a0 \u00a0 \u00a0 \u00a0 \u00a0 \u00a0 \u00a0 \u00a0 istikrarl\u0131 \u00e7al\u0131\u015fma, bak\u0131m gerektirmez, uzun \u00f6m\u00fcrl\u00fc<\/span><\/div>\n<div><span style=\"color: #ffffff; font-size: 14pt; font-family: 'times new roman', times, serif;\">&gt;G\u00f6vde: Kal\u0131n ve g\u00fc\u00e7l\u00fc \u00e7elik<\/span><\/div>\n<div><span style=\"color: #ffffff; font-size: 14pt; font-family: 'times new roman', times, serif;\">&gt;Oda: G\u0131da s\u0131n\u0131f\u0131 304 paslanmaz \u00e7elik.<\/span><\/div>\n<div><span style=\"color: #ffffff; font-size: 14pt; font-family: 'times new roman', times, serif;\">\u00a0 \u00a0 \u00a0 \u00a0 \u00a0 \u00a0 \u00a0 \u00a0 korozyon \u00f6nleyici ve temizlemesi kolay<\/span><\/div>\n<div><span style=\"color: #ffffff; font-size: 14pt; font-family: 'times new roman', times, serif;\">&gt;Rotor: \u00c7elik\/Paslanmaz \u00e7elikten yap\u0131lm\u0131\u015f, d\u0131\u015far\u0131 do\u011fru a\u00e7\u0131lan rotor.<\/span><\/div>\n<div><span style=\"color: #ffffff; font-size: 14pt; font-family: 'times new roman', times, serif;\">&gt;Rotorlar otoklavlanabilir\u00a0<\/span><\/div>\n<\/div>\n<\/div>\n<\/div>\n<\/td>\n<\/tr>\n<\/tbody>\n<\/table>\n<p><img decoding=\"async\" class=\"alignnone size-full wp-image-21852\" src=\"https:\/\/lexamedlab.com\/wp-content\/uploads\/2025\/05\/td-5m-1-1-scaled.webp\" alt=\"\" width=\"2560\" height=\"639\" \/><\/p>\n<p><img decoding=\"async\" class=\"alignnone size-full wp-image-21853\" src=\"https:\/\/lexamedlab.com\/wp-content\/uploads\/2025\/05\/td-5m-2-scaled.webp\" alt=\"\" width=\"2560\" height=\"640\" \/><\/p>\n<p><img loading=\"lazy\" decoding=\"async\" class=\"alignnone size-full wp-image-21854\" src=\"https:\/\/lexamedlab.com\/wp-content\/uploads\/2025\/05\/td-5m-3-scaled.webp\" alt=\"\" width=\"2560\" height=\"1138\" \/><\/p>\n<p><img loading=\"lazy\" decoding=\"async\" class=\"alignnone size-full wp-image-21855\" src=\"https:\/\/lexamedlab.com\/wp-content\/uploads\/2025\/05\/td-5m-4-1-scaled.webp\" alt=\"\" width=\"2560\" height=\"640\" \/><\/p>","protected":false},"excerpt":{"rendered":"<div>\n<div class=\"editor-text-wrap\">\n<p><span style=\"font-family: 'times new roman', times, serif; font-size: 14pt;\">TD-5M, 0.2mL-500mL t\u00fcp\/\u015fi\u015fe, standart kan t\u00fcp\u00fc ve mikro plaka ile uyumlu, maksimum 2L kapasiteli so\u011futmas\u0131z b\u00fcy\u00fck kapasiteli bir santrif\u00fcjd\u00fcr. Ayr\u0131ca, se\u00e7im i\u00e7in biyog\u00fcvenlik kapa\u011f\u0131yla rotoru sa\u011flay\u0131n, farkl\u0131 santrif\u00fcj gereksinimlerini kar\u015f\u0131layabilir.<\/span><\/p>\n<\/div>\n<\/div>\n<ul>\n<li><span style=\"font-family: 'times new roman', times, serif; font-size: 14pt;\">Maksimum h\u0131z\u00a0 \u00a0 \u00a0 \u00a0 \u00a0 \u00a0 \u00a0 \u00a0 \u00a0<span class=\"item-val\">5000 devir\/dakika<\/span><\/span><\/li>\n<li><span style=\"font-family: 'times new roman', times, serif; font-size: 14pt;\">Maksimum RCF\u00a0 \u00a0 \u00a0 \u00a0 \u00a0 \u00a0 \u00a0 \u00a0 \u00a0 \u00a0<span class=\"item-val\">5200xg<\/span><\/span><\/li>\n<li><span style=\"font-family: 'times new roman', times, serif; font-size: 14pt;\">Maksimum kapasite\u00a0 \u00a0 \u00a0 \u00a0 \u00a0 \u00a0 \u00a0<span class=\"item-val\">4x500ml<\/span><\/span><\/li>\n<li><span style=\"font-family: 'times new roman', times, serif; font-size: 14pt;\">Zamanlay\u0131c\u0131 aral\u0131\u011f\u0131\u00a0 \u00a0 \u00a0 \u00a0 \u00a0 \u00a0 \u00a0 \u00a0 <span class=\"item-val\">1m ila 9999m59s<\/span><\/span><\/li>\n<li><span style=\"font-family: 'times new roman', times, serif; font-size: 14pt;\">H\u0131z do\u011frulu\u011fu\u00a0 \u00a0 \u00a0 \u00a0 \u00a0 \u00a0 <span class=\"item-val\">\u00b110 dev\/dak<\/span><\/span><\/li>\n<li><span style=\"font-family: 'times new roman', times, serif; font-size: 14pt;\">G\u00fcr\u00fclt\u00fc\u00a0 \u00a0 \u00a0 \u00a0 \u00a0 \u00a0 \u00a0 \u00a0 \u00a0 \u00a0 \u00a0 \u00a0 \u00a0 \u00a0<span class=\"item-val\">\u226460dB(A)<\/span><\/span><\/li>\n<li><span style=\"font-family: 'times new roman', times, serif; font-size: 14pt;\">G\u00fc\u00e7 t\u00fcketimi\u00a0 \u00a0 \u00a0<span class=\"item-val\">600W<\/span><\/span><\/li>\n<li><span style=\"font-family: 'times new roman', times, serif; font-size: 14pt;\">Boyut\u00a0 \u00a0 \u00a0 \u00a0 \u00a0 \u00a0 \u00a0 \u00a0 \u00a0 \u00a0<span class=\"item-val\">550x450x390mm<\/span><\/span><\/li>\n<li><span style=\"font-family: 'times new roman', times, serif; font-size: 14pt;\">Net a\u011f\u0131rl\u0131\u011f\u0131\u00a0 \u00a0 \u00a0 \u00a0 \u00a0 \u00a0 \u00a0 \u00a0 \u00a0 <span class=\"item-val\">50 kilo<\/span><\/span><\/li>\n<\/ul>","protected":false},"featured_media":22768,"comment_status":"open","ping_status":"closed","template":"","meta":{"_acf_changed":false},"product_brand":[],"product_cat":[20,95,80,87],"product_tag":[],"class_list":{"0":"post-21840","1":"product","2":"type-product","3":"status-publish","4":"has-post-thumbnail","6":"product_cat-all","7":"product_cat-benchtop-low-speed-centrifuge","8":"product_cat-centrifuge","9":"product_cat-low-speed-centrifuge","11":"first","12":"instock","13":"shipping-taxable","14":"product-type-simple"},"acf":[],"_links":{"self":[{"href":"https:\/\/lexamedlab.com\/tr\/wp-json\/wp\/v2\/product\/21840","targetHints":{"allow":["GET"]}}],"collection":[{"href":"https:\/\/lexamedlab.com\/tr\/wp-json\/wp\/v2\/product"}],"about":[{"href":"https:\/\/lexamedlab.com\/tr\/wp-json\/wp\/v2\/types\/product"}],"replies":[{"embeddable":true,"href":"https:\/\/lexamedlab.com\/tr\/wp-json\/wp\/v2\/comments?post=21840"}],"version-history":[{"count":4,"href":"https:\/\/lexamedlab.com\/tr\/wp-json\/wp\/v2\/product\/21840\/revisions"}],"predecessor-version":[{"id":21860,"href":"https:\/\/lexamedlab.com\/tr\/wp-json\/wp\/v2\/product\/21840\/revisions\/21860"}],"wp:featuredmedia":[{"embeddable":true,"href":"https:\/\/lexamedlab.com\/tr\/wp-json\/wp\/v2\/media\/22768"}],"wp:attachment":[{"href":"https:\/\/lexamedlab.com\/tr\/wp-json\/wp\/v2\/media?parent=21840"}],"wp:term":[{"taxonomy":"product_brand","embeddable":true,"href":"https:\/\/lexamedlab.com\/tr\/wp-json\/wp\/v2\/product_brand?post=21840"},{"taxonomy":"product_cat","embeddable":true,"href":"https:\/\/lexamedlab.com\/tr\/wp-json\/wp\/v2\/product_cat?post=21840"},{"taxonomy":"product_tag","embeddable":true,"href":"https:\/\/lexamedlab.com\/tr\/wp-json\/wp\/v2\/product_tag?post=21840"}],"curies":[{"name":"wp","href":"https:\/\/api.w.org\/{rel}","templated":true}]}}