{"id":21928,"date":"2025-05-19T02:05:29","date_gmt":"2025-05-19T02:05:29","guid":{"rendered":"https:\/\/lexamedlab.com\/?post_type=product&#038;p=21928"},"modified":"2025-05-27T15:11:37","modified_gmt":"2025-05-27T15:11:37","slug":"floor-standing-low-speed-large-capacity-centrifuge-dd-6000","status":"publish","type":"product","link":"https:\/\/lexamedlab.com\/tr\/product\/floor-standing-low-speed-large-capacity-centrifuge-dd-6000\/","title":{"rendered":"Ayakl\u0131 d\u00fc\u015f\u00fck h\u0131zl\u0131 b\u00fcy\u00fck kapasiteli santrif\u00fcj DD-6000"},"content":{"rendered":"<blockquote><p><span style=\"font-size: 18pt;\"><strong><span style=\"font-family: 'times new roman', times, serif;\">&gt;\u00d6zellik<\/span><\/strong><\/span><\/p><\/blockquote>\n<table style=\"width: 100%; border-collapse: collapse; background-color: #35a1cc; height: 34px;\">\n<tbody>\n<tr style=\"height: 24px;\">\n<td style=\"width: 50%; height: 24px;\"><span style=\"color: #ffffff;\"><strong><span style=\"font-family: 'times new roman', times, serif; font-size: 18pt;\">Kullan\u0131c\u0131 dostu i\u015flevler<\/span><\/strong><\/span><\/p>\n<div><span style=\"font-family: 'times new roman', times, serif; font-size: 14pt; color: #ffffff;\">&gt;1000&#039;e kadar kullan\u0131c\u0131 tan\u0131ml\u0131 program<\/span><\/div>\n<div><span style=\"font-family: 'times new roman', times, serif; font-size: 14pt; color: #ffffff;\">&gt;100000&#039;e kadar \u00e7al\u0131\u015ft\u0131rma ge\u00e7mi\u015fi<\/span><\/div>\n<div><span style=\"font-family: 'times new roman', times, serif; font-size: 14pt; color: #ffffff;\">&gt;40&#039;a kadar h\u0131zlanma ve yava\u015flama oran\u0131<\/span><\/div>\n<div><span style=\"font-family: 'times new roman', times, serif; font-size: 14pt; color: #ffffff;\">&gt;7 a\u015famaya kadar \u00e7ok a\u015famal\u0131 santrif\u00fcjleme modu mevcuttur<\/span><\/div>\n<div><span style=\"font-family: 'times new roman', times, serif; font-size: 14pt; color: #ffffff;\">&gt;99s59d59s&#039;ye kadar zamanlay\u0131c\u0131 aral\u0131\u011f\u0131, 1s art\u0131\u015f<\/span><\/div>\n<div><span style=\"font-family: 'times new roman', times, serif; font-size: 14pt; color: #ffffff;\">&gt; K\u0131sa d\u00f6n\u00fc\u015f ve s\u00fcrekli santrif\u00fcjlemeyi destekler<\/span><\/div>\n<\/td>\n<td style=\"width: 50%; height: 24px;\">\n<div><strong><span style=\"font-size: 18pt; font-family: 'times new roman', times, serif; color: #ffffff;\"><span style=\"font-family: 'times new roman', times, serif; color: #ffffff;\">\u00a0<\/span><\/span><\/strong><span style=\"font-size: 14pt; font-family: 'times new roman', times, serif; color: #ffffff;\"><strong><span style=\"font-size: 18pt;\"><span style=\"color: #ffffff;\"><span style=\"font-family: inherit;\">LCD dokunmatik ekran<\/span>\u00a0 \u00a0<\/span> \u00a0 \u00a0<\/span><\/strong> \u00a0 \u00a0 \u00a0 \u00a0 \u00a0 \u00a0 \u00a0 \u00a0 \u00a0 \u00a0 \u00a0 \u00a0 \u00a0 \u00a0 \u00a0 \u00a0 \u00a0 \u00a0 \u00a0 \u00a0 \u00a0 \u00a0 \u00a0 \u00a0 \u00a0 \u00a0 \u00a0 \u00a0 \u00a0 \u00a0 \u00a0 \u00a0 \u00a0 \u00a0 \u00a0 \u00a0 \u00a0 \u00a0 \u00a0 \u00a0 \u00a0 \u00a0 \u00a0 \u00a0 \u00a0 \u00a0 &gt;T\u00fcm parametreleri g\u00f6stermek basit ve anla\u015f\u0131l\u0131r<\/span><\/div>\n<div><span style=\"font-size: 14pt; font-family: 'times new roman', times, serif; color: #ffffff;\">&gt;Dokunmatik ekran, parametreleri ayarlamak kolay<\/span><\/div>\n<div><span style=\"font-size: 14pt; font-family: 'times new roman', times, serif; color: #ffffff;\">&gt;RCF do\u011frudan ayarlanabilir<\/span><\/div>\n<div><span style=\"font-size: 14pt; font-family: 'times new roman', times, serif; color: #ffffff;\">&gt;RPM ve RCF otomatik olarak d\u00f6n\u00fc\u015ft\u00fcr\u00fcl\u00fcr<\/span><\/div>\n<div><span style=\"font-size: 14pt; font-family: 'times new roman', times, serif; color: #ffffff;\">&gt;Kullan\u0131c\u0131 eldivenle bile parametreleri ayarlayabilir<\/span><\/div>\n<div><span style=\"font-size: 14pt; font-family: 'times new roman', times, serif; color: #ffffff;\">&gt;Kullan\u0131c\u0131, rotor d\u00f6nerken parametreleri s\u0131f\u0131rlayabilir<br \/>\n<\/span><\/div>\n<\/td>\n<\/tr>\n<tr style=\"height: 24px;\">\n<td style=\"width: 50%; height: 10px;\">\n<h2><span style=\"font-size: 18pt; font-family: 'times new roman', times, serif; color: #ffffff;\"><strong>G\u00fcvenli\u011fi sa\u011flay\u0131n<\/strong><\/span><\/h2>\n<div>\n<div><span style=\"color: #ffffff; font-size: 14pt; font-family: 'times new roman', times, serif;\">&gt;\u00dc\u00e7 eksenli jiroskop ile dengesizlik tespiti<\/span><\/div>\n<div><span style=\"color: #ffffff; font-size: 14pt; font-family: 'times new roman', times, serif;\">&gt;Motorlu elektronik kap\u0131 kilidi<\/span><\/div>\n<div><span style=\"color: #ffffff; font-size: 14pt; font-family: 'times new roman', times, serif;\">&gt;Rotor d\u00f6nerken kap\u0131 a\u00e7\u0131lamaz<\/span><\/div>\n<div><span style=\"color: #ffffff; font-size: 14pt; font-family: 'times new roman', times, serif;\">&gt;Kap\u0131n\u0131n d\u00fc\u015fmesini \u00f6nlemek i\u00e7in gazl\u0131 mente\u015feler<\/span><\/div>\n<div><span style=\"color: #ffffff; font-size: 14pt; font-family: 'times new roman', times, serif;\">&gt;Kalibrasyon ve \u00e7al\u0131\u015fma kontrol\u00fc i\u00e7in kap\u0131da port<\/span><\/div>\n<div><span style=\"color: #ffffff; font-size: 14pt; font-family: 'times new roman', times, serif;\">&gt;Acil kap\u0131 kilidi a\u00e7ma<\/span><\/div>\n<div><span style=\"color: #ffffff; font-size: 14pt; font-family: 'times new roman', times, serif;\">&gt;Cihaz\u0131 kilitlemek i\u00e7in \u015fifre<\/span><\/div>\n<div><span style=\"color: #ffffff; font-size: 14pt; font-family: 'times new roman', times, serif;\">&gt;G\u00fcvenli santrif\u00fcjlemeyi sa\u011flamak i\u00e7in \u00e7e\u015fitli korumalar<\/span><\/div>\n<div><span style=\"color: #ffffff; font-size: 14pt; font-family: 'times new roman', times, serif;\">&gt;Asla kaybolmayacak elektronik kullan\u0131m k\u0131lavuzu ile<\/span><\/div>\n<\/div>\n<\/td>\n<td style=\"width: 50%; height: 10px;\"><span style=\"color: #ffffff;\"><strong><span style=\"font-size: 18pt; font-family: 'times new roman', times, serif;\">\u0130yi Bile\u015fenler\u00a0<\/span><\/strong><\/span><\/p>\n<div><span style=\"font-family: 'times new roman', times, serif; font-size: 14pt; color: #ffffff;\">&gt;Motor: De\u011fi\u015fken frekansl\u0131 motor.<\/span><\/div>\n<div><span style=\"font-family: 'times new roman', times, serif; font-size: 14pt; color: #ffffff;\">\u00a0 \u00a0istikrarl\u0131 \u00e7al\u0131\u015fma, bak\u0131m gerektirmez, uzun \u00f6m\u00fcrl\u00fc<\/span><\/div>\n<div><span style=\"font-family: 'times new roman', times, serif; font-size: 14pt; color: #ffffff;\">&gt;G\u00f6vde: Kal\u0131n ve g\u00fc\u00e7l\u00fc \u00e7elik<\/span><\/div>\n<div><span style=\"font-family: 'times new roman', times, serif; font-size: 14pt; color: #ffffff;\">&gt;Oda: G\u0131da s\u0131n\u0131f\u0131 304 paslanmaz \u00e7elik.<\/span><\/div>\n<div><span style=\"font-family: 'times new roman', times, serif; font-size: 14pt; color: #ffffff;\">\u00a0 \u00a0korozyon \u00f6nleyici ve temizlemesi kolay<\/span><\/div>\n<div><span style=\"font-family: 'times new roman', times, serif; font-size: 14pt; color: #ffffff;\">&gt;Rotor: Al\u00fcminyum ala\u015f\u0131ml\u0131 sabit a\u00e7\u0131l\u0131 rotor;<\/span><\/div>\n<div><span style=\"font-family: 'times new roman', times, serif; font-size: 14pt; color: #ffffff;\">\u00a0 \u00a0 \u00a0 \u00a0 \u00a0 \u00a0 \u00a0\u00c7elik\/Paslanmaz \u00e7elikten yap\u0131lm\u0131\u015f d\u00f6ner rotor.<\/span><\/div>\n<div><span style=\"font-family: 'times new roman', times, serif; font-size: 14pt; color: #ffffff;\">&gt;Rotorlar otoklavlanabilir\u00a0<\/span><\/div>\n<p><span style=\"color: #ffffff;\"><strong><span style=\"font-size: 18pt; font-family: 'times new roman', times, serif;\">\u00a0 \u00a0 \u00a0 \u00a0 \u00a0 \u00a0 \u00a0 \u00a0 \u00a0 \u00a0 \u00a0 \u00a0 \u00a0 \u00a0 \u00a0 \u00a0 \u00a0 \u00a0 \u00a0 \u00a0 \u00a0 \u00a0 \u00a0 \u00a0 \u00a0 \u00a0 \u00a0 \u00a0 \u00a0 \u00a0 \u00a0 \u00a0 \u00a0 <\/span><\/strong><\/span><\/td>\n<\/tr>\n<\/tbody>\n<\/table>\n<blockquote><p><span style=\"font-family: 'times new roman', times, serif; font-size: 18pt;\"><strong>&gt;Mevcut rotorlar<\/strong><\/span><\/p><\/blockquote>\n<p><img fetchpriority=\"high\" decoding=\"async\" class=\"alignnone size-full wp-image-21934\" src=\"https:\/\/lexamedlab.com\/wp-content\/uploads\/2025\/05\/dd-4000-1-scaled.webp\" alt=\"\" width=\"2560\" height=\"1092\" \/> <img decoding=\"async\" class=\"alignnone size-medium wp-image-21935\" src=\"https:\/\/lexamedlab.com\/wp-content\/uploads\/2025\/05\/dd-4000-2-scaled.webp\" alt=\"\" width=\"2560\" height=\"1073\" \/><img decoding=\"async\" class=\"alignnone size-full wp-image-21936\" src=\"https:\/\/lexamedlab.com\/wp-content\/uploads\/2025\/05\/dd-4000-3-scaled.webp\" alt=\"\" width=\"2560\" height=\"1122\" \/><\/p>","protected":false},"excerpt":{"rendered":"<div><span style=\"font-family: 'times new roman', times, serif; font-size: 14pt;\">DD-6000, zemin tipi d\u00fc\u015f\u00fck h\u0131zl\u0131 b\u00fcy\u00fck kapasiteli santrif\u00fcj makinesidir. Farkl\u0131 t\u00fcpler i\u00e7in de\u011fi\u015fken sal\u0131n\u0131ml\u0131 rotorlara uygundur, maksimum kapasite 4*800 ml&#039;dir.<\/span><\/div>\n<ul>\n<li><span style=\"font-family: 'times new roman', times, serif; font-size: 14pt;\">Maksimum H\u0131z\u00a0 \u00a0 \u00a0 \u00a0 \u00a0 \u00a0 \u00a0 \u00a0<span class=\"item-val\">6000 devir\/dakika<\/span><\/span><\/li>\n<li><span style=\"font-family: 'times new roman', times, serif; font-size: 14pt;\">Maksimum RCF\u00a0 \u00a0 \u00a0 \u00a0 \u00a0 \u00a0 \u00a0 \u00a0 \u00a0<span class=\"item-val\">5201Xg<\/span><\/span><\/li>\n<li><span style=\"font-family: 'times new roman', times, serif; font-size: 14pt;\">Maksimum Kapasite\u00a0 \u00a0 \u00a0 \u00a0 \u00a0 \u00a0<span class=\"item-val\">4*800ml(400rpm)<\/span><\/span><\/li>\n<li><span style=\"font-family: 'times new roman', times, serif; font-size: 14pt;\">Motor<span class=\"item-val\">De\u011fi\u015fken frekansl\u0131 motor<\/span><\/span><\/li>\n<li><span style=\"font-family: 'times new roman', times, serif; font-size: 14pt;\">H\u0131z Do\u011frulu\u011fu\u00a0 \u00a0 \u00a0 \u00a0 <span class=\"item-val\">\u00b110 dev\/dak<\/span><\/span><\/li>\n<li><span style=\"font-family: 'times new roman', times, serif; font-size: 14pt;\">A\u011f\u0131rl\u0131k\u00a0 \u00a0 \u00a0 \u00a0 \u00a0 \u00a0 \u00a0 \u00a0 \u00a0 \u00a0 \u00a0 <span class=\"item-val\">120 kilo<\/span><\/span><\/li>\n<\/ul>","protected":false},"featured_media":21930,"comment_status":"open","ping_status":"closed","template":"","meta":{"_acf_changed":false},"product_brand":[],"product_cat":[20,80,96,87],"product_tag":[],"class_list":{"0":"post-21928","1":"product","2":"type-product","3":"status-publish","4":"has-post-thumbnail","6":"product_cat-all","7":"product_cat-centrifuge","8":"product_cat-floorstanding-low-speed-centrifuge","9":"product_cat-low-speed-centrifuge","11":"first","12":"instock","13":"shipping-taxable","14":"product-type-simple"},"acf":[],"_links":{"self":[{"href":"https:\/\/lexamedlab.com\/tr\/wp-json\/wp\/v2\/product\/21928","targetHints":{"allow":["GET"]}}],"collection":[{"href":"https:\/\/lexamedlab.com\/tr\/wp-json\/wp\/v2\/product"}],"about":[{"href":"https:\/\/lexamedlab.com\/tr\/wp-json\/wp\/v2\/types\/product"}],"replies":[{"embeddable":true,"href":"https:\/\/lexamedlab.com\/tr\/wp-json\/wp\/v2\/comments?post=21928"}],"version-history":[{"count":1,"href":"https:\/\/lexamedlab.com\/tr\/wp-json\/wp\/v2\/product\/21928\/revisions"}],"predecessor-version":[{"id":21937,"href":"https:\/\/lexamedlab.com\/tr\/wp-json\/wp\/v2\/product\/21928\/revisions\/21937"}],"wp:featuredmedia":[{"embeddable":true,"href":"https:\/\/lexamedlab.com\/tr\/wp-json\/wp\/v2\/media\/21930"}],"wp:attachment":[{"href":"https:\/\/lexamedlab.com\/tr\/wp-json\/wp\/v2\/media?parent=21928"}],"wp:term":[{"taxonomy":"product_brand","embeddable":true,"href":"https:\/\/lexamedlab.com\/tr\/wp-json\/wp\/v2\/product_brand?post=21928"},{"taxonomy":"product_cat","embeddable":true,"href":"https:\/\/lexamedlab.com\/tr\/wp-json\/wp\/v2\/product_cat?post=21928"},{"taxonomy":"product_tag","embeddable":true,"href":"https:\/\/lexamedlab.com\/tr\/wp-json\/wp\/v2\/product_tag?post=21928"}],"curies":[{"name":"wp","href":"https:\/\/api.w.org\/{rel}","templated":true}]}}