{"id":21941,"date":"2025-05-19T03:05:23","date_gmt":"2025-05-19T03:05:23","guid":{"rendered":"https:\/\/lexamedlab.com\/?post_type=product&#038;p=21941"},"modified":"2025-05-27T15:11:37","modified_gmt":"2025-05-27T15:11:37","slug":"floor-standing-low-speed-large-capacity-centrifuge-machine-dd-4000","status":"publish","type":"product","link":"https:\/\/lexamedlab.com\/tr\/product\/floor-standing-low-speed-large-capacity-centrifuge-machine-dd-4000\/","title":{"rendered":"Ayakl\u0131 d\u00fc\u015f\u00fck h\u0131zl\u0131 b\u00fcy\u00fck kapasiteli santrif\u00fcj makinesi DD-4000"},"content":{"rendered":"<blockquote><p><span style=\"font-family: 'times new roman', times, serif; font-size: 18pt;\"><strong>&gt;\u00d6zellikler<\/strong><\/span><\/p><\/blockquote>\n<table style=\"width: 100%; border-collapse: collapse; background-color: #35a1cc;\">\n<tbody>\n<tr>\n<td style=\"width: 50%;\">\n<div><span style=\"color: #ffffff;\"><strong><span style=\"font-family: 'times new roman', times, serif; font-size: 18pt;\">Kullan\u0131c\u0131 dostu i\u015flevler\u00a0<\/span><\/strong><\/span><\/div>\n<div><span style=\"color: #ffffff; font-family: 'times new roman', times, serif; font-size: 14pt;\">&gt;12 kullan\u0131c\u0131 tan\u0131ml\u0131 program<\/span><\/div>\n<div><span style=\"color: #ffffff; font-family: 'times new roman', times, serif; font-size: 14pt;\">&gt;40 h\u0131zlanma ve yava\u015flama oranlar\u0131<\/span><\/div>\n<div><span style=\"color: #ffffff; font-family: 'times new roman', times, serif; font-size: 14pt;\">&gt;1dk ile 99s59dk aras\u0131 zamanlay\u0131c\u0131 aral\u0131\u011f\u0131<\/span><\/div>\n<div><span style=\"color: #ffffff; font-family: 'times new roman', times, serif; font-size: 14pt;\">&gt;LCD ve LED ekran parametreleri basit ve net bir \u015fekilde g\u00f6sterir<\/span><\/div>\n<div><span style=\"color: #ffffff; font-family: 'times new roman', times, serif; font-size: 14pt;\">&gt;Su ge\u00e7irmez dokunmatik tu\u015f tak\u0131m\u0131, her parametreye sahiptir\u00a0<\/span><\/div>\n<div><span style=\"color: #ffffff; font-family: 'times new roman', times, serif; font-size: 14pt;\">\u00a0 \u00a0ayarlamak i\u00e7in kar\u015f\u0131l\u0131k gelen d\u00fc\u011fme<\/span><\/div>\n<div><span style=\"color: #ffffff; font-family: 'times new roman', times, serif; font-size: 14pt;\">&gt;RCF do\u011frudan ayarlanabilir. RPM\/RCF otomatik olarak d\u00f6n\u00fc\u015ft\u00fcr\u00fcl\u00fcr<\/span><\/div>\n<div><span style=\"color: #ffffff; font-family: 'times new roman', times, serif; font-size: 14pt;\">&gt;Kullan\u0131c\u0131, rotor d\u00f6nerken parametreleri s\u0131f\u0131rlayabilir\u00a0<\/span><\/div>\n<\/td>\n<td style=\"width: 50%;\">\n<div><span style=\"font-family: 'times new roman', times, serif; font-size: 18pt; color: #ffffff;\"><strong>\u0130yi bile\u015fenler<\/strong><\/span><\/div>\n<div><span style=\"color: #ffffff; font-family: 'times new roman', times, serif; font-size: 14pt;\">&gt;Motor: De\u011fi\u015fken frekansl\u0131 motor.<\/span><\/div>\n<div><span style=\"color: #ffffff; font-family: 'times new roman', times, serif; font-size: 14pt;\">\u00a0 \u00a0istikrarl\u0131 \u00e7al\u0131\u015fma, bak\u0131m gerektirmez, uzun \u00f6m\u00fcrl\u00fc<\/span><\/div>\n<div><span style=\"color: #ffffff; font-family: 'times new roman', times, serif; font-size: 14pt;\">&gt;G\u00f6vde: Kal\u0131n ve g\u00fc\u00e7l\u00fc \u00e7elik<\/span><\/div>\n<div><span style=\"color: #ffffff; font-family: 'times new roman', times, serif; font-size: 14pt;\">&gt;Oda: G\u0131da s\u0131n\u0131f\u0131 304 paslanmaz \u00e7elik.<\/span><\/div>\n<div><span style=\"color: #ffffff; font-family: 'times new roman', times, serif; font-size: 14pt;\">\u00a0 \u00a0korozyon \u00f6nleyici ve temizlemesi kolay<\/span><\/div>\n<div><span style=\"color: #ffffff; font-family: 'times new roman', times, serif; font-size: 14pt;\">&gt;Rotor: \u00c7elik\/Paslanmaz \u00e7elikten yap\u0131lm\u0131\u015f, d\u0131\u015far\u0131 do\u011fru a\u00e7\u0131lan rotor.<\/span><\/div>\n<div><span style=\"color: #ffffff; font-family: 'times new roman', times, serif; font-size: 14pt;\">&gt;Rotorlar otoklavlanabilir\u00a0<\/span><\/div>\n<\/td>\n<\/tr>\n<tr>\n<td style=\"width: 50%;\">\n<div><span style=\"font-family: 'times new roman', times, serif; font-size: 18pt; color: #ffffff;\">G\u00fcvenli\u011fi Sa\u011flay\u0131n\u00a0<\/span><\/div>\n<div><span style=\"font-family: 'times new roman', times, serif; font-size: 14pt; color: #ffffff;\">&gt;\u00dc\u00e7 eksenli jiroskop ile dengesizlik tespiti<\/span><\/div>\n<div><span style=\"font-family: 'times new roman', times, serif; font-size: 14pt; color: #ffffff;\">&gt;Mikroi\u015flemci kontrol\u00fc<\/span><\/div>\n<div><span style=\"font-family: 'times new roman', times, serif; font-size: 14pt; color: #ffffff;\">&gt;Motorlu elektronik kap\u0131 kilidi<\/span><\/div>\n<div><span style=\"font-family: 'times new roman', times, serif; font-size: 14pt; color: #ffffff;\">&gt;Rotor d\u00f6nerken kap\u0131 a\u00e7\u0131lamaz<\/span><\/div>\n<div><span style=\"font-family: 'times new roman', times, serif; font-size: 14pt; color: #ffffff;\">&gt;Kap\u0131n\u0131n d\u00fc\u015fmesini \u00f6nlemek i\u00e7in gazl\u0131 mente\u015feler<\/span><\/div>\n<div><span style=\"font-family: 'times new roman', times, serif; font-size: 14pt; color: #ffffff;\">&gt;Kalibrasyon ve \u00e7al\u0131\u015fma kontrol\u00fc i\u00e7in kap\u0131da port<\/span><\/div>\n<div><span style=\"font-family: 'times new roman', times, serif; font-size: 14pt; color: #ffffff;\">&gt;Acil kap\u0131 kilidi a\u00e7ma<\/span><\/div>\n<div><span style=\"font-family: 'times new roman', times, serif; font-size: 14pt; color: #ffffff;\">&gt;G\u00fcvenli santrif\u00fcjlemeyi sa\u011flamak i\u00e7in \u00e7e\u015fitli korumalar<\/span><\/div>\n<\/td>\n<td style=\"width: 50%;\"><img fetchpriority=\"high\" decoding=\"async\" class=\"alignnone wp-image-21944\" src=\"https:\/\/lexamedlab.com\/wp-content\/uploads\/2025\/05\/6x500ml.webp\" alt=\"\" width=\"390\" height=\"260\" \/><\/td>\n<\/tr>\n<\/tbody>\n<\/table>\n<blockquote><p><strong><span style=\"font-size: 18pt; font-family: 'times new roman', times, serif;\">&gt;Mevcut rotorlar<\/span><\/strong><\/p><\/blockquote>\n<table style=\"width: 100%; border-collapse: collapse; background-color: #35a1cc; height: 144px;\">\n<tbody>\n<tr style=\"height: 24px;\">\n<td style=\"width: 25%; height: 24px;\"><img decoding=\"async\" class=\"alignnone size-full wp-image-21948\" src=\"https:\/\/lexamedlab.com\/wp-content\/uploads\/2025\/05\/4x1000ml-swing-out-rotor.webp\" alt=\"\" width=\"1500\" height=\"1000\" \/><\/td>\n<td style=\"width: 25%; height: 24px;\"><img decoding=\"async\" class=\"alignnone size-full wp-image-21949\" src=\"https:\/\/lexamedlab.com\/wp-content\/uploads\/2025\/05\/6x500ml-1.webp\" alt=\"\" width=\"1500\" height=\"1000\" \/><\/td>\n<td style=\"width: 25%; height: 24px;\"><img loading=\"lazy\" decoding=\"async\" class=\"alignnone size-full wp-image-21950\" src=\"https:\/\/lexamedlab.com\/wp-content\/uploads\/2025\/05\/4x500ml-1.webp\" alt=\"\" width=\"1500\" height=\"1000\" \/><\/td>\n<td style=\"width: 25%; height: 24px;\"><img loading=\"lazy\" decoding=\"async\" class=\"alignnone size-full wp-image-21951\" src=\"https:\/\/lexamedlab.com\/wp-content\/uploads\/2025\/05\/6x250ml.webp\" alt=\"\" width=\"1500\" height=\"1000\" \/><\/td>\n<\/tr>\n<tr style=\"height: 120px;\">\n<td style=\"width: 25%; height: 120px;\">\n<div>Rotor:D\u0131\u015fa do\u011fru a\u00e7\u0131lan rotor<\/div>\n<div>Kapasite:4\u00d71000ml<\/div>\n<div>Maksimum h\u0131z: 3600rpm<\/div>\n<div>Maksimum RCF:3280\u00d7g<\/div>\n<div>T\u00fcp boyutu:\u03a6100\u00d7175mm<\/div>\n<\/td>\n<td style=\"width: 25%; height: 120px;\">\n<div>Rotor:D\u0131\u015fa do\u011fru a\u00e7\u0131lan rotor<\/div>\n<div>Kapasite:6\u00d7500ml<\/div>\n<div>Maksimum h\u0131z: 3600rpm<\/div>\n<div>Maksimum RCF:3031\u00d7g<\/div>\n<div>T\u00fcp boyutu:\u03a680\u00d7137mm<\/div>\n<\/td>\n<td style=\"width: 25%; height: 120px;\">\n<div>Rotor:D\u0131\u015fa do\u011fru a\u00e7\u0131lan rotor<\/div>\n<div>Kapasite:4\u00d7500ml<\/div>\n<div>Maksimum h\u0131z: 4000rpm<\/div>\n<div>Maksimum RCF:3221\u00d7g<\/div>\n<div>T\u00fcp boyutu:\u03a680\u00d7137mm<\/div>\n<\/td>\n<td style=\"width: 25%; height: 120px;\">\n<section id=\"sectionIdzg6j8d7\" class=\"section-generalimgtext-wrap-block section-block-demo159-generalimgtext1\" data-section=\"section\" data-screen=\"screen-full\">\n<div class=\"layout sc-block-items aos-init aos-animate\" data-unable=\"demo159-application\" data-aos=\"fadeInUp\" data-aos-duration=\"600\">\n<div class=\"block-item sc-block-item\">\n<div>\n<div>\n<div>Rotor:D\u0131\u015fa do\u011fru a\u00e7\u0131lan rotor<\/div>\n<div>Kapasite:6\u00d7250ml<\/div>\n<div>Maksimum h\u0131z: 4000rpm<\/div>\n<div>Maksimum RCF:3581\u00d7g<\/div>\n<div>T\u00fcp boyutu:\u03a663\u00d7111mm<\/div>\n<\/div>\n<\/div>\n<\/div>\n<\/div>\n<\/section>\n<\/td>\n<\/tr>\n<\/tbody>\n<\/table>","protected":false},"excerpt":{"rendered":"<div><span style=\"font-family: 'times new roman', times, serif; font-size: 14pt;\">DD-4000, zemin tipi d\u00fc\u015f\u00fck h\u0131zl\u0131 b\u00fcy\u00fck kapasiteli santrif\u00fcj makinesidir. Farkl\u0131 t\u00fcpler i\u00e7in de\u011fi\u015fken sal\u0131n\u0131ml\u0131 rotorlara uygundur, maksimum kapasite 4*1000 ml&#039;dir.<\/span><\/div>\n<ul>\n<li><span style=\"font-family: 'times new roman', times, serif; font-size: 14pt;\">Maksimum H\u0131z\u00a0 \u00a0 \u00a0 \u00a0 \u00a0 <span class=\"item-val\">4000 devir\/dakika<\/span><\/span><\/li>\n<li><span style=\"font-family: 'times new roman', times, serif; font-size: 14pt;\">Maksimum RCF\u00a0 \u00a0 \u00a0 \u00a0 \u00a0 \u00a0 <span class=\"item-val\">3580Xg<\/span><\/span><\/li>\n<li><span style=\"font-family: 'times new roman', times, serif; font-size: 14pt;\">Maksimum Kapasite\u00a0 \u00a0 \u00a0 <span class=\"item-val\">4*1000ml<\/span><\/span><\/li>\n<li><span style=\"font-family: 'times new roman', times, serif; font-size: 14pt;\">Motor<span class=\"item-val\">De\u011fi\u015fken frekansl\u0131 motor<\/span><\/span><\/li>\n<li><span style=\"font-family: 'times new roman', times, serif; font-size: 14pt;\">H\u0131z Do\u011frulu\u011fu\u00a0 \u00a0<span class=\"item-val\">\u00b110 dev\/dak<\/span><\/span><\/li>\n<li><span style=\"font-family: 'times new roman', times, serif; font-size: 14pt;\">A\u011f\u0131rl\u0131k\u00a0 \u00a0 \u00a0 \u00a0 \u00a0 \u00a0 \u00a0 \u00a0 \u00a0 <span class=\"item-val\">128 kilo<\/span><\/span><\/li>\n<\/ul>","protected":false},"featured_media":21945,"comment_status":"open","ping_status":"closed","template":"","meta":{"_acf_changed":false},"product_brand":[],"product_cat":[20,80,96,87],"product_tag":[],"class_list":{"0":"post-21941","1":"product","2":"type-product","3":"status-publish","4":"has-post-thumbnail","6":"product_cat-all","7":"product_cat-centrifuge","8":"product_cat-floorstanding-low-speed-centrifuge","9":"product_cat-low-speed-centrifuge","11":"first","12":"instock","13":"shipping-taxable","14":"product-type-simple"},"acf":[],"_links":{"self":[{"href":"https:\/\/lexamedlab.com\/tr\/wp-json\/wp\/v2\/product\/21941","targetHints":{"allow":["GET"]}}],"collection":[{"href":"https:\/\/lexamedlab.com\/tr\/wp-json\/wp\/v2\/product"}],"about":[{"href":"https:\/\/lexamedlab.com\/tr\/wp-json\/wp\/v2\/types\/product"}],"replies":[{"embeddable":true,"href":"https:\/\/lexamedlab.com\/tr\/wp-json\/wp\/v2\/comments?post=21941"}],"version-history":[{"count":1,"href":"https:\/\/lexamedlab.com\/tr\/wp-json\/wp\/v2\/product\/21941\/revisions"}],"predecessor-version":[{"id":21952,"href":"https:\/\/lexamedlab.com\/tr\/wp-json\/wp\/v2\/product\/21941\/revisions\/21952"}],"wp:featuredmedia":[{"embeddable":true,"href":"https:\/\/lexamedlab.com\/tr\/wp-json\/wp\/v2\/media\/21945"}],"wp:attachment":[{"href":"https:\/\/lexamedlab.com\/tr\/wp-json\/wp\/v2\/media?parent=21941"}],"wp:term":[{"taxonomy":"product_brand","embeddable":true,"href":"https:\/\/lexamedlab.com\/tr\/wp-json\/wp\/v2\/product_brand?post=21941"},{"taxonomy":"product_cat","embeddable":true,"href":"https:\/\/lexamedlab.com\/tr\/wp-json\/wp\/v2\/product_cat?post=21941"},{"taxonomy":"product_tag","embeddable":true,"href":"https:\/\/lexamedlab.com\/tr\/wp-json\/wp\/v2\/product_tag?post=21941"}],"curies":[{"name":"wp","href":"https:\/\/api.w.org\/{rel}","templated":true}]}}