{"id":22065,"date":"2025-05-20T05:51:57","date_gmt":"2025-05-20T05:51:57","guid":{"rendered":"https:\/\/lexamedlab.com\/?post_type=product&#038;p=22065"},"modified":"2025-05-27T15:11:37","modified_gmt":"2025-05-27T15:11:37","slug":"benchtop-high-speed-large-capacity-centrifuge-machine-tg-1850","status":"publish","type":"product","link":"https:\/\/lexamedlab.com\/tr\/product\/benchtop-high-speed-large-capacity-centrifuge-machine-tg-1850\/","title":{"rendered":"Tezgah \u00fcst\u00fc y\u00fcksek h\u0131zl\u0131 b\u00fcy\u00fck kapasiteli santrif\u00fcj makinesi TG-1850"},"content":{"rendered":"<div style=\"width: 1280px;\" class=\"wp-video\"><!--[if lt IE 9]><script>document.createElement('video');<\/script><![endif]-->\n<video class=\"wp-video-shortcode\" id=\"video-22065-1\" width=\"1280\" height=\"720\" preload=\"metadata\" controls=\"controls\"><source type=\"video\/mp4\" src=\"https:\/\/lexamedlab.com\/wp-content\/uploads\/2025\/05\/WeChat_20250520122737.mp4?_=1\" \/><a href=\"https:\/\/lexamedlab.com\/wp-content\/uploads\/2025\/05\/WeChat_20250520122737.mp4\">https:\/\/lexamedlab.com\/wp-content\/uploads\/2025\/05\/WeChat_20250520122737.mp4<\/a><\/video><\/div>\n<p><span style=\"font-family: 'times new roman', times, serif; font-size: 18pt;\"><strong>&gt;&gt;\u00d6zellikler<\/strong><\/span><\/p>\n<table style=\"width: 100%; border-collapse: collapse; background-color: #35a1cc;\">\n<tbody>\n<tr>\n<td style=\"width: 671px;\">\n<div><span style=\"font-family: 'times new roman', times, serif; font-size: 18pt;\"><strong><span style=\"color: #ffffff;\">Kullan\u0131c\u0131 dostu fonksiyon\u00a0<\/span><\/strong><\/span><\/div>\n<div><span style=\"color: #ffffff;\">&gt;12 kullan\u0131c\u0131 tan\u0131ml\u0131 program<\/span><\/div>\n<div><span style=\"color: #ffffff;\">&gt;19 h\u0131zlanma ve yava\u015flama oranlar\u0131<\/span><\/div>\n<div><span style=\"color: #ffffff;\">&gt;1m ila 9999dk59sn zamanlay\u0131c\u0131 aral\u0131\u011f\u0131<\/span><\/div>\n<div><span style=\"color: #ffffff;\">&gt;LCD ekran t\u00fcm parametreleri basit ve net bir \u015fekilde g\u00f6sterir<\/span><\/div>\n<div><span style=\"color: #ffffff;\">&gt;RCF do\u011frudan ayarlanabilir<\/span><\/div>\n<div><span style=\"color: #ffffff;\">&gt;RPM ve RCF otomatik olarak d\u00f6n\u00fc\u015ft\u00fcr\u00fcl\u00fcr<\/span><\/div>\n<div><span style=\"color: #ffffff;\">&gt;Kullan\u0131c\u0131, rotor d\u00f6nerken parametreleri s\u0131f\u0131rlayabilir<\/span><\/div>\n<\/td>\n<td style=\"width: 671px;\"><img decoding=\"async\" class=\"alignnone  wp-image-21843\" src=\"https:\/\/lexamedlab.com\/wp-content\/uploads\/2025\/05\/44645.webp\" alt=\"\" width=\"264\" height=\"173\" \/><\/td>\n<\/tr>\n<tr>\n<td style=\"width: 671px;\">\n<div><strong><span style=\"color: #ffffff; font-family: 'times new roman', times, serif; font-size: 18pt;\">G\u00fcvenli\u011fi sa\u011flay\u0131n<\/span><\/strong><\/div>\n<div><span style=\"color: #ffffff;\">&gt;A\u015f\u0131r\u0131 h\u0131z\u0131 \u00f6nlemek i\u00e7in otomatik rotor tan\u0131ma<\/span><\/div>\n<div><span style=\"color: #ffffff;\">&gt;\u00dc\u00e7 eksenli jiroskop ile dengesizlik tespiti<\/span><\/div>\n<div><span style=\"color: #ffffff;\">\u00a0 \u00a0\u00a2hata g\u00f6sterimiyle rif\u00fcgasyon durdurulur<\/span><\/div>\n<div><span style=\"color: #ffffff;\">&gt;Motorlu elektronik kap\u0131 kilidi<\/span><\/div>\n<div><span style=\"color: #ffffff;\">&gt;Rotor d\u00f6nerken kap\u0131 a\u00e7\u0131lamaz<\/span><\/div>\n<div><span style=\"color: #ffffff;\">&gt;Kap\u0131n\u0131n d\u00fc\u015fmesini \u00f6nlemek i\u00e7in gaz mente\u015fesi<\/span><\/div>\n<div><span style=\"color: #ffffff;\">&gt;Kalibrasyon ve \u00e7al\u0131\u015fma kontrol\u00fc i\u00e7in kap\u0131da port<\/span><\/div>\n<div><span style=\"color: #ffffff;\">&gt;Acil kap\u0131 kilidi a\u00e7ma<\/span><\/div>\n<\/td>\n<td style=\"width: 671px;\">\n<div><span style=\"color: #ffffff; font-family: 'times new roman', times, serif; font-size: 18pt;\">\u0130yi bile\u015fenler<\/span><\/div>\n<div><span style=\"color: #ffffff;\">&gt;Motor: De\u011fi\u015fken frekansl\u0131 motor.<\/span><\/div>\n<div><span style=\"color: #ffffff;\">\u00a0 \u00a0 \u00a0 \u00a0 \u00a0 \u00a0 \u00a0 \u00a0 istikrarl\u0131 \u00e7al\u0131\u015fma, bak\u0131m gerektirmez, uzun \u00f6m\u00fcrl\u00fc<\/span><\/div>\n<div><span style=\"color: #ffffff;\">&gt;G\u00f6vde: Kal\u0131n ve g\u00fc\u00e7l\u00fc \u00e7elik<\/span><\/div>\n<div><span style=\"color: #ffffff;\">&gt;Oda: G\u0131da s\u0131n\u0131f\u0131 304 paslanmaz \u00e7elik.<\/span><\/div>\n<div><span style=\"color: #ffffff;\">\u00a0 \u00a0 \u00a0 \u00a0 \u00a0 \u00a0 \u00a0 \u00a0 korozyon \u00f6nleyici ve temizlemesi kolay<\/span><\/div>\n<div><span style=\"color: #ffffff;\">&gt;Rotor: \u00c7elik\/Paslanmaz \u00e7elikten yap\u0131lm\u0131\u015f, d\u0131\u015far\u0131 do\u011fru a\u00e7\u0131lan rotor.<\/span><\/div>\n<div><span style=\"color: #ffffff;\">&gt;Rotorlar otoklavlanabilir\u00a0<\/span><\/div>\n<\/td>\n<\/tr>\n<\/tbody>\n<\/table>\n<p><strong><span style=\"font-family: 'times new roman', times, serif; font-size: 18pt;\">&gt;&gt;Mevcut rotorlar<\/span><\/strong><\/p>\n<p><img fetchpriority=\"high\" decoding=\"async\" class=\"alignnone size-medium wp-image-22068\" src=\"https:\/\/lexamedlab.com\/wp-content\/uploads\/2025\/05\/tg-1850-1-scaled.webp\" alt=\"\" width=\"2560\" height=\"935\" \/> <img decoding=\"async\" class=\"alignnone size-medium wp-image-22069\" src=\"https:\/\/lexamedlab.com\/wp-content\/uploads\/2025\/05\/tg-1850-2-scaled.webp\" alt=\"\" width=\"2560\" height=\"973\" \/> <img loading=\"lazy\" decoding=\"async\" class=\"alignnone size-full wp-image-22070\" src=\"https:\/\/lexamedlab.com\/wp-content\/uploads\/2025\/05\/tg-1850-3-scaled.webp\" alt=\"\" width=\"2560\" height=\"1137\" \/><\/p>","protected":false},"excerpt":{"rendered":"<div>\n<p><span style=\"font-family: 'times new roman', times, serif; font-size: 14pt;\">Bu tezgah \u00fcst\u00fc santrif\u00fcj b\u00fcy\u00fck \u00f6rnek hacimleri i\u00e7in geli\u015ftirilmi\u015ftir. Sal\u0131ncakl\u0131 rotorlar\u0131 ve sabit a\u00e7\u0131l\u0131 rotorlar\u0131 vard\u0131r, sal\u0131ncakl\u0131 rotorlar\u0131n maksimum kapasitesi 4 x 500 ml \u015fi\u015fe, 112 kan t\u00fcp\u00fc, 4x2x96 kuyulu plaka veya 40 x 15 ml konik t\u00fcpt\u00fcr, sabit a\u00e7\u0131l\u0131 rotorlar 0,2 ml ila 100 ml aras\u0131nda \u00e7al\u0131\u015fabilir.<\/span><\/p>\n<\/div>\n<ul>\n<li><span style=\"font-family: 'times new roman', times, serif; font-size: 14pt;\">Maksimum h\u0131z\u00a0 \u00a0 \u00a0 \u00a0 \u00a0 \u00a0 \u00a0 \u00a0 \u00a0 <span class=\"item-val\">18500 devir\/dakika<\/span><\/span><\/li>\n<li><span style=\"font-family: 'times new roman', times, serif; font-size: 14pt;\">Maksimum RCF\u00a0 \u00a0 \u00a0 \u00a0 \u00a0 \u00a0 \u00a0 \u00a0 \u00a0 \u00a0 <span class=\"item-val\">24760xg<\/span><\/span><\/li>\n<li><span style=\"font-family: 'times new roman', times, serif; font-size: 14pt;\">Maksimum kapasite\u00a0 \u00a0 \u00a0 \u00a0 \u00a0 \u00a0 \u00a0 <span class=\"item-val\">4x500ml<\/span><\/span><\/li>\n<li><span style=\"font-family: 'times new roman', times, serif; font-size: 14pt;\">Zamanlay\u0131c\u0131 aral\u0131\u011f\u0131\u00a0 \u00a0 \u00a0 \u00a0 \u00a0 \u00a0 \u00a0 \u00a0 <span class=\"item-val\">1m ila 9999m59s<\/span><\/span><\/li>\n<li><span style=\"font-family: 'times new roman', times, serif; font-size: 14pt;\">H\u0131z do\u011frulu\u011fu\u00a0 \u00a0 \u00a0 \u00a0 \u00a0 \u00a0<span class=\"item-val\">\u00b110 dev\/dak<\/span><\/span><\/li>\n<li><span style=\"font-family: 'times new roman', times, serif; font-size: 14pt;\">G\u00fcr\u00fclt\u00fc\u00a0 \u00a0 \u00a0 \u00a0 \u00a0 \u00a0 \u00a0 \u00a0 \u00a0 \u00a0 \u00a0 \u00a0 \u00a0 \u00a0<span class=\"item-val\">\u226460dB(A)<\/span><\/span><\/li>\n<li><span style=\"font-family: 'times new roman', times, serif; font-size: 14pt;\">G\u00fc\u00e7 t\u00fcketimi\u00a0 \u00a0 <span class=\"item-val\">750W<\/span><\/span><\/li>\n<li><span style=\"font-family: 'times new roman', times, serif; font-size: 14pt;\">Boyut\u00a0 \u00a0 \u00a0 \u00a0 \u00a0 \u00a0 \u00a0 \u00a0 \u00a0 <span class=\"item-val\">550x450x390mm<\/span><\/span><\/li>\n<li><span style=\"font-family: 'times new roman', times, serif; font-size: 14pt;\">Net a\u011f\u0131rl\u0131\u011f\u0131\u00a0 \u00a0 \u00a0 \u00a0 \u00a0 \u00a0 \u00a0 \u00a0 \u00a0 <span class=\"item-val\">49 kilo<\/span><\/span><\/li>\n<\/ul>","protected":false},"featured_media":22067,"comment_status":"open","ping_status":"closed","template":"","meta":{"_acf_changed":false},"product_brand":[],"product_cat":[20,80,88],"product_tag":[],"class_list":{"0":"post-22065","1":"product","2":"type-product","3":"status-publish","4":"has-post-thumbnail","6":"product_cat-all","7":"product_cat-centrifuge","8":"product_cat-high-speed-centrifuge","10":"first","11":"instock","12":"shipping-taxable","13":"product-type-simple"},"acf":[],"_links":{"self":[{"href":"https:\/\/lexamedlab.com\/tr\/wp-json\/wp\/v2\/product\/22065","targetHints":{"allow":["GET"]}}],"collection":[{"href":"https:\/\/lexamedlab.com\/tr\/wp-json\/wp\/v2\/product"}],"about":[{"href":"https:\/\/lexamedlab.com\/tr\/wp-json\/wp\/v2\/types\/product"}],"replies":[{"embeddable":true,"href":"https:\/\/lexamedlab.com\/tr\/wp-json\/wp\/v2\/comments?post=22065"}],"version-history":[{"count":2,"href":"https:\/\/lexamedlab.com\/tr\/wp-json\/wp\/v2\/product\/22065\/revisions"}],"predecessor-version":[{"id":22075,"href":"https:\/\/lexamedlab.com\/tr\/wp-json\/wp\/v2\/product\/22065\/revisions\/22075"}],"wp:featuredmedia":[{"embeddable":true,"href":"https:\/\/lexamedlab.com\/tr\/wp-json\/wp\/v2\/media\/22067"}],"wp:attachment":[{"href":"https:\/\/lexamedlab.com\/tr\/wp-json\/wp\/v2\/media?parent=22065"}],"wp:term":[{"taxonomy":"product_brand","embeddable":true,"href":"https:\/\/lexamedlab.com\/tr\/wp-json\/wp\/v2\/product_brand?post=22065"},{"taxonomy":"product_cat","embeddable":true,"href":"https:\/\/lexamedlab.com\/tr\/wp-json\/wp\/v2\/product_cat?post=22065"},{"taxonomy":"product_tag","embeddable":true,"href":"https:\/\/lexamedlab.com\/tr\/wp-json\/wp\/v2\/product_tag?post=22065"}],"curies":[{"name":"wp","href":"https:\/\/api.w.org\/{rel}","templated":true}]}}