{"id":22076,"date":"2025-05-20T06:18:32","date_gmt":"2025-05-20T06:18:32","guid":{"rendered":"https:\/\/lexamedlab.com\/?post_type=product&#038;p=22076"},"modified":"2025-05-27T15:11:37","modified_gmt":"2025-05-27T15:11:37","slug":"benchtop-high-speed-centrifuge-tg-15","status":"publish","type":"product","link":"https:\/\/lexamedlab.com\/tr\/product\/benchtop-high-speed-centrifuge-tg-15\/","title":{"rendered":"Tezgah \u00fcst\u00fc y\u00fcksek h\u0131zl\u0131 santrif\u00fcj TG-15"},"content":{"rendered":"<div style=\"width: 1280px;\" class=\"wp-video\"><!--[if lt IE 9]><script>document.createElement('video');<\/script><![endif]-->\n<video class=\"wp-video-shortcode\" id=\"video-22076-1\" width=\"1280\" height=\"720\" preload=\"metadata\" controls=\"controls\"><source type=\"video\/mp4\" src=\"https:\/\/lexamedlab.com\/wp-content\/uploads\/2025\/05\/9e02e2a0-bccf-4385-92c3-bacc289448ef-h264-hd.mp4?_=1\" \/><a href=\"https:\/\/lexamedlab.com\/wp-content\/uploads\/2025\/05\/9e02e2a0-bccf-4385-92c3-bacc289448ef-h264-hd.mp4\">https:\/\/lexamedlab.com\/wp-content\/uploads\/2025\/05\/9e02e2a0-bccf-4385-92c3-bacc289448ef-h264-hd.mp4<\/a><\/video><\/div>\n<table style=\"width: 100%; border-collapse: collapse; background-color: #35a1cc; height: 24px;\">\n<tbody>\n<tr style=\"height: 24px;\">\n<td style=\"width: 50%; height: 24px;\">\n<div><span style=\"color: #ffffff; font-size: 14pt; font-family: 'times new roman', times, serif;\">&gt;12 kullan\u0131c\u0131 tan\u0131ml\u0131 program<\/span><\/div>\n<div><span style=\"color: #ffffff; font-size: 14pt; font-family: 'times new roman', times, serif;\">&gt;10 h\u0131zlanma ve yava\u015flama oranlar\u0131<\/span><\/div>\n<div><span style=\"color: #ffffff; font-size: 14pt; font-family: 'times new roman', times, serif;\">&gt;LED ekran RPM\/RCF ve Zaman\u0131 g\u00f6sterir<\/span><\/div>\n<div><span style=\"color: #ffffff; font-size: 14pt; font-family: 'times new roman', times, serif;\">&gt;RCF do\u011frudan ayarlanabilir<\/span><\/div>\n<div><span style=\"color: #ffffff; font-size: 14pt; font-family: 'times new roman', times, serif;\">&gt;1dk ile 99dk59sn zamanlay\u0131c\u0131 aral\u0131\u011f\u0131<\/span><\/div>\n<div><span style=\"color: #ffffff; font-size: 14pt; font-family: 'times new roman', times, serif;\">&gt;Kullan\u0131c\u0131, rotor d\u00f6nerken parametreleri s\u0131f\u0131rlayabilir<\/span><\/div>\n<div><span style=\"color: #ffffff; font-size: 14pt; font-family: 'times new roman', times, serif;\">&gt;De\u011fi\u015fken frekansl\u0131 motor s\u00fcr\u00fcc\u00fcs\u00fc<\/span><\/div>\n<div><span style=\"color: #ffffff; font-size: 14pt; font-family: 'times new roman', times, serif;\">&gt;Mikroi\u015flemci kontrol\u00fc<\/span><\/div>\n<div><span style=\"color: #ffffff; font-size: 14pt; font-family: 'times new roman', times, serif;\">&gt;Ba\u011f\u0131ms\u0131z motorla kontrol edilen elektronik kapak kilidi\u00a0<\/span><\/div>\n<div><span style=\"color: #ffffff; font-size: 14pt; font-family: 'times new roman', times, serif;\">&gt;\u00c7elik g\u00f6vde; 304 paslanmaz \u00e7elik hazne<\/span><\/div>\n<\/td>\n<td style=\"width: 50%; height: 24px;\"><img fetchpriority=\"high\" decoding=\"async\" class=\"alignnone  wp-image-22078\" src=\"https:\/\/lexamedlab.com\/wp-content\/uploads\/2025\/05\/img_3788-scaled.webp\" alt=\"\" width=\"375\" height=\"250\" \/><\/td>\n<\/tr>\n<\/tbody>\n<\/table>\n<p><span style=\"font-family: 'times new roman', times, serif;\"><strong><span style=\"font-size: 18pt;\">&gt;&gt;Mevcut rotorlar<\/span><\/strong><\/span><\/p>\n<table style=\"border-collapse: collapse; width: 100%;\">\n<tbody>\n<tr>\n<td style=\"width: 33.3333%;\"><img decoding=\"async\" class=\"alignnone size-full wp-image-22079\" src=\"https:\/\/lexamedlab.com\/wp-content\/uploads\/2025\/05\/24x1-5ml-card-cap.webp\" alt=\"\" width=\"1500\" height=\"1000\" \/><\/td>\n<td style=\"width: 33.3333%;\"><img decoding=\"async\" class=\"alignnone size-full wp-image-22080\" src=\"https:\/\/lexamedlab.com\/wp-content\/uploads\/2025\/05\/4x-8x0-2ml.webp\" alt=\"\" width=\"1500\" height=\"1000\" \/><\/td>\n<td style=\"width: 33.3333%;\"><img loading=\"lazy\" decoding=\"async\" class=\"alignnone size-full wp-image-22081\" src=\"https:\/\/lexamedlab.com\/wp-content\/uploads\/2025\/05\/12x5ml-3.webp\" alt=\"\" width=\"1500\" height=\"1000\" \/><\/td>\n<\/tr>\n<tr>\n<td style=\"width: 33.3333%;\">\n<div>Rotor: Sabit a\u00e7\u0131l\u0131 rotor<\/div>\n<div>Kapasite: 24\u00d71.5\/2.2ml<\/div>\n<div>Maksimum h\u0131z: 15000rpm<\/div>\n<div>Maksimum RCF:21630\u00d7g<\/div>\n<div>T\u00fcp boyutu:\u03a611x42mm<\/div>\n<\/td>\n<td style=\"width: 33.3333%;\">\n<div>Rotor: Sabit a\u00e7\u0131l\u0131 rotor<\/div>\n<div>Kapasite: 4\u00d70.2ml PCR \u015feridi<\/div>\n<div>Maksimum h\u0131z: 15000rpm<\/div>\n<div>Maksimum RCF:19600\u00d7g<\/div>\n<\/td>\n<td style=\"width: 33.3333%;\">\n<div>Rotor: Sabit a\u00e7\u0131l\u0131 rotor<\/div>\n<div>Kapasite:12x5ml<\/div>\n<div>Maksimum h\u0131z: 15000rpm<\/div>\n<div>Maksimum RCF:18240\u00d7g<\/div>\n<div>T\u00fcp boyutu:\u03a614x54mm<\/div>\n<\/td>\n<\/tr>\n<\/tbody>\n<\/table>","protected":false},"excerpt":{"rendered":"<div>\n<p><span style=\"font-size: 14pt; font-family: 'times new roman', times, serif;\">TG-15 Tezgah \u00fcst\u00fc y\u00fcksek h\u0131zl\u0131 mikro kapasiteli santrif\u00fcj makinesinin \u00fc\u00e7 sabit a\u00e7\u0131l\u0131 kafa rotoru vard\u0131r: 12*5ml, 24*1.5ml\/2.2ml ve 32*0.2ml (veya 4 pcr \u015feridi). De\u011fi\u015fken frekansl\u0131 motor kullan\u0131r ve 12 program\u0131 depolayabilir.<\/span><\/p>\n<\/div>\n<ul>\n<li><span style=\"font-size: 14pt; font-family: 'times new roman', times, serif;\">Maksimum h\u0131z\u00a0 \u00a0 \u00a0 \u00a0 \u00a0 \u00a0 \u00a0 \u00a0 \u00a0 <span class=\"item-val\">15000 devir\/dakika<\/span><\/span><\/li>\n<li><span style=\"font-size: 14pt; font-family: 'times new roman', times, serif;\">Maksimum RCF\u00a0 \u00a0 \u00a0 \u00a0 \u00a0 \u00a0 \u00a0 \u00a0 \u00a0 \u00a0 <span class=\"item-val\">21630xg<\/span><\/span><\/li>\n<li><span style=\"font-size: 14pt; font-family: 'times new roman', times, serif;\">Maksimum kapasite\u00a0 \u00a0 \u00a0 \u00a0 \u00a0 \u00a0 \u00a0 <span class=\"item-val\">12*5ml<\/span><\/span><\/li>\n<li><span style=\"font-size: 14pt; font-family: 'times new roman', times, serif;\">Zamanlay\u0131c\u0131 aral\u0131\u011f\u0131\u00a0 \u00a0 \u00a0 \u00a0 \u00a0 \u00a0 \u00a0 \u00a0 <span class=\"item-val\">1m ila 99m59s<\/span><\/span><\/li>\n<li><span style=\"font-size: 14pt; font-family: 'times new roman', times, serif;\">H\u0131z do\u011frulu\u011fu\u00a0 \u00a0 \u00a0 \u00a0 \u00a0 \u00a0<span class=\"item-val\">\u00b120 devir\/dakika<\/span><\/span><\/li>\n<li><span style=\"font-size: 14pt; font-family: 'times new roman', times, serif;\">G\u00fcr\u00fclt\u00fc\u00a0 \u00a0 \u00a0 \u00a0 \u00a0 \u00a0 \u00a0 \u00a0 \u00a0 \u00a0 \u00a0 \u00a0 \u00a0 \u00a0<span class=\"item-val\">\u226458dB(A)<\/span><\/span><\/li>\n<li><span style=\"font-size: 14pt; font-family: 'times new roman', times, serif;\">G\u00fc\u00e7 t\u00fcketimi\u00a0 \u00a0 \u00a0<span class=\"item-val\">500W<\/span><\/span><\/li>\n<li><span style=\"font-size: 14pt; font-family: 'times new roman', times, serif;\">Boyut\u00a0 \u00a0 \u00a0 \u00a0 \u00a0 \u00a0 \u00a0 \u00a0 \u00a0 \u00a0<span class=\"item-val\">410x300x260mm<\/span><\/span><\/li>\n<li><span style=\"font-size: 14pt; font-family: 'times new roman', times, serif;\">Net a\u011f\u0131rl\u0131\u011f\u0131\u00a0 \u00a0 \u00a0 \u00a0 \u00a0 \u00a0 \u00a0 \u00a0 \u00a0 \u00a0<span class=\"item-val\">18 kilo<\/span><\/span><\/li>\n<\/ul>","protected":false},"featured_media":22082,"comment_status":"open","ping_status":"closed","template":"","meta":{"_acf_changed":false},"product_brand":[],"product_cat":[20,80,88],"product_tag":[],"class_list":{"0":"post-22076","1":"product","2":"type-product","3":"status-publish","4":"has-post-thumbnail","6":"product_cat-all","7":"product_cat-centrifuge","8":"product_cat-high-speed-centrifuge","10":"first","11":"instock","12":"shipping-taxable","13":"product-type-simple"},"acf":[],"_links":{"self":[{"href":"https:\/\/lexamedlab.com\/tr\/wp-json\/wp\/v2\/product\/22076","targetHints":{"allow":["GET"]}}],"collection":[{"href":"https:\/\/lexamedlab.com\/tr\/wp-json\/wp\/v2\/product"}],"about":[{"href":"https:\/\/lexamedlab.com\/tr\/wp-json\/wp\/v2\/types\/product"}],"replies":[{"embeddable":true,"href":"https:\/\/lexamedlab.com\/tr\/wp-json\/wp\/v2\/comments?post=22076"}],"version-history":[{"count":2,"href":"https:\/\/lexamedlab.com\/tr\/wp-json\/wp\/v2\/product\/22076\/revisions"}],"predecessor-version":[{"id":22524,"href":"https:\/\/lexamedlab.com\/tr\/wp-json\/wp\/v2\/product\/22076\/revisions\/22524"}],"wp:featuredmedia":[{"embeddable":true,"href":"https:\/\/lexamedlab.com\/tr\/wp-json\/wp\/v2\/media\/22082"}],"wp:attachment":[{"href":"https:\/\/lexamedlab.com\/tr\/wp-json\/wp\/v2\/media?parent=22076"}],"wp:term":[{"taxonomy":"product_brand","embeddable":true,"href":"https:\/\/lexamedlab.com\/tr\/wp-json\/wp\/v2\/product_brand?post=22076"},{"taxonomy":"product_cat","embeddable":true,"href":"https:\/\/lexamedlab.com\/tr\/wp-json\/wp\/v2\/product_cat?post=22076"},{"taxonomy":"product_tag","embeddable":true,"href":"https:\/\/lexamedlab.com\/tr\/wp-json\/wp\/v2\/product_tag?post=22076"}],"curies":[{"name":"wp","href":"https:\/\/api.w.org\/{rel}","templated":true}]}}